{"id":260,"date":"2023-10-20T10:38:06","date_gmt":"2023-10-20T08:38:06","guid":{"rendered":"https:\/\/al-lift.com\/?page_id=260"},"modified":"2024-10-09T15:38:29","modified_gmt":"2024-10-09T13:38:29","slug":"clamping-tools-for-plant-construction","status":"publish","type":"page","link":"https:\/\/al-lift.com\/en\/klemmevaerktoj-til-anlaegsbyggeri\/","title":{"rendered":"Clamping tools for civil engineering"},"content":{"rendered":"<div data-elementor-type=\"wp-page\" data-elementor-id=\"260\" class=\"elementor elementor-260\" data-elementor-post-type=\"page\">\n\t\t\t\t<div class=\"elementor-element elementor-element-2ad85630 e-flex e-con-boxed e-con e-parent\" data-id=\"2ad85630\" data-element_type=\"container\" data-e-type=\"container\" data-settings=\"{&quot;background_background&quot;:&quot;classic&quot;,&quot;jet_parallax_layout_list&quot;:[]}\">\n\t\t\t\t\t<div class=\"e-con-inner\">\n\t\t\t\t\t<\/div>\n\t\t\t\t<\/div>\n\t\t<div class=\"elementor-element elementor-element-6ab3326 e-flex e-con-boxed e-con e-parent\" data-id=\"6ab3326\" data-element_type=\"container\" data-e-type=\"container\" data-settings=\"{&quot;jet_parallax_layout_list&quot;:[]}\">\n\t\t\t\t\t<div class=\"e-con-inner\">\n\t\t<div class=\"elementor-element elementor-element-a82419f e-con-full e-flex e-con e-child\" data-id=\"a82419f\" data-element_type=\"container\" data-e-type=\"container\" data-settings=\"{&quot;jet_parallax_layout_list&quot;:[]}\">\n\t\t\t\t<div class=\"elementor-element elementor-element-4970b01 elementor-widget elementor-widget-heading\" data-id=\"4970b01\" data-element_type=\"widget\" data-e-type=\"widget\" data-widget_type=\"heading.default\">\n\t\t\t\t<div class=\"elementor-widget-container\">\n\t\t\t\t\t<h2 class=\"elementor-heading-title elementor-size-default\">Professional clamping tools for small and large jobs<\/h2>\t\t\t\t<\/div>\n\t\t\t\t<\/div>\n\t\t\t\t<div class=\"elementor-element elementor-element-d607d02 elementor-invisible elementor-widget elementor-widget-text-editor\" data-id=\"d607d02\" data-element_type=\"widget\" data-e-type=\"widget\" data-settings=\"{&quot;_animation&quot;:&quot;fadeIn&quot;,&quot;_animation_delay&quot;:100}\" data-widget_type=\"text-editor.default\">\n\t\t\t\t<div class=\"elementor-widget-container\">\n\t\t\t\t\t\t\t\t\t<p>Beyond simply considering which clamping tool is best for the specific construction task, it's also important to consider the well-being of your employees. With the right tools, the workload can be significantly lightened and backs and joints can be spared unnecessary wear and tear. However, it's often all interrelated, and by taking the task into account, you're often also taking into account a gentler working environment for your employees.\u00a0<\/p><p>For efficient and gentle tiling, a vacuum lifter can also be an ideal tool as it can lift many different types of surfaces - and it's great for handling porous materials. However, the lifting capacity varies greatly from machine to machine, so it's important to choose the one that best suits the job at hand.<\/p>\t\t\t\t\t\t\t\t<\/div>\n\t\t\t\t<\/div>\n\t\t\t\t<\/div>\n\t\t<div class=\"elementor-element elementor-element-458e927 e-con-full e-flex e-con e-child\" data-id=\"458e927\" data-element_type=\"container\" data-e-type=\"container\" data-settings=\"{&quot;jet_parallax_layout_list&quot;:[]}\">\n\t\t\t\t<div class=\"elementor-element elementor-element-2f51857 elementor-widget elementor-widget-image\" data-id=\"2f51857\" data-element_type=\"widget\" data-e-type=\"widget\" data-widget_type=\"image.default\">\n\t\t\t\t<div class=\"elementor-widget-container\">\n\t\t\t\t\t\t\t\t\t\t\t\t\t\t\t<img alt=\"\" decoding=\"async\" width=\"188\" height=\"179\" src=\"https:\/\/al-lift.com\/wp-content\/uploads\/2024\/07\/Design-uden-navn-1-e1720014022929.png\" class=\"attachment-large size-large wp-image-2023\" \/>\t\t\t\t\t\t\t\t\t\t\t\t\t\t\t<\/div>\n\t\t\t\t<\/div>\n\t\t\t\t<div class=\"elementor-element elementor-element-81fa76e radial-in elementor-align-justify elementor-invisible elementor-widget elementor-widget-button\" data-id=\"81fa76e\" data-element_type=\"widget\" data-e-type=\"widget\" data-settings=\"{&quot;_animation&quot;:&quot;fadeIn&quot;,&quot;_animation_delay&quot;:200}\" data-widget_type=\"button.default\">\n\t\t\t\t<div class=\"elementor-widget-container\">\n\t\t\t\t\t\t\t\t\t<div class=\"elementor-button-wrapper\">\n\t\t\t\t\t<a class=\"elementor-button elementor-button-link elementor-size-sm\" href=\"https:\/\/al-lift.com\/en\/contact\/\">\n\t\t\t\t\t\t<span class=\"elementor-button-content-wrapper\">\n\t\t\t\t\t\t\t\t\t<span class=\"elementor-button-text\">Contact us now<\/span>\n\t\t\t\t\t<\/span>\n\t\t\t\t\t<\/a>\n\t\t\t\t<\/div>\n\t\t\t\t\t\t\t\t<\/div>\n\t\t\t\t<\/div>\n\t\t\t\t<\/div>\n\t\t\t\t\t<\/div>\n\t\t\t\t<\/div>\n\t\t<div class=\"elementor-element elementor-element-ca0f748 e-flex e-con-boxed e-con e-parent\" data-id=\"ca0f748\" data-element_type=\"container\" data-e-type=\"container\" data-settings=\"{&quot;jet_parallax_layout_list&quot;:[]}\">\n\t\t\t\t\t<div class=\"e-con-inner\">\n\t\t<div class=\"elementor-element elementor-element-5c7de4f e-con-full e-flex e-con e-child\" data-id=\"5c7de4f\" data-element_type=\"container\" data-e-type=\"container\" data-settings=\"{&quot;jet_parallax_layout_list&quot;:[]}\">\n\t\t\t\t<div class=\"elementor-element elementor-element-55b2a18 elementor-widget elementor-widget-image\" data-id=\"55b2a18\" data-element_type=\"widget\" data-e-type=\"widget\" data-widget_type=\"image.default\">\n\t\t\t\t<div class=\"elementor-widget-container\">\n\t\t\t\t\t\t\t\t\t\t\t\t\t\t\t<img alt=\"\" decoding=\"async\" width=\"188\" height=\"179\" src=\"https:\/\/al-lift.com\/wp-content\/uploads\/2024\/07\/Design-uden-navn-1-e1720014022929.png\" class=\"attachment-large size-large wp-image-2023\" \/>\t\t\t\t\t\t\t\t\t\t\t\t\t\t\t<\/div>\n\t\t\t\t<\/div>\n\t\t\t\t<div class=\"elementor-element elementor-element-fb23667 radial-in elementor-align-justify elementor-invisible elementor-widget elementor-widget-button\" data-id=\"fb23667\" data-element_type=\"widget\" data-e-type=\"widget\" data-settings=\"{&quot;_animation&quot;:&quot;fadeIn&quot;,&quot;_animation_delay&quot;:200}\" data-widget_type=\"button.default\">\n\t\t\t\t<div class=\"elementor-widget-container\">\n\t\t\t\t\t\t\t\t\t<div class=\"elementor-button-wrapper\">\n\t\t\t\t\t<a class=\"elementor-button elementor-button-link elementor-size-sm\" href=\"https:\/\/al-lift.com\/en\/contact\/\">\n\t\t\t\t\t\t<span class=\"elementor-button-content-wrapper\">\n\t\t\t\t\t\t\t\t\t<span class=\"elementor-button-text\">Contact us now<\/span>\n\t\t\t\t\t<\/span>\n\t\t\t\t\t<\/a>\n\t\t\t\t<\/div>\n\t\t\t\t\t\t\t\t<\/div>\n\t\t\t\t<\/div>\n\t\t\t\t<\/div>\n\t\t<div class=\"elementor-element elementor-element-4ed4df2 e-con-full e-flex e-con e-child\" data-id=\"4ed4df2\" data-element_type=\"container\" data-e-type=\"container\" data-settings=\"{&quot;jet_parallax_layout_list&quot;:[]}\">\n\t\t\t\t<div class=\"elementor-element elementor-element-fb3a447 elementor-widget elementor-widget-heading\" data-id=\"fb3a447\" data-element_type=\"widget\" data-e-type=\"widget\" data-widget_type=\"heading.default\">\n\t\t\t\t<div class=\"elementor-widget-container\">\n\t\t\t\t\t<h2 class=\"elementor-heading-title elementor-size-default\">At AL-Lift we are always ready with help and guidance<\/h2>\t\t\t\t<\/div>\n\t\t\t\t<\/div>\n\t\t\t\t<div class=\"elementor-element elementor-element-9494c44 elementor-invisible elementor-widget elementor-widget-text-editor\" data-id=\"9494c44\" data-element_type=\"widget\" data-e-type=\"widget\" data-settings=\"{&quot;_animation&quot;:&quot;fadeIn&quot;,&quot;_animation_delay&quot;:100}\" data-widget_type=\"text-editor.default\">\n\t\t\t\t<div class=\"elementor-widget-container\">\n\t\t\t\t\t\t\t\t\t<p>Sometimes it can be difficult to know which products are best suited for different types of jobs, which is why we are always available for further guidance.\u00a0<\/p><p>To find out more about the technical specifications of the machines, you can read more on the relevant product pages and in our product catalogues. If you have any further questions, please contact us by phone +45 97 10 10 74 or email sales@al-lift.com.<\/p>\t\t\t\t\t\t\t\t<\/div>\n\t\t\t\t<\/div>\n\t\t\t\t<\/div>\n\t\t\t\t\t<\/div>\n\t\t\t\t<\/div>\n\t\t\t\t<\/div>","protected":false},"excerpt":{"rendered":"<p>Professionelt klemmev\u00e6rkt\u00f8j til sm\u00e5 og store opgaver Udover blot at tage i betragtning, hvilket klemmev\u00e6rkt\u00f8j der er bedst til den specifikke anl\u00e6gsopgave, er det ogs\u00e5 vigtigt at tage hensyn til medarbejdernes ve og vel. Med de helt korrekte v\u00e6rkt\u00f8jer kan arbejdsbyrden lettes betydeligt og rygge samt led kan sk\u00e5nes for un\u00f8digt slid. Det hele h\u00e6nger [&hellip;]<\/p>\n","protected":false},"author":1,"featured_media":0,"parent":0,"menu_order":0,"comment_status":"closed","ping_status":"closed","template":"elementor_header_footer","meta":{"_seopress_robots_primary_cat":"","_seopress_titles_title":"","_seopress_titles_desc":"","_seopress_robots_index":"","inline_featured_image":false,"footnotes":""},"class_list":["post-260","page","type-page","status-publish","hentry"],"_links":{"self":[{"href":"https:\/\/al-lift.com\/en\/wp-json\/wp\/v2\/pages\/260","targetHints":{"allow":["GET"]}}],"collection":[{"href":"https:\/\/al-lift.com\/en\/wp-json\/wp\/v2\/pages"}],"about":[{"href":"https:\/\/al-lift.com\/en\/wp-json\/wp\/v2\/types\/page"}],"author":[{"embeddable":true,"href":"https:\/\/al-lift.com\/en\/wp-json\/wp\/v2\/users\/1"}],"replies":[{"embeddable":true,"href":"https:\/\/al-lift.com\/en\/wp-json\/wp\/v2\/comments?post=260"}],"version-history":[{"count":91,"href":"https:\/\/al-lift.com\/en\/wp-json\/wp\/v2\/pages\/260\/revisions"}],"predecessor-version":[{"id":3540,"href":"https:\/\/al-lift.com\/en\/wp-json\/wp\/v2\/pages\/260\/revisions\/3540"}],"wp:attachment":[{"href":"https:\/\/al-lift.com\/en\/wp-json\/wp\/v2\/media?parent=260"}],"curies":[{"name":"wp","href":"https:\/\/api.w.org\/{rel}","templated":true}]}}