{"id":2427,"date":"2024-07-08T13:20:14","date_gmt":"2024-07-08T11:20:14","guid":{"rendered":"https:\/\/al-lift.com\/?page_id=2427"},"modified":"2024-10-02T12:46:57","modified_gmt":"2024-10-02T10:46:57","slug":"used-equipment","status":"publish","type":"page","link":"https:\/\/al-lift.com\/en\/brugt-udstyr\/","title":{"rendered":"Used equipment"},"content":{"rendered":"<div data-elementor-type=\"wp-page\" data-elementor-id=\"2427\" class=\"elementor elementor-2427\" data-elementor-post-type=\"page\">\n\t\t\t\t<div class=\"elementor-element elementor-element-2ad85630 e-flex e-con-boxed e-con e-parent\" data-id=\"2ad85630\" data-element_type=\"container\" data-e-type=\"container\" data-settings=\"{&quot;background_background&quot;:&quot;classic&quot;,&quot;jet_parallax_layout_list&quot;:[]}\">\n\t\t\t\t\t<div class=\"e-con-inner\">\n\t\t\t\t\t<\/div>\n\t\t\t\t<\/div>\n\t\t<div class=\"elementor-element elementor-element-5397763 e-flex e-con-boxed e-con e-parent\" data-id=\"5397763\" data-element_type=\"container\" data-e-type=\"container\" data-settings=\"{&quot;jet_parallax_layout_list&quot;:[]}\">\n\t\t\t\t\t<div class=\"e-con-inner\">\n\t\t<div class=\"elementor-element elementor-element-5a77ee2 e-con-full e-flex e-con e-child\" data-id=\"5a77ee2\" data-element_type=\"container\" data-e-type=\"container\" data-settings=\"{&quot;jet_parallax_layout_list&quot;:[]}\">\n\t\t\t\t<div class=\"elementor-element elementor-element-8bf3d70 elementor-invisible elementor-widget elementor-widget-text-editor\" data-id=\"8bf3d70\" data-element_type=\"widget\" data-e-type=\"widget\" data-settings=\"{&quot;_animation&quot;:&quot;fadeIn&quot;,&quot;_animation_delay&quot;:100}\" data-widget_type=\"text-editor.default\">\n\t\t\t\t<div class=\"elementor-widget-container\">\n\t\t\t\t\t\t\t\t\t<p>Lifting equipment is an essential part of working in the construction industry to protect employees from potential injuries caused by heavy lifting. At AL-LIFT, we operate in three areas, namely civil engineering, industry and forklift solutions, and we have gathered a solid selection of used lifting equipment for you, so you and your employees can work and feel safe.\u00a0<\/p><p>Our used equipment includes lifting equipment from the recognised Danish brand, ALVAC, which is professional and flexible lifting equipment. On this page you can find used vacuum lifters, used window lifters and used tile lifters - all in high quality and in good condition. Our used equipment is still fully functional and works exactly as it should.\u00a0<\/p><p>That's why you can get professional used lifting equipment at a very favourable price with us. Why buy new, unused lifting equipment when you can buy it second-hand at a cheaper price without compromising on quality? Think wisely when investing in lifting equipment and consider whether second-hand equipment is right for you and your business.<\/p>\t\t\t\t\t\t\t\t<\/div>\n\t\t\t\t<\/div>\n\t\t\t\t<\/div>\n\t\t<div class=\"elementor-element elementor-element-8513e0a e-con-full e-flex e-con e-child\" data-id=\"8513e0a\" data-element_type=\"container\" data-e-type=\"container\" data-settings=\"{&quot;jet_parallax_layout_list&quot;:[]}\">\n\t\t\t\t<div class=\"elementor-element elementor-element-bec1896 elementor-widget elementor-widget-image\" data-id=\"bec1896\" data-element_type=\"widget\" data-e-type=\"widget\" data-widget_type=\"image.default\">\n\t\t\t\t<div class=\"elementor-widget-container\">\n\t\t\t\t\t\t\t\t\t\t\t\t\t\t\t<img alt=\"\" fetchpriority=\"high\" decoding=\"async\" width=\"800\" height=\"600\" src=\"https:\/\/al-lift.com\/wp-content\/uploads\/2024\/07\/5.-AL-BUTLER-200-1024x768.jpg\" class=\"attachment-large size-large wp-image-2199\" srcset=\"https:\/\/al-lift.com\/wp-content\/uploads\/2024\/07\/5.-AL-BUTLER-200-1024x768.jpg 1024w, https:\/\/al-lift.com\/wp-content\/uploads\/2024\/07\/5.-AL-BUTLER-200-300x225.jpg 300w, https:\/\/al-lift.com\/wp-content\/uploads\/2024\/07\/5.-AL-BUTLER-200-768x576.jpg 768w, https:\/\/al-lift.com\/wp-content\/uploads\/2024\/07\/5.-AL-BUTLER-200.jpg 1500w\" sizes=\"(max-width: 800px) 100vw, 800px\" \/>\t\t\t\t\t\t\t\t\t\t\t\t\t\t\t<\/div>\n\t\t\t\t<\/div>\n\t\t\t\t<div class=\"elementor-element elementor-element-2efe4e2 radial-in elementor-align-justify elementor-invisible elementor-widget elementor-widget-button\" data-id=\"2efe4e2\" data-element_type=\"widget\" data-e-type=\"widget\" data-settings=\"{&quot;_animation&quot;:&quot;fadeIn&quot;,&quot;_animation_delay&quot;:200}\" data-widget_type=\"button.default\">\n\t\t\t\t<div class=\"elementor-widget-container\">\n\t\t\t\t\t\t\t\t\t<div class=\"elementor-button-wrapper\">\n\t\t\t\t\t<a class=\"elementor-button elementor-button-link elementor-size-sm\" href=\"https:\/\/al-lift.com\/en\/contact\/\">\n\t\t\t\t\t\t<span class=\"elementor-button-content-wrapper\">\n\t\t\t\t\t\t\t\t\t<span class=\"elementor-button-text\">Get a non-binding offer<\/span>\n\t\t\t\t\t<\/span>\n\t\t\t\t\t<\/a>\n\t\t\t\t<\/div>\n\t\t\t\t\t\t\t\t<\/div>\n\t\t\t\t<\/div>\n\t\t\t\t<\/div>\n\t\t\t\t\t<\/div>\n\t\t\t\t<\/div>\n\t\t<div class=\"elementor-element elementor-element-845284c e-flex e-con-boxed e-con e-parent\" data-id=\"845284c\" data-element_type=\"container\" data-e-type=\"container\" data-settings=\"{&quot;jet_parallax_layout_list&quot;:[]}\">\n\t\t\t\t\t<div class=\"e-con-inner\">\n\t\t<div class=\"elementor-element elementor-element-61feaa5 e-con-full e-flex e-con e-child\" data-id=\"61feaa5\" data-element_type=\"container\" data-e-type=\"container\" data-settings=\"{&quot;jet_parallax_layout_list&quot;:[]}\">\n\t\t\t\t<div class=\"elementor-element elementor-element-fd18ec3 elementor-widget elementor-widget-image\" data-id=\"fd18ec3\" data-element_type=\"widget\" data-e-type=\"widget\" data-widget_type=\"image.default\">\n\t\t\t\t<div class=\"elementor-widget-container\">\n\t\t\t\t\t\t\t\t\t\t\t\t\t\t\t<img alt=\"\" decoding=\"async\" width=\"537\" height=\"768\" src=\"https:\/\/al-lift.com\/wp-content\/uploads\/2024\/07\/Showroom-1024x768-portrait.jpg\" class=\"attachment-large size-large wp-image-2061\" srcset=\"https:\/\/al-lift.com\/wp-content\/uploads\/2024\/07\/Showroom-1024x768-portrait.jpg 537w, https:\/\/al-lift.com\/wp-content\/uploads\/2024\/07\/Showroom-1024x768-portrait-210x300.jpg 210w\" sizes=\"(max-width: 537px) 100vw, 537px\" \/>\t\t\t\t\t\t\t\t\t\t\t\t\t\t\t<\/div>\n\t\t\t\t<\/div>\n\t\t\t\t<div class=\"elementor-element elementor-element-a123b67 radial-in elementor-align-justify elementor-invisible elementor-widget elementor-widget-button\" data-id=\"a123b67\" data-element_type=\"widget\" data-e-type=\"widget\" data-settings=\"{&quot;_animation&quot;:&quot;fadeIn&quot;,&quot;_animation_delay&quot;:200}\" data-widget_type=\"button.default\">\n\t\t\t\t<div class=\"elementor-widget-container\">\n\t\t\t\t\t\t\t\t\t<div class=\"elementor-button-wrapper\">\n\t\t\t\t\t<a class=\"elementor-button elementor-button-link elementor-size-sm\" href=\"https:\/\/al-lift.com\/en\/contact\/\">\n\t\t\t\t\t\t<span class=\"elementor-button-content-wrapper\">\n\t\t\t\t\t\t\t\t\t<span class=\"elementor-button-text\">Get a non-binding offer<\/span>\n\t\t\t\t\t<\/span>\n\t\t\t\t\t<\/a>\n\t\t\t\t<\/div>\n\t\t\t\t\t\t\t\t<\/div>\n\t\t\t\t<\/div>\n\t\t\t\t<\/div>\n\t\t<div class=\"elementor-element elementor-element-fd6a534 e-con-full e-flex e-con e-child\" data-id=\"fd6a534\" data-element_type=\"container\" data-e-type=\"container\" data-settings=\"{&quot;jet_parallax_layout_list&quot;:[]}\">\n\t\t\t\t<div class=\"elementor-element elementor-element-1ed3908 elementor-widget elementor-widget-heading\" data-id=\"1ed3908\" data-element_type=\"widget\" data-e-type=\"widget\" data-widget_type=\"heading.default\">\n\t\t\t\t<div class=\"elementor-widget-container\">\n\t\t\t\t\t<h2 class=\"elementor-heading-title elementor-size-default\">Professional and used lifting equipment<\/h2>\t\t\t\t<\/div>\n\t\t\t\t<\/div>\n\t\t\t\t<div class=\"elementor-element elementor-element-37fd3ba elementor-invisible elementor-widget elementor-widget-text-editor\" data-id=\"37fd3ba\" data-element_type=\"widget\" data-e-type=\"widget\" data-settings=\"{&quot;_animation&quot;:&quot;fadeIn&quot;,&quot;_animation_delay&quot;:100}\" data-widget_type=\"text-editor.default\">\n\t\t\t\t<div class=\"elementor-widget-container\">\n\t\t\t\t\t\t\t\t\t<p>AL-LIFT is a leader in its field and we can guarantee you a safe investment and reliability. With our extensive experience in the product area, you can rest assured that our range is specially selected - and that you are investing in safe and high-quality lifting equipment.\u00a0<\/p><p>Whether you buy used or new equipment from us, safety and quality are paramount! Are you trying to decide whether your lifting equipment should be used or new? Then we at AL-LIFT can help you on your way. We have a large selection of professional lifting equipment, both used and new. Whether you need a brand new tile lifter, a vacuum lifter or a window lifter for your business, you'll find it here too.<\/p><h3>If you have any questions, we at AL-lift are at your service<\/h3><p>If you are left with any questions or concerns, you are welcome to contact us. You can do this on the phone number <a href=\"tel:97101074\">+45 97 10 10 74<\/a> or via our email <a href=\"mailto:info@al-lift.com\">info@al-lift.com<\/a>. We are always available if you need any guidance. We look forward to hearing from you!<\/p>\t\t\t\t\t\t\t\t<\/div>\n\t\t\t\t<\/div>\n\t\t\t\t<\/div>\n\t\t\t\t\t<\/div>\n\t\t\t\t<\/div>\n\t\t\t\t<\/div>","protected":false},"excerpt":{"rendered":"<p>L\u00f8fteudstyr er en essentiel del af arbejdet i bygge- og anl\u00e6gsbranchen, s\u00e5 medarbejderne bliver sk\u00e5net for mulige skader ved tunge l\u00f8ft. Hos AL-LIFT opererer vi inden for tre omr\u00e5der, nemlig anl\u00e6gsbyggeri, industri og truckl\u00f8sninger, og vi har samlet et solidt udvalg af brugt l\u00f8fteudstyr til dig, s\u00e5 du og dine medarbejdere kan arbejde og f\u00f8le [&hellip;]<\/p>\n","protected":false},"author":1,"featured_media":0,"parent":0,"menu_order":0,"comment_status":"closed","ping_status":"closed","template":"elementor_header_footer","meta":{"_seopress_robots_primary_cat":"","_seopress_titles_title":"","_seopress_titles_desc":"","_seopress_robots_index":"","inline_featured_image":false,"footnotes":""},"class_list":["post-2427","page","type-page","status-publish","hentry"],"_links":{"self":[{"href":"https:\/\/al-lift.com\/en\/wp-json\/wp\/v2\/pages\/2427","targetHints":{"allow":["GET"]}}],"collection":[{"href":"https:\/\/al-lift.com\/en\/wp-json\/wp\/v2\/pages"}],"about":[{"href":"https:\/\/al-lift.com\/en\/wp-json\/wp\/v2\/types\/page"}],"author":[{"embeddable":true,"href":"https:\/\/al-lift.com\/en\/wp-json\/wp\/v2\/users\/1"}],"replies":[{"embeddable":true,"href":"https:\/\/al-lift.com\/en\/wp-json\/wp\/v2\/comments?post=2427"}],"version-history":[{"count":10,"href":"https:\/\/al-lift.com\/en\/wp-json\/wp\/v2\/pages\/2427\/revisions"}],"predecessor-version":[{"id":3441,"href":"https:\/\/al-lift.com\/en\/wp-json\/wp\/v2\/pages\/2427\/revisions\/3441"}],"wp:attachment":[{"href":"https:\/\/al-lift.com\/en\/wp-json\/wp\/v2\/media?parent=2427"}],"curies":[{"name":"wp","href":"https:\/\/api.w.org\/{rel}","templated":true}]}}