{"id":1994,"date":"2024-07-03T14:13:52","date_gmt":"2024-07-03T12:13:52","guid":{"rendered":"https:\/\/al-lift.com\/?page_id=1994"},"modified":"2024-12-16T10:24:58","modified_gmt":"2024-12-16T09:24:58","slug":"statutory-inspection","status":"publish","type":"page","link":"https:\/\/al-lift.com\/en\/lovpligtig-eftersyn\/","title":{"rendered":"Statutory inspection"},"content":{"rendered":"<div data-elementor-type=\"wp-page\" data-elementor-id=\"1994\" class=\"elementor elementor-1994\" data-elementor-post-type=\"page\">\n\t\t\t\t<div class=\"elementor-element elementor-element-2ad85630 e-flex e-con-boxed e-con e-parent\" data-id=\"2ad85630\" data-element_type=\"container\" data-e-type=\"container\" data-settings=\"{&quot;background_background&quot;:&quot;classic&quot;,&quot;jet_parallax_layout_list&quot;:[]}\">\n\t\t\t\t\t<div class=\"e-con-inner\">\n\t\t\t\t\t<\/div>\n\t\t\t\t<\/div>\n\t\t<div class=\"elementor-element elementor-element-a829d32 e-flex e-con-boxed e-con e-parent\" data-id=\"a829d32\" data-element_type=\"container\" data-e-type=\"container\" data-settings=\"{&quot;jet_parallax_layout_list&quot;:[]}\">\n\t\t\t\t\t<div class=\"e-con-inner\">\n\t\t<div class=\"elementor-element elementor-element-5109f1d e-con-full e-flex e-con e-child\" data-id=\"5109f1d\" data-element_type=\"container\" data-e-type=\"container\" data-settings=\"{&quot;jet_parallax_layout_list&quot;:[]}\">\n\t\t\t\t<div class=\"elementor-element elementor-element-7b7deb0 elementor-invisible elementor-widget elementor-widget-text-editor\" data-id=\"7b7deb0\" data-element_type=\"widget\" data-e-type=\"widget\" data-settings=\"{&quot;_animation&quot;:&quot;fadeIn&quot;,&quot;_animation_delay&quot;:100}\" data-widget_type=\"text-editor.default\">\n\t\t\t\t<div class=\"elementor-widget-container\">\n\t\t\t\t\t\t\t\t\t<h3>Statutory inspection<\/h3>\n<p>Checks and inspections of lifting &amp; handling equipment must be carried out by a competent person according to the guidelines stated herein.<\/p>\n<p>At AL-Lift, with over 35 years of experience in the field, we specialise in carrying out the statutory service inspection of your lifting equipment, including vacuum suction cranes, cranes, crane tracks, etc.<\/p>\n<p>Statutory inspections are always documented via a service report, certificate and label, showing when inspections and test loads etc. have been performed. The purpose of the inspections is to ensure that the equipment is always in a safe condition and that it complies with the rules so that it does not pose a risk to people and the environment.<\/p>\n<p>Our vacuum cleaner servicing usually takes place at your premises where your lifting &amp; handling equipment is running - or can of course also take place on site - or wherever you wish - our technicians are equipped with up-to-date service vehicles with the necessary spare parts for the job - your guarantee for the best service experience!<\/p>\n<p>Contact us directly for further information and make an appointment for statutory inspection and\/or repair at <a href=\"tel:97101074\">97101074<\/a>.<\/p>\t\t\t\t\t\t\t\t<\/div>\n\t\t\t\t<\/div>\n\t\t\t\t<\/div>\n\t\t<div class=\"elementor-element elementor-element-50540ef e-con-full e-flex e-con e-child\" data-id=\"50540ef\" data-element_type=\"container\" data-e-type=\"container\" data-settings=\"{&quot;jet_parallax_layout_list&quot;:[]}\">\n\t\t\t\t<div class=\"elementor-element elementor-element-c1d999d elementor-widget elementor-widget-image\" data-id=\"c1d999d\" data-element_type=\"widget\" data-e-type=\"widget\" data-widget_type=\"image.default\">\n\t\t\t\t<div class=\"elementor-widget-container\">\n\t\t\t\t\t\t\t\t\t\t\t\t\t\t\t<img alt=\"\" fetchpriority=\"high\" decoding=\"async\" width=\"300\" height=\"300\" src=\"https:\/\/al-lift.com\/wp-content\/uploads\/2024\/07\/Side-2-0.-AL-TELECRANE-300x300-2.jpg\" class=\"attachment-large size-large wp-image-2313\" srcset=\"https:\/\/al-lift.com\/wp-content\/uploads\/2024\/07\/Side-2-0.-AL-TELECRANE-300x300-2.jpg 300w, https:\/\/al-lift.com\/wp-content\/uploads\/2024\/07\/Side-2-0.-AL-TELECRANE-300x300-2-150x150.jpg 150w\" sizes=\"(max-width: 300px) 100vw, 300px\" \/>\t\t\t\t\t\t\t\t\t\t\t\t\t\t\t<\/div>\n\t\t\t\t<\/div>\n\t\t\t\t<div class=\"elementor-element elementor-element-53e8b18 radial-in elementor-align-justify elementor-invisible elementor-widget elementor-widget-button\" data-id=\"53e8b18\" data-element_type=\"widget\" data-e-type=\"widget\" data-settings=\"{&quot;_animation&quot;:&quot;fadeIn&quot;,&quot;_animation_delay&quot;:200}\" data-widget_type=\"button.default\">\n\t\t\t\t<div class=\"elementor-widget-container\">\n\t\t\t\t\t\t\t\t\t<div class=\"elementor-button-wrapper\">\n\t\t\t\t\t<a class=\"elementor-button elementor-button-link elementor-size-sm\" href=\"https:\/\/al-lift.com\/en\/contact\/\">\n\t\t\t\t\t\t<span class=\"elementor-button-content-wrapper\">\n\t\t\t\t\t\t\t\t\t<span class=\"elementor-button-text\">Contact us now<\/span>\n\t\t\t\t\t<\/span>\n\t\t\t\t\t<\/a>\n\t\t\t\t<\/div>\n\t\t\t\t\t\t\t\t<\/div>\n\t\t\t\t<\/div>\n\t\t\t\t<\/div>\n\t\t\t\t\t<\/div>\n\t\t\t\t<\/div>\n\t\t\t\t<\/div>","protected":false},"excerpt":{"rendered":"<p>Lovpligtig eftersyn Kontrol og eftersyn af l\u00f8fte- &amp; h\u00e5ndteringsudstyr, skal foretages af en sagkyndig person i henhold til retningslinjerne angivet herfor. Hos AL-Lift er vi, med over 35 \u00e5rs erfaring indenfor omr\u00e5det, specialiseret i at udf\u00f8re det lovpligtige serviceeftersyn af dit l\u00f8fteudstyr, herunder vakuumsug, kraner, kranbaner m.m. Lovpligtigt eftersyn er altid dokumenteret via servicerapport, certifikat [&hellip;]<\/p>\n","protected":false},"author":1,"featured_media":0,"parent":0,"menu_order":0,"comment_status":"closed","ping_status":"closed","template":"elementor_header_footer","meta":{"_seopress_robots_primary_cat":"","_seopress_titles_title":"","_seopress_titles_desc":"","_seopress_robots_index":"","inline_featured_image":false,"footnotes":""},"class_list":["post-1994","page","type-page","status-publish","hentry"],"_links":{"self":[{"href":"https:\/\/al-lift.com\/en\/wp-json\/wp\/v2\/pages\/1994","targetHints":{"allow":["GET"]}}],"collection":[{"href":"https:\/\/al-lift.com\/en\/wp-json\/wp\/v2\/pages"}],"about":[{"href":"https:\/\/al-lift.com\/en\/wp-json\/wp\/v2\/types\/page"}],"author":[{"embeddable":true,"href":"https:\/\/al-lift.com\/en\/wp-json\/wp\/v2\/users\/1"}],"replies":[{"embeddable":true,"href":"https:\/\/al-lift.com\/en\/wp-json\/wp\/v2\/comments?post=1994"}],"version-history":[{"count":25,"href":"https:\/\/al-lift.com\/en\/wp-json\/wp\/v2\/pages\/1994\/revisions"}],"predecessor-version":[{"id":4361,"href":"https:\/\/al-lift.com\/en\/wp-json\/wp\/v2\/pages\/1994\/revisions\/4361"}],"wp:attachment":[{"href":"https:\/\/al-lift.com\/en\/wp-json\/wp\/v2\/media?parent=1994"}],"curies":[{"name":"wp","href":"https:\/\/api.w.org\/{rel}","templated":true}]}}