{"id":1960,"date":"2024-07-03T14:06:37","date_gmt":"2024-07-03T12:06:37","guid":{"rendered":"https:\/\/al-lift.com\/?page_id=1960"},"modified":"2024-10-02T12:44:27","modified_gmt":"2024-10-02T10:44:27","slug":"through-cranes","status":"publish","type":"page","link":"https:\/\/al-lift.com\/en\/travers-kraner\/","title":{"rendered":"Traverse cranes"},"content":{"rendered":"<div data-elementor-type=\"wp-page\" data-elementor-id=\"1960\" class=\"elementor elementor-1960\" data-elementor-post-type=\"page\">\n\t\t\t\t<div class=\"elementor-element elementor-element-2ad85630 e-flex e-con-boxed e-con e-parent\" data-id=\"2ad85630\" data-element_type=\"container\" data-e-type=\"container\" data-settings=\"{&quot;background_background&quot;:&quot;classic&quot;,&quot;jet_parallax_layout_list&quot;:[]}\">\n\t\t\t\t\t<div class=\"e-con-inner\">\n\t\t\t\t\t<\/div>\n\t\t\t\t<\/div>\n\t\t<div class=\"elementor-element elementor-element-b3528eb e-flex e-con-boxed e-con e-parent\" data-id=\"b3528eb\" data-element_type=\"container\" data-e-type=\"container\" data-settings=\"{&quot;jet_parallax_layout_list&quot;:[]}\">\n\t\t\t\t\t<div class=\"e-con-inner\">\n\t\t<div class=\"elementor-element elementor-element-5b7a6e8 e-con-full e-flex e-con e-child\" data-id=\"5b7a6e8\" data-element_type=\"container\" data-e-type=\"container\" data-settings=\"{&quot;jet_parallax_layout_list&quot;:[]}\">\n\t\t\t\t<div class=\"elementor-element elementor-element-039071d elementor-invisible elementor-widget elementor-widget-text-editor\" data-id=\"039071d\" data-element_type=\"widget\" data-e-type=\"widget\" data-settings=\"{&quot;_animation&quot;:&quot;fadeIn&quot;,&quot;_animation_delay&quot;:100}\" data-widget_type=\"text-editor.default\">\n\t\t\t\t<div class=\"elementor-widget-container\">\n\t\t\t\t\t\t\t\t\t<p>Does your company need a new overhead travelling crane with a solid lifting capacity? Then you're sure to find the right model right here with us. We have developed a range of overhead travelling cranes that are suitable for both light and heavy industrial applications. This gives you the opportunity to find the crane that best suits the handling tasks in your organisation.\u00a0<\/p><p>All our overhead travelling cranes are ceiling-mounted traverse rail systems, but they can also be delivered as free-standing systems if needed. The overhead travelling cranes are ideal for area-wide transport. They have different lifting capacities, with a maximum capacity of 500kg, and you can find some with either a vacuum system or electric hoist. Whichever crane you choose, we guarantee that you'll end up with a product of the absolute best quality.<\/p>\t\t\t\t\t\t\t\t<\/div>\n\t\t\t\t<\/div>\n\t\t\t\t<\/div>\n\t\t<div class=\"elementor-element elementor-element-7a201a4 e-con-full e-flex e-con e-child\" data-id=\"7a201a4\" data-element_type=\"container\" data-e-type=\"container\" data-settings=\"{&quot;jet_parallax_layout_list&quot;:[]}\">\n\t\t\t\t<div class=\"elementor-element elementor-element-bf520d8 elementor-widget elementor-widget-image\" data-id=\"bf520d8\" data-element_type=\"widget\" data-e-type=\"widget\" data-widget_type=\"image.default\">\n\t\t\t\t<div class=\"elementor-widget-container\">\n\t\t\t\t\t\t\t\t\t\t\t\t\t\t\t<img alt=\"\" fetchpriority=\"high\" decoding=\"async\" width=\"800\" height=\"600\" src=\"https:\/\/al-lift.com\/wp-content\/uploads\/2024\/07\/AL-TRAVERS-med-VAKUUM-specialvaerktoj-3-1-1024x768.jpg\" class=\"attachment-large size-large wp-image-2378\" srcset=\"https:\/\/al-lift.com\/wp-content\/uploads\/2024\/07\/AL-TRAVERS-med-VAKUUM-specialvaerktoj-3-1-1024x768.jpg 1024w, https:\/\/al-lift.com\/wp-content\/uploads\/2024\/07\/AL-TRAVERS-med-VAKUUM-specialvaerktoj-3-1-300x225.jpg 300w, https:\/\/al-lift.com\/wp-content\/uploads\/2024\/07\/AL-TRAVERS-med-VAKUUM-specialvaerktoj-3-1-768x576.jpg 768w, https:\/\/al-lift.com\/wp-content\/uploads\/2024\/07\/AL-TRAVERS-med-VAKUUM-specialvaerktoj-3-1.jpg 1500w\" sizes=\"(max-width: 800px) 100vw, 800px\" \/>\t\t\t\t\t\t\t\t\t\t\t\t\t\t\t<\/div>\n\t\t\t\t<\/div>\n\t\t\t\t<div class=\"elementor-element elementor-element-b7228f7 radial-in elementor-align-justify elementor-invisible elementor-widget elementor-widget-button\" data-id=\"b7228f7\" data-element_type=\"widget\" data-e-type=\"widget\" data-settings=\"{&quot;_animation&quot;:&quot;fadeIn&quot;,&quot;_animation_delay&quot;:200}\" data-widget_type=\"button.default\">\n\t\t\t\t<div class=\"elementor-widget-container\">\n\t\t\t\t\t\t\t\t\t<div class=\"elementor-button-wrapper\">\n\t\t\t\t\t<a class=\"elementor-button elementor-button-link elementor-size-sm\" href=\"https:\/\/al-lift.com\/en\/contact\/\">\n\t\t\t\t\t\t<span class=\"elementor-button-content-wrapper\">\n\t\t\t\t\t\t\t\t\t<span class=\"elementor-button-text\">Contact us now<\/span>\n\t\t\t\t\t<\/span>\n\t\t\t\t\t<\/a>\n\t\t\t\t<\/div>\n\t\t\t\t\t\t\t\t<\/div>\n\t\t\t\t<\/div>\n\t\t\t\t<\/div>\n\t\t\t\t\t<\/div>\n\t\t\t\t<\/div>\n\t\t<div class=\"elementor-element elementor-element-1c71a1c e-flex e-con-boxed e-con e-parent\" data-id=\"1c71a1c\" data-element_type=\"container\" data-e-type=\"container\" data-settings=\"{&quot;jet_parallax_layout_list&quot;:[]}\">\n\t\t\t\t\t<div class=\"e-con-inner\">\n\t\t<div class=\"elementor-element elementor-element-91d7879 e-con-full e-flex e-con e-child\" data-id=\"91d7879\" data-element_type=\"container\" data-e-type=\"container\" data-settings=\"{&quot;jet_parallax_layout_list&quot;:[]}\">\n\t\t\t\t<div class=\"elementor-element elementor-element-9fc93c2 elementor-widget elementor-widget-image\" data-id=\"9fc93c2\" data-element_type=\"widget\" data-e-type=\"widget\" data-widget_type=\"image.default\">\n\t\t\t\t<div class=\"elementor-widget-container\">\n\t\t\t\t\t\t\t\t\t\t\t\t\t\t\t<img alt=\"\" decoding=\"async\" width=\"300\" height=\"300\" src=\"https:\/\/al-lift.com\/wp-content\/uploads\/2024\/07\/AL-LIFT-TRAVERS-med-ELTALJE-enhandsbetjent-4-MAIN-300x300-2.jpg\" class=\"attachment-large size-large wp-image-2376\" srcset=\"https:\/\/al-lift.com\/wp-content\/uploads\/2024\/07\/AL-LIFT-TRAVERS-med-ELTALJE-enhandsbetjent-4-MAIN-300x300-2.jpg 300w, https:\/\/al-lift.com\/wp-content\/uploads\/2024\/07\/AL-LIFT-TRAVERS-med-ELTALJE-enhandsbetjent-4-MAIN-300x300-2-150x150.jpg 150w\" sizes=\"(max-width: 300px) 100vw, 300px\" \/>\t\t\t\t\t\t\t\t\t\t\t\t\t\t\t<\/div>\n\t\t\t\t<\/div>\n\t\t\t\t<div class=\"elementor-element elementor-element-b0b2745 radial-in elementor-align-justify elementor-invisible elementor-widget elementor-widget-button\" data-id=\"b0b2745\" data-element_type=\"widget\" data-e-type=\"widget\" data-settings=\"{&quot;_animation&quot;:&quot;fadeIn&quot;,&quot;_animation_delay&quot;:200}\" data-widget_type=\"button.default\">\n\t\t\t\t<div class=\"elementor-widget-container\">\n\t\t\t\t\t\t\t\t\t<div class=\"elementor-button-wrapper\">\n\t\t\t\t\t<a class=\"elementor-button elementor-button-link elementor-size-sm\" href=\"https:\/\/al-lift.com\/en\/contact\/\">\n\t\t\t\t\t\t<span class=\"elementor-button-content-wrapper\">\n\t\t\t\t\t\t\t\t\t<span class=\"elementor-button-text\">Contact us now<\/span>\n\t\t\t\t\t<\/span>\n\t\t\t\t\t<\/a>\n\t\t\t\t<\/div>\n\t\t\t\t\t\t\t\t<\/div>\n\t\t\t\t<\/div>\n\t\t\t\t<\/div>\n\t\t<div class=\"elementor-element elementor-element-347beff e-con-full e-flex e-con e-child\" data-id=\"347beff\" data-element_type=\"container\" data-e-type=\"container\" data-settings=\"{&quot;jet_parallax_layout_list&quot;:[]}\">\n\t\t\t\t<div class=\"elementor-element elementor-element-2438868 elementor-widget elementor-widget-heading\" data-id=\"2438868\" data-element_type=\"widget\" data-e-type=\"widget\" data-widget_type=\"heading.default\">\n\t\t\t\t<div class=\"elementor-widget-container\">\n\t\t\t\t\t<h2 class=\"elementor-heading-title elementor-size-default\">Reduce heavy lifting with an overhead travelling crane<\/h2>\t\t\t\t<\/div>\n\t\t\t\t<\/div>\n\t\t\t\t<div class=\"elementor-element elementor-element-8cdf893 elementor-invisible elementor-widget elementor-widget-text-editor\" data-id=\"8cdf893\" data-element_type=\"widget\" data-e-type=\"widget\" data-settings=\"{&quot;_animation&quot;:&quot;fadeIn&quot;,&quot;_animation_delay&quot;:100}\" data-widget_type=\"text-editor.default\">\n\t\t\t\t<div class=\"elementor-widget-container\">\n\t\t\t\t\t\t\t\t\t<p>The overhead travelling crane is a good solution for minimising heavy lifting, especially in larger areas. For smaller areas, you can utilise a jib crane to your advantage. You won't regret this investment that improves the working environment in your organisation!\u00a0<\/p><p>If you need advice on which overhead travelling crane is best suited to your business, we are always ready with professional guidance and sparring. As the developers of the products, we have expert knowledge that we are happy to share so that all our customers can get the right solutions for their business. We have many years of experience in the industry and today we supply lifting and handling equipment all over the world.\u00a0<\/p><p>Please contact us either by phone <a href=\"tel:97101074\">97 10 10 74<\/a> or via our contact form. If you would like to see or try our products, you are more than welcome to visit us in our showroom in Lemvig, where we can also have a good chat about which solutions are best for you.<\/p>\t\t\t\t\t\t\t\t<\/div>\n\t\t\t\t<\/div>\n\t\t\t\t<\/div>\n\t\t\t\t\t<\/div>\n\t\t\t\t<\/div>\n\t\t<div class=\"elementor-element elementor-element-ce3862c e-flex e-con-boxed e-con e-parent\" data-id=\"ce3862c\" data-element_type=\"container\" data-e-type=\"container\" data-settings=\"{&quot;jet_parallax_layout_list&quot;:[]}\">\n\t\t\t\t\t<div class=\"e-con-inner\">\n\t\t\t\t<div class=\"elementor-element elementor-element-7221773 elementor-widget elementor-widget-jet-posts\" data-id=\"7221773\" data-element_type=\"widget\" data-e-type=\"widget\" data-settings=\"{&quot;columns_tablet&quot;:&quot;2&quot;,&quot;columns_mobile&quot;:&quot;1&quot;,&quot;columns&quot;:3,&quot;slides_to_scroll&quot;:&quot;1&quot;}\" data-widget_type=\"jet-posts.default\">\n\t\t\t\t<div class=\"elementor-widget-container\">\n\t\t\t\t\t<div class=\"elementor-jet-posts jet-elements\"><div class=\"jet-posts col-row\"><div class=\"jet-posts__item\">\n\t<div class=\"jet-posts__inner-box\"><div class=\"post-thumbnail\"><a href=\"https:\/\/al-lift.com\/en\/aluminium-traverse-vacuum-clamping-tool\/\" class=\"post-thumbnail__link\"><img loading=\"lazy\" decoding=\"async\" class=\"post-thumbnail__img wp-post-image\" src=\"https:\/\/al-lift.com\/wp-content\/uploads\/2024\/07\/AL-LIFT-TRAVERS-med-VAKUUM-specialvaerktoj-2-300x300-2.jpg\" alt=\"Alu-Travers vacuum clamping tool\" width=\"300\" height=\"300\"><\/a><\/div><div class=\"jet-posts__inner-content\"><h4 class=\"entry-title\"><a href=\"https:\/\/al-lift.com\/en\/aluminium-traverse-vacuum-clamping-tool\/\" target=\"\">Alu-Travers vacuum clamping tool<\/a><\/h4><div class=\"post-meta\"><\/div><\/div><\/div>\n<\/div>\n<div class=\"jet-posts__item\">\n\t<div class=\"jet-posts__inner-box\"><div class=\"post-thumbnail\"><a href=\"https:\/\/al-lift.com\/en\/aluminium-through-stainless-steel\/\" class=\"post-thumbnail__link\"><img loading=\"lazy\" decoding=\"async\" class=\"post-thumbnail__img wp-post-image\" src=\"https:\/\/al-lift.com\/wp-content\/uploads\/2024\/07\/Side-36-0.-AL-TRAVERS-Rustfri-stal-300x300-1-1.jpg\" alt=\"Aluminium Travers Stainless steel\" width=\"300\" height=\"300\"><\/a><\/div><div class=\"jet-posts__inner-content\"><h4 class=\"entry-title\"><a href=\"https:\/\/al-lift.com\/en\/aluminium-through-stainless-steel\/\" target=\"\">Aluminium Travers Stainless steel<\/a><\/h4><div class=\"post-meta\"><\/div><\/div><\/div>\n<\/div>\n<div class=\"jet-posts__item\">\n\t<div class=\"jet-posts__inner-box\"><div class=\"post-thumbnail\"><a href=\"https:\/\/al-lift.com\/en\/aluminium-traverse-vacuum-two-hand-operated\/\" class=\"post-thumbnail__link\"><img loading=\"lazy\" decoding=\"async\" class=\"post-thumbnail__img wp-post-image\" src=\"https:\/\/al-lift.com\/wp-content\/uploads\/2024\/07\/Side-14-0.-AL-TRAVERS-1-300x300-2.jpg\" alt=\"Aluminium Travers Vacuum Two-Hand Operated\" width=\"300\" height=\"300\"><\/a><\/div><div class=\"jet-posts__inner-content\"><h4 class=\"entry-title\"><a href=\"https:\/\/al-lift.com\/en\/aluminium-traverse-vacuum-two-hand-operated\/\" target=\"\">Aluminium Travers Vacuum Two-Hand Operated<\/a><\/h4><div class=\"post-meta\"><\/div><\/div><\/div>\n<\/div>\n<div class=\"jet-posts__item\">\n\t<div class=\"jet-posts__inner-box\"><div class=\"post-thumbnail\"><a href=\"https:\/\/al-lift.com\/en\/aluminium-traverse-uno-vacuum\/\" class=\"post-thumbnail__link\"><img loading=\"lazy\" decoding=\"async\" class=\"post-thumbnail__img wp-post-image\" src=\"https:\/\/al-lift.com\/wp-content\/uploads\/2024\/07\/33-300x300-2.jpg\" alt=\"Aluminium Travers Uno Vacuum\" width=\"300\" height=\"300\"><\/a><\/div><div class=\"jet-posts__inner-content\"><h4 class=\"entry-title\"><a href=\"https:\/\/al-lift.com\/en\/aluminium-traverse-uno-vacuum\/\" target=\"\">Aluminium Travers Uno Vacuum<\/a><\/h4><div class=\"post-meta\"><\/div><\/div><\/div>\n<\/div>\n<div class=\"jet-posts__item\">\n\t<div class=\"jet-posts__inner-box\"><div class=\"post-thumbnail\"><a href=\"https:\/\/al-lift.com\/en\/aluminium-through-uno-el\/\" class=\"post-thumbnail__link\"><img loading=\"lazy\" decoding=\"async\" class=\"post-thumbnail__img wp-post-image\" src=\"https:\/\/al-lift.com\/wp-content\/uploads\/2024\/07\/AL-LIFT-TRAVERS-med-ELTALJE-enhandsbetjent-4-MAIN-300x300-2.jpg\" alt=\"Aluminium Travers Uno El\" width=\"300\" height=\"300\"><\/a><\/div><div class=\"jet-posts__inner-content\"><h4 class=\"entry-title\"><a href=\"https:\/\/al-lift.com\/en\/aluminium-through-uno-el\/\" target=\"\">Aluminium Travers Uno El<\/a><\/h4><div class=\"post-meta\"><\/div><\/div><\/div>\n<\/div>\n<div class=\"jet-posts__item\">\n\t<div class=\"jet-posts__inner-box\"><div class=\"post-thumbnail\"><a href=\"https:\/\/al-lift.com\/en\/aluminium-crossbar-el\/\" class=\"post-thumbnail__link\"><img loading=\"lazy\" decoding=\"async\" class=\"post-thumbnail__img wp-post-image\" src=\"https:\/\/al-lift.com\/wp-content\/uploads\/2024\/07\/Side-15-5.-AL-TRAVERS-1-300x300-2.jpg\" alt=\"El aluminium crossbars\" width=\"300\" height=\"300\"><\/a><\/div><div class=\"jet-posts__inner-content\"><h4 class=\"entry-title\"><a href=\"https:\/\/al-lift.com\/en\/aluminium-crossbar-el\/\" target=\"\">El aluminium crossbars<\/a><\/h4><div class=\"post-meta\"><\/div><\/div><\/div>\n<\/div>\n<\/div>\n<\/div>\t\t\t\t<\/div>\n\t\t\t\t<\/div>\n\t\t\t\t\t<\/div>\n\t\t\t\t<\/div>\n\t\t\t\t<\/div>","protected":false},"excerpt":{"rendered":"<p>Tr\u00e6nger din virksomhed til en ny traverskran med en solid l\u00f8ftekapacitet? S\u00e5 kan du uden tvivl finde den helt rette model lige her hos os. Vi har udviklet en r\u00e6kke forskellige traverskraner, som er velegnet til b\u00e5de de lette og mere kr\u00e6vende opgaver i industrien. Dermed har du mulighed for at finde netop den kran, [&hellip;]<\/p>\n","protected":false},"author":1,"featured_media":0,"parent":0,"menu_order":0,"comment_status":"closed","ping_status":"closed","template":"elementor_header_footer","meta":{"_seopress_robots_primary_cat":"","_seopress_titles_title":"","_seopress_titles_desc":"","_seopress_robots_index":"","inline_featured_image":false,"footnotes":""},"class_list":["post-1960","page","type-page","status-publish","hentry"],"_links":{"self":[{"href":"https:\/\/al-lift.com\/en\/wp-json\/wp\/v2\/pages\/1960","targetHints":{"allow":["GET"]}}],"collection":[{"href":"https:\/\/al-lift.com\/en\/wp-json\/wp\/v2\/pages"}],"about":[{"href":"https:\/\/al-lift.com\/en\/wp-json\/wp\/v2\/types\/page"}],"author":[{"embeddable":true,"href":"https:\/\/al-lift.com\/en\/wp-json\/wp\/v2\/users\/1"}],"replies":[{"embeddable":true,"href":"https:\/\/al-lift.com\/en\/wp-json\/wp\/v2\/comments?post=1960"}],"version-history":[{"count":25,"href":"https:\/\/al-lift.com\/en\/wp-json\/wp\/v2\/pages\/1960\/revisions"}],"predecessor-version":[{"id":3438,"href":"https:\/\/al-lift.com\/en\/wp-json\/wp\/v2\/pages\/1960\/revisions\/3438"}],"wp:attachment":[{"href":"https:\/\/al-lift.com\/en\/wp-json\/wp\/v2\/media?parent=1960"}],"curies":[{"name":"wp","href":"https:\/\/api.w.org\/{rel}","templated":true}]}}