{"id":1657,"date":"2024-03-04T11:44:42","date_gmt":"2024-03-04T10:44:42","guid":{"rendered":"https:\/\/al-lift.com\/?page_id=1657"},"modified":"2024-10-22T09:02:50","modified_gmt":"2024-10-22T07:02:50","slug":"plant-construction-2","status":"publish","type":"page","link":"https:\/\/al-lift.com\/en\/anlaegsbyggeri-2\/","title":{"rendered":"Civil engineering"},"content":{"rendered":"<div data-elementor-type=\"wp-page\" data-elementor-id=\"1657\" class=\"elementor elementor-1657\" data-elementor-post-type=\"page\">\n\t\t\t\t<div class=\"elementor-element elementor-element-2ad85630 e-flex e-con-boxed e-con e-parent\" data-id=\"2ad85630\" data-element_type=\"container\" data-e-type=\"container\" data-settings=\"{&quot;background_background&quot;:&quot;classic&quot;,&quot;jet_parallax_layout_list&quot;:[]}\">\n\t\t\t\t\t<div class=\"e-con-inner\">\n\t\t\t\t\t<\/div>\n\t\t\t\t<\/div>\n\t\t<div class=\"elementor-element elementor-element-1773a18 e-flex e-con-boxed e-con e-parent\" data-id=\"1773a18\" data-element_type=\"container\" data-e-type=\"container\" data-settings=\"{&quot;jet_parallax_layout_list&quot;:[]}\">\n\t\t\t\t\t<div class=\"e-con-inner\">\n\t\t<div class=\"elementor-element elementor-element-fd29ebb e-con-full e-flex e-con e-child\" data-id=\"fd29ebb\" data-element_type=\"container\" data-e-type=\"container\" data-settings=\"{&quot;jet_parallax_layout_list&quot;:[]}\">\n\t\t\t\t<div class=\"elementor-element elementor-element-b815439 elementor-widget elementor-widget-heading\" data-id=\"b815439\" data-element_type=\"widget\" data-e-type=\"widget\" data-widget_type=\"heading.default\">\n\t\t\t\t<div class=\"elementor-widget-container\">\n\t\t\t\t\t<h2 class=\"elementor-heading-title elementor-size-default\">Lifting equipment for construction\n<\/h2>\t\t\t\t<\/div>\n\t\t\t\t<\/div>\n\t\t\t\t<div class=\"elementor-element elementor-element-5222717 elementor-invisible elementor-widget elementor-widget-text-editor\" data-id=\"5222717\" data-element_type=\"widget\" data-e-type=\"widget\" data-settings=\"{&quot;_animation&quot;:&quot;fadeIn&quot;,&quot;_animation_delay&quot;:100}\" data-widget_type=\"text-editor.default\">\n\t\t\t\t<div class=\"elementor-widget-container\">\n\t\t\t\t\t\t\t\t\t<p>On this page you can see our large selection of professional lifting equipment for construction work. Here you can find tile lifters, various clamping tools, window lifters and vacuum lifters for crane suspension that can handle heavy lifting up to 30 tonnes. All of our lifting equipment is designed to protect workers in the construction industry from inappropriate lifting and movement.\u00a0<\/p><p>We have lifting and handling equipment for heavy and awkward items in civil engineering. This gives you the opportunity to find the product(s) best suited to your tasks. For example, if you're looking for equipment for transporting and lifting plasterboard, we have Flexmover, which is designed specifically for handling plasterboard. If you're looking for lifting equipment specifically for handling glass, we sell various window lifters designed to handle these items.<\/p>\t\t\t\t\t\t\t\t<\/div>\n\t\t\t\t<\/div>\n\t\t\t\t<\/div>\n\t\t<div class=\"elementor-element elementor-element-71d4b5b e-con-full e-flex e-con e-child\" data-id=\"71d4b5b\" data-element_type=\"container\" data-e-type=\"container\" data-settings=\"{&quot;jet_parallax_layout_list&quot;:[]}\">\n\t\t\t\t<div class=\"elementor-element elementor-element-ffc1ffb elementor-widget elementor-widget-image\" data-id=\"ffc1ffb\" data-element_type=\"widget\" data-e-type=\"widget\" data-widget_type=\"image.default\">\n\t\t\t\t<div class=\"elementor-widget-container\">\n\t\t\t\t\t\t\t\t\t\t\t\t\t\t\t<img alt=\"\" fetchpriority=\"high\" decoding=\"async\" width=\"800\" height=\"600\" src=\"https:\/\/al-lift.com\/wp-content\/uploads\/2024\/10\/hzI6TMM5w5NDOAJC1i26kQIPYtqZm41MhQ.jpeg\" class=\"attachment-large size-large wp-image-3601\" srcset=\"https:\/\/al-lift.com\/wp-content\/uploads\/2024\/10\/hzI6TMM5w5NDOAJC1i26kQIPYtqZm41MhQ.jpeg 960w, https:\/\/al-lift.com\/wp-content\/uploads\/2024\/10\/hzI6TMM5w5NDOAJC1i26kQIPYtqZm41MhQ-300x225.jpeg 300w, https:\/\/al-lift.com\/wp-content\/uploads\/2024\/10\/hzI6TMM5w5NDOAJC1i26kQIPYtqZm41MhQ-768x576.jpeg 768w\" sizes=\"(max-width: 800px) 100vw, 800px\" \/>\t\t\t\t\t\t\t\t\t\t\t\t\t\t\t<\/div>\n\t\t\t\t<\/div>\n\t\t\t\t<div class=\"elementor-element elementor-element-c4e2ec9 radial-in elementor-align-justify elementor-invisible elementor-widget elementor-widget-button\" data-id=\"c4e2ec9\" data-element_type=\"widget\" data-e-type=\"widget\" data-settings=\"{&quot;_animation&quot;:&quot;fadeIn&quot;,&quot;_animation_delay&quot;:200}\" data-widget_type=\"button.default\">\n\t\t\t\t<div class=\"elementor-widget-container\">\n\t\t\t\t\t\t\t\t\t<div class=\"elementor-button-wrapper\">\n\t\t\t\t\t<a class=\"elementor-button elementor-button-link elementor-size-sm\" href=\"https:\/\/al-lift.com\/en\/contact\/\">\n\t\t\t\t\t\t<span class=\"elementor-button-content-wrapper\">\n\t\t\t\t\t\t\t\t\t<span class=\"elementor-button-text\">Contact us now<\/span>\n\t\t\t\t\t<\/span>\n\t\t\t\t\t<\/a>\n\t\t\t\t<\/div>\n\t\t\t\t\t\t\t\t<\/div>\n\t\t\t\t<\/div>\n\t\t\t\t<\/div>\n\t\t\t\t\t<\/div>\n\t\t\t\t<\/div>\n\t\t<div class=\"elementor-element elementor-element-5bec082 e-flex e-con-boxed e-con e-parent\" data-id=\"5bec082\" data-element_type=\"container\" data-e-type=\"container\" data-settings=\"{&quot;jet_parallax_layout_list&quot;:[]}\">\n\t\t\t\t\t<div class=\"e-con-inner\">\n\t\t<div class=\"elementor-element elementor-element-6e2c6f7 e-con-full e-flex e-con e-child\" data-id=\"6e2c6f7\" data-element_type=\"container\" data-e-type=\"container\" data-settings=\"{&quot;jet_parallax_layout_list&quot;:[]}\">\n\t\t\t\t<div class=\"elementor-element elementor-element-fe12d79 elementor-widget elementor-widget-image\" data-id=\"fe12d79\" data-element_type=\"widget\" data-e-type=\"widget\" data-widget_type=\"image.default\">\n\t\t\t\t<div class=\"elementor-widget-container\">\n\t\t\t\t\t\t\t\t\t\t\t\t\t\t\t<img alt=\"\" decoding=\"async\" width=\"800\" height=\"534\" src=\"https:\/\/al-lift.com\/wp-content\/uploads\/2024\/07\/AL-BLAZER-2-1024x683.jpg\" class=\"attachment-large size-large wp-image-2145\" srcset=\"https:\/\/al-lift.com\/wp-content\/uploads\/2024\/07\/AL-BLAZER-2-1024x683.jpg 1024w, https:\/\/al-lift.com\/wp-content\/uploads\/2024\/07\/AL-BLAZER-2-300x200.jpg 300w, https:\/\/al-lift.com\/wp-content\/uploads\/2024\/07\/AL-BLAZER-2-768x512.jpg 768w, https:\/\/al-lift.com\/wp-content\/uploads\/2024\/07\/AL-BLAZER-2.jpg 1500w\" sizes=\"(max-width: 800px) 100vw, 800px\" \/>\t\t\t\t\t\t\t\t\t\t\t\t\t\t\t<\/div>\n\t\t\t\t<\/div>\n\t\t\t\t<div class=\"elementor-element elementor-element-e15586e radial-in elementor-align-justify elementor-invisible elementor-widget elementor-widget-button\" data-id=\"e15586e\" data-element_type=\"widget\" data-e-type=\"widget\" data-settings=\"{&quot;_animation&quot;:&quot;fadeIn&quot;,&quot;_animation_delay&quot;:200}\" data-widget_type=\"button.default\">\n\t\t\t\t<div class=\"elementor-widget-container\">\n\t\t\t\t\t\t\t\t\t<div class=\"elementor-button-wrapper\">\n\t\t\t\t\t<a class=\"elementor-button elementor-button-link elementor-size-sm\" href=\"https:\/\/al-lift.com\/en\/contact\/\">\n\t\t\t\t\t\t<span class=\"elementor-button-content-wrapper\">\n\t\t\t\t\t\t\t\t\t<span class=\"elementor-button-text\">Contact us now<\/span>\n\t\t\t\t\t<\/span>\n\t\t\t\t\t<\/a>\n\t\t\t\t<\/div>\n\t\t\t\t\t\t\t\t<\/div>\n\t\t\t\t<\/div>\n\t\t\t\t<\/div>\n\t\t<div class=\"elementor-element elementor-element-dc4e898 e-con-full e-flex e-con e-child\" data-id=\"dc4e898\" data-element_type=\"container\" data-e-type=\"container\" data-settings=\"{&quot;jet_parallax_layout_list&quot;:[]}\">\n\t\t\t\t<div class=\"elementor-element elementor-element-224ad63 elementor-widget elementor-widget-heading\" data-id=\"224ad63\" data-element_type=\"widget\" data-e-type=\"widget\" data-widget_type=\"heading.default\">\n\t\t\t\t<div class=\"elementor-widget-container\">\n\t\t\t\t\t<h2 class=\"elementor-heading-title elementor-size-default\">Lifting equipment and accessories for various construction tasks\n<\/h2>\t\t\t\t<\/div>\n\t\t\t\t<\/div>\n\t\t\t\t<div class=\"elementor-element elementor-element-c69d067 elementor-invisible elementor-widget elementor-widget-text-editor\" data-id=\"c69d067\" data-element_type=\"widget\" data-e-type=\"widget\" data-settings=\"{&quot;_animation&quot;:&quot;fadeIn&quot;,&quot;_animation_delay&quot;:100}\" data-widget_type=\"text-editor.default\">\n\t\t\t\t<div class=\"elementor-widget-container\">\n\t\t\t\t\t\t\t\t\t<p>One of the lifting equipment we sell the most of here at AL-Lift is our tile lifters. That's why we have a particularly large selection of these products, where you can find both vacuum lifters for suspension in cranes and some that are battery-powered. The choice between the two depends, among other things, on whether you have a generator nearby and which tasks you are looking to solve. Several of our tile lifters are specially designed to lift porous tiles.\u00a0<\/p><p>For smaller handling tasks, you may want to take a closer look at our clamping tongs to see if any of these products are up to the task. You can also take a closer look at our used lifting equipment. By buying this, you can save a lot of money on some products that are still working at their best. It can sometimes be difficult to know which products are best suited for different types of tasks, which is why we are always available for further guidance.\u00a0<\/p><p>To learn more about the technical specifications of the machines, you can read more on the respective product pages and in our product catalogues. You can also find various accessories for the machines on the data sheet for each product. Our accessories include kerb suction cups, steering handles and extension links, pallet forks and much more.<\/p>\t\t\t\t\t\t\t\t<\/div>\n\t\t\t\t<\/div>\n\t\t\t\t<\/div>\n\t\t\t\t\t<\/div>\n\t\t\t\t<\/div>\n\t\t<div class=\"elementor-element elementor-element-85e6cdc e-flex e-con-boxed e-con e-parent\" data-id=\"85e6cdc\" data-element_type=\"container\" data-e-type=\"container\" data-settings=\"{&quot;jet_parallax_layout_list&quot;:[]}\">\n\t\t\t\t\t<div class=\"e-con-inner\">\n\t\t<div class=\"elementor-element elementor-element-5d3a8d7 e-con-full e-flex e-con e-child\" data-id=\"5d3a8d7\" data-element_type=\"container\" data-e-type=\"container\" data-settings=\"{&quot;jet_parallax_layout_list&quot;:[]}\">\n\t\t<div class=\"elementor-element elementor-element-601d8c6 e-con-full e-flex e-con e-child\" data-id=\"601d8c6\" data-element_type=\"container\" data-e-type=\"container\" data-settings=\"{&quot;jet_parallax_layout_list&quot;:[]}\">\n\t\t\t\t<div class=\"elementor-element elementor-element-55d65e1 elementor-widget elementor-widget-image\" data-id=\"55d65e1\" data-element_type=\"widget\" data-e-type=\"widget\" data-widget_type=\"image.default\">\n\t\t\t\t<div class=\"elementor-widget-container\">\n\t\t\t\t\t\t\t\t\t\t\t\t\t\t\t\t<a href=\"https:\/\/al-lift.com\/en\/tiled-ceilings-2\/\">\n\t\t\t\t\t\t\t<img alt=\"\" decoding=\"async\" width=\"300\" height=\"300\" src=\"https:\/\/al-lift.com\/wp-content\/uploads\/2024\/07\/AL-MOBIVAC-7-300x300-1-e1720421301986.jpg\" class=\"attachment-large size-large wp-image-1862\" srcset=\"https:\/\/al-lift.com\/wp-content\/uploads\/2024\/07\/AL-MOBIVAC-7-300x300-1-e1720421301986.jpg 300w, https:\/\/al-lift.com\/wp-content\/uploads\/2024\/07\/AL-MOBIVAC-7-300x300-1-e1720421301986-150x150.jpg 150w\" sizes=\"(max-width: 300px) 100vw, 300px\" \/>\t\t\t\t\t\t\t\t<\/a>\n\t\t\t\t\t\t\t\t\t\t\t\t\t\t\t<\/div>\n\t\t\t\t<\/div>\n\t\t\t\t<div class=\"elementor-element elementor-element-c1c96a1 elementor-widget elementor-widget-heading\" data-id=\"c1c96a1\" data-element_type=\"widget\" data-e-type=\"widget\" data-widget_type=\"heading.default\">\n\t\t\t\t<div class=\"elementor-widget-container\">\n\t\t\t\t\t<h2 class=\"elementor-heading-title elementor-size-default\"><a href=\"https:\/\/al-lift.com\/en\/tiled-ceilings-2\/\">Tile lifters<\/a><\/h2>\t\t\t\t<\/div>\n\t\t\t\t<\/div>\n\t\t\t\t<\/div>\n\t\t<div class=\"elementor-element elementor-element-1993aab e-con-full e-flex e-con e-child\" data-id=\"1993aab\" data-element_type=\"container\" data-e-type=\"container\" data-settings=\"{&quot;jet_parallax_layout_list&quot;:[]}\">\n\t\t\t\t<div class=\"elementor-element elementor-element-8a75d0a elementor-widget elementor-widget-image\" data-id=\"8a75d0a\" data-element_type=\"widget\" data-e-type=\"widget\" data-widget_type=\"image.default\">\n\t\t\t\t<div class=\"elementor-widget-container\">\n\t\t\t\t\t\t\t\t\t\t\t\t\t\t\t\t<a href=\"https:\/\/al-lift.com\/en\/tiled-ceilings-2\/\">\n\t\t\t\t\t\t\t<img alt=\"\" loading=\"lazy\" decoding=\"async\" width=\"300\" height=\"300\" src=\"https:\/\/al-lift.com\/wp-content\/uploads\/2024\/07\/IMG_4979-300x300-1.jpg\" class=\"attachment-large size-large wp-image-2456\" srcset=\"https:\/\/al-lift.com\/wp-content\/uploads\/2024\/07\/IMG_4979-300x300-1.jpg 300w, https:\/\/al-lift.com\/wp-content\/uploads\/2024\/07\/IMG_4979-300x300-1-150x150.jpg 150w\" sizes=\"(max-width: 300px) 100vw, 300px\" \/>\t\t\t\t\t\t\t\t<\/a>\n\t\t\t\t\t\t\t\t\t\t\t\t\t\t\t<\/div>\n\t\t\t\t<\/div>\n\t\t\t\t<div class=\"elementor-element elementor-element-e0e97ee elementor-widget elementor-widget-heading\" data-id=\"e0e97ee\" data-element_type=\"widget\" data-e-type=\"widget\" data-widget_type=\"heading.default\">\n\t\t\t\t<div class=\"elementor-widget-container\">\n\t\t\t\t\t<h2 class=\"elementor-heading-title elementor-size-default\"><a href=\"https:\/\/al-lift.com\/en\/tiled-ceilings-2\/\">Window lifters<\/a><\/h2>\t\t\t\t<\/div>\n\t\t\t\t<\/div>\n\t\t\t\t<\/div>\n\t\t<div class=\"elementor-element elementor-element-907f050 e-con-full e-flex e-con e-child\" data-id=\"907f050\" data-element_type=\"container\" data-e-type=\"container\" data-settings=\"{&quot;jet_parallax_layout_list&quot;:[]}\">\n\t\t\t\t<div class=\"elementor-element elementor-element-0f0d0f5 elementor-widget elementor-widget-image\" data-id=\"0f0d0f5\" data-element_type=\"widget\" data-e-type=\"widget\" data-widget_type=\"image.default\">\n\t\t\t\t<div class=\"elementor-widget-container\">\n\t\t\t\t\t\t\t\t\t\t\t\t\t\t\t\t<a href=\"https:\/\/al-lift.com\/en\/vacuum-lifters-for-crane-suspension\/\">\n\t\t\t\t\t\t\t<img alt=\"\" loading=\"lazy\" decoding=\"async\" width=\"300\" height=\"300\" src=\"https:\/\/al-lift.com\/wp-content\/uploads\/2024\/07\/1.-AL-ATOMIC-500-MAIN-300x300-1.jpg\" class=\"attachment-large size-large wp-image-1867\" srcset=\"https:\/\/al-lift.com\/wp-content\/uploads\/2024\/07\/1.-AL-ATOMIC-500-MAIN-300x300-1.jpg 300w, https:\/\/al-lift.com\/wp-content\/uploads\/2024\/07\/1.-AL-ATOMIC-500-MAIN-300x300-1-150x150.jpg 150w\" sizes=\"(max-width: 300px) 100vw, 300px\" \/>\t\t\t\t\t\t\t\t<\/a>\n\t\t\t\t\t\t\t\t\t\t\t\t\t\t\t<\/div>\n\t\t\t\t<\/div>\n\t\t\t\t<div class=\"elementor-element elementor-element-82d49a3 elementor-widget elementor-widget-heading\" data-id=\"82d49a3\" data-element_type=\"widget\" data-e-type=\"widget\" data-widget_type=\"heading.default\">\n\t\t\t\t<div class=\"elementor-widget-container\">\n\t\t\t\t\t<h2 class=\"elementor-heading-title elementor-size-default\"><a href=\"https:\/\/al-lift.com\/en\/vacuum-lifters-for-crane-suspension\/\">Vacuum lifters for suspension in cranes<\/a><\/h2>\t\t\t\t<\/div>\n\t\t\t\t<\/div>\n\t\t\t\t<\/div>\n\t\t\t\t<\/div>\n\t\t<div class=\"elementor-element elementor-element-7e61bf0 e-con-full e-flex e-con e-child\" data-id=\"7e61bf0\" data-element_type=\"container\" data-e-type=\"container\" data-settings=\"{&quot;jet_parallax_layout_list&quot;:[]}\">\n\t\t<div class=\"elementor-element elementor-element-8a69cd6 e-con-full e-flex e-con e-child\" data-id=\"8a69cd6\" data-element_type=\"container\" data-e-type=\"container\" data-settings=\"{&quot;jet_parallax_layout_list&quot;:[]}\">\n\t\t\t\t<div class=\"elementor-element elementor-element-5564a94 elementor-widget elementor-widget-image\" data-id=\"5564a94\" data-element_type=\"widget\" data-e-type=\"widget\" data-widget_type=\"image.default\">\n\t\t\t\t<div class=\"elementor-widget-container\">\n\t\t\t\t\t\t\t\t\t\t\t\t\t\t\t\t<a href=\"https:\/\/al-lift.com\/en\/vacuum-lifters-for-6-to-30-tonnes\/\">\n\t\t\t\t\t\t\t<img alt=\"\" loading=\"lazy\" decoding=\"async\" width=\"300\" height=\"300\" src=\"https:\/\/al-lift.com\/wp-content\/uploads\/2024\/07\/Pack-Stacker-LOW-300x300-1.png\" class=\"attachment-large size-large wp-image-1887\" srcset=\"https:\/\/al-lift.com\/wp-content\/uploads\/2024\/07\/Pack-Stacker-LOW-300x300-1.png 300w, https:\/\/al-lift.com\/wp-content\/uploads\/2024\/07\/Pack-Stacker-LOW-300x300-1-150x150.png 150w\" sizes=\"(max-width: 300px) 100vw, 300px\" \/>\t\t\t\t\t\t\t\t<\/a>\n\t\t\t\t\t\t\t\t\t\t\t\t\t\t\t<\/div>\n\t\t\t\t<\/div>\n\t\t\t\t<div class=\"elementor-element elementor-element-886c7aa elementor-widget elementor-widget-heading\" data-id=\"886c7aa\" data-element_type=\"widget\" data-e-type=\"widget\" data-widget_type=\"heading.default\">\n\t\t\t\t<div class=\"elementor-widget-container\">\n\t\t\t\t\t<h2 class=\"elementor-heading-title elementor-size-default\"><a href=\"https:\/\/al-lift.com\/en\/vacuum-lifters-for-6-to-30-tonnes\/\">Vacuum lifters for 6-30 tonnes<\/a><\/h2>\t\t\t\t<\/div>\n\t\t\t\t<\/div>\n\t\t\t\t<\/div>\n\t\t<div class=\"elementor-element elementor-element-96e8709 e-con-full e-flex e-con e-child\" data-id=\"96e8709\" data-element_type=\"container\" data-e-type=\"container\" data-settings=\"{&quot;jet_parallax_layout_list&quot;:[]}\">\n\t\t\t\t<div class=\"elementor-element elementor-element-0fece02 elementor-widget elementor-widget-image\" data-id=\"0fece02\" data-element_type=\"widget\" data-e-type=\"widget\" data-widget_type=\"image.default\">\n\t\t\t\t<div class=\"elementor-widget-container\">\n\t\t\t\t\t\t\t\t\t\t\t\t\t\t\t\t<a href=\"https:\/\/al-lift.com\/en\/clamping-tools-for-plant-construction\/\">\n\t\t\t\t\t\t\t<img alt=\"\" loading=\"lazy\" decoding=\"async\" width=\"300\" height=\"300\" src=\"https:\/\/al-lift.com\/wp-content\/uploads\/2024\/10\/Design-uden-navn-14.png\" class=\"attachment-large size-large wp-image-3631\" srcset=\"https:\/\/al-lift.com\/wp-content\/uploads\/2024\/10\/Design-uden-navn-14.png 300w, https:\/\/al-lift.com\/wp-content\/uploads\/2024\/10\/Design-uden-navn-14-150x150.png 150w\" sizes=\"(max-width: 300px) 100vw, 300px\" \/>\t\t\t\t\t\t\t\t<\/a>\n\t\t\t\t\t\t\t\t\t\t\t\t\t\t\t<\/div>\n\t\t\t\t<\/div>\n\t\t\t\t<div class=\"elementor-element elementor-element-413fe5b elementor-widget elementor-widget-heading\" data-id=\"413fe5b\" data-element_type=\"widget\" data-e-type=\"widget\" data-widget_type=\"heading.default\">\n\t\t\t\t<div class=\"elementor-widget-container\">\n\t\t\t\t\t<h2 class=\"elementor-heading-title elementor-size-default\"><a href=\"https:\/\/al-lift.com\/en\/clamping-tools-for-plant-construction\/\">Clamping tools for civil engineering<\/a><\/h2>\t\t\t\t<\/div>\n\t\t\t\t<\/div>\n\t\t\t\t<\/div>\n\t\t<div class=\"elementor-element elementor-element-1fd5be5 e-con-full e-flex e-con e-child\" data-id=\"1fd5be5\" data-element_type=\"container\" data-e-type=\"container\" data-settings=\"{&quot;jet_parallax_layout_list&quot;:[]}\">\n\t\t\t\t<div class=\"elementor-element elementor-element-90c37d4 elementor-widget elementor-widget-image\" data-id=\"90c37d4\" data-element_type=\"widget\" data-e-type=\"widget\" data-widget_type=\"image.default\">\n\t\t\t\t<div class=\"elementor-widget-container\">\n\t\t\t\t\t\t\t\t\t\t\t\t\t\t\t\t<a href=\"https:\/\/al-lift.com\/en\/tagvac\/\">\n\t\t\t\t\t\t\t<img alt=\"\" loading=\"lazy\" decoding=\"async\" width=\"800\" height=\"599\" src=\"https:\/\/al-lift.com\/wp-content\/uploads\/2024\/07\/DJI_0728-scaled-1-1024x767.jpg\" class=\"attachment-large size-large wp-image-2243\" srcset=\"https:\/\/al-lift.com\/wp-content\/uploads\/2024\/07\/DJI_0728-scaled-1-1024x767.jpg 1024w, https:\/\/al-lift.com\/wp-content\/uploads\/2024\/07\/DJI_0728-scaled-1-300x225.jpg 300w, https:\/\/al-lift.com\/wp-content\/uploads\/2024\/07\/DJI_0728-scaled-1-768x575.jpg 768w, https:\/\/al-lift.com\/wp-content\/uploads\/2024\/07\/DJI_0728-scaled-1-1536x1150.jpg 1536w, https:\/\/al-lift.com\/wp-content\/uploads\/2024\/07\/DJI_0728-scaled-1-2048x1534.jpg 2048w\" sizes=\"(max-width: 800px) 100vw, 800px\" \/>\t\t\t\t\t\t\t\t<\/a>\n\t\t\t\t\t\t\t\t\t\t\t\t\t\t\t<\/div>\n\t\t\t\t<\/div>\n\t\t\t\t<div class=\"elementor-element elementor-element-01a9991 elementor-widget elementor-widget-heading\" data-id=\"01a9991\" data-element_type=\"widget\" data-e-type=\"widget\" data-widget_type=\"heading.default\">\n\t\t\t\t<div class=\"elementor-widget-container\">\n\t\t\t\t\t<h2 class=\"elementor-heading-title elementor-size-default\"><a href=\"https:\/\/al-lift.com\/en\/tagvac\/\">Tagvac<\/a><\/h2>\t\t\t\t<\/div>\n\t\t\t\t<\/div>\n\t\t\t\t<\/div>\n\t\t\t\t<\/div>\n\t\t\t\t\t<\/div>\n\t\t\t\t<\/div>\n\t\t\t\t<\/div>","protected":false},"excerpt":{"rendered":"<p>L\u00f8fteudstyr til anl\u00e6gsbyggeri P\u00e5 denne side kan du se vores store udvalg af professionel l\u00f8fteudstyr til anl\u00e6gsbyggeri. Her kan du bl.a. finde flisel\u00f8ftere, diverse klemmev\u00e6rkt\u00f8j, vinduesl\u00f8ftere samt vakuuml\u00f8ftere for oph\u00e6ng i kraner, der kan klare tunge l\u00f8ft helt op til 30 tons. Ens for alt vores l\u00f8fteudstyr er, at det er designet til at sk\u00e5ne [&hellip;]<\/p>\n","protected":false},"author":1,"featured_media":0,"parent":0,"menu_order":0,"comment_status":"closed","ping_status":"closed","template":"elementor_header_footer","meta":{"_seopress_robots_primary_cat":"","_seopress_titles_title":"","_seopress_titles_desc":"","_seopress_robots_index":"","inline_featured_image":false,"footnotes":""},"class_list":["post-1657","page","type-page","status-publish","hentry"],"_links":{"self":[{"href":"https:\/\/al-lift.com\/en\/wp-json\/wp\/v2\/pages\/1657","targetHints":{"allow":["GET"]}}],"collection":[{"href":"https:\/\/al-lift.com\/en\/wp-json\/wp\/v2\/pages"}],"about":[{"href":"https:\/\/al-lift.com\/en\/wp-json\/wp\/v2\/types\/page"}],"author":[{"embeddable":true,"href":"https:\/\/al-lift.com\/en\/wp-json\/wp\/v2\/users\/1"}],"replies":[{"embeddable":true,"href":"https:\/\/al-lift.com\/en\/wp-json\/wp\/v2\/comments?post=1657"}],"version-history":[{"count":32,"href":"https:\/\/al-lift.com\/en\/wp-json\/wp\/v2\/pages\/1657\/revisions"}],"predecessor-version":[{"id":3634,"href":"https:\/\/al-lift.com\/en\/wp-json\/wp\/v2\/pages\/1657\/revisions\/3634"}],"wp:attachment":[{"href":"https:\/\/al-lift.com\/en\/wp-json\/wp\/v2\/media?parent=1657"}],"curies":[{"name":"wp","href":"https:\/\/api.w.org\/{rel}","templated":true}]}}