{"id":1620,"date":"2024-03-04T11:23:01","date_gmt":"2024-03-04T10:23:01","guid":{"rendered":"https:\/\/al-lift.com\/?page_id=1620"},"modified":"2024-10-09T14:55:46","modified_gmt":"2024-10-09T12:55:46","slug":"industrial-manipulator","status":"publish","type":"page","link":"https:\/\/al-lift.com\/en\/industrial-manipulator\/","title":{"rendered":"Industrial manipulator"},"content":{"rendered":"<div data-elementor-type=\"wp-page\" data-elementor-id=\"1620\" class=\"elementor elementor-1620\" data-elementor-post-type=\"page\">\n\t\t\t\t<div class=\"elementor-element elementor-element-2ad85630 e-flex e-con-boxed e-con e-parent\" data-id=\"2ad85630\" data-element_type=\"container\" data-e-type=\"container\" data-settings=\"{&quot;background_background&quot;:&quot;classic&quot;,&quot;jet_parallax_layout_list&quot;:[]}\">\n\t\t\t\t\t<div class=\"e-con-inner\">\n\t\t\t\t\t<\/div>\n\t\t\t\t<\/div>\n\t\t<div class=\"elementor-element elementor-element-786cca4 e-flex e-con-boxed e-con e-parent\" data-id=\"786cca4\" data-element_type=\"container\" data-e-type=\"container\" data-settings=\"{&quot;jet_parallax_layout_list&quot;:[]}\">\n\t\t\t\t\t<div class=\"e-con-inner\">\n\t\t<div class=\"elementor-element elementor-element-2a6c633 e-con-full e-flex e-con e-child\" data-id=\"2a6c633\" data-element_type=\"container\" data-e-type=\"container\" data-settings=\"{&quot;jet_parallax_layout_list&quot;:[]}\">\n\t\t\t\t<div class=\"elementor-element elementor-element-90ffbd8 elementor-invisible elementor-widget elementor-widget-text-editor\" data-id=\"90ffbd8\" data-element_type=\"widget\" data-e-type=\"widget\" data-settings=\"{&quot;_animation&quot;:&quot;fadeIn&quot;,&quot;_animation_delay&quot;:100}\" data-widget_type=\"text-editor.default\">\n\t\t\t\t<div class=\"elementor-widget-container\">\n\t\t\t\t\t\t\t\t\t<p>With an industrial manipulator, you can handle a variety of heavy lifting tasks. Our MULTILIFT is an intelligent electronic manipulator that has a unique knee arm that can rotate a full 375\u00b0 on the column.&nbsp;<\/p>\n<p>As standard, it has a lifting capacity of either 60 or 80 kg. If you are looking for a manipulator that can handle heavier items, you may want to take a closer look at our POWERLIFT, which has a lifting capacity of 125 or up to 320 kg. Like MULTILIFT, POWERLIFT has a knee arm that can rotate 375\u00b0.&nbsp;<\/p>\n<p>If you want to read more about the different products, you can visit the respective product pages. Take a closer look at our range of industrial manipulators on this page or explore our other selection of lifting equipment for industrial work.<\/p>\n<h3>What is an industrial manipulator<\/h3>\n<p>An industrial manipulator is a machine with a rigid steel arm that enables complex pneumatic tilts and rotations - even when the item being handled is outside the centre of the machine. The machine is controlled by a human operator, enabling precise handling of the manipulator where you can easily lift, lower and transport an object.&nbsp;<\/p>\n<p>Industrial manipulators are most often used when:&nbsp;<\/p>\n<ul>\n<li>An item is too heavy for one person to lift by themselves&nbsp;<\/li>\n<li>An item needs to be moved to a place that is not easy for a person to reach (e.g. a very high shelf)&nbsp;<\/li>\n<li>A person will expose themselves to the danger of injury if they move the item manually.&nbsp;<\/li>\n<\/ul>\n<div>&nbsp;<\/div>\n<p>Another advantage of an industrial manipulator is that it's good at handling parts with different shapes. This is a big advantage if you often deal with items that don't have a standard shape. Several of our other machines, such as our lifting beams, can't handle these tasks.<\/p>\t\t\t\t\t\t\t\t<\/div>\n\t\t\t\t<\/div>\n\t\t\t\t<\/div>\n\t\t<div class=\"elementor-element elementor-element-546631d e-con-full e-flex e-con e-child\" data-id=\"546631d\" data-element_type=\"container\" data-e-type=\"container\" data-settings=\"{&quot;jet_parallax_layout_list&quot;:[]}\">\n\t\t\t\t<div class=\"elementor-element elementor-element-1f0f67b elementor-widget elementor-widget-image\" data-id=\"1f0f67b\" data-element_type=\"widget\" data-e-type=\"widget\" data-widget_type=\"image.default\">\n\t\t\t\t<div class=\"elementor-widget-container\">\n\t\t\t\t\t\t\t\t\t\t\t\t\t\t\t<img alt=\"\" fetchpriority=\"high\" decoding=\"async\" width=\"729\" height=\"1024\" src=\"https:\/\/al-lift.com\/wp-content\/uploads\/2024\/07\/Side-13-4.-AL-MULTILIFT-729x1024.jpg\" class=\"attachment-large size-large wp-image-2360\" srcset=\"https:\/\/al-lift.com\/wp-content\/uploads\/2024\/07\/Side-13-4.-AL-MULTILIFT-729x1024.jpg 729w, https:\/\/al-lift.com\/wp-content\/uploads\/2024\/07\/Side-13-4.-AL-MULTILIFT-214x300.jpg 214w, https:\/\/al-lift.com\/wp-content\/uploads\/2024\/07\/Side-13-4.-AL-MULTILIFT-768x1079.jpg 768w, https:\/\/al-lift.com\/wp-content\/uploads\/2024\/07\/Side-13-4.-AL-MULTILIFT.jpg 1068w\" sizes=\"(max-width: 729px) 100vw, 729px\" \/>\t\t\t\t\t\t\t\t\t\t\t\t\t\t\t<\/div>\n\t\t\t\t<\/div>\n\t\t\t\t<div class=\"elementor-element elementor-element-f64c06b radial-in elementor-align-justify elementor-invisible elementor-widget elementor-widget-button\" data-id=\"f64c06b\" data-element_type=\"widget\" data-e-type=\"widget\" data-settings=\"{&quot;_animation&quot;:&quot;fadeIn&quot;,&quot;_animation_delay&quot;:200}\" data-widget_type=\"button.default\">\n\t\t\t\t<div class=\"elementor-widget-container\">\n\t\t\t\t\t\t\t\t\t<div class=\"elementor-button-wrapper\">\n\t\t\t\t\t<a class=\"elementor-button elementor-button-link elementor-size-sm\" href=\"https:\/\/al-lift.com\/en\/contact\/\">\n\t\t\t\t\t\t<span class=\"elementor-button-content-wrapper\">\n\t\t\t\t\t\t\t\t\t<span class=\"elementor-button-text\">Contact us now<\/span>\n\t\t\t\t\t<\/span>\n\t\t\t\t\t<\/a>\n\t\t\t\t<\/div>\n\t\t\t\t\t\t\t\t<\/div>\n\t\t\t\t<\/div>\n\t\t\t\t<\/div>\n\t\t\t\t\t<\/div>\n\t\t\t\t<\/div>\n\t\t<div class=\"elementor-element elementor-element-466da5f e-flex e-con-boxed e-con e-parent\" data-id=\"466da5f\" data-element_type=\"container\" data-e-type=\"container\" data-settings=\"{&quot;jet_parallax_layout_list&quot;:[]}\">\n\t\t\t\t\t<div class=\"e-con-inner\">\n\t\t<div class=\"elementor-element elementor-element-d58cb14 e-con-full e-flex e-con e-child\" data-id=\"d58cb14\" data-element_type=\"container\" data-e-type=\"container\" data-settings=\"{&quot;jet_parallax_layout_list&quot;:[]}\">\n\t\t\t\t<div class=\"elementor-element elementor-element-32918b4 elementor-widget elementor-widget-image\" data-id=\"32918b4\" data-element_type=\"widget\" data-e-type=\"widget\" data-widget_type=\"image.default\">\n\t\t\t\t<div class=\"elementor-widget-container\">\n\t\t\t\t\t\t\t\t\t\t\t\t\t\t\t<img alt=\"\" decoding=\"async\" width=\"800\" height=\"659\" src=\"https:\/\/al-lift.com\/wp-content\/uploads\/2024\/07\/Side-13-5.-AL-MULTILIFT-1024x844.jpg\" class=\"attachment-large size-large wp-image-2362\" srcset=\"https:\/\/al-lift.com\/wp-content\/uploads\/2024\/07\/Side-13-5.-AL-MULTILIFT-1024x844.jpg 1024w, https:\/\/al-lift.com\/wp-content\/uploads\/2024\/07\/Side-13-5.-AL-MULTILIFT-300x247.jpg 300w, https:\/\/al-lift.com\/wp-content\/uploads\/2024\/07\/Side-13-5.-AL-MULTILIFT-768x633.jpg 768w, https:\/\/al-lift.com\/wp-content\/uploads\/2024\/07\/Side-13-5.-AL-MULTILIFT.jpg 1500w\" sizes=\"(max-width: 800px) 100vw, 800px\" \/>\t\t\t\t\t\t\t\t\t\t\t\t\t\t\t<\/div>\n\t\t\t\t<\/div>\n\t\t\t\t<div class=\"elementor-element elementor-element-14e5c5e radial-in elementor-align-justify elementor-invisible elementor-widget elementor-widget-button\" data-id=\"14e5c5e\" data-element_type=\"widget\" data-e-type=\"widget\" data-settings=\"{&quot;_animation&quot;:&quot;fadeIn&quot;,&quot;_animation_delay&quot;:200}\" data-widget_type=\"button.default\">\n\t\t\t\t<div class=\"elementor-widget-container\">\n\t\t\t\t\t\t\t\t\t<div class=\"elementor-button-wrapper\">\n\t\t\t\t\t<a class=\"elementor-button elementor-button-link elementor-size-sm\" href=\"https:\/\/al-lift.com\/en\/contact\/\">\n\t\t\t\t\t\t<span class=\"elementor-button-content-wrapper\">\n\t\t\t\t\t\t\t\t\t<span class=\"elementor-button-text\">Get a non-binding offer<\/span>\n\t\t\t\t\t<\/span>\n\t\t\t\t\t<\/a>\n\t\t\t\t<\/div>\n\t\t\t\t\t\t\t\t<\/div>\n\t\t\t\t<\/div>\n\t\t\t\t<\/div>\n\t\t<div class=\"elementor-element elementor-element-dfcad9f e-con-full e-flex e-con e-child\" data-id=\"dfcad9f\" data-element_type=\"container\" data-e-type=\"container\" data-settings=\"{&quot;jet_parallax_layout_list&quot;:[]}\">\n\t\t\t\t<div class=\"elementor-element elementor-element-127707b elementor-widget elementor-widget-heading\" data-id=\"127707b\" data-element_type=\"widget\" data-e-type=\"widget\" data-widget_type=\"heading.default\">\n\t\t\t\t<div class=\"elementor-widget-container\">\n\t\t\t\t\t<h2 class=\"elementor-heading-title elementor-size-default\">Contact us for advice and guidance<\/h2>\t\t\t\t<\/div>\n\t\t\t\t<\/div>\n\t\t\t\t<div class=\"elementor-element elementor-element-bd5bc4e elementor-invisible elementor-widget elementor-widget-text-editor\" data-id=\"bd5bc4e\" data-element_type=\"widget\" data-e-type=\"widget\" data-settings=\"{&quot;_animation&quot;:&quot;fadeIn&quot;,&quot;_animation_delay&quot;:100}\" data-widget_type=\"text-editor.default\">\n\t\t\t\t<div class=\"elementor-widget-container\">\n\t\t\t\t\t\t\t\t\t<p>Do you have any questions about our industrial manipulators, or do you want to be guided in choosing the right product for your specific tasks? Feel free to contact us for professional advice and guidance.<\/p><p>\u00a0You can do this either via our contact form or by calling us by phone <a href=\"tel:97101074\">97 10 10 74<\/a>. You are also more than welcome to visit our showroom in Lemvig, where you can see our products.<\/p>\t\t\t\t\t\t\t\t<\/div>\n\t\t\t\t<\/div>\n\t\t\t\t<\/div>\n\t\t\t\t\t<\/div>\n\t\t\t\t<\/div>\n\t\t<div class=\"elementor-element elementor-element-62fc41a e-flex e-con-boxed e-con e-parent\" data-id=\"62fc41a\" data-element_type=\"container\" data-e-type=\"container\" data-settings=\"{&quot;jet_parallax_layout_list&quot;:[]}\">\n\t\t\t\t\t<div class=\"e-con-inner\">\n\t\t\t\t<div class=\"elementor-element elementor-element-8cc5c9c elementor-widget elementor-widget-jet-posts\" data-id=\"8cc5c9c\" data-element_type=\"widget\" data-e-type=\"widget\" data-settings=\"{&quot;columns_tablet&quot;:&quot;2&quot;,&quot;columns_mobile&quot;:&quot;1&quot;,&quot;columns&quot;:3,&quot;slides_to_scroll&quot;:&quot;1&quot;}\" data-widget_type=\"jet-posts.default\">\n\t\t\t\t<div class=\"elementor-widget-container\">\n\t\t\t\t\t<div class=\"elementor-jet-posts jet-elements\"><div class=\"jet-posts col-row\"><div class=\"jet-posts__item\">\n\t<div class=\"jet-posts__inner-box\"><div class=\"post-thumbnail\"><a href=\"https:\/\/al-lift.com\/en\/multi-lift\/\" class=\"post-thumbnail__link\"><img loading=\"lazy\" decoding=\"async\" class=\"post-thumbnail__img wp-post-image\" src=\"https:\/\/al-lift.com\/wp-content\/uploads\/2024\/07\/Side-12-0.-AL-MULTILIFT-300x300-2.jpg\" alt=\"Multilift\" width=\"300\" height=\"300\"><\/a><\/div><div class=\"jet-posts__inner-content\"><h4 class=\"entry-title\"><a href=\"https:\/\/al-lift.com\/en\/multi-lift\/\" target=\"\">Multilift<\/a><\/h4><div class=\"post-meta\"><\/div><\/div><\/div>\n<\/div>\n<\/div>\n<\/div>\t\t\t\t<\/div>\n\t\t\t\t<\/div>\n\t\t\t\t\t<\/div>\n\t\t\t\t<\/div>\n\t\t\t\t<\/div>","protected":false},"excerpt":{"rendered":"<p>Med en industrial manipulator kan du klare diverse tunge l\u00f8ft. Vores MULTILIFT er en intelligent elektronisk manipulator, som har en unik kn\u00e6arm, der kan rotere hele 375\u00b0 p\u00e5 s\u00f8jlen.&nbsp; Som standard har den en l\u00f8ftekapacitet p\u00e5 enten 60 eller 80 kg. S\u00f8ger du en manipulator, der kan h\u00e5ndtere tungere emner, kan du med fordel se [&hellip;]<\/p>\n","protected":false},"author":1,"featured_media":0,"parent":0,"menu_order":0,"comment_status":"closed","ping_status":"closed","template":"elementor_header_footer","meta":{"_seopress_robots_primary_cat":"","_seopress_titles_title":"","_seopress_titles_desc":"","_seopress_robots_index":"","inline_featured_image":false,"footnotes":""},"class_list":["post-1620","page","type-page","status-publish","hentry"],"_links":{"self":[{"href":"https:\/\/al-lift.com\/en\/wp-json\/wp\/v2\/pages\/1620","targetHints":{"allow":["GET"]}}],"collection":[{"href":"https:\/\/al-lift.com\/en\/wp-json\/wp\/v2\/pages"}],"about":[{"href":"https:\/\/al-lift.com\/en\/wp-json\/wp\/v2\/types\/page"}],"author":[{"embeddable":true,"href":"https:\/\/al-lift.com\/en\/wp-json\/wp\/v2\/users\/1"}],"replies":[{"embeddable":true,"href":"https:\/\/al-lift.com\/en\/wp-json\/wp\/v2\/comments?post=1620"}],"version-history":[{"count":29,"href":"https:\/\/al-lift.com\/en\/wp-json\/wp\/v2\/pages\/1620\/revisions"}],"predecessor-version":[{"id":3528,"href":"https:\/\/al-lift.com\/en\/wp-json\/wp\/v2\/pages\/1620\/revisions\/3528"}],"wp:attachment":[{"href":"https:\/\/al-lift.com\/en\/wp-json\/wp\/v2\/media?parent=1620"}],"curies":[{"name":"wp","href":"https:\/\/api.w.org\/{rel}","templated":true}]}}