{"id":1605,"date":"2024-03-04T11:13:21","date_gmt":"2024-03-04T10:13:21","guid":{"rendered":"https:\/\/al-lift.com\/?page_id=1605"},"modified":"2024-10-09T14:44:44","modified_gmt":"2024-10-09T12:44:44","slug":"vacuum-lifters-for-crane-suspension","status":"publish","type":"page","link":"https:\/\/al-lift.com\/en\/vakuumloftere-til-ophaeng-i-kraner\/","title":{"rendered":"Vacuum lifters for suspension in cranes"},"content":{"rendered":"<div data-elementor-type=\"wp-page\" data-elementor-id=\"1605\" class=\"elementor elementor-1605\" data-elementor-post-type=\"page\">\n\t\t\t\t<div class=\"elementor-element elementor-element-2ad85630 e-flex e-con-boxed e-con e-parent\" data-id=\"2ad85630\" data-element_type=\"container\" data-e-type=\"container\" data-settings=\"{&quot;background_background&quot;:&quot;classic&quot;,&quot;jet_parallax_layout_list&quot;:[]}\">\n\t\t\t\t\t<div class=\"e-con-inner\">\n\t\t\t\t\t<\/div>\n\t\t\t\t<\/div>\n\t\t<div class=\"elementor-element elementor-element-88d5f64 e-flex e-con-boxed e-con e-parent\" data-id=\"88d5f64\" data-element_type=\"container\" data-e-type=\"container\" data-settings=\"{&quot;jet_parallax_layout_list&quot;:[]}\">\n\t\t\t\t\t<div class=\"e-con-inner\">\n\t\t<div class=\"elementor-element elementor-element-b03a739 e-con-full e-flex e-con e-child\" data-id=\"b03a739\" data-element_type=\"container\" data-e-type=\"container\" data-settings=\"{&quot;jet_parallax_layout_list&quot;:[]}\">\n\t\t\t\t<div class=\"elementor-element elementor-element-18b3444 elementor-invisible elementor-widget elementor-widget-text-editor\" data-id=\"18b3444\" data-element_type=\"widget\" data-e-type=\"widget\" data-settings=\"{&quot;_animation&quot;:&quot;fadeIn&quot;,&quot;_animation_delay&quot;:100}\" data-widget_type=\"text-editor.default\">\n\t\t\t\t<div class=\"elementor-widget-container\">\n\t\t\t\t\t\t\t\t\t<p>On this page you'll find a large selection of vacuum lifters to be suspended from a crane or other construction machine. These vacuum lifters increase efficiency in the workplace while protecting employees during heavy lifting.\u00a0<\/p><p>With this type of vacuum lifter, it is possible to lift almost any surface, but the lifting capacity varies from machine to machine. That's why it's important to consider which tasks you and your employees are looking for machines for. The machines you'll find on this page can lift anything from 140 to 1000 kg, but it's also possible to find lifting equipment that can lift several tonnes.<\/p><h3>Vacuum lifters for lighter tasks<\/h3><p>At AL-Lift.dk, we have some smaller vacuum lifters that can be controlled manually in an ergonomic working position, but can also be attached to a construction machine. Our MANOLAY vacuum lifter is a newly developed vacuum lifter that is perfect for picking up and\/or laying porous tiles and kerbs. It connects to a 220v power supply and can lift up to 140kg. If you're looking for a machine that can handle more kg, take a closer look at our Blazer 2000, which can lift up to 200 kg. This is unique for quick and precise picking up\/lowering of pavement tiles, concrete kerbs and the like. Operated by one man and mounted<\/p>\t\t\t\t\t\t\t\t<\/div>\n\t\t\t\t<\/div>\n\t\t\t\t<\/div>\n\t\t<div class=\"elementor-element elementor-element-79e9a3a e-con-full e-flex e-con e-child\" data-id=\"79e9a3a\" data-element_type=\"container\" data-e-type=\"container\" data-settings=\"{&quot;jet_parallax_layout_list&quot;:[]}\">\n\t\t\t\t<div class=\"elementor-element elementor-element-27baaa8 elementor-widget elementor-widget-image\" data-id=\"27baaa8\" data-element_type=\"widget\" data-e-type=\"widget\" data-widget_type=\"image.default\">\n\t\t\t\t<div class=\"elementor-widget-container\">\n\t\t\t\t\t\t\t\t\t\t\t\t\t\t\t<img alt=\"\" fetchpriority=\"high\" decoding=\"async\" width=\"300\" height=\"300\" src=\"https:\/\/al-lift.com\/wp-content\/uploads\/2024\/07\/1.-AL-DYNAMIC-1000-MAIN-300x300-1.jpg\" class=\"attachment-large size-large wp-image-1863\" srcset=\"https:\/\/al-lift.com\/wp-content\/uploads\/2024\/07\/1.-AL-DYNAMIC-1000-MAIN-300x300-1.jpg 300w, https:\/\/al-lift.com\/wp-content\/uploads\/2024\/07\/1.-AL-DYNAMIC-1000-MAIN-300x300-1-150x150.jpg 150w\" sizes=\"(max-width: 300px) 100vw, 300px\" \/>\t\t\t\t\t\t\t\t\t\t\t\t\t\t\t<\/div>\n\t\t\t\t<\/div>\n\t\t\t\t<div class=\"elementor-element elementor-element-ec670d6 radial-in elementor-align-justify elementor-invisible elementor-widget elementor-widget-button\" data-id=\"ec670d6\" data-element_type=\"widget\" data-e-type=\"widget\" data-settings=\"{&quot;_animation&quot;:&quot;fadeIn&quot;,&quot;_animation_delay&quot;:200}\" data-widget_type=\"button.default\">\n\t\t\t\t<div class=\"elementor-widget-container\">\n\t\t\t\t\t\t\t\t\t<div class=\"elementor-button-wrapper\">\n\t\t\t\t\t<a class=\"elementor-button elementor-button-link elementor-size-sm\" href=\"https:\/\/al-lift.com\/en\/contact\/\">\n\t\t\t\t\t\t<span class=\"elementor-button-content-wrapper\">\n\t\t\t\t\t\t\t\t\t<span class=\"elementor-button-text\">Contact us now<\/span>\n\t\t\t\t\t<\/span>\n\t\t\t\t\t<\/a>\n\t\t\t\t<\/div>\n\t\t\t\t\t\t\t\t<\/div>\n\t\t\t\t<\/div>\n\t\t\t\t<\/div>\n\t\t\t\t\t<\/div>\n\t\t\t\t<\/div>\n\t\t<div class=\"elementor-element elementor-element-505ec36 e-flex e-con-boxed e-con e-parent\" data-id=\"505ec36\" data-element_type=\"container\" data-e-type=\"container\" data-settings=\"{&quot;jet_parallax_layout_list&quot;:[]}\">\n\t\t\t\t\t<div class=\"e-con-inner\">\n\t\t<div class=\"elementor-element elementor-element-3355d8c e-con-full e-flex e-con e-child\" data-id=\"3355d8c\" data-element_type=\"container\" data-e-type=\"container\" data-settings=\"{&quot;jet_parallax_layout_list&quot;:[]}\">\n\t\t\t\t<div class=\"elementor-element elementor-element-c571734 elementor-widget elementor-widget-image\" data-id=\"c571734\" data-element_type=\"widget\" data-e-type=\"widget\" data-widget_type=\"image.default\">\n\t\t\t\t<div class=\"elementor-widget-container\">\n\t\t\t\t\t\t\t\t\t\t\t\t\t\t\t<img alt=\"\" decoding=\"async\" width=\"300\" height=\"300\" src=\"https:\/\/al-lift.com\/wp-content\/uploads\/2024\/07\/1.AL-DYNAMIC-8000-MAIN-300x300-1-1.jpg\" class=\"attachment-large size-large wp-image-1855\" srcset=\"https:\/\/al-lift.com\/wp-content\/uploads\/2024\/07\/1.AL-DYNAMIC-8000-MAIN-300x300-1-1.jpg 300w, https:\/\/al-lift.com\/wp-content\/uploads\/2024\/07\/1.AL-DYNAMIC-8000-MAIN-300x300-1-1-150x150.jpg 150w\" sizes=\"(max-width: 300px) 100vw, 300px\" \/>\t\t\t\t\t\t\t\t\t\t\t\t\t\t\t<\/div>\n\t\t\t\t<\/div>\n\t\t\t\t<div class=\"elementor-element elementor-element-7b3319a radial-in elementor-align-justify elementor-invisible elementor-widget elementor-widget-button\" data-id=\"7b3319a\" data-element_type=\"widget\" data-e-type=\"widget\" data-settings=\"{&quot;_animation&quot;:&quot;fadeIn&quot;,&quot;_animation_delay&quot;:200}\" data-widget_type=\"button.default\">\n\t\t\t\t<div class=\"elementor-widget-container\">\n\t\t\t\t\t\t\t\t\t<div class=\"elementor-button-wrapper\">\n\t\t\t\t\t<a class=\"elementor-button elementor-button-link elementor-size-sm\" href=\"https:\/\/al-lift.com\/en\/contact\/\">\n\t\t\t\t\t\t<span class=\"elementor-button-content-wrapper\">\n\t\t\t\t\t\t\t\t\t<span class=\"elementor-button-text\">Contact us now<\/span>\n\t\t\t\t\t<\/span>\n\t\t\t\t\t<\/a>\n\t\t\t\t<\/div>\n\t\t\t\t\t\t\t\t<\/div>\n\t\t\t\t<\/div>\n\t\t\t\t<\/div>\n\t\t<div class=\"elementor-element elementor-element-a6a1fd1 e-con-full e-flex e-con e-child\" data-id=\"a6a1fd1\" data-element_type=\"container\" data-e-type=\"container\" data-settings=\"{&quot;jet_parallax_layout_list&quot;:[]}\">\n\t\t\t\t<div class=\"elementor-element elementor-element-a261b7d elementor-widget elementor-widget-heading\" data-id=\"a261b7d\" data-element_type=\"widget\" data-e-type=\"widget\" data-widget_type=\"heading.default\">\n\t\t\t\t<div class=\"elementor-widget-container\">\n\t\t\t\t\t<h2 class=\"elementor-heading-title elementor-size-default\">\nVacuum lifters for heavy construction work\n<\/h2>\t\t\t\t<\/div>\n\t\t\t\t<\/div>\n\t\t\t\t<div class=\"elementor-element elementor-element-58582ab elementor-invisible elementor-widget elementor-widget-text-editor\" data-id=\"58582ab\" data-element_type=\"widget\" data-e-type=\"widget\" data-settings=\"{&quot;_animation&quot;:&quot;fadeIn&quot;,&quot;_animation_delay&quot;:100}\" data-widget_type=\"text-editor.default\">\n\t\t\t\t<div class=\"elementor-widget-container\">\n\t\t\t\t\t\t\t\t\t<p>Among our vacuum lifters for heavy construction tasks, we have a selection of machines on this page that can lift items from 500 to 1000 kg. However, if you're looking for machines that can lift even more, we recommend you take a closer look at our large vacuum lifters. These can lift from 6 tonnes all the way up to 24 tonnes and are recommended for heavy-duty tasks in the construction industry, such as lifting heavy concrete blocks.&nbsp;<\/p>\n<h3>Other handling and lifting equipment&nbsp;<\/h3>\n<p>If you're looking for machines specifically for lifting porous materials, you may want to take a closer look at our large selection of these. Here we have a few more models than the ones you see on this page, and they all have their own advantages. You can also find clamping tools, which are essential for lifting thinner and smaller items such as tiles or kerbs.&nbsp;<\/p>\n<p>For handling glass, we have some vacuum lifters developed specifically for this purpose. Again, the lifting capacity varies from machine to machine, ranging from 400 to 800 kg. When choosing a vacuum lifter for windows, the need for rotation and flexibility is an important factor to consider. Here, our GLASS 600 is an extremely flexible machine as it can be rotated 360\u00b0.&nbsp;<\/p>\n<h3>At AL-Lift we are always ready with help and guidance&nbsp;<\/h3>\n<p>Sometimes it can be difficult to know which products are best suited for different types of tasks, which is why we are always available for further guidance. To find out more about the technical specifications of the machines, you can read more on the relevant product pages and in our product catalogues.<\/p>\t\t\t\t\t\t\t\t<\/div>\n\t\t\t\t<\/div>\n\t\t\t\t<\/div>\n\t\t\t\t\t<\/div>\n\t\t\t\t<\/div>\n\t\t<div class=\"elementor-element elementor-element-36d84d8 e-flex e-con-boxed e-con e-parent\" data-id=\"36d84d8\" data-element_type=\"container\" data-e-type=\"container\" data-settings=\"{&quot;jet_parallax_layout_list&quot;:[]}\">\n\t\t\t\t\t<div class=\"e-con-inner\">\n\t\t\t\t<div class=\"elementor-element elementor-element-b72dba1 elementor-widget elementor-widget-jet-posts\" data-id=\"b72dba1\" data-element_type=\"widget\" data-e-type=\"widget\" data-settings=\"{&quot;columns_tablet&quot;:&quot;2&quot;,&quot;columns_mobile&quot;:&quot;1&quot;,&quot;columns&quot;:3,&quot;slides_to_scroll&quot;:&quot;1&quot;}\" data-widget_type=\"jet-posts.default\">\n\t\t\t\t<div class=\"elementor-widget-container\">\n\t\t\t\t\t<div class=\"elementor-jet-posts jet-elements\"><div class=\"jet-posts col-row\"><div class=\"jet-posts__item\">\n\t<div class=\"jet-posts__inner-box\"><div class=\"post-thumbnail\"><a href=\"https:\/\/al-lift.com\/en\/typhoon-1000\/\" class=\"post-thumbnail__link\"><img loading=\"lazy\" decoding=\"async\" class=\"post-thumbnail__img wp-post-image\" src=\"https:\/\/al-lift.com\/wp-content\/uploads\/2024\/07\/1.-AL-TYPHOON-1000-MAIN-300x300-1.jpg\" alt=\"Typhoon 1000\" width=\"300\" height=\"300\"><\/a><\/div><div class=\"jet-posts__inner-content\"><h4 class=\"entry-title\"><a href=\"https:\/\/al-lift.com\/en\/typhoon-1000\/\" target=\"\">Typhoon 1000<\/a><\/h4><div class=\"post-meta\"><\/div><\/div><\/div>\n<\/div>\n<div class=\"jet-posts__item\">\n\t<div class=\"jet-posts__inner-box\"><div class=\"post-thumbnail\"><a href=\"https:\/\/al-lift.com\/en\/sputnik\/\" class=\"post-thumbnail__link\"><img loading=\"lazy\" decoding=\"async\" class=\"post-thumbnail__img wp-post-image\" src=\"https:\/\/al-lift.com\/wp-content\/uploads\/2024\/07\/IMG_2130-300x300-1.jpg\" alt=\"Sputnik\" width=\"300\" height=\"300\"><\/a><\/div><div class=\"jet-posts__inner-content\"><h4 class=\"entry-title\"><a href=\"https:\/\/al-lift.com\/en\/sputnik\/\" target=\"\">Sputnik<\/a><\/h4><div class=\"post-meta\"><\/div><\/div><\/div>\n<\/div>\n<div class=\"jet-posts__item\">\n\t<div class=\"jet-posts__inner-box\"><div class=\"post-thumbnail\"><a href=\"https:\/\/al-lift.com\/en\/manolay\/\" class=\"post-thumbnail__link\"><img loading=\"lazy\" decoding=\"async\" class=\"post-thumbnail__img wp-post-image\" src=\"https:\/\/al-lift.com\/wp-content\/uploads\/2024\/07\/AL-MANOLAY-4-300x300-1.jpg\" alt=\"Manolay\" width=\"300\" height=\"300\"><\/a><\/div><div class=\"jet-posts__inner-content\"><h4 class=\"entry-title\"><a href=\"https:\/\/al-lift.com\/en\/manolay\/\" target=\"\">Manolay<\/a><\/h4><div class=\"post-meta\"><\/div><\/div><\/div>\n<\/div>\n<div class=\"jet-posts__item\">\n\t<div class=\"jet-posts__inner-box\"><div class=\"post-thumbnail\"><a href=\"https:\/\/al-lift.com\/en\/dynamic-1000\/\" class=\"post-thumbnail__link\"><img loading=\"lazy\" decoding=\"async\" class=\"post-thumbnail__img wp-post-image\" src=\"https:\/\/al-lift.com\/wp-content\/uploads\/2024\/07\/1.-AL-DYNAMIC-1000-MAIN-300x300-1.jpg\" alt=\"Dynamic 1000\" width=\"300\" height=\"300\"><\/a><\/div><div class=\"jet-posts__inner-content\"><h4 class=\"entry-title\"><a href=\"https:\/\/al-lift.com\/en\/dynamic-1000\/\" target=\"\">Dynamic 1000<\/a><\/h4><div class=\"post-meta\"><\/div><\/div><\/div>\n<\/div>\n<div class=\"jet-posts__item\">\n\t<div class=\"jet-posts__inner-box\"><div class=\"post-thumbnail\"><a href=\"https:\/\/al-lift.com\/en\/butler-200\/\" class=\"post-thumbnail__link\"><img loading=\"lazy\" decoding=\"async\" class=\"post-thumbnail__img wp-post-image\" src=\"https:\/\/al-lift.com\/wp-content\/uploads\/2024\/07\/1.-AL-BUTLER-200-MAIN-300x300-1.jpg\" alt=\"Butler 200\" width=\"300\" height=\"300\"><\/a><\/div><div class=\"jet-posts__inner-content\"><h4 class=\"entry-title\"><a href=\"https:\/\/al-lift.com\/en\/butler-200\/\" target=\"\">Butler 200<\/a><\/h4><div class=\"post-meta\"><\/div><\/div><\/div>\n<\/div>\n<div class=\"jet-posts__item\">\n\t<div class=\"jet-posts__inner-box\"><div class=\"post-thumbnail\"><a href=\"https:\/\/al-lift.com\/en\/atomic-5000\/\" class=\"post-thumbnail__link\"><img loading=\"lazy\" decoding=\"async\" class=\"post-thumbnail__img wp-post-image\" src=\"https:\/\/al-lift.com\/wp-content\/uploads\/2024\/07\/1.-AL-ATOMIC-500-MAIN-300x300-1.jpg\" alt=\"Atomic 500\" width=\"300\" height=\"300\"><\/a><\/div><div class=\"jet-posts__inner-content\"><h4 class=\"entry-title\"><a href=\"https:\/\/al-lift.com\/en\/atomic-5000\/\" target=\"\">Atomic 500<\/a><\/h4><div class=\"post-meta\"><\/div><\/div><\/div>\n<\/div>\n<\/div>\n<\/div>\t\t\t\t<\/div>\n\t\t\t\t<\/div>\n\t\t\t\t\t<\/div>\n\t\t\t\t<\/div>\n\t\t\t\t<\/div>","protected":false},"excerpt":{"rendered":"<p>Her p\u00e5 siden finder du et stort udvalg af vakuuml\u00f8ftere, der skal h\u00e6nges op i en kran eller anden entrepren\u00f8rmaskine. Med disse vakuuml\u00f8ftere \u00f8ges effektiviteten p\u00e5 arbejdspladsen samtidig med, at den sk\u00e5ner medarbejderne i forbindelse med tunge l\u00f8ft.\u00a0 Med denne type vakuuml\u00f8fter er det n\u00e6sten muligt at l\u00f8fte alle overflader, men l\u00f8ftekapaciteten varierer dog fra [&hellip;]<\/p>\n","protected":false},"author":1,"featured_media":0,"parent":0,"menu_order":0,"comment_status":"closed","ping_status":"closed","template":"elementor_header_footer","meta":{"_seopress_robots_primary_cat":"","_seopress_titles_title":"","_seopress_titles_desc":"","_seopress_robots_index":"","inline_featured_image":false,"footnotes":""},"class_list":["post-1605","page","type-page","status-publish","hentry"],"_links":{"self":[{"href":"https:\/\/al-lift.com\/en\/wp-json\/wp\/v2\/pages\/1605","targetHints":{"allow":["GET"]}}],"collection":[{"href":"https:\/\/al-lift.com\/en\/wp-json\/wp\/v2\/pages"}],"about":[{"href":"https:\/\/al-lift.com\/en\/wp-json\/wp\/v2\/types\/page"}],"author":[{"embeddable":true,"href":"https:\/\/al-lift.com\/en\/wp-json\/wp\/v2\/users\/1"}],"replies":[{"embeddable":true,"href":"https:\/\/al-lift.com\/en\/wp-json\/wp\/v2\/comments?post=1605"}],"version-history":[{"count":35,"href":"https:\/\/al-lift.com\/en\/wp-json\/wp\/v2\/pages\/1605\/revisions"}],"predecessor-version":[{"id":3511,"href":"https:\/\/al-lift.com\/en\/wp-json\/wp\/v2\/pages\/1605\/revisions\/3511"}],"wp:attachment":[{"href":"https:\/\/al-lift.com\/en\/wp-json\/wp\/v2\/media?parent=1605"}],"curies":[{"name":"wp","href":"https:\/\/api.w.org\/{rel}","templated":true}]}}