{"id":1582,"date":"2024-03-04T10:48:03","date_gmt":"2024-03-04T09:48:03","guid":{"rendered":"https:\/\/al-lift.com\/?page_id=1582"},"modified":"2024-10-09T15:40:07","modified_gmt":"2024-10-09T13:40:07","slug":"slewing-jib-cranes-with-cam-arm","status":"publish","type":"page","link":"https:\/\/al-lift.com\/en\/svingkraner-med-knaekarm\/","title":{"rendered":"Jib cranes with articulated jib"},"content":{"rendered":"<div data-elementor-type=\"wp-page\" data-elementor-id=\"1582\" class=\"elementor elementor-1582\" data-elementor-post-type=\"page\">\n\t\t\t\t<div class=\"elementor-element elementor-element-2ad85630 e-flex e-con-boxed e-con e-parent\" data-id=\"2ad85630\" data-element_type=\"container\" data-e-type=\"container\" data-settings=\"{&quot;background_background&quot;:&quot;classic&quot;,&quot;jet_parallax_layout_list&quot;:[]}\">\n\t\t\t\t\t<div class=\"e-con-inner\">\n\t\t\t\t\t<\/div>\n\t\t\t\t<\/div>\n\t\t<div class=\"elementor-element elementor-element-a0ad7e1 e-flex e-con-boxed e-con e-parent\" data-id=\"a0ad7e1\" data-element_type=\"container\" data-e-type=\"container\" data-settings=\"{&quot;jet_parallax_layout_list&quot;:[]}\">\n\t\t\t\t\t<div class=\"e-con-inner\">\n\t\t<div class=\"elementor-element elementor-element-ad7ab8d e-con-full e-flex e-con e-child\" data-id=\"ad7ab8d\" data-element_type=\"container\" data-e-type=\"container\" data-settings=\"{&quot;jet_parallax_layout_list&quot;:[]}\">\n\t\t\t\t<div class=\"elementor-element elementor-element-5ca690a elementor-invisible elementor-widget elementor-widget-text-editor\" data-id=\"5ca690a\" data-element_type=\"widget\" data-e-type=\"widget\" data-settings=\"{&quot;_animation&quot;:&quot;fadeIn&quot;,&quot;_animation_delay&quot;:100}\" data-widget_type=\"text-editor.default\">\n\t\t\t\t<div class=\"elementor-widget-container\">\n\t\t\t\t\t\t\t\t\t<p>A jib crane is an indispensable piece of lifting equipment when working in confined spaces and with repetitive lifting. Even more indispensable is to invest in a jib jib crane, as the jib makes it possible to handle objects in confined areas. At AL-LIFT, we have a wide range of jib jib cranes that can be used in many different industries and companies where lifting and handling of objects is required.&nbsp;<\/p>\n<p>With an articulating jib crane, lifting conditions are reliable and safe, and with the jib's precise handling of objects, your and your employees' tasks are relieved and the risk of work-related injuries is reduced. Take a look at our range of jib jib cranes and see which one you need for your workplace. We sell our TELECRANE and GOLDDIGGER in several different models. We also have a selection of jib cranes without a jib if this is more suitable for your work tasks.<\/p>\t\t\t\t\t\t\t\t<\/div>\n\t\t\t\t<\/div>\n\t\t\t\t<\/div>\n\t\t<div class=\"elementor-element elementor-element-7044830 e-con-full e-flex e-con e-child\" data-id=\"7044830\" data-element_type=\"container\" data-e-type=\"container\" data-settings=\"{&quot;jet_parallax_layout_list&quot;:[]}\">\n\t\t\t\t<div class=\"elementor-element elementor-element-f2fd25b elementor-widget elementor-widget-image\" data-id=\"f2fd25b\" data-element_type=\"widget\" data-e-type=\"widget\" data-widget_type=\"image.default\">\n\t\t\t\t<div class=\"elementor-widget-container\">\n\t\t\t\t\t\t\t\t\t\t\t\t\t\t\t<img alt=\"\" fetchpriority=\"high\" decoding=\"async\" width=\"300\" height=\"300\" src=\"https:\/\/al-lift.com\/wp-content\/uploads\/2024\/07\/Side-2-0.-AL-TELECRANE-300x300-2.jpg\" class=\"attachment-large size-large wp-image-2313\" srcset=\"https:\/\/al-lift.com\/wp-content\/uploads\/2024\/07\/Side-2-0.-AL-TELECRANE-300x300-2.jpg 300w, https:\/\/al-lift.com\/wp-content\/uploads\/2024\/07\/Side-2-0.-AL-TELECRANE-300x300-2-150x150.jpg 150w\" sizes=\"(max-width: 300px) 100vw, 300px\" \/>\t\t\t\t\t\t\t\t\t\t\t\t\t\t\t<\/div>\n\t\t\t\t<\/div>\n\t\t\t\t<div class=\"elementor-element elementor-element-1b26af4 radial-in elementor-align-justify elementor-invisible elementor-widget elementor-widget-button\" data-id=\"1b26af4\" data-element_type=\"widget\" data-e-type=\"widget\" data-settings=\"{&quot;_animation&quot;:&quot;fadeIn&quot;,&quot;_animation_delay&quot;:200}\" data-widget_type=\"button.default\">\n\t\t\t\t<div class=\"elementor-widget-container\">\n\t\t\t\t\t\t\t\t\t<div class=\"elementor-button-wrapper\">\n\t\t\t\t\t<a class=\"elementor-button elementor-button-link elementor-size-sm\" href=\"https:\/\/al-lift.com\/en\/contact\/\">\n\t\t\t\t\t\t<span class=\"elementor-button-content-wrapper\">\n\t\t\t\t\t\t\t\t\t<span class=\"elementor-button-text\">Contact us now<\/span>\n\t\t\t\t\t<\/span>\n\t\t\t\t\t<\/a>\n\t\t\t\t<\/div>\n\t\t\t\t\t\t\t\t<\/div>\n\t\t\t\t<\/div>\n\t\t\t\t<\/div>\n\t\t\t\t\t<\/div>\n\t\t\t\t<\/div>\n\t\t<div class=\"elementor-element elementor-element-3164844 e-flex e-con-boxed e-con e-parent\" data-id=\"3164844\" data-element_type=\"container\" data-e-type=\"container\" data-settings=\"{&quot;jet_parallax_layout_list&quot;:[]}\">\n\t\t\t\t\t<div class=\"e-con-inner\">\n\t\t<div class=\"elementor-element elementor-element-4ee04c9 e-con-full e-flex e-con e-child\" data-id=\"4ee04c9\" data-element_type=\"container\" data-e-type=\"container\" data-settings=\"{&quot;jet_parallax_layout_list&quot;:[]}\">\n\t\t\t\t<div class=\"elementor-element elementor-element-07db7ef elementor-widget elementor-widget-image\" data-id=\"07db7ef\" data-element_type=\"widget\" data-e-type=\"widget\" data-widget_type=\"image.default\">\n\t\t\t\t<div class=\"elementor-widget-container\">\n\t\t\t\t\t\t\t\t\t\t\t\t\t\t\t<img alt=\"\" decoding=\"async\" width=\"300\" height=\"300\" src=\"https:\/\/al-lift.com\/wp-content\/uploads\/2024\/07\/AL-TELECRANE-UNO-EL-med-ELTALJE-sojle-knaekarm-enhandsbetjent-6-MAIN-300x300-2.jpg\" class=\"attachment-large size-large wp-image-2310\" srcset=\"https:\/\/al-lift.com\/wp-content\/uploads\/2024\/07\/AL-TELECRANE-UNO-EL-med-ELTALJE-sojle-knaekarm-enhandsbetjent-6-MAIN-300x300-2.jpg 300w, https:\/\/al-lift.com\/wp-content\/uploads\/2024\/07\/AL-TELECRANE-UNO-EL-med-ELTALJE-sojle-knaekarm-enhandsbetjent-6-MAIN-300x300-2-150x150.jpg 150w\" sizes=\"(max-width: 300px) 100vw, 300px\" \/>\t\t\t\t\t\t\t\t\t\t\t\t\t\t\t<\/div>\n\t\t\t\t<\/div>\n\t\t\t\t<div class=\"elementor-element elementor-element-fad70d5 radial-in elementor-align-justify elementor-invisible elementor-widget elementor-widget-button\" data-id=\"fad70d5\" data-element_type=\"widget\" data-e-type=\"widget\" data-settings=\"{&quot;_animation&quot;:&quot;fadeIn&quot;,&quot;_animation_delay&quot;:200}\" data-widget_type=\"button.default\">\n\t\t\t\t<div class=\"elementor-widget-container\">\n\t\t\t\t\t\t\t\t\t<div class=\"elementor-button-wrapper\">\n\t\t\t\t\t<a class=\"elementor-button elementor-button-link elementor-size-sm\" href=\"https:\/\/al-lift.com\/en\/contact\/\">\n\t\t\t\t\t\t<span class=\"elementor-button-content-wrapper\">\n\t\t\t\t\t\t\t\t\t<span class=\"elementor-button-text\">Contact us now<\/span>\n\t\t\t\t\t<\/span>\n\t\t\t\t\t<\/a>\n\t\t\t\t<\/div>\n\t\t\t\t\t\t\t\t<\/div>\n\t\t\t\t<\/div>\n\t\t\t\t<\/div>\n\t\t<div class=\"elementor-element elementor-element-d41c92b e-con-full e-flex e-con e-child\" data-id=\"d41c92b\" data-element_type=\"container\" data-e-type=\"container\" data-settings=\"{&quot;jet_parallax_layout_list&quot;:[]}\">\n\t\t\t\t<div class=\"elementor-element elementor-element-8088d3b elementor-widget elementor-widget-heading\" data-id=\"8088d3b\" data-element_type=\"widget\" data-e-type=\"widget\" data-widget_type=\"heading.default\">\n\t\t\t\t<div class=\"elementor-widget-container\">\n\t\t\t\t\t<h2 class=\"elementor-heading-title elementor-size-default\">Buy jib jib cranes for your industry at AL-Lift<\/h2>\t\t\t\t<\/div>\n\t\t\t\t<\/div>\n\t\t\t\t<div class=\"elementor-element elementor-element-1087ac8 elementor-invisible elementor-widget elementor-widget-text-editor\" data-id=\"1087ac8\" data-element_type=\"widget\" data-e-type=\"widget\" data-settings=\"{&quot;_animation&quot;:&quot;fadeIn&quot;,&quot;_animation_delay&quot;:100}\" data-widget_type=\"text-editor.default\">\n\t\t\t\t<div class=\"elementor-widget-container\">\n\t\t\t\t\t\t\t\t\t<p>Our jib jib jib cranes are available either with the vacuum supply in the jib crane through the post and jib or with a column-mounted jib with electric hoist. The jib jib jib cranes can also lift different quantities, with the highest lifting capacity in our selection being 500 kg. The jib cranes also have different options and can be mounted in different ways. For example, you can get jib jib jib cranes to be mounted on a column and jib cranes to be mounted on the ceiling or wall.\u00a0<\/p><p>If you're looking for other lifting equipment for your business, take a look at our wide range of lifting equipment for the industrial sector, including lifting equipment for forklifts and overhead travelling cranes.\u00a0<\/p><p>If you have any questions about jib jib cranes or questions about any of our other lifting and handling equipment, AL-LIFT is here to help you choose the right equipment. We have many years of experience in the industry. You can contact us on our phone number <a href=\"tel:97101074\">+45 97 10 10 74<\/a> or via email at <a href=\"mailto:info@al-lift.com\">info@al-lift.com<\/a>. We look forward to helping you on your way!<\/p>\t\t\t\t\t\t\t\t<\/div>\n\t\t\t\t<\/div>\n\t\t\t\t<\/div>\n\t\t\t\t\t<\/div>\n\t\t\t\t<\/div>\n\t\t<div class=\"elementor-element elementor-element-f41123b e-flex e-con-boxed e-con e-parent\" data-id=\"f41123b\" data-element_type=\"container\" data-e-type=\"container\" data-settings=\"{&quot;jet_parallax_layout_list&quot;:[]}\">\n\t\t\t\t\t<div class=\"e-con-inner\">\n\t\t\t\t<div class=\"elementor-element elementor-element-6701dce elementor-widget elementor-widget-jet-posts\" data-id=\"6701dce\" data-element_type=\"widget\" data-e-type=\"widget\" data-settings=\"{&quot;columns_tablet&quot;:&quot;2&quot;,&quot;columns_mobile&quot;:&quot;1&quot;,&quot;columns&quot;:3,&quot;slides_to_scroll&quot;:&quot;1&quot;}\" data-widget_type=\"jet-posts.default\">\n\t\t\t\t<div class=\"elementor-widget-container\">\n\t\t\t\t\t<div class=\"elementor-jet-posts jet-elements\"><div class=\"jet-posts col-row\"><div class=\"jet-posts__item\">\n\t<div class=\"jet-posts__inner-box\"><div class=\"post-thumbnail\"><a href=\"https:\/\/al-lift.com\/en\/telecrane-vacuum-weighing-cradle\/\" class=\"post-thumbnail__link\"><img loading=\"lazy\" decoding=\"async\" class=\"post-thumbnail__img wp-post-image\" src=\"https:\/\/al-lift.com\/wp-content\/uploads\/2024\/07\/AL-TELECRANE-med-VAKUUM-vaeg-knaekarm-enhandsbetjent-rustfrit-stal-300x300-1.jpg\" alt=\"Telecrane Vacuum Wall-mounted\" width=\"300\" height=\"300\"><\/a><\/div><div class=\"jet-posts__inner-content\"><h4 class=\"entry-title\"><a href=\"https:\/\/al-lift.com\/en\/telecrane-vacuum-weighing-cradle\/\" target=\"\">Telecrane Vacuum Wall-mounted<\/a><\/h4><div class=\"post-meta\"><\/div><\/div><\/div>\n<\/div>\n<div class=\"jet-posts__item\">\n\t<div class=\"jet-posts__inner-box\"><div class=\"post-thumbnail\"><a href=\"https:\/\/al-lift.com\/en\/telecrane-vacuum-silo-mounted\/\" class=\"post-thumbnail__link\"><img loading=\"lazy\" decoding=\"async\" class=\"post-thumbnail__img wp-post-image\" src=\"https:\/\/al-lift.com\/wp-content\/uploads\/2024\/07\/Side-2-0.-AL-TELECRANE-300x300-2.jpg\" alt=\"Telecrane Vacuum Column Mounted\" width=\"300\" height=\"300\"><\/a><\/div><div class=\"jet-posts__inner-content\"><h4 class=\"entry-title\"><a href=\"https:\/\/al-lift.com\/en\/telecrane-vacuum-silo-mounted\/\" target=\"\">Telecrane Vacuum Column Mounted<\/a><\/h4><div class=\"post-meta\"><\/div><\/div><\/div>\n<\/div>\n<div class=\"jet-posts__item\">\n\t<div class=\"jet-posts__inner-box\"><div class=\"post-thumbnail\"><a href=\"https:\/\/al-lift.com\/en\/telecrane-vacuum-ceiling-suspended\/\" class=\"post-thumbnail__link\"><img loading=\"lazy\" decoding=\"async\" class=\"post-thumbnail__img wp-post-image\" src=\"https:\/\/al-lift.com\/wp-content\/uploads\/2024\/07\/AL-TELECRANE-med-VAKUUM-lofts-knaekarm-tohandsbetjent-3-300x300-2.jpg\" alt=\"Telecrane Vacuum Ceiling Suspended\" width=\"300\" height=\"300\"><\/a><\/div><div class=\"jet-posts__inner-content\"><h4 class=\"entry-title\"><a href=\"https:\/\/al-lift.com\/en\/telecrane-vacuum-ceiling-suspended\/\" target=\"\">Telecrane Vacuum Ceiling Suspended<\/a><\/h4><div class=\"post-meta\"><\/div><\/div><\/div>\n<\/div>\n<div class=\"jet-posts__item\">\n\t<div class=\"jet-posts__inner-box\"><div class=\"post-thumbnail\"><a href=\"https:\/\/al-lift.com\/en\/telecrane-uno-el-sojlemonteret\/\" class=\"post-thumbnail__link\"><img loading=\"lazy\" decoding=\"async\" class=\"post-thumbnail__img wp-post-image\" src=\"https:\/\/al-lift.com\/wp-content\/uploads\/2024\/07\/AL-TELECRANE-UNO-EL-med-ELTALJE-sojle-knaekarm-enhandsbetjent-6-MAIN-300x300-2.jpg\" alt=\"Telecrane Uno El Column mounted\" width=\"300\" height=\"300\"><\/a><\/div><div class=\"jet-posts__inner-content\"><h4 class=\"entry-title\"><a href=\"https:\/\/al-lift.com\/en\/telecrane-uno-el-sojlemonteret\/\" target=\"\">Telecrane Uno El Column mounted<\/a><\/h4><div class=\"post-meta\"><\/div><\/div><\/div>\n<\/div>\n<div class=\"jet-posts__item\">\n\t<div class=\"jet-posts__inner-box\"><div class=\"post-thumbnail\"><a href=\"https:\/\/al-lift.com\/en\/telecrane-electric-socle-mounted\/\" class=\"post-thumbnail__link\"><img loading=\"lazy\" decoding=\"async\" class=\"post-thumbnail__img wp-post-image\" src=\"https:\/\/al-lift.com\/wp-content\/uploads\/2024\/07\/AL-TELECRANE-UNO-EL-med-ELTALJE-sojle-knaekarm-enhaandsbetjent-300x300-2.jpg\" alt=\"Telecrane Electric Column Mounted\" width=\"300\" height=\"300\"><\/a><\/div><div class=\"jet-posts__inner-content\"><h4 class=\"entry-title\"><a href=\"https:\/\/al-lift.com\/en\/telecrane-electric-socle-mounted\/\" target=\"\">Telecrane Electric Column Mounted<\/a><\/h4><div class=\"post-meta\"><\/div><\/div><\/div>\n<\/div>\n<div class=\"jet-posts__item\">\n\t<div class=\"jet-posts__inner-box\"><div class=\"post-thumbnail\"><a href=\"https:\/\/al-lift.com\/en\/telecrane-stainless-steel\/\" class=\"post-thumbnail__link\"><img loading=\"lazy\" decoding=\"async\" class=\"post-thumbnail__img wp-post-image\" src=\"https:\/\/al-lift.com\/wp-content\/uploads\/2024\/07\/Side-34-0.-AL-TELECRANE-rustfrit-stal-300x300-1.jpg\" alt=\"Telecrane stainless steel\" width=\"300\" height=\"300\"><\/a><\/div><div class=\"jet-posts__inner-content\"><h4 class=\"entry-title\"><a href=\"https:\/\/al-lift.com\/en\/telecrane-stainless-steel\/\" target=\"\">Telecrane stainless steel<\/a><\/h4><div class=\"post-meta\"><\/div><\/div><\/div>\n<\/div>\n<\/div>\n<\/div>\t\t\t\t<\/div>\n\t\t\t\t<\/div>\n\t\t\t\t\t<\/div>\n\t\t\t\t<\/div>\n\t\t\t\t<\/div>","protected":false},"excerpt":{"rendered":"<p>En svingkran er et uundv\u00e6rligt l\u00f8fteudstyr, n\u00e5r der skal arbejdes inden for et afgr\u00e6nset omr\u00e5de og med gentagende l\u00f8ft. Endnu mere uundv\u00e6rligt er det at investere i en svingkran med kn\u00e6karm, da kn\u00e6karmen g\u00f8r det muligt at h\u00e5ndtere genstande p\u00e5 de sn\u00e6vre omr\u00e5der. Vi hos AL-LIFT har et bredt udvalg af svingkraner med kn\u00e6karm, som [&hellip;]<\/p>\n","protected":false},"author":1,"featured_media":0,"parent":0,"menu_order":0,"comment_status":"closed","ping_status":"closed","template":"elementor_header_footer","meta":{"_seopress_robots_primary_cat":"","_seopress_titles_title":"","_seopress_titles_desc":"","_seopress_robots_index":"","inline_featured_image":false,"footnotes":""},"class_list":["post-1582","page","type-page","status-publish","hentry"],"_links":{"self":[{"href":"https:\/\/al-lift.com\/en\/wp-json\/wp\/v2\/pages\/1582","targetHints":{"allow":["GET"]}}],"collection":[{"href":"https:\/\/al-lift.com\/en\/wp-json\/wp\/v2\/pages"}],"about":[{"href":"https:\/\/al-lift.com\/en\/wp-json\/wp\/v2\/types\/page"}],"author":[{"embeddable":true,"href":"https:\/\/al-lift.com\/en\/wp-json\/wp\/v2\/users\/1"}],"replies":[{"embeddable":true,"href":"https:\/\/al-lift.com\/en\/wp-json\/wp\/v2\/comments?post=1582"}],"version-history":[{"count":29,"href":"https:\/\/al-lift.com\/en\/wp-json\/wp\/v2\/pages\/1582\/revisions"}],"predecessor-version":[{"id":3543,"href":"https:\/\/al-lift.com\/en\/wp-json\/wp\/v2\/pages\/1582\/revisions\/3543"}],"wp:attachment":[{"href":"https:\/\/al-lift.com\/en\/wp-json\/wp\/v2\/media?parent=1582"}],"curies":[{"name":"wp","href":"https:\/\/api.w.org\/{rel}","templated":true}]}}