{"id":1577,"date":"2024-03-04T10:46:36","date_gmt":"2024-03-04T09:46:36","guid":{"rendered":"https:\/\/al-lift.com\/?page_id=1577"},"modified":"2024-10-09T14:46:59","modified_gmt":"2024-10-09T12:46:59","slug":"vacuum-lifters-for-6-to-30-tonnes","status":"publish","type":"page","link":"https:\/\/al-lift.com\/en\/vakuumloftere-til-6-30-tons\/","title":{"rendered":"Vacuum lifters for 6-30 tonnes"},"content":{"rendered":"<div data-elementor-type=\"wp-page\" data-elementor-id=\"1577\" class=\"elementor elementor-1577\" data-elementor-post-type=\"page\">\n\t\t\t\t<div class=\"elementor-element elementor-element-2ad85630 e-flex e-con-boxed e-con e-parent\" data-id=\"2ad85630\" data-element_type=\"container\" data-e-type=\"container\" data-settings=\"{&quot;background_background&quot;:&quot;classic&quot;,&quot;jet_parallax_layout_list&quot;:[]}\">\n\t\t\t\t\t<div class=\"e-con-inner\">\n\t\t\t\t<div class=\"elementor-element elementor-element-699f589a elementor-widget elementor-widget-heading\" data-id=\"699f589a\" data-element_type=\"widget\" data-e-type=\"widget\" data-widget_type=\"heading.default\">\n\t\t\t\t<div class=\"elementor-widget-container\">\n\t\t\t\t\t<h1 class=\"elementor-heading-title elementor-size-default\">Vacuum lifters for 6-30 tonnes<\/h1>\t\t\t\t<\/div>\n\t\t\t\t<\/div>\n\t\t\t\t\t<\/div>\n\t\t\t\t<\/div>\n\t\t<div class=\"elementor-element elementor-element-b210b6d e-flex e-con-boxed e-con e-parent\" data-id=\"b210b6d\" data-element_type=\"container\" data-e-type=\"container\" data-settings=\"{&quot;jet_parallax_layout_list&quot;:[]}\">\n\t\t\t\t\t<div class=\"e-con-inner\">\n\t\t<div class=\"elementor-element elementor-element-5923a30 e-con-full e-flex e-con e-child\" data-id=\"5923a30\" data-element_type=\"container\" data-e-type=\"container\" data-settings=\"{&quot;jet_parallax_layout_list&quot;:[]}\">\n\t\t\t\t<div class=\"elementor-element elementor-element-bbd890a elementor-invisible elementor-widget elementor-widget-text-editor\" data-id=\"bbd890a\" data-element_type=\"widget\" data-e-type=\"widget\" data-settings=\"{&quot;_animation&quot;:&quot;fadeIn&quot;,&quot;_animation_delay&quot;:100}\" data-widget_type=\"text-editor.default\">\n\t\t\t\t<div class=\"elementor-widget-container\">\n\t\t\t\t\t\t\t\t\t<p>When it comes to heavy lifting for construction work, you need machines that have a particularly high lifting capacity. You'll find this in our vacuum lifters on this page, where we have three different models that can lift from 6 to 30 tonnes.&nbsp;<\/p>\n<p>Our MEGAVAC 6T VACUUM LIFTING BEAM, with its 10 metre long main boom and 14 loose suction cups, is ideal for handling long steel plates weighing up to 6 tonnes. Our DYNAMIC 8000, on the other hand, is for those looking for a vacuum lifter for handling tiles, concrete curbs and balcony floors weighing up to 8 tonnes. Finally, our MEGAVAC 24 is ideal for heavy lifting on construction sites, including lifting large concrete blocks weighing up to 30 tonnes.<\/p>\t\t\t\t\t\t\t\t<\/div>\n\t\t\t\t<\/div>\n\t\t\t\t<\/div>\n\t\t<div class=\"elementor-element elementor-element-fd10d23 e-con-full e-flex e-con e-child\" data-id=\"fd10d23\" data-element_type=\"container\" data-e-type=\"container\" data-settings=\"{&quot;jet_parallax_layout_list&quot;:[]}\">\n\t\t\t\t<div class=\"elementor-element elementor-element-30b3aae elementor-widget elementor-widget-image\" data-id=\"30b3aae\" data-element_type=\"widget\" data-e-type=\"widget\" data-widget_type=\"image.default\">\n\t\t\t\t<div class=\"elementor-widget-container\">\n\t\t\t\t\t\t\t\t\t\t\t\t\t\t\t<img alt=\"\" fetchpriority=\"high\" decoding=\"async\" width=\"300\" height=\"300\" src=\"https:\/\/al-lift.com\/wp-content\/uploads\/2024\/07\/1.AL-DYNAMIC-8000-MAIN-300x300-2.jpg\" class=\"attachment-large size-large wp-image-1909\" srcset=\"https:\/\/al-lift.com\/wp-content\/uploads\/2024\/07\/1.AL-DYNAMIC-8000-MAIN-300x300-2.jpg 300w, https:\/\/al-lift.com\/wp-content\/uploads\/2024\/07\/1.AL-DYNAMIC-8000-MAIN-300x300-2-150x150.jpg 150w\" sizes=\"(max-width: 300px) 100vw, 300px\" \/>\t\t\t\t\t\t\t\t\t\t\t\t\t\t\t<\/div>\n\t\t\t\t<\/div>\n\t\t\t\t<div class=\"elementor-element elementor-element-1290fa6 radial-in elementor-align-justify elementor-invisible elementor-widget elementor-widget-button\" data-id=\"1290fa6\" data-element_type=\"widget\" data-e-type=\"widget\" data-settings=\"{&quot;_animation&quot;:&quot;fadeIn&quot;,&quot;_animation_delay&quot;:200}\" data-widget_type=\"button.default\">\n\t\t\t\t<div class=\"elementor-widget-container\">\n\t\t\t\t\t\t\t\t\t<div class=\"elementor-button-wrapper\">\n\t\t\t\t\t<a class=\"elementor-button elementor-button-link elementor-size-sm\" href=\"https:\/\/al-lift.com\/en\/contact\/\">\n\t\t\t\t\t\t<span class=\"elementor-button-content-wrapper\">\n\t\t\t\t\t\t\t\t\t<span class=\"elementor-button-text\">Contact us now<\/span>\n\t\t\t\t\t<\/span>\n\t\t\t\t\t<\/a>\n\t\t\t\t<\/div>\n\t\t\t\t\t\t\t\t<\/div>\n\t\t\t\t<\/div>\n\t\t\t\t<\/div>\n\t\t\t\t\t<\/div>\n\t\t\t\t<\/div>\n\t\t<div class=\"elementor-element elementor-element-c54b398 e-flex e-con-boxed e-con e-parent\" data-id=\"c54b398\" data-element_type=\"container\" data-e-type=\"container\" data-settings=\"{&quot;jet_parallax_layout_list&quot;:[]}\">\n\t\t\t\t\t<div class=\"e-con-inner\">\n\t\t<div class=\"elementor-element elementor-element-f6f0a4e e-con-full e-flex e-con e-child\" data-id=\"f6f0a4e\" data-element_type=\"container\" data-e-type=\"container\" data-settings=\"{&quot;jet_parallax_layout_list&quot;:[]}\">\n\t\t\t\t<div class=\"elementor-element elementor-element-314a260 elementor-widget elementor-widget-image\" data-id=\"314a260\" data-element_type=\"widget\" data-e-type=\"widget\" data-widget_type=\"image.default\">\n\t\t\t\t<div class=\"elementor-widget-container\">\n\t\t\t\t\t\t\t\t\t\t\t\t\t\t\t<img alt=\"\" decoding=\"async\" width=\"800\" height=\"600\" src=\"https:\/\/al-lift.com\/wp-content\/uploads\/2024\/07\/4.-AL-MEGAVAC-24000-1024x768.jpg\" class=\"attachment-large size-large wp-image-2216\" srcset=\"https:\/\/al-lift.com\/wp-content\/uploads\/2024\/07\/4.-AL-MEGAVAC-24000-1024x768.jpg 1024w, https:\/\/al-lift.com\/wp-content\/uploads\/2024\/07\/4.-AL-MEGAVAC-24000-300x225.jpg 300w, https:\/\/al-lift.com\/wp-content\/uploads\/2024\/07\/4.-AL-MEGAVAC-24000-768x576.jpg 768w, https:\/\/al-lift.com\/wp-content\/uploads\/2024\/07\/4.-AL-MEGAVAC-24000.jpg 1500w\" sizes=\"(max-width: 800px) 100vw, 800px\" \/>\t\t\t\t\t\t\t\t\t\t\t\t\t\t\t<\/div>\n\t\t\t\t<\/div>\n\t\t\t\t<div class=\"elementor-element elementor-element-fb9c5b0 radial-in elementor-align-justify elementor-invisible elementor-widget elementor-widget-button\" data-id=\"fb9c5b0\" data-element_type=\"widget\" data-e-type=\"widget\" data-settings=\"{&quot;_animation&quot;:&quot;fadeIn&quot;,&quot;_animation_delay&quot;:200}\" data-widget_type=\"button.default\">\n\t\t\t\t<div class=\"elementor-widget-container\">\n\t\t\t\t\t\t\t\t\t<div class=\"elementor-button-wrapper\">\n\t\t\t\t\t<a class=\"elementor-button elementor-button-link elementor-size-sm\" href=\"https:\/\/al-lift.com\/en\/contact\/\">\n\t\t\t\t\t\t<span class=\"elementor-button-content-wrapper\">\n\t\t\t\t\t\t\t\t\t<span class=\"elementor-button-text\">Contact us now<\/span>\n\t\t\t\t\t<\/span>\n\t\t\t\t\t<\/a>\n\t\t\t\t<\/div>\n\t\t\t\t\t\t\t\t<\/div>\n\t\t\t\t<\/div>\n\t\t\t\t<\/div>\n\t\t<div class=\"elementor-element elementor-element-317b638 e-con-full e-flex e-con e-child\" data-id=\"317b638\" data-element_type=\"container\" data-e-type=\"container\" data-settings=\"{&quot;jet_parallax_layout_list&quot;:[]}\">\n\t\t\t\t<div class=\"elementor-element elementor-element-24c7a3a elementor-widget elementor-widget-heading\" data-id=\"24c7a3a\" data-element_type=\"widget\" data-e-type=\"widget\" data-widget_type=\"heading.default\">\n\t\t\t\t<div class=\"elementor-widget-container\">\n\t\t\t\t\t<h2 class=\"elementor-heading-title elementor-size-default\">Efficient and gentle tiling\n<\/h2>\t\t\t\t<\/div>\n\t\t\t\t<\/div>\n\t\t\t\t<div class=\"elementor-element elementor-element-1ac7c41 elementor-invisible elementor-widget elementor-widget-text-editor\" data-id=\"1ac7c41\" data-element_type=\"widget\" data-e-type=\"widget\" data-settings=\"{&quot;_animation&quot;:&quot;fadeIn&quot;,&quot;_animation_delay&quot;:100}\" data-widget_type=\"text-editor.default\">\n\t\t\t\t<div class=\"elementor-widget-container\">\n\t\t\t\t\t\t\t\t\t<p>With our vacuum lifters on this page, you can handle the really heavy lifting tasks on the construction site. The machines optimise your work as you don't have to worry about whether they can handle very heavy equipment to the same extent as with the smaller vacuum lifters. In addition, the machines can be handled by a single person.\u00a0<\/p><p>However, if you often deal with smaller items, it's not always advantageous to have a very large vacuum lifter. Instead, you should take a closer look at our vacuum lifters for crane suspension. These machines can lift from 140 to 1000 kg and are especially ideal for tiling.\u00a0<\/p><p>If you have any questions about our vacuum lifters or any of our other machines, you are of course welcome to contact us for professional advice. You can do this either via our contact form or by calling us on 97 10 10 74. You are also more than welcome to visit our showroom in Lemvig where you can see our products.<\/p>\t\t\t\t\t\t\t\t<\/div>\n\t\t\t\t<\/div>\n\t\t\t\t<\/div>\n\t\t\t\t\t<\/div>\n\t\t\t\t<\/div>\n\t\t<div class=\"elementor-element elementor-element-fe4cc93 e-flex e-con-boxed e-con e-parent\" data-id=\"fe4cc93\" data-element_type=\"container\" data-e-type=\"container\" data-settings=\"{&quot;jet_parallax_layout_list&quot;:[]}\">\n\t\t\t\t\t<div class=\"e-con-inner\">\n\t\t\t\t<div class=\"elementor-element elementor-element-9de5a11 elementor-widget elementor-widget-jet-posts\" data-id=\"9de5a11\" data-element_type=\"widget\" data-e-type=\"widget\" data-settings=\"{&quot;columns_tablet&quot;:&quot;2&quot;,&quot;columns_mobile&quot;:&quot;1&quot;,&quot;columns&quot;:3,&quot;slides_to_scroll&quot;:&quot;1&quot;}\" data-widget_type=\"jet-posts.default\">\n\t\t\t\t<div class=\"elementor-widget-container\">\n\t\t\t\t\t<div class=\"elementor-jet-posts jet-elements\"><div class=\"jet-posts col-row\"><div class=\"jet-posts__item\">\n\t<div class=\"jet-posts__inner-box\"><div class=\"post-thumbnail\"><a href=\"https:\/\/al-lift.com\/en\/megavac-24-tonnes\/\" class=\"post-thumbnail__link\"><img loading=\"lazy\" decoding=\"async\" class=\"post-thumbnail__img wp-post-image\" src=\"https:\/\/al-lift.com\/wp-content\/uploads\/2024\/07\/1.-AL-MEGAVAC-24000-300x300-2.jpg\" alt=\"Megavac 24 tonnes\" width=\"300\" height=\"300\"><\/a><\/div><div class=\"jet-posts__inner-content\"><h4 class=\"entry-title\"><a href=\"https:\/\/al-lift.com\/en\/megavac-24-tonnes\/\" target=\"\">Megavac 24 tonnes<\/a><\/h4><div class=\"post-meta\"><\/div><\/div><\/div>\n<\/div>\n<div class=\"jet-posts__item\">\n\t<div class=\"jet-posts__inner-box\"><div class=\"post-thumbnail\"><a href=\"https:\/\/al-lift.com\/en\/megavac-6t-vacuum-lifting-roof\/\" class=\"post-thumbnail__link\"><img loading=\"lazy\" decoding=\"async\" class=\"post-thumbnail__img wp-post-image\" src=\"https:\/\/al-lift.com\/wp-content\/uploads\/2024\/07\/Megavac-6T-hovedfoto-300x300-1.jpg\" alt=\"Megavac 6t vacuum lifting beam\" width=\"300\" height=\"300\"><\/a><\/div><div class=\"jet-posts__inner-content\"><h4 class=\"entry-title\"><a href=\"https:\/\/al-lift.com\/en\/megavac-6t-vacuum-lifting-roof\/\" target=\"\">Megavac 6t vacuum lifting beam<\/a><\/h4><div class=\"post-meta\"><\/div><\/div><\/div>\n<\/div>\n<div class=\"jet-posts__item\">\n\t<div class=\"jet-posts__inner-box\"><div class=\"post-thumbnail\"><a href=\"https:\/\/al-lift.com\/en\/dynamic-8000\/\" class=\"post-thumbnail__link\"><img loading=\"lazy\" decoding=\"async\" class=\"post-thumbnail__img wp-post-image\" src=\"https:\/\/al-lift.com\/wp-content\/uploads\/2024\/07\/1.AL-DYNAMIC-8000-MAIN-300x300-2.jpg\" alt=\"Dynamic 8000\" width=\"300\" height=\"300\"><\/a><\/div><div class=\"jet-posts__inner-content\"><h4 class=\"entry-title\"><a href=\"https:\/\/al-lift.com\/en\/dynamic-8000\/\" target=\"\">Dynamic 8000<\/a><\/h4><div class=\"post-meta\"><\/div><\/div><\/div>\n<\/div>\n<\/div>\n<\/div>\t\t\t\t<\/div>\n\t\t\t\t<\/div>\n\t\t\t\t\t<\/div>\n\t\t\t\t<\/div>\n\t\t\t\t<\/div>","protected":false},"excerpt":{"rendered":"<p>Ved de helt tunge l\u00f8fteopgaver til anl\u00e6gsbyggeri kr\u00e6ves der maskiner, som har en s\u00e6rlig h\u00f8j l\u00f8ftekapacitet. Dette finder du i vores vakuuml\u00f8fterne her p\u00e5 siden, hvor vi har tre forskellige modeller, der kan l\u00f8fte fra 6 og helt op til 30 tons.&nbsp; Vores MEGAVAC 6T VAKUUML\u00d8FTE\u00c5G er, med dens 10 meter lange hovedbum og 14 [&hellip;]<\/p>\n","protected":false},"author":1,"featured_media":0,"parent":0,"menu_order":0,"comment_status":"closed","ping_status":"closed","template":"elementor_header_footer","meta":{"_seopress_robots_primary_cat":"","_seopress_titles_title":"","_seopress_titles_desc":"","_seopress_robots_index":"","inline_featured_image":false,"footnotes":""},"class_list":["post-1577","page","type-page","status-publish","hentry"],"_links":{"self":[{"href":"https:\/\/al-lift.com\/en\/wp-json\/wp\/v2\/pages\/1577","targetHints":{"allow":["GET"]}}],"collection":[{"href":"https:\/\/al-lift.com\/en\/wp-json\/wp\/v2\/pages"}],"about":[{"href":"https:\/\/al-lift.com\/en\/wp-json\/wp\/v2\/types\/page"}],"author":[{"embeddable":true,"href":"https:\/\/al-lift.com\/en\/wp-json\/wp\/v2\/users\/1"}],"replies":[{"embeddable":true,"href":"https:\/\/al-lift.com\/en\/wp-json\/wp\/v2\/comments?post=1577"}],"version-history":[{"count":35,"href":"https:\/\/al-lift.com\/en\/wp-json\/wp\/v2\/pages\/1577\/revisions"}],"predecessor-version":[{"id":3514,"href":"https:\/\/al-lift.com\/en\/wp-json\/wp\/v2\/pages\/1577\/revisions\/3514"}],"wp:attachment":[{"href":"https:\/\/al-lift.com\/en\/wp-json\/wp\/v2\/media?parent=1577"}],"curies":[{"name":"wp","href":"https:\/\/api.w.org\/{rel}","templated":true}]}}