{"id":3,"date":"2023-10-18T13:24:41","date_gmt":"2023-10-18T11:24:41","guid":{"rendered":"https:\/\/al-lift.com\/?page_id=3"},"modified":"2024-10-02T12:36:54","modified_gmt":"2024-10-02T10:36:54","slug":"datenschutzbestimmungen","status":"publish","type":"page","link":"https:\/\/al-lift.com\/de\/privatlivspolitik\/","title":{"rendered":"Datenschutzbestimmungen"},"content":{"rendered":"<div data-elementor-type=\"wp-page\" data-elementor-id=\"3\" class=\"elementor elementor-3\" data-elementor-post-type=\"page\">\n\t\t\t\t<div class=\"elementor-element elementor-element-41db24d e-flex e-con-boxed e-con e-parent\" data-id=\"41db24d\" data-element_type=\"container\" data-e-type=\"container\" data-settings=\"{&quot;jet_parallax_layout_list&quot;:[]}\">\n\t\t\t\t\t<div class=\"e-con-inner\">\n\t\t\t\t<div class=\"elementor-element elementor-element-022295d elementor-widget elementor-widget-heading\" data-id=\"022295d\" data-element_type=\"widget\" data-e-type=\"widget\" data-widget_type=\"heading.default\">\n\t\t\t\t<div class=\"elementor-widget-container\">\n\t\t\t\t\t<h1 class=\"elementor-heading-title elementor-size-default\">Datenschutzbestimmungen<\/h1>\t\t\t\t<\/div>\n\t\t\t\t<\/div>\n\t\t\t\t<div class=\"elementor-element elementor-element-6a344d2 elementor-widget elementor-widget-text-editor\" data-id=\"6a344d2\" data-element_type=\"widget\" data-e-type=\"widget\" data-widget_type=\"text-editor.default\">\n\t\t\t\t<div class=\"elementor-widget-container\">\n\t\t\t\t\t\t\t\t\t<h4>1. Datenkontrolleur<\/h4>\n<p><!-- \/wp:heading --><!-- wp:paragraph --><\/p>\n<p>Wir sind der Verantwortliche f\u00fcr die Verarbeitung der personenbezogenen Daten unserer Kunden und Gesch\u00e4ftspartner. Unsere Kontaktdaten finden Sie unten.<\/p>\n<p><!-- \/wp:paragraph --><!-- wp:paragraph --><\/p>\n<p class=\"MuiTypography-root MuiTypography-h1 mui-ri4zoi\">Rira Lemvig A\/S<\/p>\n<p><span class=\"MuiTypography-root MuiTypography-body2 companyId-address mui-bttkri\">Transportvej 23, 7620 Lemvig, D\u00e4nemark<\/span><\/p>\n<p>CVR: 43203738<\/p>\n<p><!-- \/wp:paragraph --><!-- wp:paragraph --><\/p>\n<p>Wenn Sie Fragen zur Verarbeitung Ihrer pers\u00f6nlichen Daten haben, k\u00f6nnen Sie uns \u00fcber info@al-lift.com kontaktieren.<\/p>\n<p><!-- wp:heading {\"level\":4} --><\/p>\n<h4>2. Behandlungst\u00e4tigkeiten<\/h4>\n<p><!-- \/wp:heading --><!-- wp:heading {\"level\":5} --><\/p>\n<h5>2.1 Besuch der Website<\/h5>\n<p><!-- \/wp:heading --><!-- wp:paragraph --><\/p>\n<p>Wenn Sie unsere Website besuchen, verwenden wir Cookies, damit die Website funktioniert. Weitere Informationen finden Sie in unserer Cookie-Richtlinie.<\/p>\n<p><!-- \/wp:paragraph --><!-- wp:heading {\"level\":5} --><\/p>\n<h5>2.2 Kommunikation mit potenziellen Kunden<\/h5>\n<p><!-- \/wp:heading --><!-- wp:paragraph --><\/p>\n<p>Wenn Sie Fragen zu unserer Website haben oder mehr \u00fcber unsere Dienstleistungen erfahren m\u00f6chten, k\u00f6nnen Sie uns kontaktieren unter<\/p>\n<p><!-- \/wp:paragraph --><!-- wp:list --><\/p>\n<ul>\n<li>Kontakt-Formular<\/li>\n<li>E-Mail<\/li>\n<li>Rufnummer<\/li>\n<\/ul>\n<p><!-- \/wp:list --><!-- wp:paragraph --><\/p>\n<p>So verarbeiten wir Ihre personenbezogenen Daten, um mit Ihnen in einen Dialog treten zu k\u00f6nnen, zum Beispiel um Fragen zu unseren Dienstleistungen zu beantworten. Wir verarbeiten nur die Informationen, die Sie uns im Zusammenhang mit unserer Kommunikation zur Verf\u00fcgung stellen.<\/p>\n<p><!-- \/wp:paragraph --><!-- wp:paragraph --><\/p>\n<p>In der Regel werden wir folgende allgemeine Daten verarbeiten: Name, E-Mail, Telefonnummer, Adresse.<\/p>\n<p><!-- \/wp:paragraph --><!-- wp:paragraph --><\/p>\n<p>Unsere Rechtsgrundlage f\u00fcr die Verarbeitung dieser personenbezogenen Daten ist Artikel 6 Absatz 1 Buchstabe f der Allgemeinen Datenschutzverordnung.<\/p>\n<p><!-- \/wp:paragraph --><!-- wp:paragraph --><\/p>\n<p>Wir werden unsere Kommunikation mit Ihnen l\u00f6schen, wenn klar ist, ob Sie unsere Dienste in Anspruch nehmen wollen oder nicht.<\/p>\n<p><!-- \/wp:paragraph --><!-- wp:paragraph --><\/p>\n<p>Sollte es im Einzelfall erforderlich sein, Ihre personenbezogenen Daten f\u00fcr einen l\u00e4ngeren Zeitraum zu speichern, kann dies der Fall sein.<\/p>\n<p><!-- \/wp:paragraph --><!-- wp:heading {\"level\":4} --><\/p>\n<h4>\u202f<\/h4>\n<p><!-- \/wp:heading --><!-- wp:heading {\"level\":5} --><\/p>\n<h5>2.3 Kunden<\/h5>\n<p><!-- \/wp:heading --><!-- wp:paragraph --><\/p>\n<p>Wir m\u00fcssen mit unseren Kunden kommunizieren, um sicherzustellen, dass die Dienstleistung korrekt erbracht wird. Dabei k\u00f6nnen wir Informationen \u00fcber Name, Adresse, Dienstleistungen, besondere Vereinbarungen, Zahlungsinformationen und \u00c4hnliches verarbeiten.<\/p>\n<p><!-- \/wp:paragraph --><!-- wp:paragraph --><\/p>\n<p>Die Rechtsgrundlage f\u00fcr die Verarbeitung dieser personenbezogenen Daten ist Artikel 6 Absatz 1 Buchstabe b der Datenschutz-Grundverordnung.<\/p>\n<p><!-- \/wp:paragraph --><!-- wp:paragraph --><\/p>\n<p>Sobald die Dienstleistung erbracht wurde und alle offenen Fragen gekl\u00e4rt sind, werden wir die personenbezogenen Daten unverz\u00fcglich l\u00f6schen.<\/p>\n<p><!-- \/wp:paragraph --><!-- wp:heading {\"level\":5} --><\/p>\n<h5>2.4. newsletter<\/h5>\n<p><!-- \/wp:heading --><!-- wp:paragraph --><\/p>\n<p>Wir haben einen Newsletter, f\u00fcr den Sie sich freiwillig anmelden k\u00f6nnen - und den Sie jederzeit wieder abbestellen k\u00f6nnen.<\/p>\n<p><!-- \/wp:paragraph --><!-- wp:paragraph --><\/p>\n<p>Der Zweck des Newsletters ist es, den Abonnenten E-Mails mit neuen Informationen aus dem Unternehmen zu senden, die neue Inhalte auf der Website, Werbung f\u00fcr unsere Dienstleistungen enthalten k\u00f6nnen.<\/p>\n<p><!-- \/wp:paragraph --><!-- wp:paragraph --><\/p>\n<p>Wir senden Ihnen nur dann E-Mails zu, wenn Sie Ihre aktive Zustimmung dazu gegeben haben. Dazu m\u00fcssen Sie zun\u00e4chst Ihre E-Mail-Adresse angeben, an die wir dann eine E-Mail senden, in der Sie Ihr Abonnement best\u00e4tigen k\u00f6nnen. Auf diese Weise stellen wir sicher, dass Sie sich tats\u00e4chlich selbst f\u00fcr den Newsletter angemeldet, also eine aktive Einwilligung erteilt haben.<\/p>\n<p><!-- \/wp:paragraph --><!-- wp:paragraph --><\/p>\n<p>Unsere Rechtsgrundlage f\u00fcr die Verarbeitung Ihrer personenbezogenen Daten (d.h. der E-Mail-Adresse) im Zusammenhang mit dem Newsletter ist Artikel 6 Absatz 1 Buchstabe a der Allgemeinen Datenschutzverordnung.<\/p>\n<p><!-- \/wp:paragraph --><!-- wp:paragraph --><\/p>\n<p>Wir verarbeiten Ihre personenbezogenen Daten so lange, wie Sie den Newsletter abonniert haben. Wenn Sie den Newsletter abbestellen, werden wir ihn auch nicht mehr an Sie versenden. Wenn wir Ihnen 1 Jahr lang keinen Newsletter geschickt haben, erlischt Ihre Einwilligung aufgrund unserer Unt\u00e4tigkeit.<\/p>\n<p><!-- \/wp:paragraph --><!-- wp:paragraph --><\/p>\n<p>Wenn Sie den Newsletter abbestellen, speichern wir Ihre fr\u00fchere Einwilligung aufgrund von Verj\u00e4hrungsvorschriften f\u00fcr 2 Jahre nach der letzten Nutzung, vgl. Spam-Leitfaden des Verbraucher-Ombudsmanns, Abschnitt 11.3.<\/p>\n<p><!-- \/wp:paragraph --><!-- wp:heading {\"level\":5} --><\/p>\n<h5>2.5 Buchf\u00fchrung<\/h5>\n<p><!-- \/wp:heading --><!-- wp:paragraph --><\/p>\n<p>Wir m\u00fcssen alle Buchhaltungsunterlagen gem\u00e4\u00df dem Buchf\u00fchrungsgesetz aufbewahren. Das bedeutet, dass wir Rechnungen und \u00e4hnliche Dokumente f\u00fcr Buchhaltungszwecke aufbewahren. Dazu k\u00f6nnen allgemeine personenbezogene Daten wie Name, Adresse, Leistungsbeschreibung geh\u00f6ren.<\/p>\n<p><!-- \/wp:paragraph --><!-- wp:paragraph --><\/p>\n<p>Unsere Rechtsgrundlage f\u00fcr die Verarbeitung personenbezogener Daten zu Buchf\u00fchrungszwecken ist Artikel 6 Absatz 1 der Allgemeinen Datenschutzverordnung.<\/p>\n<p><!-- \/wp:paragraph --><!-- wp:paragraph --><\/p>\n<p>Wir bewahren diese Informationen mindestens 5 Jahre lang nach Ende des laufenden Haushaltsjahres auf.<\/p>\n<p><!-- \/wp:paragraph --><!-- wp:heading {\"level\":5} --><\/p>\n<h5>2.6 Bewerbungen<\/h5>\n<p><!-- \/wp:heading --><!-- wp:paragraph --><\/p>\n<p>Wir nehmen gerne Bewerbungen entgegen, um zu pr\u00fcfen, ob sie einem Stellenbedarf in unserem Unternehmen entsprechen.<\/p>\n<p><!-- \/wp:paragraph --><!-- wp:paragraph --><\/p>\n<p>Wenn Sie uns Ihre Bewerbung schicken, ist unsere Rechtsgrundlage f\u00fcr die Verarbeitung Ihrer personenbezogenen Daten Artikel 6 Absatz 1 Buchstabe f der Allgemeinen Datenschutzverordnung.<\/p>\n<p><!-- \/wp:paragraph --><!-- wp:paragraph --><\/p>\n<p>Wenn Sie eine Initiativbewerbung geschickt haben, werden wir sofort pr\u00fcfen, ob Ihre Bewerbung relevant ist, und Ihre Daten dann wieder l\u00f6schen, wenn es keine \u00dcbereinstimmung gibt.<\/p>\n<p><!-- \/wp:paragraph --><!-- wp:paragraph --><\/p>\n<p>Wenn Sie sich auf eine ausgeschriebene Stelle beworben haben, werden wir Ihre Bewerbung vernichten, falls Sie nicht eingestellt werden, und zwar unmittelbar nachdem der richtige Bewerber f\u00fcr die Stelle gefunden wurde.<\/p>\n<p><!-- \/wp:paragraph --><!-- wp:paragraph --><\/p>\n<p>Wenn Sie Teil eines Rekrutierungsprozesses sind und\/oder f\u00fcr die Stelle eingestellt werden, werden wir Sie gesondert dar\u00fcber informieren, wie wir Ihre personenbezogenen Daten in diesem Zusammenhang verarbeiten.<\/p>\n<p><!-- \/wp:paragraph --><!-- wp:heading {\"level\":4} --><\/p>\n<h4>3. Datenverarbeiter<\/h4>\n<p><!-- \/wp:heading --><!-- wp:paragraph --><\/p>\n<p>Nur wenige Menschen k\u00f6nnen alles selbst machen, und das gilt auch f\u00fcr uns. Wir haben daher Partner und nutzen Lieferanten, von denen einige Datenverarbeiter sein k\u00f6nnen.<\/p>\n<p><!-- \/wp:paragraph --><!-- wp:paragraph --><\/p>\n<p>Externe Anbieter k\u00f6nnen zum Beispiel Systeme zur Organisation unserer Arbeit, Dienstleistungen, Beratung, IT-Hosting oder Marketing bereitstellen.<\/p>\n<p><!-- \/wp:paragraph --><!-- wp:paragraph --><\/p>\n<p>Es liegt in unserer Verantwortung, dass Ihre pers\u00f6nlichen Daten ordnungsgem\u00e4\u00df verarbeitet werden. Deshalb stellen wir hohe Anforderungen an unsere Gesch\u00e4ftspartner, und unsere Partner m\u00fcssen den Schutz Ihrer personenbezogenen Daten gew\u00e4hrleisten.<\/p>\n<p><!-- \/wp:paragraph --><!-- wp:paragraph --><\/p>\n<p>Daher schlie\u00dfen wir Vereinbarungen mit Unternehmen (Datenverarbeitern), die in unserem Auftrag personenbezogene Daten verarbeiten, um die Sicherheit Ihrer personenbezogenen Daten zu erh\u00f6hen.<\/p>\n<p><!-- \/wp:paragraph --><!-- wp:heading {\"level\":4} --><\/p>\n<h4>4. Weitergabe von personenbezogenen Daten<\/h4>\n<p><!-- \/wp:heading --><!-- wp:paragraph --><\/p>\n<p>Wir geben Ihre pers\u00f6nlichen Daten nicht an Dritte weiter.<\/p>\n<p><!-- \/wp:paragraph --><!-- wp:heading {\"level\":4} --><\/p>\n<h4>5) Profiling und automatisierte Entscheidungen<\/h4>\n<p><!-- \/wp:heading --><!-- wp:paragraph --><\/p>\n<p>Wir f\u00fchren kein Profiling oder automatisierte Entscheidungen durch.<\/p>\n<p><!-- \/wp:paragraph --><!-- wp:heading {\"level\":4} --><\/p>\n<h4>6.\u00dcberweisungen aus Drittl\u00e4ndern<\/h4>\n<p><!-- \/wp:heading --><!-- wp:paragraph --><\/p>\n<p>Wir setzen in der Regel Datenverarbeiter ein, die in der EU\/im EWR ans\u00e4ssig sind oder die Daten in der EU\/im EWR speichern.<\/p>\n<p><!-- \/wp:paragraph --><!-- wp:paragraph --><\/p>\n<p>In einigen F\u00e4llen ist dies nicht m\u00f6glich. In diesem Fall k\u00f6nnen Datenverarbeiter au\u00dferhalb der EU\/des EWR eingesetzt werden, wenn sie einen angemessenen Schutz Ihrer personenbezogenen Daten gew\u00e4hrleisten k\u00f6nnen.<\/p>\n<p><!-- \/wp:paragraph --><!-- wp:heading {\"level\":4} --><\/p>\n<h4>7.Verarbeitungssicherheit<\/h4>\n<p><!-- \/wp:heading --><!-- wp:paragraph --><\/p>\n<p>Wir sichern die Verarbeitung personenbezogener Daten durch geeignete technische und organisatorische Ma\u00dfnahmen.<\/p>\n<p><!-- \/wp:paragraph --><!-- wp:paragraph --><\/p>\n<p>Wir haben Risikobewertungen unserer Verarbeitung personenbezogener Daten durchgef\u00fchrt und daraufhin geeignete technische und organisatorische Ma\u00dfnahmen zur Erh\u00f6hung der Verarbeitungssicherheit getroffen.<\/p>\n<p><!-- \/wp:paragraph --><!-- wp:paragraph --><\/p>\n<p>Eine unserer wichtigsten Ma\u00dfnahmen ist es, unsere Mitarbeiter durch kontinuierliche Schulungen \u00fcber die GDPR auf dem Laufenden zu halten.<a href=\"https:\/\/gdpr.dk\/persondataforordningen\/gdpr-awareness-til-ansatte\/\" target=\"_blank\" rel=\"noreferrer noopener\">Bewusstseinsschulung<\/a>,\u202f<a href=\"https:\/\/gdpr.dk\/gdpr-kursus\/\" target=\"_blank\" rel=\"noreferrer noopener\">GDPR-Kurse<\/a>, und indem wir unsere GDPR-Verfahren mit den Mitarbeitern besprechen.<\/p>\n<p><!-- \/wp:paragraph --><!-- wp:heading {\"level\":4} --><\/p>\n<h4>8. Rechte der betroffenen Personen<\/h4>\n<p><!-- \/wp:heading --><!-- wp:paragraph --><\/p>\n<p>Gem\u00e4\u00df der Allgemeinen Datenschutzverordnung haben Sie eine Reihe von Rechten in Bezug auf die Verarbeitung Ihrer Daten durch uns.<\/p>\n<p><!-- \/wp:paragraph --><!-- wp:paragraph --><\/p>\n<p>Wenn Sie Ihre Rechte wahrnehmen m\u00f6chten, wenden Sie sich bitte an uns, damit wir Ihnen dabei helfen k\u00f6nnen.<\/p>\n<p><!-- \/wp:paragraph --><!-- wp:heading {\"level\":4} --><\/p>\n<h4>8.1 Recht auf Einsichtnahme in Informationen (Auskunftsrecht)<\/h4>\n<p><!-- \/wp:heading --><!-- wp:paragraph --><\/p>\n<p>Sie haben das Recht, Zugang zu den Daten, die wir \u00fcber Sie verarbeiten, sowie zu einer Reihe von zus\u00e4tzlichen Informationen zu erhalten.<\/p>\n<p><!-- \/wp:paragraph --><!-- wp:heading {\"level\":4} --><\/p>\n<h4>8.2 Recht auf Berichtigung (Korrektur)<\/h4>\n<p><!-- \/wp:heading --><!-- wp:paragraph --><\/p>\n<p>Sie haben das Recht, unrichtige Angaben zu Ihrer Person berichtigen zu lassen.<\/p>\n<p><!-- \/wp:paragraph --><!-- wp:heading {\"level\":4} --><\/p>\n<h4>8.3 Recht auf L\u00f6schung<\/h4>\n<p><!-- \/wp:heading --><!-- wp:paragraph --><\/p>\n<p>In besonderen F\u00e4llen haben Sie das Recht, die Sie betreffenden Daten vor dem Zeitpunkt der allgemeinen L\u00f6schung l\u00f6schen zu lassen.<\/p>\n<p><!-- \/wp:paragraph --><!-- wp:heading {\"level\":4} --><\/p>\n<h4>8.4 Recht auf Einschr\u00e4nkung der Verarbeitung<\/h4>\n<p><!-- \/wp:heading --><!-- wp:paragraph --><\/p>\n<p>In bestimmten F\u00e4llen haben Sie das Recht, die Verarbeitung Ihrer personenbezogenen Daten einschr\u00e4nken zu lassen. Wenn Sie das Recht auf Einschr\u00e4nkung der Verarbeitung haben, d\u00fcrfen wir die Daten - mit Ausnahme der Speicherung - k\u00fcnftig nur noch mit Ihrer Einwilligung oder zur Geltendmachung, Aus\u00fcbung oder Verteidigung von Rechtsanspr\u00fcchen oder zum Schutz einer Person oder wichtiger \u00f6ffentlicher Interessen verarbeiten.<\/p>\n<p><!-- \/wp:paragraph --><!-- wp:heading {\"level\":4} --><\/p>\n<h4>8.5 Recht auf Widerspruch<\/h4>\n<p><!-- \/wp:heading --><!-- wp:paragraph --><\/p>\n<p>In bestimmten F\u00e4llen haben Sie das Recht, der ansonsten rechtm\u00e4\u00dfigen Verarbeitung Ihrer personenbezogenen Daten durch uns zu widersprechen. Sie k\u00f6nnen auch der Verarbeitung Ihrer Daten f\u00fcr Direktmarketingzwecke widersprechen.<\/p>\n<p><!-- \/wp:paragraph --><!-- wp:heading {\"level\":4} --><\/p>\n<h4>8.6 Recht auf Daten\u00fcbermittlung (Datenportabilit\u00e4t)<\/h4>\n<p><!-- \/wp:heading --><!-- wp:paragraph --><\/p>\n<p>In bestimmten F\u00e4llen haben Sie das Recht, Ihre personenbezogenen Daten in einem strukturierten, allgemein gebr\u00e4uchlichen und maschinenlesbaren Format zu erhalten und diese personenbezogenen Daten ungehindert von einem f\u00fcr die Verarbeitung Verantwortlichen an einen anderen \u00fcbertragen zu bekommen.<\/p>\n<p><!-- \/wp:paragraph --><!-- wp:paragraph --><\/p>\n<p>Weitere Informationen \u00fcber Ihre Rechte finden Sie im Leitfaden der d\u00e4nischen Datenschutzbeh\u00f6rde zu den Rechten der betroffenen Personen, den Sie unter folgender Adresse abrufen k\u00f6nnen<a href=\"http:\/\/www.datatilsynet.dk\/\" target=\"_blank\" rel=\"noreferrer noopener\">www.datatilsynet.dk<\/a>.<\/p>\n<p><!-- \/wp:paragraph --><!-- wp:heading {\"level\":5} --><\/p>\n<h5>8.7 R\u00fccknahme der Zustimmung<\/h5>\n<p><!-- \/wp:heading --><!-- wp:paragraph --><\/p>\n<p>Wenn unsere Verarbeitung Ihrer personenbezogenen Daten auf Ihrer Einwilligung beruht, haben Sie das Recht, Ihre Einwilligung zu widerrufen.<\/p>\n<p><!-- \/wp:paragraph --><!-- wp:heading {\"level\":4} --><\/p>\n<h4>9.Beschwerden bei der d\u00e4nischen Datenschutzbeh\u00f6rde<\/h4>\n<p><!-- \/wp:heading --><!-- wp:paragraph --><\/p>\n<p>Sie haben das Recht, eine Beschwerde bei der d\u00e4nischen Datenschutzbeh\u00f6rde einzureichen, wenn Sie mit der Art und Weise, wie wir Ihre personenbezogenen Daten verarbeiten, unzufrieden sind. Die Kontaktdaten der d\u00e4nischen Datenschutzbeh\u00f6rde finden Sie unter<a href=\"http:\/\/www.datatilsynet.dk\/\" target=\"_blank\" rel=\"noreferrer noopener\">www.datatilsynet.dk<\/a><\/p>\t\t\t\t\t\t\t\t<\/div>\n\t\t\t\t<\/div>\n\t\t\t\t\t<\/div>\n\t\t\t\t<\/div>\n\t\t\t\t<\/div>","protected":false},"excerpt":{"rendered":"<p>1. Dataansvarlig Vi er dataansvarlig for behandlingen af de personoplysninger, som vi behandler om vores kunder og samarbejdspartnere. Du finder vores kontaktoplysninger nedenfor. Rira Lemvig A\/S Transportvej 23, 7620 Lemvig CVR: 43203738 Hvis du har sp\u00f8rgsm\u00e5l til behandlingen af dine personoplysninger, s\u00e5 kan du kontakte os via info@al-lift.com 2. Behandlingsaktiviteter\u202f 2.1. Bes\u00f8g p\u00e5 hjemmeside N\u00e5r [&hellip;]<\/p>\n","protected":false},"author":1,"featured_media":0,"parent":0,"menu_order":0,"comment_status":"closed","ping_status":"closed","template":"","meta":{"_seopress_robots_primary_cat":"","_seopress_titles_title":"","_seopress_titles_desc":"","_seopress_robots_index":"","inline_featured_image":false,"footnotes":""},"class_list":["post-3","page","type-page","status-publish","hentry"],"_links":{"self":[{"href":"https:\/\/al-lift.com\/de\/wp-json\/wp\/v2\/pages\/3","targetHints":{"allow":["GET"]}}],"collection":[{"href":"https:\/\/al-lift.com\/de\/wp-json\/wp\/v2\/pages"}],"about":[{"href":"https:\/\/al-lift.com\/de\/wp-json\/wp\/v2\/types\/page"}],"author":[{"embeddable":true,"href":"https:\/\/al-lift.com\/de\/wp-json\/wp\/v2\/users\/1"}],"replies":[{"embeddable":true,"href":"https:\/\/al-lift.com\/de\/wp-json\/wp\/v2\/comments?post=3"}],"version-history":[{"count":10,"href":"https:\/\/al-lift.com\/de\/wp-json\/wp\/v2\/pages\/3\/revisions"}],"predecessor-version":[{"id":3414,"href":"https:\/\/al-lift.com\/de\/wp-json\/wp\/v2\/pages\/3\/revisions\/3414"}],"wp:attachment":[{"href":"https:\/\/al-lift.com\/de\/wp-json\/wp\/v2\/media?parent=3"}],"curies":[{"name":"wp","href":"https:\/\/api.w.org\/{rel}","templated":true}]}}