{"id":260,"date":"2023-10-20T10:38:06","date_gmt":"2023-10-20T08:38:06","guid":{"rendered":"https:\/\/al-lift.com\/?page_id=260"},"modified":"2024-10-09T15:38:29","modified_gmt":"2024-10-09T13:38:29","slug":"spannwerkzeuge-fur-den-anlagenbau","status":"publish","type":"page","link":"https:\/\/al-lift.com\/de\/klemmevaerktoj-til-anlaegsbyggeri\/","title":{"rendered":"Spannwerkzeuge f\u00fcr den Tiefbau"},"content":{"rendered":"<div data-elementor-type=\"wp-page\" data-elementor-id=\"260\" class=\"elementor elementor-260\" data-elementor-post-type=\"page\">\n\t\t\t\t<div class=\"elementor-element elementor-element-2ad85630 e-flex e-con-boxed e-con e-parent\" data-id=\"2ad85630\" data-element_type=\"container\" data-e-type=\"container\" data-settings=\"{&quot;background_background&quot;:&quot;classic&quot;,&quot;jet_parallax_layout_list&quot;:[]}\">\n\t\t\t\t\t<div class=\"e-con-inner\">\n\t\t\t\t\t<\/div>\n\t\t\t\t<\/div>\n\t\t<div class=\"elementor-element elementor-element-6ab3326 e-flex e-con-boxed e-con e-parent\" data-id=\"6ab3326\" data-element_type=\"container\" data-e-type=\"container\" data-settings=\"{&quot;jet_parallax_layout_list&quot;:[]}\">\n\t\t\t\t\t<div class=\"e-con-inner\">\n\t\t<div class=\"elementor-element elementor-element-a82419f e-con-full e-flex e-con e-child\" data-id=\"a82419f\" data-element_type=\"container\" data-e-type=\"container\" data-settings=\"{&quot;jet_parallax_layout_list&quot;:[]}\">\n\t\t\t\t<div class=\"elementor-element elementor-element-4970b01 elementor-widget elementor-widget-heading\" data-id=\"4970b01\" data-element_type=\"widget\" data-e-type=\"widget\" data-widget_type=\"heading.default\">\n\t\t\t\t<div class=\"elementor-widget-container\">\n\t\t\t\t\t<h2 class=\"elementor-heading-title elementor-size-default\">Professionelle Spannwerkzeuge f\u00fcr kleine und gro\u00dfe Arbeiten<\/h2>\t\t\t\t<\/div>\n\t\t\t\t<\/div>\n\t\t\t\t<div class=\"elementor-element elementor-element-d607d02 elementor-invisible elementor-widget elementor-widget-text-editor\" data-id=\"d607d02\" data-element_type=\"widget\" data-e-type=\"widget\" data-settings=\"{&quot;_animation&quot;:&quot;fadeIn&quot;,&quot;_animation_delay&quot;:100}\" data-widget_type=\"text-editor.default\">\n\t\t\t\t<div class=\"elementor-widget-container\">\n\t\t\t\t\t\t\t\t\t<p>Neben der \u00dcberlegung, welches Spannwerkzeug f\u00fcr die jeweilige Bauaufgabe am besten geeignet ist, sollte auch das Wohlbefinden der Mitarbeiter ber\u00fccksichtigt werden. Mit den richtigen Werkzeugen kann die Arbeit erheblich erleichtert werden, und R\u00fccken und Gelenke werden vor unn\u00f6tigem Verschlei\u00df bewahrt. Doch oft h\u00e4ngt alles miteinander zusammen, und wenn Sie die Aufgabe ber\u00fccksichtigen, ber\u00fccksichtigen Sie oft auch eine schonendere Arbeitsumgebung f\u00fcr Ihre Mitarbeiter.\u00a0<\/p><p>F\u00fcr effizientes und schonendes Fliesenlegen kann auch ein Vakuumheber ein ideales Werkzeug sein, da er viele verschiedene Arten von Oberfl\u00e4chen anheben kann - und er eignet sich hervorragend f\u00fcr die Handhabung por\u00f6ser Materialien. Die Hebekapazit\u00e4t variiert jedoch stark von Ger\u00e4t zu Ger\u00e4t, daher ist es wichtig, das Ger\u00e4t zu w\u00e4hlen, das f\u00fcr die jeweilige Aufgabe am besten geeignet ist.<\/p>\t\t\t\t\t\t\t\t<\/div>\n\t\t\t\t<\/div>\n\t\t\t\t<\/div>\n\t\t<div class=\"elementor-element elementor-element-458e927 e-con-full e-flex e-con e-child\" data-id=\"458e927\" data-element_type=\"container\" data-e-type=\"container\" data-settings=\"{&quot;jet_parallax_layout_list&quot;:[]}\">\n\t\t\t\t<div class=\"elementor-element elementor-element-2f51857 elementor-widget elementor-widget-image\" data-id=\"2f51857\" data-element_type=\"widget\" data-e-type=\"widget\" data-widget_type=\"image.default\">\n\t\t\t\t<div class=\"elementor-widget-container\">\n\t\t\t\t\t\t\t\t\t\t\t\t\t\t\t<img alt=\"\" decoding=\"async\" width=\"188\" height=\"179\" src=\"https:\/\/al-lift.com\/wp-content\/uploads\/2024\/07\/Design-uden-navn-1-e1720014022929.png\" class=\"attachment-large size-large wp-image-2023\" \/>\t\t\t\t\t\t\t\t\t\t\t\t\t\t\t<\/div>\n\t\t\t\t<\/div>\n\t\t\t\t<div class=\"elementor-element elementor-element-81fa76e radial-in elementor-align-justify elementor-invisible elementor-widget elementor-widget-button\" data-id=\"81fa76e\" data-element_type=\"widget\" data-e-type=\"widget\" data-settings=\"{&quot;_animation&quot;:&quot;fadeIn&quot;,&quot;_animation_delay&quot;:200}\" data-widget_type=\"button.default\">\n\t\t\t\t<div class=\"elementor-widget-container\">\n\t\t\t\t\t\t\t\t\t<div class=\"elementor-button-wrapper\">\n\t\t\t\t\t<a class=\"elementor-button elementor-button-link elementor-size-sm\" href=\"https:\/\/al-lift.com\/de\/kontakt\/\">\n\t\t\t\t\t\t<span class=\"elementor-button-content-wrapper\">\n\t\t\t\t\t\t\t\t\t<span class=\"elementor-button-text\">Kontaktieren Sie uns jetzt<\/span>\n\t\t\t\t\t<\/span>\n\t\t\t\t\t<\/a>\n\t\t\t\t<\/div>\n\t\t\t\t\t\t\t\t<\/div>\n\t\t\t\t<\/div>\n\t\t\t\t<\/div>\n\t\t\t\t\t<\/div>\n\t\t\t\t<\/div>\n\t\t<div class=\"elementor-element elementor-element-ca0f748 e-flex e-con-boxed e-con e-parent\" data-id=\"ca0f748\" data-element_type=\"container\" data-e-type=\"container\" data-settings=\"{&quot;jet_parallax_layout_list&quot;:[]}\">\n\t\t\t\t\t<div class=\"e-con-inner\">\n\t\t<div class=\"elementor-element elementor-element-5c7de4f e-con-full e-flex e-con e-child\" data-id=\"5c7de4f\" data-element_type=\"container\" data-e-type=\"container\" data-settings=\"{&quot;jet_parallax_layout_list&quot;:[]}\">\n\t\t\t\t<div class=\"elementor-element elementor-element-55b2a18 elementor-widget elementor-widget-image\" data-id=\"55b2a18\" data-element_type=\"widget\" data-e-type=\"widget\" data-widget_type=\"image.default\">\n\t\t\t\t<div class=\"elementor-widget-container\">\n\t\t\t\t\t\t\t\t\t\t\t\t\t\t\t<img alt=\"\" decoding=\"async\" width=\"188\" height=\"179\" src=\"https:\/\/al-lift.com\/wp-content\/uploads\/2024\/07\/Design-uden-navn-1-e1720014022929.png\" class=\"attachment-large size-large wp-image-2023\" \/>\t\t\t\t\t\t\t\t\t\t\t\t\t\t\t<\/div>\n\t\t\t\t<\/div>\n\t\t\t\t<div class=\"elementor-element elementor-element-fb23667 radial-in elementor-align-justify elementor-invisible elementor-widget elementor-widget-button\" data-id=\"fb23667\" data-element_type=\"widget\" data-e-type=\"widget\" data-settings=\"{&quot;_animation&quot;:&quot;fadeIn&quot;,&quot;_animation_delay&quot;:200}\" data-widget_type=\"button.default\">\n\t\t\t\t<div class=\"elementor-widget-container\">\n\t\t\t\t\t\t\t\t\t<div class=\"elementor-button-wrapper\">\n\t\t\t\t\t<a class=\"elementor-button elementor-button-link elementor-size-sm\" href=\"https:\/\/al-lift.com\/de\/kontakt\/\">\n\t\t\t\t\t\t<span class=\"elementor-button-content-wrapper\">\n\t\t\t\t\t\t\t\t\t<span class=\"elementor-button-text\">Kontaktieren Sie uns jetzt<\/span>\n\t\t\t\t\t<\/span>\n\t\t\t\t\t<\/a>\n\t\t\t\t<\/div>\n\t\t\t\t\t\t\t\t<\/div>\n\t\t\t\t<\/div>\n\t\t\t\t<\/div>\n\t\t<div class=\"elementor-element elementor-element-4ed4df2 e-con-full e-flex e-con e-child\" data-id=\"4ed4df2\" data-element_type=\"container\" data-e-type=\"container\" data-settings=\"{&quot;jet_parallax_layout_list&quot;:[]}\">\n\t\t\t\t<div class=\"elementor-element elementor-element-fb3a447 elementor-widget elementor-widget-heading\" data-id=\"fb3a447\" data-element_type=\"widget\" data-e-type=\"widget\" data-widget_type=\"heading.default\">\n\t\t\t\t<div class=\"elementor-widget-container\">\n\t\t\t\t\t<h2 class=\"elementor-heading-title elementor-size-default\">Beim AL-Lift stehen wir Ihnen jederzeit f\u00fcr weitere Beratung zur Verf\u00fcgung.<\/h2>\t\t\t\t<\/div>\n\t\t\t\t<\/div>\n\t\t\t\t<div class=\"elementor-element elementor-element-9494c44 elementor-invisible elementor-widget elementor-widget-text-editor\" data-id=\"9494c44\" data-element_type=\"widget\" data-e-type=\"widget\" data-settings=\"{&quot;_animation&quot;:&quot;fadeIn&quot;,&quot;_animation_delay&quot;:100}\" data-widget_type=\"text-editor.default\">\n\t\t\t\t<div class=\"elementor-widget-container\">\n\t\t\t\t\t\t\t\t\t<p>Manchmal ist es schwierig zu wissen, welche Produkte f\u00fcr die verschiedenen Aufgaben am besten geeignet sind. Deshalb stehen wir Ihnen jederzeit f\u00fcr weitere Beratung zur Verf\u00fcgung.\u00a0<\/p><p>Um mehr \u00fcber die technischen Daten der Maschinen zu erfahren, k\u00f6nnen Sie auf den entsprechenden Produktseiten und in unseren Produktkatalogen mehr lesen. Wenn Sie weitere Fragen haben, kontaktieren Sie uns bitte unter der Telefonnummer +45 97 10 10 74 oder per E-Mail an sales@al-lift.com.<\/p>\t\t\t\t\t\t\t\t<\/div>\n\t\t\t\t<\/div>\n\t\t\t\t<\/div>\n\t\t\t\t\t<\/div>\n\t\t\t\t<\/div>\n\t\t\t\t<\/div>","protected":false},"excerpt":{"rendered":"<p>Professionelt klemmev\u00e6rkt\u00f8j til sm\u00e5 og store opgaver Udover blot at tage i betragtning, hvilket klemmev\u00e6rkt\u00f8j der er bedst til den specifikke anl\u00e6gsopgave, er det ogs\u00e5 vigtigt at tage hensyn til medarbejdernes ve og vel. Med de helt korrekte v\u00e6rkt\u00f8jer kan arbejdsbyrden lettes betydeligt og rygge samt led kan sk\u00e5nes for un\u00f8digt slid. Det hele h\u00e6nger [&hellip;]<\/p>\n","protected":false},"author":1,"featured_media":0,"parent":0,"menu_order":0,"comment_status":"closed","ping_status":"closed","template":"elementor_header_footer","meta":{"_seopress_robots_primary_cat":"","_seopress_titles_title":"","_seopress_titles_desc":"","_seopress_robots_index":"","inline_featured_image":false,"footnotes":""},"class_list":["post-260","page","type-page","status-publish","hentry"],"_links":{"self":[{"href":"https:\/\/al-lift.com\/de\/wp-json\/wp\/v2\/pages\/260","targetHints":{"allow":["GET"]}}],"collection":[{"href":"https:\/\/al-lift.com\/de\/wp-json\/wp\/v2\/pages"}],"about":[{"href":"https:\/\/al-lift.com\/de\/wp-json\/wp\/v2\/types\/page"}],"author":[{"embeddable":true,"href":"https:\/\/al-lift.com\/de\/wp-json\/wp\/v2\/users\/1"}],"replies":[{"embeddable":true,"href":"https:\/\/al-lift.com\/de\/wp-json\/wp\/v2\/comments?post=260"}],"version-history":[{"count":91,"href":"https:\/\/al-lift.com\/de\/wp-json\/wp\/v2\/pages\/260\/revisions"}],"predecessor-version":[{"id":3540,"href":"https:\/\/al-lift.com\/de\/wp-json\/wp\/v2\/pages\/260\/revisions\/3540"}],"wp:attachment":[{"href":"https:\/\/al-lift.com\/de\/wp-json\/wp\/v2\/media?parent=260"}],"curies":[{"name":"wp","href":"https:\/\/api.w.org\/{rel}","templated":true}]}}