{"id":258,"date":"2023-10-20T10:37:50","date_gmt":"2023-10-20T08:37:50","guid":{"rendered":"https:\/\/al-lift.com\/?page_id=258"},"modified":"2024-10-04T10:56:39","modified_gmt":"2024-10-04T08:56:39","slug":"uber-uns","status":"publish","type":"page","link":"https:\/\/al-lift.com\/de\/om-os\/","title":{"rendered":"\u00dcber uns"},"content":{"rendered":"<div data-elementor-type=\"wp-page\" data-elementor-id=\"258\" class=\"elementor elementor-258\" data-elementor-post-type=\"page\">\n\t\t\t\t<div class=\"elementor-element elementor-element-8d415f4 e-flex e-con-boxed e-con e-parent\" data-id=\"8d415f4\" data-element_type=\"container\" data-e-type=\"container\" data-settings=\"{&quot;background_background&quot;:&quot;classic&quot;,&quot;jet_parallax_layout_list&quot;:[]}\">\n\t\t\t\t\t<div class=\"e-con-inner\">\n\t\t\t\t<div class=\"elementor-element elementor-element-5dbf598 elementor-widget elementor-widget-heading\" data-id=\"5dbf598\" data-element_type=\"widget\" data-e-type=\"widget\" data-widget_type=\"heading.default\">\n\t\t\t\t<div class=\"elementor-widget-container\">\n\t\t\t\t\t<h1 class=\"elementor-heading-title elementor-size-default\">\u00dcber uns<\/h1>\t\t\t\t<\/div>\n\t\t\t\t<\/div>\n\t\t\t\t\t<\/div>\n\t\t\t\t<\/div>\n\t\t<div class=\"elementor-element elementor-element-8d82d1c e-flex e-con-boxed e-con e-parent\" data-id=\"8d82d1c\" data-element_type=\"container\" data-e-type=\"container\" data-settings=\"{&quot;jet_parallax_layout_list&quot;:[]}\">\n\t\t\t\t\t<div class=\"e-con-inner\">\n\t\t<div class=\"elementor-element elementor-element-331f503 e-con-full e-flex e-con e-child\" data-id=\"331f503\" data-element_type=\"container\" data-e-type=\"container\" data-settings=\"{&quot;jet_parallax_layout_list&quot;:[]}\">\n\t\t\t\t<div class=\"elementor-element elementor-element-eaa8e4a elementor-invisible elementor-widget elementor-widget-heading\" data-id=\"eaa8e4a\" data-element_type=\"widget\" data-e-type=\"widget\" data-settings=\"{&quot;_animation&quot;:&quot;fadeIn&quot;,&quot;_animation_delay&quot;:0}\" data-widget_type=\"heading.default\">\n\t\t\t\t<div class=\"elementor-widget-container\">\n\t\t\t\t\t<h2 class=\"elementor-heading-title elementor-size-default\">\u00dcber AL-Lift<\/h2>\t\t\t\t<\/div>\n\t\t\t\t<\/div>\n\t\t\t\t<div class=\"elementor-element elementor-element-e749747 elementor-invisible elementor-widget elementor-widget-text-editor\" data-id=\"e749747\" data-element_type=\"widget\" data-e-type=\"widget\" data-settings=\"{&quot;_animation&quot;:&quot;fadeIn&quot;,&quot;_animation_delay&quot;:100}\" data-widget_type=\"text-editor.default\">\n\t\t\t\t<div class=\"elementor-widget-container\">\n\t\t\t\t\t\t\t\t\t<p>AL-Lift wurde vor mehr als 35 Jahren gegr\u00fcndet und ist einer der f\u00fchrenden d\u00e4nischen Anbieter von Handhabungs- und Hebeger\u00e4ten.\u00a0<\/p><p>Das Unternehmen hat sich in seinem Produktbereich kontinuierlich weiterentwickelt, verf\u00fcgt \u00fcber eine einzigartige Produktpalette und exportiert in fast ganz Europa.\u00a0<\/p><p>Die langj\u00e4hrige Erfahrung des Unternehmens macht den Kauf von Hebezeugen von AL-Lift zu einer sicheren Investition in die Zukunft.\u00a0<\/p><p>In letzter Zeit hat sich das Unternehmen mehr und mehr vom Direktvertrieb auf den H\u00e4ndlervertrieb verlagert. Dies f\u00fchrt zu einem schnelleren und effizienteren Service, aber die eigenen Experten von AL-Lift stehen immer f\u00fcr technische Kl\u00e4rung und Unterst\u00fctzung zur Verf\u00fcgung.\u00a0<\/p><p>AL-Lift ist seit kurzem Teil einer gr\u00f6\u00dferen Gruppe, die sowohl \u00fcber Elektronik- als auch \u00fcber Software-Erfahrung verf\u00fcgt.<\/p>\t\t\t\t\t\t\t\t<\/div>\n\t\t\t\t<\/div>\n\t\t\t\t<\/div>\n\t\t<div class=\"elementor-element elementor-element-86e5777 e-con-full e-flex e-con e-child\" data-id=\"86e5777\" data-element_type=\"container\" data-e-type=\"container\" data-settings=\"{&quot;background_background&quot;:&quot;classic&quot;,&quot;jet_parallax_layout_list&quot;:[]}\">\n\t\t\t\t<div class=\"elementor-element elementor-element-8719f5b elementor-widget elementor-widget-image\" data-id=\"8719f5b\" data-element_type=\"widget\" data-e-type=\"widget\" data-widget_type=\"image.default\">\n\t\t\t\t<div class=\"elementor-widget-container\">\n\t\t\t\t\t\t\t\t\t\t\t\t\t\t\t<img alt=\"\" fetchpriority=\"high\" decoding=\"async\" width=\"800\" height=\"600\" src=\"https:\/\/al-lift.com\/wp-content\/uploads\/2024\/07\/AL-Lift-scaled-1-1024x768.jpg\" class=\"attachment-large size-large wp-image-1840\" srcset=\"https:\/\/al-lift.com\/wp-content\/uploads\/2024\/07\/AL-Lift-scaled-1-1024x768.jpg 1024w, https:\/\/al-lift.com\/wp-content\/uploads\/2024\/07\/AL-Lift-scaled-1-300x225.jpg 300w, https:\/\/al-lift.com\/wp-content\/uploads\/2024\/07\/AL-Lift-scaled-1-768x576.jpg 768w, https:\/\/al-lift.com\/wp-content\/uploads\/2024\/07\/AL-Lift-scaled-1-1536x1152.jpg 1536w, https:\/\/al-lift.com\/wp-content\/uploads\/2024\/07\/AL-Lift-scaled-1-2048x1536.jpg 2048w\" sizes=\"(max-width: 800px) 100vw, 800px\" \/>\t\t\t\t\t\t\t\t\t\t\t\t\t\t\t<\/div>\n\t\t\t\t<\/div>\n\t\t\t\t<div class=\"elementor-element elementor-element-da15a9a radial-in elementor-align-justify elementor-invisible elementor-widget elementor-widget-button\" data-id=\"da15a9a\" data-element_type=\"widget\" data-e-type=\"widget\" data-settings=\"{&quot;_animation&quot;:&quot;fadeIn&quot;,&quot;_animation_delay&quot;:200}\" data-widget_type=\"button.default\">\n\t\t\t\t<div class=\"elementor-widget-container\">\n\t\t\t\t\t\t\t\t\t<div class=\"elementor-button-wrapper\">\n\t\t\t\t\t<a class=\"elementor-button elementor-button-link elementor-size-sm\" href=\"https:\/\/al-lift.com\/de\/kontakt\/\">\n\t\t\t\t\t\t<span class=\"elementor-button-content-wrapper\">\n\t\t\t\t\t\t\t\t\t<span class=\"elementor-button-text\">Kontaktieren Sie uns jetzt<\/span>\n\t\t\t\t\t<\/span>\n\t\t\t\t\t<\/a>\n\t\t\t\t<\/div>\n\t\t\t\t\t\t\t\t<\/div>\n\t\t\t\t<\/div>\n\t\t\t\t<\/div>\n\t\t\t\t\t<\/div>\n\t\t\t\t<\/div>\n\t\t\t\t<\/div>","protected":false},"excerpt":{"rendered":"<p>Om AL-Lift AL-Lift blev stiftet for mere end 35 \u00e5r siden og er en af Danmarks f\u00f8rende udbydere af h\u00e5ndterings- og l\u00f8fteudstyr.\u00a0 Virksomheden har l\u00f8bende udviklet sig inden for sit produktomr\u00e5de med et unikt sortiment og eksport til det meste af Europa.\u00a0 Virksomhedens store og lange erfaring bevirker, at et k\u00f8b af l\u00f8fteudstyr hos AL-Lift, [&hellip;]<\/p>\n","protected":false},"author":1,"featured_media":0,"parent":0,"menu_order":0,"comment_status":"closed","ping_status":"closed","template":"elementor_header_footer","meta":{"_seopress_robots_primary_cat":"","_seopress_titles_title":"","_seopress_titles_desc":"","_seopress_robots_index":"","inline_featured_image":false,"footnotes":""},"class_list":["post-258","page","type-page","status-publish","hentry"],"_links":{"self":[{"href":"https:\/\/al-lift.com\/de\/wp-json\/wp\/v2\/pages\/258","targetHints":{"allow":["GET"]}}],"collection":[{"href":"https:\/\/al-lift.com\/de\/wp-json\/wp\/v2\/pages"}],"about":[{"href":"https:\/\/al-lift.com\/de\/wp-json\/wp\/v2\/types\/page"}],"author":[{"embeddable":true,"href":"https:\/\/al-lift.com\/de\/wp-json\/wp\/v2\/users\/1"}],"replies":[{"embeddable":true,"href":"https:\/\/al-lift.com\/de\/wp-json\/wp\/v2\/comments?post=258"}],"version-history":[{"count":37,"href":"https:\/\/al-lift.com\/de\/wp-json\/wp\/v2\/pages\/258\/revisions"}],"predecessor-version":[{"id":3487,"href":"https:\/\/al-lift.com\/de\/wp-json\/wp\/v2\/pages\/258\/revisions\/3487"}],"wp:attachment":[{"href":"https:\/\/al-lift.com\/de\/wp-json\/wp\/v2\/media?parent=258"}],"curies":[{"name":"wp","href":"https:\/\/api.w.org\/{rel}","templated":true}]}}