{"id":2427,"date":"2024-07-08T13:20:14","date_gmt":"2024-07-08T11:20:14","guid":{"rendered":"https:\/\/al-lift.com\/?page_id=2427"},"modified":"2024-10-02T12:46:57","modified_gmt":"2024-10-02T10:46:57","slug":"gebrauchte-gerate","status":"publish","type":"page","link":"https:\/\/al-lift.com\/de\/brugt-udstyr\/","title":{"rendered":"Gebrauchte Ger\u00e4te"},"content":{"rendered":"<div data-elementor-type=\"wp-page\" data-elementor-id=\"2427\" class=\"elementor elementor-2427\" data-elementor-post-type=\"page\">\n\t\t\t\t<div class=\"elementor-element elementor-element-2ad85630 e-flex e-con-boxed e-con e-parent\" data-id=\"2ad85630\" data-element_type=\"container\" data-e-type=\"container\" data-settings=\"{&quot;background_background&quot;:&quot;classic&quot;,&quot;jet_parallax_layout_list&quot;:[]}\">\n\t\t\t\t\t<div class=\"e-con-inner\">\n\t\t\t\t\t<\/div>\n\t\t\t\t<\/div>\n\t\t<div class=\"elementor-element elementor-element-5397763 e-flex e-con-boxed e-con e-parent\" data-id=\"5397763\" data-element_type=\"container\" data-e-type=\"container\" data-settings=\"{&quot;jet_parallax_layout_list&quot;:[]}\">\n\t\t\t\t\t<div class=\"e-con-inner\">\n\t\t<div class=\"elementor-element elementor-element-5a77ee2 e-con-full e-flex e-con e-child\" data-id=\"5a77ee2\" data-element_type=\"container\" data-e-type=\"container\" data-settings=\"{&quot;jet_parallax_layout_list&quot;:[]}\">\n\t\t\t\t<div class=\"elementor-element elementor-element-8bf3d70 elementor-invisible elementor-widget elementor-widget-text-editor\" data-id=\"8bf3d70\" data-element_type=\"widget\" data-e-type=\"widget\" data-settings=\"{&quot;_animation&quot;:&quot;fadeIn&quot;,&quot;_animation_delay&quot;:100}\" data-widget_type=\"text-editor.default\">\n\t\t\t\t<div class=\"elementor-widget-container\">\n\t\t\t\t\t\t\t\t\t<p>Hebezeuge sind ein wesentlicher Bestandteil der Arbeit in der Bauindustrie, um die Mitarbeiter vor m\u00f6glichen Verletzungen durch schweres Heben zu sch\u00fctzen. Bei AL-LIFT sind wir in drei Bereichen t\u00e4tig, n\u00e4mlich im Bauwesen, in der Industrie und bei Gabelstaplerl\u00f6sungen. Wir haben eine solide Auswahl an gebrauchten Hebeger\u00e4ten f\u00fcr Sie zusammengestellt, damit Sie und Ihre Mitarbeiter sicher arbeiten k\u00f6nnen.\u00a0<\/p><p>Zu unseren Gebrauchtger\u00e4ten geh\u00f6ren Hebeger\u00e4te der anerkannten d\u00e4nischen Marke ALVAC, die professionelle und flexible Hebeger\u00e4te sind. Auf dieser Seite finden Sie gebrauchte Vakuumheber, gebrauchte Fensterheber und gebrauchte Fliesenheber - alle in hoher Qualit\u00e4t und in gutem Zustand. Unsere gebrauchten Ger\u00e4te sind noch voll funktionsf\u00e4hig und funktionieren genau so, wie sie sollen.\u00a0<\/p><p>Deshalb k\u00f6nnen Sie bei uns professionelle gebrauchte Hebezeuge zu einem sehr g\u00fcnstigen Preis erwerben. Warum sollten Sie neue, unbenutzte Hebeger\u00e4te kaufen, wenn Sie sie gebraucht zu einem g\u00fcnstigeren Preis erwerben k\u00f6nnen, ohne Kompromisse bei der Qualit\u00e4t einzugehen? \u00dcberlegen Sie sich gut, ob eine Investition in Hebeger\u00e4te f\u00fcr Sie und Ihr Unternehmen sinnvoll ist.<\/p>\t\t\t\t\t\t\t\t<\/div>\n\t\t\t\t<\/div>\n\t\t\t\t<\/div>\n\t\t<div class=\"elementor-element elementor-element-8513e0a e-con-full e-flex e-con e-child\" data-id=\"8513e0a\" data-element_type=\"container\" data-e-type=\"container\" data-settings=\"{&quot;jet_parallax_layout_list&quot;:[]}\">\n\t\t\t\t<div class=\"elementor-element elementor-element-bec1896 elementor-widget elementor-widget-image\" data-id=\"bec1896\" data-element_type=\"widget\" data-e-type=\"widget\" data-widget_type=\"image.default\">\n\t\t\t\t<div class=\"elementor-widget-container\">\n\t\t\t\t\t\t\t\t\t\t\t\t\t\t\t<img alt=\"\" fetchpriority=\"high\" decoding=\"async\" width=\"800\" height=\"600\" src=\"https:\/\/al-lift.com\/wp-content\/uploads\/2024\/07\/5.-AL-BUTLER-200-1024x768.jpg\" class=\"attachment-large size-large wp-image-2199\" srcset=\"https:\/\/al-lift.com\/wp-content\/uploads\/2024\/07\/5.-AL-BUTLER-200-1024x768.jpg 1024w, https:\/\/al-lift.com\/wp-content\/uploads\/2024\/07\/5.-AL-BUTLER-200-300x225.jpg 300w, https:\/\/al-lift.com\/wp-content\/uploads\/2024\/07\/5.-AL-BUTLER-200-768x576.jpg 768w, https:\/\/al-lift.com\/wp-content\/uploads\/2024\/07\/5.-AL-BUTLER-200.jpg 1500w\" sizes=\"(max-width: 800px) 100vw, 800px\" \/>\t\t\t\t\t\t\t\t\t\t\t\t\t\t\t<\/div>\n\t\t\t\t<\/div>\n\t\t\t\t<div class=\"elementor-element elementor-element-2efe4e2 radial-in elementor-align-justify elementor-invisible elementor-widget elementor-widget-button\" data-id=\"2efe4e2\" data-element_type=\"widget\" data-e-type=\"widget\" data-settings=\"{&quot;_animation&quot;:&quot;fadeIn&quot;,&quot;_animation_delay&quot;:200}\" data-widget_type=\"button.default\">\n\t\t\t\t<div class=\"elementor-widget-container\">\n\t\t\t\t\t\t\t\t\t<div class=\"elementor-button-wrapper\">\n\t\t\t\t\t<a class=\"elementor-button elementor-button-link elementor-size-sm\" href=\"https:\/\/al-lift.com\/de\/kontakt\/\">\n\t\t\t\t\t\t<span class=\"elementor-button-content-wrapper\">\n\t\t\t\t\t\t\t\t\t<span class=\"elementor-button-text\">Unverbindliches Angebot einholen<\/span>\n\t\t\t\t\t<\/span>\n\t\t\t\t\t<\/a>\n\t\t\t\t<\/div>\n\t\t\t\t\t\t\t\t<\/div>\n\t\t\t\t<\/div>\n\t\t\t\t<\/div>\n\t\t\t\t\t<\/div>\n\t\t\t\t<\/div>\n\t\t<div class=\"elementor-element elementor-element-845284c e-flex e-con-boxed e-con e-parent\" data-id=\"845284c\" data-element_type=\"container\" data-e-type=\"container\" data-settings=\"{&quot;jet_parallax_layout_list&quot;:[]}\">\n\t\t\t\t\t<div class=\"e-con-inner\">\n\t\t<div class=\"elementor-element elementor-element-61feaa5 e-con-full e-flex e-con e-child\" data-id=\"61feaa5\" data-element_type=\"container\" data-e-type=\"container\" data-settings=\"{&quot;jet_parallax_layout_list&quot;:[]}\">\n\t\t\t\t<div class=\"elementor-element elementor-element-fd18ec3 elementor-widget elementor-widget-image\" data-id=\"fd18ec3\" data-element_type=\"widget\" data-e-type=\"widget\" data-widget_type=\"image.default\">\n\t\t\t\t<div class=\"elementor-widget-container\">\n\t\t\t\t\t\t\t\t\t\t\t\t\t\t\t<img alt=\"\" decoding=\"async\" width=\"537\" height=\"768\" src=\"https:\/\/al-lift.com\/wp-content\/uploads\/2024\/07\/Showroom-1024x768-portrait.jpg\" class=\"attachment-large size-large wp-image-2061\" srcset=\"https:\/\/al-lift.com\/wp-content\/uploads\/2024\/07\/Showroom-1024x768-portrait.jpg 537w, https:\/\/al-lift.com\/wp-content\/uploads\/2024\/07\/Showroom-1024x768-portrait-210x300.jpg 210w\" sizes=\"(max-width: 537px) 100vw, 537px\" \/>\t\t\t\t\t\t\t\t\t\t\t\t\t\t\t<\/div>\n\t\t\t\t<\/div>\n\t\t\t\t<div class=\"elementor-element elementor-element-a123b67 radial-in elementor-align-justify elementor-invisible elementor-widget elementor-widget-button\" data-id=\"a123b67\" data-element_type=\"widget\" data-e-type=\"widget\" data-settings=\"{&quot;_animation&quot;:&quot;fadeIn&quot;,&quot;_animation_delay&quot;:200}\" data-widget_type=\"button.default\">\n\t\t\t\t<div class=\"elementor-widget-container\">\n\t\t\t\t\t\t\t\t\t<div class=\"elementor-button-wrapper\">\n\t\t\t\t\t<a class=\"elementor-button elementor-button-link elementor-size-sm\" href=\"https:\/\/al-lift.com\/de\/kontakt\/\">\n\t\t\t\t\t\t<span class=\"elementor-button-content-wrapper\">\n\t\t\t\t\t\t\t\t\t<span class=\"elementor-button-text\">Unverbindliches Angebot einholen<\/span>\n\t\t\t\t\t<\/span>\n\t\t\t\t\t<\/a>\n\t\t\t\t<\/div>\n\t\t\t\t\t\t\t\t<\/div>\n\t\t\t\t<\/div>\n\t\t\t\t<\/div>\n\t\t<div class=\"elementor-element elementor-element-fd6a534 e-con-full e-flex e-con e-child\" data-id=\"fd6a534\" data-element_type=\"container\" data-e-type=\"container\" data-settings=\"{&quot;jet_parallax_layout_list&quot;:[]}\">\n\t\t\t\t<div class=\"elementor-element elementor-element-1ed3908 elementor-widget elementor-widget-heading\" data-id=\"1ed3908\" data-element_type=\"widget\" data-e-type=\"widget\" data-widget_type=\"heading.default\">\n\t\t\t\t<div class=\"elementor-widget-container\">\n\t\t\t\t\t<h2 class=\"elementor-heading-title elementor-size-default\">Professionelle und gebrauchte Hebezeuge<\/h2>\t\t\t\t<\/div>\n\t\t\t\t<\/div>\n\t\t\t\t<div class=\"elementor-element elementor-element-37fd3ba elementor-invisible elementor-widget elementor-widget-text-editor\" data-id=\"37fd3ba\" data-element_type=\"widget\" data-e-type=\"widget\" data-settings=\"{&quot;_animation&quot;:&quot;fadeIn&quot;,&quot;_animation_delay&quot;:100}\" data-widget_type=\"text-editor.default\">\n\t\t\t\t<div class=\"elementor-widget-container\">\n\t\t\t\t\t\t\t\t\t<p>AL-LIFT ist f\u00fchrend auf seinem Gebiet und wir k\u00f6nnen Ihnen eine sichere Investition und Zuverl\u00e4ssigkeit garantieren. Dank unserer umfangreichen Erfahrung im Produktbereich k\u00f6nnen Sie sicher sein, dass unser Sortiment speziell ausgew\u00e4hlt ist und Sie in sichere und hochwertige Hebeger\u00e4te investieren.\u00a0<\/p><p>Egal, ob Sie gebrauchte oder neue Ger\u00e4te bei uns kaufen, Sicherheit und Qualit\u00e4t stehen an erster Stelle! Stehen Sie vor der Entscheidung, ob Ihre Hebeger\u00e4te gebraucht oder neu sein sollen? Dann k\u00f6nnen wir von AL-LIFT Ihnen dabei helfen. Wir haben eine gro\u00dfe Auswahl an professionellen Hebeger\u00e4ten, sowohl gebraucht als auch neu. Ob Sie nun einen neuen Fliesenheber, einen Vakuumheber oder einen Fensterheber f\u00fcr Ihr Unternehmen ben\u00f6tigen, Sie werden auch hier f\u00fcndig.<\/p><h3>Wenn Sie Fragen haben, stehen wir von AL-lift Ihnen gerne zur Verf\u00fcgung<\/h3><p>Wenn Sie noch Fragen oder Bedenken haben, k\u00f6nnen Sie uns gerne kontaktieren. Sie k\u00f6nnen dies unter folgender Telefonnummer tun <a href=\"tel:97101074\">+45 97 10 10 74<\/a> oder \u00fcber unsere E-Mail <a href=\"mailto:info@al-lift.com\">info@al-lift.com<\/a>. Wir stehen Ihnen jederzeit zur Verf\u00fcgung, wenn Sie eine Beratung ben\u00f6tigen. Wir freuen uns darauf, von Ihnen zu h\u00f6ren!<\/p>\t\t\t\t\t\t\t\t<\/div>\n\t\t\t\t<\/div>\n\t\t\t\t<\/div>\n\t\t\t\t\t<\/div>\n\t\t\t\t<\/div>\n\t\t\t\t<\/div>","protected":false},"excerpt":{"rendered":"<p>L\u00f8fteudstyr er en essentiel del af arbejdet i bygge- og anl\u00e6gsbranchen, s\u00e5 medarbejderne bliver sk\u00e5net for mulige skader ved tunge l\u00f8ft. Hos AL-LIFT opererer vi inden for tre omr\u00e5der, nemlig anl\u00e6gsbyggeri, industri og truckl\u00f8sninger, og vi har samlet et solidt udvalg af brugt l\u00f8fteudstyr til dig, s\u00e5 du og dine medarbejdere kan arbejde og f\u00f8le [&hellip;]<\/p>\n","protected":false},"author":1,"featured_media":0,"parent":0,"menu_order":0,"comment_status":"closed","ping_status":"closed","template":"elementor_header_footer","meta":{"_seopress_robots_primary_cat":"","_seopress_titles_title":"","_seopress_titles_desc":"","_seopress_robots_index":"","inline_featured_image":false,"footnotes":""},"class_list":["post-2427","page","type-page","status-publish","hentry"],"_links":{"self":[{"href":"https:\/\/al-lift.com\/de\/wp-json\/wp\/v2\/pages\/2427","targetHints":{"allow":["GET"]}}],"collection":[{"href":"https:\/\/al-lift.com\/de\/wp-json\/wp\/v2\/pages"}],"about":[{"href":"https:\/\/al-lift.com\/de\/wp-json\/wp\/v2\/types\/page"}],"author":[{"embeddable":true,"href":"https:\/\/al-lift.com\/de\/wp-json\/wp\/v2\/users\/1"}],"replies":[{"embeddable":true,"href":"https:\/\/al-lift.com\/de\/wp-json\/wp\/v2\/comments?post=2427"}],"version-history":[{"count":10,"href":"https:\/\/al-lift.com\/de\/wp-json\/wp\/v2\/pages\/2427\/revisions"}],"predecessor-version":[{"id":3441,"href":"https:\/\/al-lift.com\/de\/wp-json\/wp\/v2\/pages\/2427\/revisions\/3441"}],"wp:attachment":[{"href":"https:\/\/al-lift.com\/de\/wp-json\/wp\/v2\/media?parent=2427"}],"curies":[{"name":"wp","href":"https:\/\/api.w.org\/{rel}","templated":true}]}}