{"id":2004,"date":"2024-07-03T14:15:54","date_gmt":"2024-07-03T12:15:54","guid":{"rendered":"https:\/\/al-lift.com\/?page_id=2004"},"modified":"2024-10-04T10:39:31","modified_gmt":"2024-10-04T08:39:31","slug":"die-geschichte-von-al-lift","status":"publish","type":"page","link":"https:\/\/al-lift.com\/de\/historien-om-al-lift\/","title":{"rendered":"Die Geschichte von AL-Lift"},"content":{"rendered":"<div data-elementor-type=\"wp-page\" data-elementor-id=\"2004\" class=\"elementor elementor-2004\" data-elementor-post-type=\"page\">\n\t\t\t\t<div class=\"elementor-element elementor-element-8d415f4 e-flex e-con-boxed e-con e-parent\" data-id=\"8d415f4\" data-element_type=\"container\" data-e-type=\"container\" data-settings=\"{&quot;background_background&quot;:&quot;classic&quot;,&quot;jet_parallax_layout_list&quot;:[]}\">\n\t\t\t\t\t<div class=\"e-con-inner\">\n\t\t\t\t<div class=\"elementor-element elementor-element-5dbf598 elementor-widget elementor-widget-heading\" data-id=\"5dbf598\" data-element_type=\"widget\" data-e-type=\"widget\" data-widget_type=\"heading.default\">\n\t\t\t\t<div class=\"elementor-widget-container\">\n\t\t\t\t\t<h1 class=\"elementor-heading-title elementor-size-default\">Die Geschichte von AL-Lift<\/h1>\t\t\t\t<\/div>\n\t\t\t\t<\/div>\n\t\t\t\t\t<\/div>\n\t\t\t\t<\/div>\n\t\t<div class=\"elementor-element elementor-element-afac8b3 e-flex e-con-boxed e-con e-parent\" data-id=\"afac8b3\" data-element_type=\"container\" data-e-type=\"container\" data-settings=\"{&quot;jet_parallax_layout_list&quot;:[]}\">\n\t\t\t\t\t<div class=\"e-con-inner\">\n\t\t<div class=\"elementor-element elementor-element-6c85691 e-con-full e-flex e-con e-child\" data-id=\"6c85691\" data-element_type=\"container\" data-e-type=\"container\" data-settings=\"{&quot;jet_parallax_layout_list&quot;:[]}\">\n\t\t\t\t<div class=\"elementor-element elementor-element-2c2ef3d elementor-invisible elementor-widget elementor-widget-text-editor\" data-id=\"2c2ef3d\" data-element_type=\"widget\" data-e-type=\"widget\" data-settings=\"{&quot;_animation&quot;:&quot;fadeIn&quot;,&quot;_animation_delay&quot;:100}\" data-widget_type=\"text-editor.default\">\n\t\t\t\t<div class=\"elementor-widget-container\">\n\t\t\t\t\t\t\t\t\t<p>Seit seiner Gr\u00fcndung im Jahr 1988, also seit mehr als 35 Jahren, bietet AL-Lift ein breites, effizientes und einzigartiges Standardsortiment an Vakuumhebeger\u00e4ten f\u00fcr das Baugewerbe und die Industrie.<\/p>\n<p>Das Unternehmen ist und war schon immer in Lemvig, D\u00e4nemark, ans\u00e4ssig und AL-Lift ist \u00fcberall f\u00fcr Qualit\u00e4t, Innovation, Unterst\u00fctzung, Partnerschaft und Ehrlichkeit bekannt - Sie bekommen, was Sie sehen. Die Verpflichtung des Unternehmens lautet: \u201cWir heben Sie\u201d - bis zu 24000 Kilo.<\/p>\n<p>In den letzten Jahren hat sich das Unternehmen durch die Zugeh\u00f6rigkeit zu einer gr\u00f6\u00dferen Gruppe, die sowohl \u00fcber Erfahrungen im Elektronik- als auch im Softwarebereich verf\u00fcgt, von einem lokalen zu einem globalen Unternehmen entwickelt - wir sind nun auf allen Kontinenten vertreten und expandieren weiterhin kontinuierlich in der ganzen Welt.<\/p>\n<p>AL-Lift ist vor allem in den letzten Jahren sowohl physisch als auch finanziell weiter gewachsen.<\/p>\n<p>Wir sind stolz darauf, dass wir nach all den Jahren immer noch der absolute Marktf\u00fchrer auf dem d\u00e4nischen Markt sind, der bevorzugte Lieferant des Bausektors und der Industrie, selbst in diesen Jahren, in denen die Exporte in die ganze Welt rapide zunehmen. Das liegt nicht zuletzt an unserer aktiven und innovativen Herangehensweise an Hebe- und F\u00f6rdertechnik sowie an der st\u00e4ndigen Entwicklung neuer Produkte mit dem Fokus auf die Optimierung Ihres Gesch\u00e4fts.<\/p>\n<p>Im Laufe der Jahre haben wir Hebe- und Handhabungsl\u00f6sungen f\u00fcr alle Branchen installiert und geliefert, darunter die Lager- und Logistikbranche, die Lebensmittelindustrie, die Metallindustrie, das Transportgewerbe und die Brauereiindustrie - ebenso wie unsere Vakuumheber t\u00e4glich von Pflasterern, Landschaftsg\u00e4rtnern, Kommunen und auch in der Maschinenvermietungsbranche eingesetzt werden, wo unsere roten Vakuumheber \u00fcberall bei gut sortierten Vermietungsunternehmen zu finden sind.<\/p>\n<p>In den letzten Jahren hat AL-Lift strategisch und innovativ an der gr\u00fcnen Transformation gearbeitet - wir sind uns bewusst, wie die Bauindustrie die Umwelt beeinflusst und wollen zu einer emissionsfreien Baustelle beitragen. Daher arbeiten wir mit hoher Priorit\u00e4t an der Entwicklung einfacher, benutzerfreundlicher, langlebiger und effizienter klimafreundlicher L\u00f6sungen f\u00fcr unsere Hebe- und F\u00f6rderger\u00e4te. &nbsp;&nbsp;<\/p>\t\t\t\t\t\t\t\t<\/div>\n\t\t\t\t<\/div>\n\t\t\t\t<\/div>\n\t\t<div class=\"elementor-element elementor-element-8bcff19 e-con-full e-flex e-con e-child\" data-id=\"8bcff19\" data-element_type=\"container\" data-e-type=\"container\" data-settings=\"{&quot;jet_parallax_layout_list&quot;:[]}\">\n\t\t\t\t<div class=\"elementor-element elementor-element-9f60f27 elementor-widget elementor-widget-image\" data-id=\"9f60f27\" data-element_type=\"widget\" data-e-type=\"widget\" data-widget_type=\"image.default\">\n\t\t\t\t<div class=\"elementor-widget-container\">\n\t\t\t\t\t\t\t\t\t\t\t\t\t\t\t<img alt=\"\" fetchpriority=\"high\" decoding=\"async\" width=\"800\" height=\"600\" src=\"https:\/\/al-lift.com\/wp-content\/uploads\/2024\/07\/AL-Lift-scaled-1-1024x768.jpg\" class=\"attachment-large size-large wp-image-1840\" srcset=\"https:\/\/al-lift.com\/wp-content\/uploads\/2024\/07\/AL-Lift-scaled-1-1024x768.jpg 1024w, https:\/\/al-lift.com\/wp-content\/uploads\/2024\/07\/AL-Lift-scaled-1-300x225.jpg 300w, https:\/\/al-lift.com\/wp-content\/uploads\/2024\/07\/AL-Lift-scaled-1-768x576.jpg 768w, https:\/\/al-lift.com\/wp-content\/uploads\/2024\/07\/AL-Lift-scaled-1-1536x1152.jpg 1536w, https:\/\/al-lift.com\/wp-content\/uploads\/2024\/07\/AL-Lift-scaled-1-2048x1536.jpg 2048w\" sizes=\"(max-width: 800px) 100vw, 800px\" \/>\t\t\t\t\t\t\t\t\t\t\t\t\t\t\t<\/div>\n\t\t\t\t<\/div>\n\t\t\t\t<div class=\"elementor-element elementor-element-7abf9ad radial-in elementor-align-justify elementor-invisible elementor-widget elementor-widget-button\" data-id=\"7abf9ad\" data-element_type=\"widget\" data-e-type=\"widget\" data-settings=\"{&quot;_animation&quot;:&quot;fadeIn&quot;,&quot;_animation_delay&quot;:200}\" data-widget_type=\"button.default\">\n\t\t\t\t<div class=\"elementor-widget-container\">\n\t\t\t\t\t\t\t\t\t<div class=\"elementor-button-wrapper\">\n\t\t\t\t\t<a class=\"elementor-button elementor-button-link elementor-size-sm\" href=\"https:\/\/al-lift.com\/de\/kontakt\/\">\n\t\t\t\t\t\t<span class=\"elementor-button-content-wrapper\">\n\t\t\t\t\t\t\t\t\t<span class=\"elementor-button-text\">Kontaktieren Sie uns jetzt<\/span>\n\t\t\t\t\t<\/span>\n\t\t\t\t\t<\/a>\n\t\t\t\t<\/div>\n\t\t\t\t\t\t\t\t<\/div>\n\t\t\t\t<\/div>\n\t\t\t\t<\/div>\n\t\t\t\t\t<\/div>\n\t\t\t\t<\/div>\n\t\t\t\t<\/div>","protected":false},"excerpt":{"rendered":"<p>AL-Lift har nu, siden grundl\u00e6ggelsen i 1988, for nu mere end 35 \u00e5r siden, tilbudt et bredt, effektivt og unikt standardsortiment af vakuumbaseret l\u00f8fteudstyr, b\u00e5de til byggesektoren og til industrien. Virksomheden er, og har altid, v\u00e6ret beliggende i Lemvig, Danmark og AL-Lift er overalt kendt for kvalitet, innovation, support, partnerskab og \u00e6rlighed \u2013 du f\u00e5r, [&hellip;]<\/p>\n","protected":false},"author":1,"featured_media":0,"parent":0,"menu_order":0,"comment_status":"closed","ping_status":"closed","template":"elementor_header_footer","meta":{"_seopress_robots_primary_cat":"","_seopress_titles_title":"","_seopress_titles_desc":"","_seopress_robots_index":"","inline_featured_image":false,"footnotes":""},"class_list":["post-2004","page","type-page","status-publish","hentry"],"_links":{"self":[{"href":"https:\/\/al-lift.com\/de\/wp-json\/wp\/v2\/pages\/2004","targetHints":{"allow":["GET"]}}],"collection":[{"href":"https:\/\/al-lift.com\/de\/wp-json\/wp\/v2\/pages"}],"about":[{"href":"https:\/\/al-lift.com\/de\/wp-json\/wp\/v2\/types\/page"}],"author":[{"embeddable":true,"href":"https:\/\/al-lift.com\/de\/wp-json\/wp\/v2\/users\/1"}],"replies":[{"embeddable":true,"href":"https:\/\/al-lift.com\/de\/wp-json\/wp\/v2\/comments?post=2004"}],"version-history":[{"count":18,"href":"https:\/\/al-lift.com\/de\/wp-json\/wp\/v2\/pages\/2004\/revisions"}],"predecessor-version":[{"id":3480,"href":"https:\/\/al-lift.com\/de\/wp-json\/wp\/v2\/pages\/2004\/revisions\/3480"}],"wp:attachment":[{"href":"https:\/\/al-lift.com\/de\/wp-json\/wp\/v2\/media?parent=2004"}],"curies":[{"name":"wp","href":"https:\/\/api.w.org\/{rel}","templated":true}]}}