{"id":1996,"date":"2024-07-03T14:14:20","date_gmt":"2024-07-03T12:14:20","guid":{"rendered":"https:\/\/al-lift.com\/?page_id=1996"},"modified":"2024-12-14T08:32:38","modified_gmt":"2024-12-14T07:32:38","slug":"reparatur","status":"publish","type":"page","link":"https:\/\/al-lift.com\/de\/reparation\/","title":{"rendered":"Reparatur"},"content":{"rendered":"<div data-elementor-type=\"wp-page\" data-elementor-id=\"1996\" class=\"elementor elementor-1996\" data-elementor-post-type=\"page\">\n\t\t\t\t<div class=\"elementor-element elementor-element-2ad85630 e-flex e-con-boxed e-con e-parent\" data-id=\"2ad85630\" data-element_type=\"container\" data-e-type=\"container\" data-settings=\"{&quot;background_background&quot;:&quot;classic&quot;,&quot;jet_parallax_layout_list&quot;:[]}\">\n\t\t\t\t\t<div class=\"e-con-inner\">\n\t\t\t\t\t<\/div>\n\t\t\t\t<\/div>\n\t\t<div class=\"elementor-element elementor-element-247a27b e-flex e-con-boxed e-con e-parent\" data-id=\"247a27b\" data-element_type=\"container\" data-e-type=\"container\" data-settings=\"{&quot;jet_parallax_layout_list&quot;:[]}\">\n\t\t\t\t\t<div class=\"e-con-inner\">\n\t\t<div class=\"elementor-element elementor-element-9d857d4 e-con-full e-flex e-con e-child\" data-id=\"9d857d4\" data-element_type=\"container\" data-e-type=\"container\" data-settings=\"{&quot;jet_parallax_layout_list&quot;:[]}\">\n\t\t\t\t<div class=\"elementor-element elementor-element-e68d9eb elementor-invisible elementor-widget elementor-widget-text-editor\" data-id=\"e68d9eb\" data-element_type=\"widget\" data-e-type=\"widget\" data-settings=\"{&quot;_animation&quot;:&quot;fadeIn&quot;,&quot;_animation_delay&quot;:100}\" data-widget_type=\"text-editor.default\">\n\t\t\t\t<div class=\"elementor-widget-container\">\n\t\t\t\t\t\t\t\t\t<h3>Reparatur<\/h3>\n<p>Selbst die besten Hebe- und F\u00f6rderger\u00e4te k\u00f6nnen kaputt gehen und m\u00fcssen von sachkundigen Fachleuten \u00fcberpr\u00fcft und repariert werden.<\/p>\n<p>Mit mehr als 35 Jahren Erfahrung in diesem Bereich bietet AL-Lift die Reparatur unserer Hebe- und F\u00f6rderger\u00e4te an, darunter Vakuumsaugkr\u00e4ne, Kr\u00e4ne, Kranbahnen und mehr.<\/p>\n<p>In unserer Servicewerkstatt in Lemvig stehen erfahrene und kompetente Mitarbeiter bereit, um Ihre Ger\u00e4te schnell zu reparieren, damit Sie bald wieder einsatzbereit sind - wir wissen, dass \u201dAusfallzeiten\u201d f\u00fcr Ihr Unternehmen mit Kosten verbunden sind. Deshalb bieten wir Ihnen in den F\u00e4llen, in denen es sinnvoll ist, auch an, die Reparaturen an Ihrem Arbeitsplatz - oder auch auf der Baustelle - durchzuf\u00fchren - unsere Techniker sind mit modernen Servicefahrzeugen mit den f\u00fcr die Reparatur erforderlichen Ersatzteilen ausgestattet - Ihre Garantie f\u00fcr beste Erfahrungen!<\/p>\n<p>Wenden Sie sich direkt an uns, um weitere Informationen zu erhalten und einen Termin f\u00fcr die Reparatur und\/oder die gesetzlich vorgeschriebene Inspektion zu vereinbaren unter <a href=\"tel:97101074\">97101074<\/a>.<\/p>\t\t\t\t\t\t\t\t<\/div>\n\t\t\t\t<\/div>\n\t\t\t\t<\/div>\n\t\t<div class=\"elementor-element elementor-element-bb816d8 e-con-full e-flex e-con e-child\" data-id=\"bb816d8\" data-element_type=\"container\" data-e-type=\"container\" data-settings=\"{&quot;jet_parallax_layout_list&quot;:[]}\">\n\t\t\t\t<div class=\"elementor-element elementor-element-0eb77ea elementor-widget elementor-widget-image\" data-id=\"0eb77ea\" data-element_type=\"widget\" data-e-type=\"widget\" data-widget_type=\"image.default\">\n\t\t\t\t<div class=\"elementor-widget-container\">\n\t\t\t\t\t\t\t\t\t\t\t\t\t\t\t<img alt=\"\" fetchpriority=\"high\" decoding=\"async\" width=\"300\" height=\"300\" src=\"https:\/\/al-lift.com\/wp-content\/uploads\/2024\/07\/Side-2-0.-AL-TELECRANE-300x300-2.jpg\" class=\"attachment-large size-large wp-image-2313\" srcset=\"https:\/\/al-lift.com\/wp-content\/uploads\/2024\/07\/Side-2-0.-AL-TELECRANE-300x300-2.jpg 300w, https:\/\/al-lift.com\/wp-content\/uploads\/2024\/07\/Side-2-0.-AL-TELECRANE-300x300-2-150x150.jpg 150w\" sizes=\"(max-width: 300px) 100vw, 300px\" \/>\t\t\t\t\t\t\t\t\t\t\t\t\t\t\t<\/div>\n\t\t\t\t<\/div>\n\t\t\t\t<div class=\"elementor-element elementor-element-279dd92 radial-in elementor-align-justify elementor-invisible elementor-widget elementor-widget-button\" data-id=\"279dd92\" data-element_type=\"widget\" data-e-type=\"widget\" data-settings=\"{&quot;_animation&quot;:&quot;fadeIn&quot;,&quot;_animation_delay&quot;:200}\" data-widget_type=\"button.default\">\n\t\t\t\t<div class=\"elementor-widget-container\">\n\t\t\t\t\t\t\t\t\t<div class=\"elementor-button-wrapper\">\n\t\t\t\t\t<a class=\"elementor-button elementor-button-link elementor-size-sm\" href=\"https:\/\/al-lift.com\/de\/kontakt\/\">\n\t\t\t\t\t\t<span class=\"elementor-button-content-wrapper\">\n\t\t\t\t\t\t\t\t\t<span class=\"elementor-button-text\">Kontaktieren Sie uns jetzt<\/span>\n\t\t\t\t\t<\/span>\n\t\t\t\t\t<\/a>\n\t\t\t\t<\/div>\n\t\t\t\t\t\t\t\t<\/div>\n\t\t\t\t<\/div>\n\t\t\t\t<\/div>\n\t\t\t\t\t<\/div>\n\t\t\t\t<\/div>\n\t\t\t\t<\/div>","protected":false},"excerpt":{"rendered":"<p>Reparation Selv det bedste l\u00f8fte- og h\u00e5ndteringsudstyr kan opleve nedbrud og har brug for check og reparation af kyndige fagfolk. AL-Lift tilbyder, med over 35 \u00e5rs erfaring indenfor omr\u00e5det, at udf\u00f8re reparation af vores l\u00f8fte- og h\u00e5ndteringsudstyr, herunder vakuumsug, kraner, kranbaner m.m. Vores servicev\u00e6rksted i Lemvig er bemandet med dygtige og erfarne reparat\u00f8rer, som er [&hellip;]<\/p>\n","protected":false},"author":1,"featured_media":0,"parent":0,"menu_order":0,"comment_status":"closed","ping_status":"closed","template":"elementor_header_footer","meta":{"_seopress_robots_primary_cat":"","_seopress_titles_title":"","_seopress_titles_desc":"","_seopress_robots_index":"","inline_featured_image":false,"footnotes":""},"class_list":["post-1996","page","type-page","status-publish","hentry"],"_links":{"self":[{"href":"https:\/\/al-lift.com\/de\/wp-json\/wp\/v2\/pages\/1996","targetHints":{"allow":["GET"]}}],"collection":[{"href":"https:\/\/al-lift.com\/de\/wp-json\/wp\/v2\/pages"}],"about":[{"href":"https:\/\/al-lift.com\/de\/wp-json\/wp\/v2\/types\/page"}],"author":[{"embeddable":true,"href":"https:\/\/al-lift.com\/de\/wp-json\/wp\/v2\/users\/1"}],"replies":[{"embeddable":true,"href":"https:\/\/al-lift.com\/de\/wp-json\/wp\/v2\/comments?post=1996"}],"version-history":[{"count":28,"href":"https:\/\/al-lift.com\/de\/wp-json\/wp\/v2\/pages\/1996\/revisions"}],"predecessor-version":[{"id":4146,"href":"https:\/\/al-lift.com\/de\/wp-json\/wp\/v2\/pages\/1996\/revisions\/4146"}],"wp:attachment":[{"href":"https:\/\/al-lift.com\/de\/wp-json\/wp\/v2\/media?parent=1996"}],"curies":[{"name":"wp","href":"https:\/\/api.w.org\/{rel}","templated":true}]}}