{"id":1994,"date":"2024-07-03T14:13:52","date_gmt":"2024-07-03T12:13:52","guid":{"rendered":"https:\/\/al-lift.com\/?page_id=1994"},"modified":"2024-12-16T10:24:58","modified_gmt":"2024-12-16T09:24:58","slug":"gesetzliche-prufung","status":"publish","type":"page","link":"https:\/\/al-lift.com\/de\/lovpligtig-eftersyn\/","title":{"rendered":"Gesetzliche Kontrolle"},"content":{"rendered":"<div data-elementor-type=\"wp-page\" data-elementor-id=\"1994\" class=\"elementor elementor-1994\" data-elementor-post-type=\"page\">\n\t\t\t\t<div class=\"elementor-element elementor-element-2ad85630 e-flex e-con-boxed e-con e-parent\" data-id=\"2ad85630\" data-element_type=\"container\" data-e-type=\"container\" data-settings=\"{&quot;background_background&quot;:&quot;classic&quot;,&quot;jet_parallax_layout_list&quot;:[]}\">\n\t\t\t\t\t<div class=\"e-con-inner\">\n\t\t\t\t\t<\/div>\n\t\t\t\t<\/div>\n\t\t<div class=\"elementor-element elementor-element-a829d32 e-flex e-con-boxed e-con e-parent\" data-id=\"a829d32\" data-element_type=\"container\" data-e-type=\"container\" data-settings=\"{&quot;jet_parallax_layout_list&quot;:[]}\">\n\t\t\t\t\t<div class=\"e-con-inner\">\n\t\t<div class=\"elementor-element elementor-element-5109f1d e-con-full e-flex e-con e-child\" data-id=\"5109f1d\" data-element_type=\"container\" data-e-type=\"container\" data-settings=\"{&quot;jet_parallax_layout_list&quot;:[]}\">\n\t\t\t\t<div class=\"elementor-element elementor-element-7b7deb0 elementor-invisible elementor-widget elementor-widget-text-editor\" data-id=\"7b7deb0\" data-element_type=\"widget\" data-e-type=\"widget\" data-settings=\"{&quot;_animation&quot;:&quot;fadeIn&quot;,&quot;_animation_delay&quot;:100}\" data-widget_type=\"text-editor.default\">\n\t\t\t\t<div class=\"elementor-widget-container\">\n\t\t\t\t\t\t\t\t\t<h3>Gesetzliche Kontrolle<\/h3>\n<p>\u00dcberpr\u00fcfungen und Inspektionen von Hebe- und F\u00f6rdermitteln m\u00fcssen von einer kompetenten Person gem\u00e4\u00df den hier genannten Richtlinien durchgef\u00fchrt werden.<\/p>\n<p>AL-Lift verf\u00fcgt \u00fcber mehr als 35 Jahre Erfahrung in diesem Bereich und ist spezialisiert auf die Durchf\u00fchrung der gesetzlich vorgeschriebenen Inspektionen Ihrer Hebezeuge, einschlie\u00dflich Vakuumsaugkr\u00e4ne, Kr\u00e4ne, Kranbahnen usw.<\/p>\n<p>Die gesetzlich vorgeschriebenen Inspektionen werden stets durch einen Wartungsbericht, eine Bescheinigung und ein Etikett dokumentiert, aus denen hervorgeht, wann die Inspektionen und Pr\u00fcflasten usw. durchgef\u00fchrt wurden. Mit den Pr\u00fcfungen soll sichergestellt werden, dass sich die Ger\u00e4te stets in einem sicheren Zustand befinden und den Vorschriften entsprechen, so dass von ihnen keine Gefahr f\u00fcr Mensch und Umwelt ausgeht.<\/p>\n<p>Unser Staubsaugerservice findet in der Regel bei Ihnen vor Ort statt, wo Ihr Hebezeug in Betrieb ist - kann aber nat\u00fcrlich auch bei Ihnen vor Ort stattfinden - oder wo auch immer Sie es w\u00fcnschen - unsere Techniker sind mit modernen Servicefahrzeugen mit den notwendigen Ersatzteilen ausgestattet - Ihre Garantie f\u00fcr beste Serviceerfahrung!<\/p>\n<p>Kontaktieren Sie uns direkt f\u00fcr weitere Informationen und vereinbaren Sie einen Termin f\u00fcr die gesetzlich vorgeschriebene Inspektion und\/oder Reparatur unter <a href=\"tel:97101074\">97101074<\/a>.<\/p>\t\t\t\t\t\t\t\t<\/div>\n\t\t\t\t<\/div>\n\t\t\t\t<\/div>\n\t\t<div class=\"elementor-element elementor-element-50540ef e-con-full e-flex e-con e-child\" data-id=\"50540ef\" data-element_type=\"container\" data-e-type=\"container\" data-settings=\"{&quot;jet_parallax_layout_list&quot;:[]}\">\n\t\t\t\t<div class=\"elementor-element elementor-element-c1d999d elementor-widget elementor-widget-image\" data-id=\"c1d999d\" data-element_type=\"widget\" data-e-type=\"widget\" data-widget_type=\"image.default\">\n\t\t\t\t<div class=\"elementor-widget-container\">\n\t\t\t\t\t\t\t\t\t\t\t\t\t\t\t<img alt=\"\" fetchpriority=\"high\" decoding=\"async\" width=\"300\" height=\"300\" src=\"https:\/\/al-lift.com\/wp-content\/uploads\/2024\/07\/Side-2-0.-AL-TELECRANE-300x300-2.jpg\" class=\"attachment-large size-large wp-image-2313\" srcset=\"https:\/\/al-lift.com\/wp-content\/uploads\/2024\/07\/Side-2-0.-AL-TELECRANE-300x300-2.jpg 300w, https:\/\/al-lift.com\/wp-content\/uploads\/2024\/07\/Side-2-0.-AL-TELECRANE-300x300-2-150x150.jpg 150w\" sizes=\"(max-width: 300px) 100vw, 300px\" \/>\t\t\t\t\t\t\t\t\t\t\t\t\t\t\t<\/div>\n\t\t\t\t<\/div>\n\t\t\t\t<div class=\"elementor-element elementor-element-53e8b18 radial-in elementor-align-justify elementor-invisible elementor-widget elementor-widget-button\" data-id=\"53e8b18\" data-element_type=\"widget\" data-e-type=\"widget\" data-settings=\"{&quot;_animation&quot;:&quot;fadeIn&quot;,&quot;_animation_delay&quot;:200}\" data-widget_type=\"button.default\">\n\t\t\t\t<div class=\"elementor-widget-container\">\n\t\t\t\t\t\t\t\t\t<div class=\"elementor-button-wrapper\">\n\t\t\t\t\t<a class=\"elementor-button elementor-button-link elementor-size-sm\" href=\"https:\/\/al-lift.com\/de\/kontakt\/\">\n\t\t\t\t\t\t<span class=\"elementor-button-content-wrapper\">\n\t\t\t\t\t\t\t\t\t<span class=\"elementor-button-text\">Kontaktieren Sie uns jetzt<\/span>\n\t\t\t\t\t<\/span>\n\t\t\t\t\t<\/a>\n\t\t\t\t<\/div>\n\t\t\t\t\t\t\t\t<\/div>\n\t\t\t\t<\/div>\n\t\t\t\t<\/div>\n\t\t\t\t\t<\/div>\n\t\t\t\t<\/div>\n\t\t\t\t<\/div>","protected":false},"excerpt":{"rendered":"<p>Lovpligtig eftersyn Kontrol og eftersyn af l\u00f8fte- &amp; h\u00e5ndteringsudstyr, skal foretages af en sagkyndig person i henhold til retningslinjerne angivet herfor. Hos AL-Lift er vi, med over 35 \u00e5rs erfaring indenfor omr\u00e5det, specialiseret i at udf\u00f8re det lovpligtige serviceeftersyn af dit l\u00f8fteudstyr, herunder vakuumsug, kraner, kranbaner m.m. Lovpligtigt eftersyn er altid dokumenteret via servicerapport, certifikat [&hellip;]<\/p>\n","protected":false},"author":1,"featured_media":0,"parent":0,"menu_order":0,"comment_status":"closed","ping_status":"closed","template":"elementor_header_footer","meta":{"_seopress_robots_primary_cat":"","_seopress_titles_title":"","_seopress_titles_desc":"","_seopress_robots_index":"","inline_featured_image":false,"footnotes":""},"class_list":["post-1994","page","type-page","status-publish","hentry"],"_links":{"self":[{"href":"https:\/\/al-lift.com\/de\/wp-json\/wp\/v2\/pages\/1994","targetHints":{"allow":["GET"]}}],"collection":[{"href":"https:\/\/al-lift.com\/de\/wp-json\/wp\/v2\/pages"}],"about":[{"href":"https:\/\/al-lift.com\/de\/wp-json\/wp\/v2\/types\/page"}],"author":[{"embeddable":true,"href":"https:\/\/al-lift.com\/de\/wp-json\/wp\/v2\/users\/1"}],"replies":[{"embeddable":true,"href":"https:\/\/al-lift.com\/de\/wp-json\/wp\/v2\/comments?post=1994"}],"version-history":[{"count":25,"href":"https:\/\/al-lift.com\/de\/wp-json\/wp\/v2\/pages\/1994\/revisions"}],"predecessor-version":[{"id":4361,"href":"https:\/\/al-lift.com\/de\/wp-json\/wp\/v2\/pages\/1994\/revisions\/4361"}],"wp:attachment":[{"href":"https:\/\/al-lift.com\/de\/wp-json\/wp\/v2\/media?parent=1994"}],"curies":[{"name":"wp","href":"https:\/\/api.w.org\/{rel}","templated":true}]}}