{"id":1992,"date":"2024-07-03T14:13:37","date_gmt":"2024-07-03T12:13:37","guid":{"rendered":"https:\/\/al-lift.com\/?page_id=1992"},"modified":"2024-12-16T10:23:12","modified_gmt":"2024-12-16T09:23:12","slug":"dienst","status":"publish","type":"page","link":"https:\/\/al-lift.com\/de\/service\/","title":{"rendered":"Dienst"},"content":{"rendered":"<div data-elementor-type=\"wp-page\" data-elementor-id=\"1992\" class=\"elementor elementor-1992\" data-elementor-post-type=\"page\">\n\t\t\t\t<div class=\"elementor-element elementor-element-2ad85630 e-flex e-con-boxed e-con e-parent\" data-id=\"2ad85630\" data-element_type=\"container\" data-e-type=\"container\" data-settings=\"{&quot;background_background&quot;:&quot;classic&quot;,&quot;jet_parallax_layout_list&quot;:[]}\">\n\t\t\t\t\t<div class=\"e-con-inner\">\n\t\t\t\t\t<\/div>\n\t\t\t\t<\/div>\n\t\t<div class=\"elementor-element elementor-element-ff13681 e-flex e-con-boxed e-con e-parent\" data-id=\"ff13681\" data-element_type=\"container\" data-e-type=\"container\" data-settings=\"{&quot;jet_parallax_layout_list&quot;:[]}\">\n\t\t\t\t\t<div class=\"e-con-inner\">\n\t\t<div class=\"elementor-element elementor-element-75900ed e-con-full e-flex e-con e-child\" data-id=\"75900ed\" data-element_type=\"container\" data-e-type=\"container\" data-settings=\"{&quot;jet_parallax_layout_list&quot;:[]}\">\n\t\t\t\t<div class=\"elementor-element elementor-element-ae9deb2 elementor-position-inline-start elementor-view-default elementor-mobile-position-block-start elementor-widget elementor-widget-icon-box\" data-id=\"ae9deb2\" data-element_type=\"widget\" data-e-type=\"widget\" data-widget_type=\"icon-box.default\">\n\t\t\t\t<div class=\"elementor-widget-container\">\n\t\t\t\t\t\t\t<div class=\"elementor-icon-box-wrapper\">\n\n\t\t\t\t\t\t<div class=\"elementor-icon-box-icon\">\n\t\t\t\t<a href=\"tel:97101074\" class=\"elementor-icon\" tabindex=\"-1\" aria-label=\"Anruf +45 97 10 10 74\">\n\t\t\t\t<i aria-hidden=\"true\" class=\"fas fa-phone-alt\"><\/i>\t\t\t\t<\/a>\n\t\t\t<\/div>\n\t\t\t\n\t\t\t\t\t\t<div class=\"elementor-icon-box-content\">\n\n\t\t\t\t\t\t\t\t\t<h3 class=\"elementor-icon-box-title\">\n\t\t\t\t\t\t<a href=\"tel:97101074\" >\n\t\t\t\t\t\t\tAnruf +45 97 10 10 74\t\t\t\t\t\t<\/a>\n\t\t\t\t\t<\/h3>\n\t\t\t\t\n\t\t\t\t\n\t\t\t<\/div>\n\t\t\t\n\t\t<\/div>\n\t\t\t\t\t\t<\/div>\n\t\t\t\t<\/div>\n\t\t\t\t<div class=\"elementor-element elementor-element-94c63e3 elementor-invisible elementor-widget elementor-widget-text-editor\" data-id=\"94c63e3\" data-element_type=\"widget\" data-e-type=\"widget\" data-settings=\"{&quot;_animation&quot;:&quot;fadeIn&quot;,&quot;_animation_delay&quot;:100}\" data-widget_type=\"text-editor.default\">\n\t\t\t\t<div class=\"elementor-widget-container\">\n\t\t\t\t\t\t\t\t\t<h3>Kontinuierlicher Service und Ersatzteile\u00a0<\/h3><p>Rufen Sie uns an, wenn Sie Hilfe ben\u00f6tigen und einen Termin f\u00fcr einen Pr\u00e4ventiv- oder Notdienst vereinbaren m\u00f6chten. Entweder kommt unser eigener Techniker oder einer unserer qualifizierten Partner. Alle Ger\u00e4te k\u00f6nnen selbstverst\u00e4ndlich zur Wartung, Reparatur oder Aktualisierung an Lemvig geschickt werden.<\/p><h3>Gesetzlich vorgeschriebene Sicherheitsinspektion\u00a0<\/h3><p>AL-Lift f\u00fchrt Service-Inspektionen selbst oder durch zertifizierte Partner durch. AL-Lift bietet Kurse f\u00fcr Partner an, damit diese einen qualifizierten Service an allen von AL-Lift gelieferten Maschinen durchf\u00fchren k\u00f6nnen. Die gesetzlich vorgeschriebene Sicherheitspr\u00fcfung wird alle 12 Monate durchgef\u00fchrt, gem\u00e4\u00df AT-Anweisung Nr. 2.3.0.2 vom Mai 1996 und Verordnung Nr. 1101 vom 14. Dezember 1992 sowie der AL-Lift-eigenen Checkliste<\/p>\t\t\t\t\t\t\t\t<\/div>\n\t\t\t\t<\/div>\n\t\t\t\t<\/div>\n\t\t<div class=\"elementor-element elementor-element-7ccf3b3 e-con-full e-flex e-con e-child\" data-id=\"7ccf3b3\" data-element_type=\"container\" data-e-type=\"container\" data-settings=\"{&quot;jet_parallax_layout_list&quot;:[]}\">\n\t\t\t\t<div class=\"elementor-element elementor-element-2b20b78 elementor-widget elementor-widget-image\" data-id=\"2b20b78\" data-element_type=\"widget\" data-e-type=\"widget\" data-widget_type=\"image.default\">\n\t\t\t\t<div class=\"elementor-widget-container\">\n\t\t\t\t\t\t\t\t\t\t\t\t\t\t\t<img decoding=\"async\" src=\"https:\/\/al-lift.com\/wp-content\/uploads\/2024\/07\/service.jpg\" title=\"\" alt=\"\" loading=\"lazy\" \/>\t\t\t\t\t\t\t\t\t\t\t\t\t\t\t<\/div>\n\t\t\t\t<\/div>\n\t\t\t\t<div class=\"elementor-element elementor-element-66731c6 radial-in elementor-align-justify elementor-invisible elementor-widget elementor-widget-button\" data-id=\"66731c6\" data-element_type=\"widget\" data-e-type=\"widget\" data-settings=\"{&quot;_animation&quot;:&quot;fadeIn&quot;,&quot;_animation_delay&quot;:200}\" data-widget_type=\"button.default\">\n\t\t\t\t<div class=\"elementor-widget-container\">\n\t\t\t\t\t\t\t\t\t<div class=\"elementor-button-wrapper\">\n\t\t\t\t\t<a class=\"elementor-button elementor-button-link elementor-size-sm\" href=\"https:\/\/al-lift.com\/de\/kontakt\/\">\n\t\t\t\t\t\t<span class=\"elementor-button-content-wrapper\">\n\t\t\t\t\t\t\t\t\t<span class=\"elementor-button-text\">Kontaktieren Sie uns jetzt<\/span>\n\t\t\t\t\t<\/span>\n\t\t\t\t\t<\/a>\n\t\t\t\t<\/div>\n\t\t\t\t\t\t\t\t<\/div>\n\t\t\t\t<\/div>\n\t\t\t\t<\/div>\n\t\t\t\t\t<\/div>\n\t\t\t\t<\/div>\n\t\t\t\t<\/div>","protected":false},"excerpt":{"rendered":"<p>Ring +45 97 10 10 74 L\u00f8bende service og reservedele\u00a0 Ring til os for hj\u00e6lp og tids reservation af forebyggende eller akut service. Enten kommer vores egen mont\u00f8r eller en af vores dygtige partnere. Alt udstyr kan naturligvis sendes til Lemvig for service, reparation eller opdatering. Lovpligtigt sikkerhedseftersyn\u00a0 AL-Lift udf\u00f8rer serviceeftersyn selv eller gennem certificerede [&hellip;]<\/p>\n","protected":false},"author":1,"featured_media":0,"parent":0,"menu_order":0,"comment_status":"closed","ping_status":"closed","template":"elementor_header_footer","meta":{"_seopress_robots_primary_cat":"","_seopress_titles_title":"","_seopress_titles_desc":"","_seopress_robots_index":"","inline_featured_image":false,"footnotes":""},"class_list":["post-1992","page","type-page","status-publish","hentry"],"_links":{"self":[{"href":"https:\/\/al-lift.com\/de\/wp-json\/wp\/v2\/pages\/1992","targetHints":{"allow":["GET"]}}],"collection":[{"href":"https:\/\/al-lift.com\/de\/wp-json\/wp\/v2\/pages"}],"about":[{"href":"https:\/\/al-lift.com\/de\/wp-json\/wp\/v2\/types\/page"}],"author":[{"embeddable":true,"href":"https:\/\/al-lift.com\/de\/wp-json\/wp\/v2\/users\/1"}],"replies":[{"embeddable":true,"href":"https:\/\/al-lift.com\/de\/wp-json\/wp\/v2\/comments?post=1992"}],"version-history":[{"count":20,"href":"https:\/\/al-lift.com\/de\/wp-json\/wp\/v2\/pages\/1992\/revisions"}],"predecessor-version":[{"id":4355,"href":"https:\/\/al-lift.com\/de\/wp-json\/wp\/v2\/pages\/1992\/revisions\/4355"}],"wp:attachment":[{"href":"https:\/\/al-lift.com\/de\/wp-json\/wp\/v2\/media?parent=1992"}],"curies":[{"name":"wp","href":"https:\/\/api.w.org\/{rel}","templated":true}]}}