{"id":1990,"date":"2024-07-03T14:12:32","date_gmt":"2024-07-03T12:12:32","guid":{"rendered":"https:\/\/al-lift.com\/?page_id=1990"},"modified":"2024-10-14T13:54:38","modified_gmt":"2024-10-14T11:54:38","slug":"andere","status":"publish","type":"page","link":"https:\/\/al-lift.com\/de\/andet\/","title":{"rendered":"Andere Produkte - Unsere andere Produkte"},"content":{"rendered":"<div data-elementor-type=\"wp-page\" data-elementor-id=\"1990\" class=\"elementor elementor-1990\" data-elementor-post-type=\"page\">\n\t\t\t\t<div class=\"elementor-element elementor-element-2ad85630 e-flex e-con-boxed e-con e-parent\" data-id=\"2ad85630\" data-element_type=\"container\" data-e-type=\"container\" data-settings=\"{&quot;background_background&quot;:&quot;classic&quot;,&quot;jet_parallax_layout_list&quot;:[]}\">\n\t\t\t\t\t<div class=\"e-con-inner\">\n\t\t\t\t\t<\/div>\n\t\t\t\t<\/div>\n\t\t<div class=\"elementor-element elementor-element-c06e97f e-flex e-con-boxed e-con e-parent\" data-id=\"c06e97f\" data-element_type=\"container\" data-e-type=\"container\" data-settings=\"{&quot;jet_parallax_layout_list&quot;:[]}\">\n\t\t\t\t\t<div class=\"e-con-inner\">\n\t\t<div class=\"elementor-element elementor-element-ad144ac e-con-full e-flex e-con e-child\" data-id=\"ad144ac\" data-element_type=\"container\" data-e-type=\"container\" data-settings=\"{&quot;jet_parallax_layout_list&quot;:[]}\">\n\t\t\t\t<div class=\"elementor-element elementor-element-5048fc7 elementor-invisible elementor-widget elementor-widget-text-editor\" data-id=\"5048fc7\" data-element_type=\"widget\" data-e-type=\"widget\" data-settings=\"{&quot;_animation&quot;:&quot;fadeIn&quot;,&quot;_animation_delay&quot;:100}\" data-widget_type=\"text-editor.default\">\n\t\t\t\t<div class=\"elementor-widget-container\">\n\t\t\t\t\t\t\t\t\t<p>Egal, ob Sie F\u00e4sser, Holz, Dosen oder Lebensmittel in verschiedenen Verpackungen heben m\u00fcssen, AL-Lift kann diese Aufgabe \u00fcbernehmen.<\/p><p>Z\u00f6gern Sie nicht, uns zu kontaktieren, wenn Sie auf dieser Seite keine L\u00f6sung finden.<\/p>\t\t\t\t\t\t\t\t<\/div>\n\t\t\t\t<\/div>\n\t\t\t\t<div class=\"elementor-element elementor-element-256837b radial-in elementor-invisible elementor-widget elementor-widget-button\" data-id=\"256837b\" data-element_type=\"widget\" data-e-type=\"widget\" data-settings=\"{&quot;_animation&quot;:&quot;fadeIn&quot;,&quot;_animation_delay&quot;:200}\" data-widget_type=\"button.default\">\n\t\t\t\t<div class=\"elementor-widget-container\">\n\t\t\t\t\t\t\t\t\t<div class=\"elementor-button-wrapper\">\n\t\t\t\t\t<a class=\"elementor-button elementor-button-link elementor-size-sm\" href=\"https:\/\/al-lift.com\/de\/kontakt\/\">\n\t\t\t\t\t\t<span class=\"elementor-button-content-wrapper\">\n\t\t\t\t\t\t\t\t\t<span class=\"elementor-button-text\">Kontaktieren Sie uns jetzt<\/span>\n\t\t\t\t\t<\/span>\n\t\t\t\t\t<\/a>\n\t\t\t\t<\/div>\n\t\t\t\t\t\t\t\t<\/div>\n\t\t\t\t<\/div>\n\t\t\t\t<\/div>\n\t\t\t\t\t<\/div>\n\t\t\t\t<\/div>\n\t\t<div class=\"elementor-element elementor-element-9b38509 e-flex e-con-boxed e-con e-parent\" data-id=\"9b38509\" data-element_type=\"container\" data-e-type=\"container\" data-settings=\"{&quot;jet_parallax_layout_list&quot;:[]}\">\n\t\t\t\t\t<div class=\"e-con-inner\">\n\t\t<div class=\"elementor-element elementor-element-e836d50 e-con-full e-flex e-con e-child\" data-id=\"e836d50\" data-element_type=\"container\" data-e-type=\"container\" data-settings=\"{&quot;jet_parallax_layout_list&quot;:[]}\">\n\t\t\t\t<div class=\"elementor-element elementor-element-8d61aed elementor-widget elementor-widget-jet-posts\" data-id=\"8d61aed\" data-element_type=\"widget\" data-e-type=\"widget\" data-settings=\"{&quot;columns&quot;:&quot;3&quot;,&quot;columns_tablet&quot;:&quot;2&quot;,&quot;columns_mobile&quot;:&quot;1&quot;,&quot;slides_to_scroll&quot;:&quot;1&quot;}\" data-widget_type=\"jet-posts.default\">\n\t\t\t\t<div class=\"elementor-widget-container\">\n\t\t\t\t\t<div class=\"elementor-jet-posts jet-elements\"><div class=\"jet-posts col-row\"><div class=\"jet-posts__item\">\n\t<div class=\"jet-posts__inner-box\"><div class=\"post-thumbnail\"><a href=\"https:\/\/al-lift.com\/de\/aluminium-durch-uno-el\/\" class=\"post-thumbnail__link\"><img loading=\"lazy\" decoding=\"async\" class=\"post-thumbnail__img wp-post-image\" src=\"https:\/\/al-lift.com\/wp-content\/uploads\/2024\/07\/AL-LIFT-TRAVERS-med-ELTALJE-enhandsbetjent-4-MAIN-300x300-2.jpg\" alt=\"Aluminium Travers Uno El\" width=\"300\" height=\"300\"><\/a><\/div><div class=\"jet-posts__inner-content\"><h4 class=\"entry-title\"><a href=\"https:\/\/al-lift.com\/de\/aluminium-durch-uno-el\/\" target=\"\">Aluminium Travers Uno El<\/a><\/h4><div class=\"post-meta\"><\/div><\/div><\/div>\n<\/div>\n<div class=\"jet-posts__item\">\n\t<div class=\"jet-posts__inner-box\"><div class=\"post-thumbnail\"><a href=\"https:\/\/al-lift.com\/de\/aluminiumtraverse-el\/\" class=\"post-thumbnail__link\"><img loading=\"lazy\" decoding=\"async\" class=\"post-thumbnail__img wp-post-image\" src=\"https:\/\/al-lift.com\/wp-content\/uploads\/2024\/07\/Side-15-5.-AL-TRAVERS-1-300x300-2.jpg\" alt=\"El Aluminium-Querbalken\" width=\"300\" height=\"300\"><\/a><\/div><div class=\"jet-posts__inner-content\"><h4 class=\"entry-title\"><a href=\"https:\/\/al-lift.com\/de\/aluminiumtraverse-el\/\" target=\"\">El Aluminium-Querbalken<\/a><\/h4><div class=\"post-meta\"><\/div><\/div><\/div>\n<\/div>\n<div class=\"jet-posts__item\">\n\t<div class=\"jet-posts__inner-box\"><div class=\"post-thumbnail\"><a href=\"https:\/\/al-lift.com\/de\/multilift\/\" class=\"post-thumbnail__link\"><img loading=\"lazy\" decoding=\"async\" class=\"post-thumbnail__img wp-post-image\" src=\"https:\/\/al-lift.com\/wp-content\/uploads\/2024\/07\/Side-12-0.-AL-MULTILIFT-300x300-2.jpg\" alt=\"Multilift\" width=\"300\" height=\"300\"><\/a><\/div><div class=\"jet-posts__inner-content\"><h4 class=\"entry-title\"><a href=\"https:\/\/al-lift.com\/de\/multilift\/\" target=\"\">Multilift<\/a><\/h4><div class=\"post-meta\"><\/div><\/div><\/div>\n<\/div>\n<div class=\"jet-posts__item\">\n\t<div class=\"jet-posts__inner-box\"><div class=\"post-thumbnail\"><a href=\"https:\/\/al-lift.com\/de\/butler-200-kabelloser-sauglifter\/\" class=\"post-thumbnail__link\"><img loading=\"lazy\" decoding=\"async\" class=\"post-thumbnail__img wp-post-image\" src=\"https:\/\/al-lift.com\/wp-content\/uploads\/2024\/07\/Side-16-0-300x300-2.jpg\" alt=\"Butler 200 Akkubetriebener Sauglifter\" width=\"300\" height=\"300\"><\/a><\/div><div class=\"jet-posts__inner-content\"><h4 class=\"entry-title\"><a href=\"https:\/\/al-lift.com\/de\/butler-200-kabelloser-sauglifter\/\" target=\"\">Butler 200 Akkubetriebener Sauglifter<\/a><\/h4><div class=\"post-meta\"><\/div><\/div><\/div>\n<\/div>\n<div class=\"jet-posts__item\">\n\t<div class=\"jet-posts__inner-box\"><div class=\"post-thumbnail\"><a href=\"https:\/\/al-lift.com\/de\/atomar-mit-lofteag\/\" class=\"post-thumbnail__link\"><img loading=\"lazy\" decoding=\"async\" class=\"post-thumbnail__img wp-post-image\" src=\"https:\/\/al-lift.com\/wp-content\/uploads\/2024\/07\/Side-18-0AL-ATOMIC-OK-300x300-1.jpg\" alt=\"Atomic mit Hubbalken\" width=\"300\" height=\"300\"><\/a><\/div><div class=\"jet-posts__inner-content\"><h4 class=\"entry-title\"><a href=\"https:\/\/al-lift.com\/de\/atomar-mit-lofteag\/\" target=\"\">Atomic mit Hubbalken<\/a><\/h4><div class=\"post-meta\"><\/div><\/div><\/div>\n<\/div>\n<div class=\"jet-posts__item\">\n\t<div class=\"jet-posts__inner-box\"><div class=\"post-thumbnail\"><a href=\"https:\/\/al-lift.com\/de\/telekran-vakuum-silo-montiert\/\" class=\"post-thumbnail__link\"><img loading=\"lazy\" decoding=\"async\" class=\"post-thumbnail__img wp-post-image\" src=\"https:\/\/al-lift.com\/wp-content\/uploads\/2024\/07\/Side-2-0.-AL-TELECRANE-300x300-2.jpg\" alt=\"Telekran Vakuum S\u00e4ulenmontiert\" width=\"300\" height=\"300\"><\/a><\/div><div class=\"jet-posts__inner-content\"><h4 class=\"entry-title\"><a href=\"https:\/\/al-lift.com\/de\/telekran-vakuum-silo-montiert\/\" target=\"\">Telekran Vakuum S\u00e4ulenmontiert<\/a><\/h4><div class=\"post-meta\"><\/div><\/div><\/div>\n<\/div>\n<div class=\"jet-posts__item\">\n\t<div class=\"jet-posts__inner-box\"><div class=\"post-thumbnail\"><a href=\"https:\/\/al-lift.com\/de\/telekran-aus-rostfreiem-stahl\/\" class=\"post-thumbnail__link\"><img loading=\"lazy\" decoding=\"async\" class=\"post-thumbnail__img wp-post-image\" src=\"https:\/\/al-lift.com\/wp-content\/uploads\/2024\/07\/Side-34-0.-AL-TELECRANE-rustfrit-stal-300x300-1.jpg\" alt=\"Telekran aus rostfreiem Stahl\" width=\"300\" height=\"300\"><\/a><\/div><div class=\"jet-posts__inner-content\"><h4 class=\"entry-title\"><a href=\"https:\/\/al-lift.com\/de\/telekran-aus-rostfreiem-stahl\/\" target=\"\">Telekran aus rostfreiem Stahl<\/a><\/h4><div class=\"post-meta\"><\/div><\/div><\/div>\n<\/div>\n<div class=\"jet-posts__item\">\n\t<div class=\"jet-posts__inner-box\"><div class=\"post-thumbnail\"><a href=\"https:\/\/al-lift.com\/de\/uno-el-mobile-pack\/\" class=\"post-thumbnail__link\"><img loading=\"lazy\" decoding=\"async\" class=\"post-thumbnail__img wp-post-image\" src=\"https:\/\/al-lift.com\/wp-content\/uploads\/2024\/07\/Side-33-2.-AL-PACK-MOBILE-EL-300x300-2.jpg\" alt=\"Pack Mobile Uno El\" width=\"300\" height=\"300\"><\/a><\/div><div class=\"jet-posts__inner-content\"><h4 class=\"entry-title\"><a href=\"https:\/\/al-lift.com\/de\/uno-el-mobile-pack\/\" target=\"\">Pack Mobile Uno El<\/a><\/h4><div class=\"post-meta\"><\/div><\/div><\/div>\n<\/div>\n<div class=\"jet-posts__item\">\n\t<div class=\"jet-posts__inner-box\"><div class=\"post-thumbnail\"><a href=\"https:\/\/al-lift.com\/de\/megavac-6t-vakuum-hubdach\/\" class=\"post-thumbnail__link\"><img loading=\"lazy\" decoding=\"async\" class=\"post-thumbnail__img wp-post-image\" src=\"https:\/\/al-lift.com\/wp-content\/uploads\/2024\/07\/Megavac-6T-hovedfoto-300x300-1.jpg\" alt=\"Megavac 6t Vakuumtraverse\" width=\"300\" height=\"300\"><\/a><\/div><div class=\"jet-posts__inner-content\"><h4 class=\"entry-title\"><a href=\"https:\/\/al-lift.com\/de\/megavac-6t-vakuum-hubdach\/\" target=\"\">Megavac 6t Vakuumtraverse<\/a><\/h4><div class=\"post-meta\"><\/div><\/div><\/div>\n<\/div>\n<\/div>\n<\/div>\t\t\t\t<\/div>\n\t\t\t\t<\/div>\n\t\t\t\t<\/div>\n\t\t\t\t\t<\/div>\n\t\t\t\t<\/div>\n\t\t\t\t<\/div>","protected":false},"excerpt":{"rendered":"<p>Hvad enten du skal l\u00f8fte t\u00f8nder, tr\u00e6, dunke eller f\u00f8devarer i forskelligt emballage s\u00e5 kan AL-Lift klare opgaven. T\u00f8v ikke med at kontakte os, hvis du ikke finder en l\u00f8sning her p\u00e5 siden. Kontakt os nu Alu-Travers Vakuum klemmev\u00e6rkt\u00f8j Alu-Travers Rustfrit st\u00e5l Alu-Travers Vakuum Toh\u00e5ndsbetjent Alu-Travers Uno Vakuum Alu-Travers Uno El Alu-Travers El Multilift Spider [&hellip;]<\/p>\n","protected":false},"author":1,"featured_media":0,"parent":0,"menu_order":0,"comment_status":"closed","ping_status":"closed","template":"elementor_header_footer","meta":{"_seopress_robots_primary_cat":"","_seopress_titles_title":"","_seopress_titles_desc":"","_seopress_robots_index":"","inline_featured_image":false,"footnotes":""},"class_list":["post-1990","page","type-page","status-publish","hentry"],"_links":{"self":[{"href":"https:\/\/al-lift.com\/de\/wp-json\/wp\/v2\/pages\/1990","targetHints":{"allow":["GET"]}}],"collection":[{"href":"https:\/\/al-lift.com\/de\/wp-json\/wp\/v2\/pages"}],"about":[{"href":"https:\/\/al-lift.com\/de\/wp-json\/wp\/v2\/types\/page"}],"author":[{"embeddable":true,"href":"https:\/\/al-lift.com\/de\/wp-json\/wp\/v2\/users\/1"}],"replies":[{"embeddable":true,"href":"https:\/\/al-lift.com\/de\/wp-json\/wp\/v2\/comments?post=1990"}],"version-history":[{"count":10,"href":"https:\/\/al-lift.com\/de\/wp-json\/wp\/v2\/pages\/1990\/revisions"}],"predecessor-version":[{"id":3581,"href":"https:\/\/al-lift.com\/de\/wp-json\/wp\/v2\/pages\/1990\/revisions\/3581"}],"wp:attachment":[{"href":"https:\/\/al-lift.com\/de\/wp-json\/wp\/v2\/media?parent=1990"}],"curies":[{"name":"wp","href":"https:\/\/api.w.org\/{rel}","templated":true}]}}