{"id":1984,"date":"2024-07-03T14:11:19","date_gmt":"2024-07-03T12:11:19","guid":{"rendered":"https:\/\/al-lift.com\/?page_id=1984"},"modified":"2026-02-27T08:03:39","modified_gmt":"2026-02-27T07:03:39","slug":"gipsplatten","status":"publish","type":"page","link":"https:\/\/al-lift.com\/de\/gipsplader\/","title":{"rendered":"Gipskarton"},"content":{"rendered":"<div data-elementor-type=\"wp-page\" data-elementor-id=\"1984\" class=\"elementor elementor-1984\" data-elementor-post-type=\"page\">\n\t\t\t\t<div class=\"elementor-element elementor-element-2ad85630 e-flex e-con-boxed e-con e-parent\" data-id=\"2ad85630\" data-element_type=\"container\" data-e-type=\"container\" data-settings=\"{&quot;background_background&quot;:&quot;classic&quot;,&quot;jet_parallax_layout_list&quot;:[]}\">\n\t\t\t\t\t<div class=\"e-con-inner\">\n\t\t\t\t\t<\/div>\n\t\t\t\t<\/div>\n\t\t<div class=\"elementor-element elementor-element-60d12a2 e-flex e-con-boxed e-con e-parent\" data-id=\"60d12a2\" data-element_type=\"container\" data-e-type=\"container\" data-settings=\"{&quot;jet_parallax_layout_list&quot;:[]}\">\n\t\t\t\t\t<div class=\"e-con-inner\">\n\t\t<div class=\"elementor-element elementor-element-4741ccb e-con-full e-flex e-con e-child\" data-id=\"4741ccb\" data-element_type=\"container\" data-e-type=\"container\" data-settings=\"{&quot;jet_parallax_layout_list&quot;:[]}\">\n\t\t\t\t<div class=\"elementor-element elementor-element-0190004 elementor-invisible elementor-widget elementor-widget-text-editor\" data-id=\"0190004\" data-element_type=\"widget\" data-e-type=\"widget\" data-settings=\"{&quot;_animation&quot;:&quot;fadeIn&quot;,&quot;_animation_delay&quot;:100}\" data-widget_type=\"text-editor.default\">\n\t\t\t\t<div class=\"elementor-widget-container\">\n\t\t\t\t\t\t\t\t\t<p>Die Handhabung von Gipskartonplatten kann eine schwierige Aufgabe sein, die oft viel Zeit und M\u00fche erfordert. Deshalb hat AL-Lift eine Reihe von Werkzeugen entwickelt, um die Arbeit auf der Baustelle zu erleichtern.<\/p><p>Flexmover ist nicht nur eine geniale L\u00f6sung f\u00fcr Gipsplatten, sondern kann auch f\u00fcr andere Baumaterialien verwendet werden.<\/p>\t\t\t\t\t\t\t\t<\/div>\n\t\t\t\t<\/div>\n\t\t\t\t<div class=\"elementor-element elementor-element-5b09ae3 radial-in elementor-invisible elementor-widget elementor-widget-button\" data-id=\"5b09ae3\" data-element_type=\"widget\" data-e-type=\"widget\" data-settings=\"{&quot;_animation&quot;:&quot;fadeIn&quot;,&quot;_animation_delay&quot;:200}\" data-widget_type=\"button.default\">\n\t\t\t\t<div class=\"elementor-widget-container\">\n\t\t\t\t\t\t\t\t\t<div class=\"elementor-button-wrapper\">\n\t\t\t\t\t<a class=\"elementor-button elementor-button-link elementor-size-sm\" href=\"https:\/\/al-lift.com\/de\/kontakt\/\">\n\t\t\t\t\t\t<span class=\"elementor-button-content-wrapper\">\n\t\t\t\t\t\t\t\t\t<span class=\"elementor-button-text\">Kontaktieren Sie uns jetzt<\/span>\n\t\t\t\t\t<\/span>\n\t\t\t\t\t<\/a>\n\t\t\t\t<\/div>\n\t\t\t\t\t\t\t\t<\/div>\n\t\t\t\t<\/div>\n\t\t\t\t<\/div>\n\t\t\t\t\t<\/div>\n\t\t\t\t<\/div>\n\t\t<div class=\"elementor-element elementor-element-f026a8c e-flex e-con-boxed e-con e-parent\" data-id=\"f026a8c\" data-element_type=\"container\" data-e-type=\"container\" data-settings=\"{&quot;jet_parallax_layout_list&quot;:[]}\">\n\t\t\t\t\t<div class=\"e-con-inner\">\n\t\t<div class=\"elementor-element elementor-element-be74410 e-con-full e-flex e-con e-child\" data-id=\"be74410\" data-element_type=\"container\" data-e-type=\"container\" data-settings=\"{&quot;jet_parallax_layout_list&quot;:[]}\">\n\t\t\t\t<div class=\"elementor-element elementor-element-c916cb3 elementor-widget elementor-widget-jet-posts\" data-id=\"c916cb3\" data-element_type=\"widget\" data-e-type=\"widget\" data-settings=\"{&quot;columns&quot;:&quot;3&quot;,&quot;columns_tablet&quot;:&quot;2&quot;,&quot;columns_mobile&quot;:&quot;1&quot;,&quot;slides_to_scroll&quot;:&quot;1&quot;}\" data-widget_type=\"jet-posts.default\">\n\t\t\t\t<div class=\"elementor-widget-container\">\n\t\t\t\t\t<div class=\"elementor-jet-posts jet-elements\"><div class=\"jet-posts col-row\"><div class=\"jet-posts__item\">\n\t<div class=\"jet-posts__inner-box\"><div class=\"post-thumbnail\"><a href=\"https:\/\/al-lift.com\/de\/verschiebewagen\/\" class=\"post-thumbnail__link\"><img loading=\"lazy\" decoding=\"async\" class=\"post-thumbnail__img wp-post-image\" src=\"https:\/\/al-lift.com\/wp-content\/uploads\/2024\/07\/MOVERTROLLEY_IMG_2663-e1578581168163-300x300-1.jpg\" alt=\"Verschiebewagen\" width=\"300\" height=\"300\"><\/a><\/div><div class=\"jet-posts__inner-content\"><h4 class=\"entry-title\"><a href=\"https:\/\/al-lift.com\/de\/verschiebewagen\/\" target=\"\">Verschiebewagen<\/a><\/h4><div class=\"post-meta\"><\/div><\/div><\/div>\n<\/div>\n<div class=\"jet-posts__item\">\n\t<div class=\"jet-posts__inner-box\"><div class=\"post-thumbnail\"><a href=\"https:\/\/al-lift.com\/de\/moverstation\/\" class=\"post-thumbnail__link\"><img loading=\"lazy\" decoding=\"async\" class=\"post-thumbnail__img wp-post-image\" src=\"https:\/\/al-lift.com\/wp-content\/uploads\/2024\/07\/MoverStation-300x300-2.jpg\" alt=\"Moverstation\" width=\"300\" height=\"300\"><\/a><\/div><div class=\"jet-posts__inner-content\"><h4 class=\"entry-title\"><a href=\"https:\/\/al-lift.com\/de\/moverstation\/\" target=\"\">Moverstation<\/a><\/h4><div class=\"post-meta\"><\/div><\/div><\/div>\n<\/div>\n<div class=\"jet-posts__item\">\n\t<div class=\"jet-posts__inner-box\"><div class=\"post-thumbnail\"><a href=\"https:\/\/al-lift.com\/de\/flexmover-90g\/\" class=\"post-thumbnail__link\"><img loading=\"lazy\" decoding=\"async\" class=\"post-thumbnail__img wp-post-image\" src=\"https:\/\/al-lift.com\/wp-content\/uploads\/2024\/07\/frontpage-300x300-2.jpg\" alt=\"Flexmover 90g\" width=\"300\" height=\"300\"><\/a><\/div><div class=\"jet-posts__inner-content\"><h4 class=\"entry-title\"><a href=\"https:\/\/al-lift.com\/de\/flexmover-90g\/\" target=\"\">Flexmover 90g<\/a><\/h4><div class=\"post-meta\"><\/div><\/div><\/div>\n<\/div>\n<div class=\"jet-posts__item\">\n\t<div class=\"jet-posts__inner-box\"><div class=\"post-thumbnail\"><a href=\"https:\/\/al-lift.com\/de\/flexmover-terra\/\" class=\"post-thumbnail__link\"><img loading=\"lazy\" decoding=\"async\" class=\"post-thumbnail__img wp-post-image\" src=\"https:\/\/al-lift.com\/wp-content\/uploads\/2024\/07\/Terra-IMG_4695-300x300-2.jpg\" alt=\"Flexmover Terra\" width=\"300\" height=\"300\"><\/a><\/div><div class=\"jet-posts__inner-content\"><h4 class=\"entry-title\"><a href=\"https:\/\/al-lift.com\/de\/flexmover-terra\/\" target=\"\">Flexmover Terra<\/a><\/h4><div class=\"post-meta\"><\/div><\/div><\/div>\n<\/div>\n<div class=\"jet-posts__item\">\n\t<div class=\"jet-posts__inner-box\"><div class=\"post-thumbnail\"><a href=\"https:\/\/al-lift.com\/de\/flexmover-original\/\" class=\"post-thumbnail__link\"><img loading=\"lazy\" decoding=\"async\" class=\"post-thumbnail__img wp-post-image\" src=\"https:\/\/al-lift.com\/wp-content\/uploads\/2024\/07\/FLEXMOVER-4_2-300x300_2-2.jpg\" alt=\"Flexmover Original\" width=\"300\" height=\"300\"><\/a><\/div><div class=\"jet-posts__inner-content\"><h4 class=\"entry-title\"><a href=\"https:\/\/al-lift.com\/de\/flexmover-original\/\" target=\"\">Flexmover Original<\/a><\/h4><div class=\"post-meta\"><\/div><\/div><\/div>\n<\/div>\n<\/div>\n<\/div>\t\t\t\t<\/div>\n\t\t\t\t<\/div>\n\t\t\t\t<\/div>\n\t\t\t\t\t<\/div>\n\t\t\t\t<\/div>\n\t\t\t\t<\/div>","protected":false},"excerpt":{"rendered":"<p>Die Handhabung von Gipskartonplatten kann eine schwierige Aufgabe sein, die oft viel Zeit und M\u00fche erfordert. Deshalb hat AL-Lift eine Reihe von Werkzeugen entwickelt, um die Arbeit auf der Baustelle zu erleichtern. Der Flexmover ist nicht nur eine geniale L\u00f6sung f\u00fcr Gipsplatten, sondern kann auch f\u00fcr andere Baumaterialien verwendet werden. Kontaktieren Sie uns jetzt Mover-Wagen Mover-Station Flexmover 90g Flexmover Terra Flexmover Original<\/p>","protected":false},"author":1,"featured_media":0,"parent":0,"menu_order":0,"comment_status":"closed","ping_status":"closed","template":"elementor_header_footer","meta":{"_seopress_robots_primary_cat":"","_seopress_titles_title":"","_seopress_titles_desc":"","_seopress_robots_index":"","inline_featured_image":false,"footnotes":""},"class_list":["post-1984","page","type-page","status-publish","hentry"],"_links":{"self":[{"href":"https:\/\/al-lift.com\/de\/wp-json\/wp\/v2\/pages\/1984","targetHints":{"allow":["GET"]}}],"collection":[{"href":"https:\/\/al-lift.com\/de\/wp-json\/wp\/v2\/pages"}],"about":[{"href":"https:\/\/al-lift.com\/de\/wp-json\/wp\/v2\/types\/page"}],"author":[{"embeddable":true,"href":"https:\/\/al-lift.com\/de\/wp-json\/wp\/v2\/users\/1"}],"replies":[{"embeddable":true,"href":"https:\/\/al-lift.com\/de\/wp-json\/wp\/v2\/comments?post=1984"}],"version-history":[{"count":25,"href":"https:\/\/al-lift.com\/de\/wp-json\/wp\/v2\/pages\/1984\/revisions"}],"predecessor-version":[{"id":4764,"href":"https:\/\/al-lift.com\/de\/wp-json\/wp\/v2\/pages\/1984\/revisions\/4764"}],"wp:attachment":[{"href":"https:\/\/al-lift.com\/de\/wp-json\/wp\/v2\/media?parent=1984"}],"curies":[{"name":"wp","href":"https:\/\/api.w.org\/{rel}","templated":true}]}}