{"id":1978,"date":"2024-07-03T14:10:35","date_gmt":"2024-07-03T12:10:35","guid":{"rendered":"https:\/\/al-lift.com\/?page_id=1978"},"modified":"2026-02-27T08:02:21","modified_gmt":"2026-02-27T07:02:21","slug":"fliesen","status":"publish","type":"page","link":"https:\/\/al-lift.com\/de\/fliser\/","title":{"rendered":"Kacheln"},"content":{"rendered":"<div data-elementor-type=\"wp-page\" data-elementor-id=\"1978\" class=\"elementor elementor-1978\" data-elementor-post-type=\"page\">\n\t\t\t\t<div class=\"elementor-element elementor-element-2ad85630 e-flex e-con-boxed e-con e-parent\" data-id=\"2ad85630\" data-element_type=\"container\" data-e-type=\"container\" data-settings=\"{&quot;background_background&quot;:&quot;classic&quot;,&quot;jet_parallax_layout_list&quot;:[]}\">\n\t\t\t\t\t<div class=\"e-con-inner\">\n\t\t\t\t\t<\/div>\n\t\t\t\t<\/div>\n\t\t<div class=\"elementor-element elementor-element-56c8166 e-flex e-con-boxed e-con e-parent\" data-id=\"56c8166\" data-element_type=\"container\" data-e-type=\"container\" data-settings=\"{&quot;jet_parallax_layout_list&quot;:[]}\">\n\t\t\t\t\t<div class=\"e-con-inner\">\n\t\t<div class=\"elementor-element elementor-element-d08f348 e-con-full e-flex e-con e-child\" data-id=\"d08f348\" data-element_type=\"container\" data-e-type=\"container\" data-settings=\"{&quot;jet_parallax_layout_list&quot;:[]}\">\n\t\t\t\t<div class=\"elementor-element elementor-element-0063290 elementor-invisible elementor-widget elementor-widget-text-editor\" data-id=\"0063290\" data-element_type=\"widget\" data-e-type=\"widget\" data-settings=\"{&quot;_animation&quot;:&quot;fadeIn&quot;,&quot;_animation_delay&quot;:100}\" data-widget_type=\"text-editor.default\">\n\t\t\t\t<div class=\"elementor-widget-container\">\n\t\t\t\t\t\t\t\t\t<p>AL-Lift verf\u00fcgt \u00fcber eine breite Palette von Vakuumhebern, die Ihre Fliesen m\u00fchelos anheben k\u00f6nnen.\u00a0<\/p><p>Mit einem Fliesenheber von AL-Lift wird schwere Arbeit zu einer leichten Aufgabe, wobei der Fliesenheber Ihren R\u00fccken schont und Ihren Arbeitsablauf rationalisiert.<\/p>\t\t\t\t\t\t\t\t<\/div>\n\t\t\t\t<\/div>\n\t\t\t\t<div class=\"elementor-element elementor-element-0107f94 radial-in elementor-invisible elementor-widget elementor-widget-button\" data-id=\"0107f94\" data-element_type=\"widget\" data-e-type=\"widget\" data-settings=\"{&quot;_animation&quot;:&quot;fadeIn&quot;,&quot;_animation_delay&quot;:200}\" data-widget_type=\"button.default\">\n\t\t\t\t<div class=\"elementor-widget-container\">\n\t\t\t\t\t\t\t\t\t<div class=\"elementor-button-wrapper\">\n\t\t\t\t\t<a class=\"elementor-button elementor-button-link elementor-size-sm\" href=\"https:\/\/al-lift.com\/de\/kontakt\/\">\n\t\t\t\t\t\t<span class=\"elementor-button-content-wrapper\">\n\t\t\t\t\t\t\t\t\t<span class=\"elementor-button-text\">Kontaktieren Sie uns jetzt<\/span>\n\t\t\t\t\t<\/span>\n\t\t\t\t\t<\/a>\n\t\t\t\t<\/div>\n\t\t\t\t\t\t\t\t<\/div>\n\t\t\t\t<\/div>\n\t\t\t\t<\/div>\n\t\t\t\t\t<\/div>\n\t\t\t\t<\/div>\n\t\t<div class=\"elementor-element elementor-element-e647eff e-flex e-con-boxed e-con e-parent\" data-id=\"e647eff\" data-element_type=\"container\" data-e-type=\"container\" data-settings=\"{&quot;jet_parallax_layout_list&quot;:[]}\">\n\t\t\t\t\t<div class=\"e-con-inner\">\n\t\t<div class=\"elementor-element elementor-element-592198a e-con-full e-flex e-con e-child\" data-id=\"592198a\" data-element_type=\"container\" data-e-type=\"container\" data-settings=\"{&quot;jet_parallax_layout_list&quot;:[]}\">\n\t\t\t\t<div class=\"elementor-element elementor-element-38b1a27 elementor-widget elementor-widget-jet-posts\" data-id=\"38b1a27\" data-element_type=\"widget\" data-e-type=\"widget\" data-settings=\"{&quot;columns&quot;:&quot;3&quot;,&quot;columns_tablet&quot;:&quot;2&quot;,&quot;columns_mobile&quot;:&quot;1&quot;,&quot;slides_to_scroll&quot;:&quot;1&quot;}\" data-widget_type=\"jet-posts.default\">\n\t\t\t\t<div class=\"elementor-widget-container\">\n\t\t\t\t\t<div class=\"elementor-jet-posts jet-elements\"><div class=\"jet-posts col-row\"><div class=\"jet-posts__item\">\n\t<div class=\"jet-posts__inner-box\"><div class=\"post-thumbnail\"><a href=\"https:\/\/al-lift.com\/de\/megavac-24-tonnen\/\" class=\"post-thumbnail__link\"><img loading=\"lazy\" decoding=\"async\" class=\"post-thumbnail__img wp-post-image\" src=\"https:\/\/al-lift.com\/wp-content\/uploads\/2024\/07\/1.-AL-MEGAVAC-24000-300x300-2.jpg\" alt=\"Megavac 24 Tonnen\" width=\"300\" height=\"300\"><\/a><\/div><div class=\"jet-posts__inner-content\"><h4 class=\"entry-title\"><a href=\"https:\/\/al-lift.com\/de\/megavac-24-tonnen\/\" target=\"\">Megavac 24 Tonnen<\/a><\/h4><div class=\"post-meta\"><\/div><\/div><\/div>\n<\/div>\n<div class=\"jet-posts__item\">\n\t<div class=\"jet-posts__inner-box\"><div class=\"post-thumbnail\"><a href=\"https:\/\/al-lift.com\/de\/taifun-1000\/\" class=\"post-thumbnail__link\"><img loading=\"lazy\" decoding=\"async\" class=\"post-thumbnail__img wp-post-image\" src=\"https:\/\/al-lift.com\/wp-content\/uploads\/2024\/07\/1.-AL-TYPHOON-1000-MAIN-300x300-1.jpg\" alt=\"Typhoon 1000\" width=\"300\" height=\"300\"><\/a><\/div><div class=\"jet-posts__inner-content\"><h4 class=\"entry-title\"><a href=\"https:\/\/al-lift.com\/de\/taifun-1000\/\" target=\"\">Typhoon 1000<\/a><\/h4><div class=\"post-meta\"><\/div><\/div><\/div>\n<\/div>\n<div class=\"jet-posts__item\">\n\t<div class=\"jet-posts__inner-box\"><div class=\"post-thumbnail\"><a href=\"https:\/\/al-lift.com\/de\/dynamisch-8000\/\" class=\"post-thumbnail__link\"><img loading=\"lazy\" decoding=\"async\" class=\"post-thumbnail__img wp-post-image\" src=\"https:\/\/al-lift.com\/wp-content\/uploads\/2024\/07\/1.AL-DYNAMIC-8000-MAIN-300x300-2.jpg\" alt=\"Dynamic 8000\" width=\"300\" height=\"300\"><\/a><\/div><div class=\"jet-posts__inner-content\"><h4 class=\"entry-title\"><a href=\"https:\/\/al-lift.com\/de\/dynamisch-8000\/\" target=\"\">Dynamic 8000<\/a><\/h4><div class=\"post-meta\"><\/div><\/div><\/div>\n<\/div>\n<div class=\"jet-posts__item\">\n\t<div class=\"jet-posts__inner-box\"><div class=\"post-thumbnail\"><a href=\"https:\/\/al-lift.com\/de\/sputnik\/\" class=\"post-thumbnail__link\"><img loading=\"lazy\" decoding=\"async\" class=\"post-thumbnail__img wp-post-image\" src=\"https:\/\/al-lift.com\/wp-content\/uploads\/2024\/07\/IMG_2130-300x300-1.jpg\" alt=\"Sputnik\" width=\"300\" height=\"300\"><\/a><\/div><div class=\"jet-posts__inner-content\"><h4 class=\"entry-title\"><a href=\"https:\/\/al-lift.com\/de\/sputnik\/\" target=\"\">Sputnik<\/a><\/h4><div class=\"post-meta\"><\/div><\/div><\/div>\n<\/div>\n<div class=\"jet-posts__item\">\n\t<div class=\"jet-posts__inner-box\"><div class=\"post-thumbnail\"><a href=\"https:\/\/al-lift.com\/de\/mobivac\/\" class=\"post-thumbnail__link\"><img loading=\"lazy\" decoding=\"async\" class=\"post-thumbnail__img wp-post-image\" src=\"https:\/\/al-lift.com\/wp-content\/uploads\/2024\/07\/AL-MOBIVAC-7-300x300-1-e1720421301986.jpg\" alt=\"Mobivac\" width=\"300\" height=\"300\"><\/a><\/div><div class=\"jet-posts__inner-content\"><h4 class=\"entry-title\"><a href=\"https:\/\/al-lift.com\/de\/mobivac\/\" target=\"\">Mobivac<\/a><\/h4><div class=\"post-meta\"><\/div><\/div><\/div>\n<\/div>\n<div class=\"jet-posts__item\">\n\t<div class=\"jet-posts__inner-box\"><div class=\"post-thumbnail\"><a href=\"https:\/\/al-lift.com\/de\/manolay\/\" class=\"post-thumbnail__link\"><img loading=\"lazy\" decoding=\"async\" class=\"post-thumbnail__img wp-post-image\" src=\"https:\/\/al-lift.com\/wp-content\/uploads\/2024\/07\/AL-MANOLAY-4-300x300-1.jpg\" alt=\"Manolay\" width=\"300\" height=\"300\"><\/a><\/div><div class=\"jet-posts__inner-content\"><h4 class=\"entry-title\"><a href=\"https:\/\/al-lift.com\/de\/manolay\/\" target=\"\">Manolay<\/a><\/h4><div class=\"post-meta\"><\/div><\/div><\/div>\n<\/div>\n<div class=\"jet-posts__item\">\n\t<div class=\"jet-posts__inner-box\"><div class=\"post-thumbnail\"><a href=\"https:\/\/al-lift.com\/de\/dynamisch-1000\/\" class=\"post-thumbnail__link\"><img loading=\"lazy\" decoding=\"async\" class=\"post-thumbnail__img wp-post-image\" src=\"https:\/\/al-lift.com\/wp-content\/uploads\/2024\/07\/1.-AL-DYNAMIC-1000-MAIN-300x300-1.jpg\" alt=\"Dynamic 1000\" width=\"300\" height=\"300\"><\/a><\/div><div class=\"jet-posts__inner-content\"><h4 class=\"entry-title\"><a href=\"https:\/\/al-lift.com\/de\/dynamisch-1000\/\" target=\"\">Dynamic 1000<\/a><\/h4><div class=\"post-meta\"><\/div><\/div><\/div>\n<\/div>\n<div class=\"jet-posts__item\">\n\t<div class=\"jet-posts__inner-box\"><div class=\"post-thumbnail\"><a href=\"https:\/\/al-lift.com\/de\/butler-200\/\" class=\"post-thumbnail__link\"><img loading=\"lazy\" decoding=\"async\" class=\"post-thumbnail__img wp-post-image\" src=\"https:\/\/al-lift.com\/wp-content\/uploads\/2024\/07\/1.-AL-BUTLER-200-MAIN-300x300-1.jpg\" alt=\"Butler 200\" width=\"300\" height=\"300\"><\/a><\/div><div class=\"jet-posts__inner-content\"><h4 class=\"entry-title\"><a href=\"https:\/\/al-lift.com\/de\/butler-200\/\" target=\"\">Butler 200<\/a><\/h4><div class=\"post-meta\"><\/div><\/div><\/div>\n<\/div>\n<div class=\"jet-posts__item\">\n\t<div class=\"jet-posts__inner-box\"><div class=\"post-thumbnail\"><a href=\"https:\/\/al-lift.com\/de\/blazer-2000\/\" class=\"post-thumbnail__link\"><img loading=\"lazy\" decoding=\"async\" class=\"post-thumbnail__img wp-post-image\" src=\"https:\/\/al-lift.com\/wp-content\/uploads\/2024\/07\/AL-BLAZER-foto-retoucheret-fra-construction-brochure-300x300-1.jpg\" alt=\"Blazer 2000\" width=\"300\" height=\"300\"><\/a><\/div><div class=\"jet-posts__inner-content\"><h4 class=\"entry-title\"><a href=\"https:\/\/al-lift.com\/de\/blazer-2000\/\" target=\"\">Blazer 2000<\/a><\/h4><div class=\"post-meta\"><\/div><\/div><\/div>\n<\/div>\n<div class=\"jet-posts__item\">\n\t<div class=\"jet-posts__inner-box\"><div class=\"post-thumbnail\"><a href=\"https:\/\/al-lift.com\/de\/atomar-5000\/\" class=\"post-thumbnail__link\"><img loading=\"lazy\" decoding=\"async\" class=\"post-thumbnail__img wp-post-image\" src=\"https:\/\/al-lift.com\/wp-content\/uploads\/2024\/07\/1.-AL-ATOMIC-500-MAIN-300x300-1.jpg\" alt=\"Atomic 500\" width=\"300\" height=\"300\"><\/a><\/div><div class=\"jet-posts__inner-content\"><h4 class=\"entry-title\"><a href=\"https:\/\/al-lift.com\/de\/atomar-5000\/\" target=\"\">Atomic 500<\/a><\/h4><div class=\"post-meta\"><\/div><\/div><\/div>\n<\/div>\n<\/div>\n<\/div>\t\t\t\t<\/div>\n\t\t\t\t<\/div>\n\t\t\t\t<\/div>\n\t\t\t\t\t<\/div>\n\t\t\t\t<\/div>\n\t\t\t\t<\/div>","protected":false},"excerpt":{"rendered":"<p>AL-Lift har et stort udvalg af vakuuml\u00f8ftere, som med lethed kan l\u00f8fte dine fliser.\u00a0 Med en flisel\u00f8fter fra AL-Lift bliver det tunge arbejde en nem opgave, hvor flisel\u00f8fteren sk\u00e5ner din ryg og samtidig effektiviserer din arbejdsgang. Kontakt os nu Megavac 24 tons Typhoon 1000 Dynamic 8000 Sputnik Mobivac Manolay Dynamic 1000 Butler 200 Blazer 2000 [&hellip;]<\/p>\n","protected":false},"author":1,"featured_media":0,"parent":0,"menu_order":0,"comment_status":"closed","ping_status":"closed","template":"elementor_header_footer","meta":{"_seopress_robots_primary_cat":"","_seopress_titles_title":"","_seopress_titles_desc":"","_seopress_robots_index":"","inline_featured_image":false,"footnotes":""},"class_list":["post-1978","page","type-page","status-publish","hentry"],"_links":{"self":[{"href":"https:\/\/al-lift.com\/de\/wp-json\/wp\/v2\/pages\/1978","targetHints":{"allow":["GET"]}}],"collection":[{"href":"https:\/\/al-lift.com\/de\/wp-json\/wp\/v2\/pages"}],"about":[{"href":"https:\/\/al-lift.com\/de\/wp-json\/wp\/v2\/types\/page"}],"author":[{"embeddable":true,"href":"https:\/\/al-lift.com\/de\/wp-json\/wp\/v2\/users\/1"}],"replies":[{"embeddable":true,"href":"https:\/\/al-lift.com\/de\/wp-json\/wp\/v2\/comments?post=1978"}],"version-history":[{"count":88,"href":"https:\/\/al-lift.com\/de\/wp-json\/wp\/v2\/pages\/1978\/revisions"}],"predecessor-version":[{"id":4755,"href":"https:\/\/al-lift.com\/de\/wp-json\/wp\/v2\/pages\/1978\/revisions\/4755"}],"wp:attachment":[{"href":"https:\/\/al-lift.com\/de\/wp-json\/wp\/v2\/media?parent=1978"}],"curies":[{"name":"wp","href":"https:\/\/api.w.org\/{rel}","templated":true}]}}