{"id":1960,"date":"2024-07-03T14:06:37","date_gmt":"2024-07-03T12:06:37","guid":{"rendered":"https:\/\/al-lift.com\/?page_id=1960"},"modified":"2024-10-02T12:44:27","modified_gmt":"2024-10-02T10:44:27","slug":"durch-krane","status":"publish","type":"page","link":"https:\/\/al-lift.com\/de\/travers-kraner\/","title":{"rendered":"Traversenkr\u00e4ne"},"content":{"rendered":"<div data-elementor-type=\"wp-page\" data-elementor-id=\"1960\" class=\"elementor elementor-1960\" data-elementor-post-type=\"page\">\n\t\t\t\t<div class=\"elementor-element elementor-element-2ad85630 e-flex e-con-boxed e-con e-parent\" data-id=\"2ad85630\" data-element_type=\"container\" data-e-type=\"container\" data-settings=\"{&quot;background_background&quot;:&quot;classic&quot;,&quot;jet_parallax_layout_list&quot;:[]}\">\n\t\t\t\t\t<div class=\"e-con-inner\">\n\t\t\t\t\t<\/div>\n\t\t\t\t<\/div>\n\t\t<div class=\"elementor-element elementor-element-b3528eb e-flex e-con-boxed e-con e-parent\" data-id=\"b3528eb\" data-element_type=\"container\" data-e-type=\"container\" data-settings=\"{&quot;jet_parallax_layout_list&quot;:[]}\">\n\t\t\t\t\t<div class=\"e-con-inner\">\n\t\t<div class=\"elementor-element elementor-element-5b7a6e8 e-con-full e-flex e-con e-child\" data-id=\"5b7a6e8\" data-element_type=\"container\" data-e-type=\"container\" data-settings=\"{&quot;jet_parallax_layout_list&quot;:[]}\">\n\t\t\t\t<div class=\"elementor-element elementor-element-039071d elementor-invisible elementor-widget elementor-widget-text-editor\" data-id=\"039071d\" data-element_type=\"widget\" data-e-type=\"widget\" data-settings=\"{&quot;_animation&quot;:&quot;fadeIn&quot;,&quot;_animation_delay&quot;:100}\" data-widget_type=\"text-editor.default\">\n\t\t\t\t<div class=\"elementor-widget-container\">\n\t\t\t\t\t\t\t\t\t<p>Ben\u00f6tigt Ihr Unternehmen einen neuen Laufkran mit einer soliden Tragf\u00e4higkeit? Dann finden Sie bei uns mit Sicherheit das richtige Modell. Wir haben eine Reihe von Laufkranen entwickelt, die sowohl f\u00fcr leichte als auch f\u00fcr schwere industrielle Anwendungen geeignet sind. So haben Sie die M\u00f6glichkeit, den Kran zu finden, der am besten zu den Handhabungsaufgaben in Ihrem Unternehmen passt.\u00a0<\/p><p>Alle unsere Laufkr\u00e4ne sind deckenmontierte Traversensysteme, k\u00f6nnen aber bei Bedarf auch als freistehende Systeme geliefert werden. Die Br\u00fcckenkr\u00e4ne sind ideal f\u00fcr den fl\u00e4chendeckenden Transport. Sie verf\u00fcgen \u00fcber unterschiedliche Hubkapazit\u00e4ten, mit einer maximalen Tragf\u00e4higkeit von 500 kg, und sind entweder mit einem Vakuumsystem oder einem elektrischen Hebezeug erh\u00e4ltlich. F\u00fcr welchen Kran Sie sich auch entscheiden, wir garantieren Ihnen, dass Sie ein Produkt von h\u00f6chster Qualit\u00e4t erhalten.<\/p>\t\t\t\t\t\t\t\t<\/div>\n\t\t\t\t<\/div>\n\t\t\t\t<\/div>\n\t\t<div class=\"elementor-element elementor-element-7a201a4 e-con-full e-flex e-con e-child\" data-id=\"7a201a4\" data-element_type=\"container\" data-e-type=\"container\" data-settings=\"{&quot;jet_parallax_layout_list&quot;:[]}\">\n\t\t\t\t<div class=\"elementor-element elementor-element-bf520d8 elementor-widget elementor-widget-image\" data-id=\"bf520d8\" data-element_type=\"widget\" data-e-type=\"widget\" data-widget_type=\"image.default\">\n\t\t\t\t<div class=\"elementor-widget-container\">\n\t\t\t\t\t\t\t\t\t\t\t\t\t\t\t<img alt=\"\" fetchpriority=\"high\" decoding=\"async\" width=\"800\" height=\"600\" src=\"https:\/\/al-lift.com\/wp-content\/uploads\/2024\/07\/AL-TRAVERS-med-VAKUUM-specialvaerktoj-3-1-1024x768.jpg\" class=\"attachment-large size-large wp-image-2378\" srcset=\"https:\/\/al-lift.com\/wp-content\/uploads\/2024\/07\/AL-TRAVERS-med-VAKUUM-specialvaerktoj-3-1-1024x768.jpg 1024w, https:\/\/al-lift.com\/wp-content\/uploads\/2024\/07\/AL-TRAVERS-med-VAKUUM-specialvaerktoj-3-1-300x225.jpg 300w, https:\/\/al-lift.com\/wp-content\/uploads\/2024\/07\/AL-TRAVERS-med-VAKUUM-specialvaerktoj-3-1-768x576.jpg 768w, https:\/\/al-lift.com\/wp-content\/uploads\/2024\/07\/AL-TRAVERS-med-VAKUUM-specialvaerktoj-3-1.jpg 1500w\" sizes=\"(max-width: 800px) 100vw, 800px\" \/>\t\t\t\t\t\t\t\t\t\t\t\t\t\t\t<\/div>\n\t\t\t\t<\/div>\n\t\t\t\t<div class=\"elementor-element elementor-element-b7228f7 radial-in elementor-align-justify elementor-invisible elementor-widget elementor-widget-button\" data-id=\"b7228f7\" data-element_type=\"widget\" data-e-type=\"widget\" data-settings=\"{&quot;_animation&quot;:&quot;fadeIn&quot;,&quot;_animation_delay&quot;:200}\" data-widget_type=\"button.default\">\n\t\t\t\t<div class=\"elementor-widget-container\">\n\t\t\t\t\t\t\t\t\t<div class=\"elementor-button-wrapper\">\n\t\t\t\t\t<a class=\"elementor-button elementor-button-link elementor-size-sm\" href=\"https:\/\/al-lift.com\/de\/kontakt\/\">\n\t\t\t\t\t\t<span class=\"elementor-button-content-wrapper\">\n\t\t\t\t\t\t\t\t\t<span class=\"elementor-button-text\">Kontaktieren Sie uns jetzt<\/span>\n\t\t\t\t\t<\/span>\n\t\t\t\t\t<\/a>\n\t\t\t\t<\/div>\n\t\t\t\t\t\t\t\t<\/div>\n\t\t\t\t<\/div>\n\t\t\t\t<\/div>\n\t\t\t\t\t<\/div>\n\t\t\t\t<\/div>\n\t\t<div class=\"elementor-element elementor-element-1c71a1c e-flex e-con-boxed e-con e-parent\" data-id=\"1c71a1c\" data-element_type=\"container\" data-e-type=\"container\" data-settings=\"{&quot;jet_parallax_layout_list&quot;:[]}\">\n\t\t\t\t\t<div class=\"e-con-inner\">\n\t\t<div class=\"elementor-element elementor-element-91d7879 e-con-full e-flex e-con e-child\" data-id=\"91d7879\" data-element_type=\"container\" data-e-type=\"container\" data-settings=\"{&quot;jet_parallax_layout_list&quot;:[]}\">\n\t\t\t\t<div class=\"elementor-element elementor-element-9fc93c2 elementor-widget elementor-widget-image\" data-id=\"9fc93c2\" data-element_type=\"widget\" data-e-type=\"widget\" data-widget_type=\"image.default\">\n\t\t\t\t<div class=\"elementor-widget-container\">\n\t\t\t\t\t\t\t\t\t\t\t\t\t\t\t<img alt=\"\" decoding=\"async\" width=\"300\" height=\"300\" src=\"https:\/\/al-lift.com\/wp-content\/uploads\/2024\/07\/AL-LIFT-TRAVERS-med-ELTALJE-enhandsbetjent-4-MAIN-300x300-2.jpg\" class=\"attachment-large size-large wp-image-2376\" srcset=\"https:\/\/al-lift.com\/wp-content\/uploads\/2024\/07\/AL-LIFT-TRAVERS-med-ELTALJE-enhandsbetjent-4-MAIN-300x300-2.jpg 300w, https:\/\/al-lift.com\/wp-content\/uploads\/2024\/07\/AL-LIFT-TRAVERS-med-ELTALJE-enhandsbetjent-4-MAIN-300x300-2-150x150.jpg 150w\" sizes=\"(max-width: 300px) 100vw, 300px\" \/>\t\t\t\t\t\t\t\t\t\t\t\t\t\t\t<\/div>\n\t\t\t\t<\/div>\n\t\t\t\t<div class=\"elementor-element elementor-element-b0b2745 radial-in elementor-align-justify elementor-invisible elementor-widget elementor-widget-button\" data-id=\"b0b2745\" data-element_type=\"widget\" data-e-type=\"widget\" data-settings=\"{&quot;_animation&quot;:&quot;fadeIn&quot;,&quot;_animation_delay&quot;:200}\" data-widget_type=\"button.default\">\n\t\t\t\t<div class=\"elementor-widget-container\">\n\t\t\t\t\t\t\t\t\t<div class=\"elementor-button-wrapper\">\n\t\t\t\t\t<a class=\"elementor-button elementor-button-link elementor-size-sm\" href=\"https:\/\/al-lift.com\/de\/kontakt\/\">\n\t\t\t\t\t\t<span class=\"elementor-button-content-wrapper\">\n\t\t\t\t\t\t\t\t\t<span class=\"elementor-button-text\">Kontaktieren Sie uns jetzt<\/span>\n\t\t\t\t\t<\/span>\n\t\t\t\t\t<\/a>\n\t\t\t\t<\/div>\n\t\t\t\t\t\t\t\t<\/div>\n\t\t\t\t<\/div>\n\t\t\t\t<\/div>\n\t\t<div class=\"elementor-element elementor-element-347beff e-con-full e-flex e-con e-child\" data-id=\"347beff\" data-element_type=\"container\" data-e-type=\"container\" data-settings=\"{&quot;jet_parallax_layout_list&quot;:[]}\">\n\t\t\t\t<div class=\"elementor-element elementor-element-2438868 elementor-widget elementor-widget-heading\" data-id=\"2438868\" data-element_type=\"widget\" data-e-type=\"widget\" data-widget_type=\"heading.default\">\n\t\t\t\t<div class=\"elementor-widget-container\">\n\t\t\t\t\t<h2 class=\"elementor-heading-title elementor-size-default\">Verringerung schwerer Hebearbeiten mit einem Laufkran<\/h2>\t\t\t\t<\/div>\n\t\t\t\t<\/div>\n\t\t\t\t<div class=\"elementor-element elementor-element-8cdf893 elementor-invisible elementor-widget elementor-widget-text-editor\" data-id=\"8cdf893\" data-element_type=\"widget\" data-e-type=\"widget\" data-settings=\"{&quot;_animation&quot;:&quot;fadeIn&quot;,&quot;_animation_delay&quot;:100}\" data-widget_type=\"text-editor.default\">\n\t\t\t\t<div class=\"elementor-widget-container\">\n\t\t\t\t\t\t\t\t\t<p>Der Laufkran ist eine gute L\u00f6sung, um das Heben schwerer Lasten auf ein Minimum zu reduzieren, vor allem auf gr\u00f6\u00dferen Fl\u00e4chen. F\u00fcr kleinere Bereiche k\u00f6nnen Sie einen Auslegerkran zu Ihrem Vorteil nutzen. Sie werden diese Investition, die das Arbeitsumfeld in Ihrem Unternehmen verbessert, nicht bereuen!\u00a0<\/p><p>Wenn Sie Rat brauchen, welcher Laufkran f\u00fcr Ihr Unternehmen am besten geeignet ist, stehen wir Ihnen jederzeit mit professioneller Beratung und Sparring zur Verf\u00fcgung. Als Entwickler der Produkte verf\u00fcgen wir \u00fcber Expertenwissen, das wir gerne weitergeben, damit alle unsere Kunden die richtigen L\u00f6sungen f\u00fcr ihr Unternehmen erhalten. Wir verf\u00fcgen \u00fcber langj\u00e4hrige Erfahrung in der Branche und liefern heute Hebe- und F\u00f6rderger\u00e4te in die ganze Welt.\u00a0<\/p><p>Bitte kontaktieren Sie uns entweder per Telefon <a href=\"tel:97101074\">97 10 10 74<\/a> oder \u00fcber unser Kontaktformular. Wenn Sie unsere Produkte sehen oder ausprobieren m\u00f6chten, sind Sie herzlich eingeladen, uns in unserem Ausstellungsraum in Lemvig zu besuchen, wo wir auch ein gutes Gespr\u00e4ch dar\u00fcber f\u00fchren k\u00f6nnen, welche L\u00f6sungen f\u00fcr Sie am besten sind.<\/p>\t\t\t\t\t\t\t\t<\/div>\n\t\t\t\t<\/div>\n\t\t\t\t<\/div>\n\t\t\t\t\t<\/div>\n\t\t\t\t<\/div>\n\t\t<div class=\"elementor-element elementor-element-ce3862c e-flex e-con-boxed e-con e-parent\" data-id=\"ce3862c\" data-element_type=\"container\" data-e-type=\"container\" data-settings=\"{&quot;jet_parallax_layout_list&quot;:[]}\">\n\t\t\t\t\t<div class=\"e-con-inner\">\n\t\t\t\t<div class=\"elementor-element elementor-element-7221773 elementor-widget elementor-widget-jet-posts\" data-id=\"7221773\" data-element_type=\"widget\" data-e-type=\"widget\" data-settings=\"{&quot;columns_tablet&quot;:&quot;2&quot;,&quot;columns_mobile&quot;:&quot;1&quot;,&quot;columns&quot;:3,&quot;slides_to_scroll&quot;:&quot;1&quot;}\" data-widget_type=\"jet-posts.default\">\n\t\t\t\t<div class=\"elementor-widget-container\">\n\t\t\t\t\t<div class=\"elementor-jet-posts jet-elements\"><div class=\"jet-posts col-row\"><div class=\"jet-posts__item\">\n\t<div class=\"jet-posts__inner-box\"><div class=\"post-thumbnail\"><a href=\"https:\/\/al-lift.com\/de\/aluminium-traversen-vakuum-spannwerkzeug\/\" class=\"post-thumbnail__link\"><img loading=\"lazy\" decoding=\"async\" class=\"post-thumbnail__img wp-post-image\" src=\"https:\/\/al-lift.com\/wp-content\/uploads\/2024\/07\/AL-LIFT-TRAVERS-med-VAKUUM-specialvaerktoj-2-300x300-2.jpg\" alt=\"Alu-Travers Vakuum-Spannwerkzeug\" width=\"300\" height=\"300\"><\/a><\/div><div class=\"jet-posts__inner-content\"><h4 class=\"entry-title\"><a href=\"https:\/\/al-lift.com\/de\/aluminium-traversen-vakuum-spannwerkzeug\/\" target=\"\">Alu-Travers Vakuum-Spannwerkzeug<\/a><\/h4><div class=\"post-meta\"><\/div><\/div><\/div>\n<\/div>\n<div class=\"jet-posts__item\">\n\t<div class=\"jet-posts__inner-box\"><div class=\"post-thumbnail\"><a href=\"https:\/\/al-lift.com\/de\/aluminium-bis-edelstahl\/\" class=\"post-thumbnail__link\"><img loading=\"lazy\" decoding=\"async\" class=\"post-thumbnail__img wp-post-image\" src=\"https:\/\/al-lift.com\/wp-content\/uploads\/2024\/07\/Side-36-0.-AL-TRAVERS-Rustfri-stal-300x300-1-1.jpg\" alt=\"Aluminium Traversen Rostfreier Stahl\" width=\"300\" height=\"300\"><\/a><\/div><div class=\"jet-posts__inner-content\"><h4 class=\"entry-title\"><a href=\"https:\/\/al-lift.com\/de\/aluminium-bis-edelstahl\/\" target=\"\">Aluminium Traversen Rostfreier Stahl<\/a><\/h4><div class=\"post-meta\"><\/div><\/div><\/div>\n<\/div>\n<div class=\"jet-posts__item\">\n\t<div class=\"jet-posts__inner-box\"><div class=\"post-thumbnail\"><a href=\"https:\/\/al-lift.com\/de\/aluminium-traversensauger-mit-zweihandbedienung\/\" class=\"post-thumbnail__link\"><img loading=\"lazy\" decoding=\"async\" class=\"post-thumbnail__img wp-post-image\" src=\"https:\/\/al-lift.com\/wp-content\/uploads\/2024\/07\/Side-14-0.-AL-TRAVERS-1-300x300-2.jpg\" alt=\"Aluminium-Traversen-Vakuum Zweihand-Bedienung\" width=\"300\" height=\"300\"><\/a><\/div><div class=\"jet-posts__inner-content\"><h4 class=\"entry-title\"><a href=\"https:\/\/al-lift.com\/de\/aluminium-traversensauger-mit-zweihandbedienung\/\" target=\"\">Aluminium-Traversen-Vakuum Zweihand-Bedienung<\/a><\/h4><div class=\"post-meta\"><\/div><\/div><\/div>\n<\/div>\n<div class=\"jet-posts__item\">\n\t<div class=\"jet-posts__inner-box\"><div class=\"post-thumbnail\"><a href=\"https:\/\/al-lift.com\/de\/aluminium-traverse-uno-vakuum\/\" class=\"post-thumbnail__link\"><img loading=\"lazy\" decoding=\"async\" class=\"post-thumbnail__img wp-post-image\" src=\"https:\/\/al-lift.com\/wp-content\/uploads\/2024\/07\/33-300x300-2.jpg\" alt=\"Aluminium Travers Uno Vakuum\" width=\"300\" height=\"300\"><\/a><\/div><div class=\"jet-posts__inner-content\"><h4 class=\"entry-title\"><a href=\"https:\/\/al-lift.com\/de\/aluminium-traverse-uno-vakuum\/\" target=\"\">Aluminium Travers Uno Vakuum<\/a><\/h4><div class=\"post-meta\"><\/div><\/div><\/div>\n<\/div>\n<div class=\"jet-posts__item\">\n\t<div class=\"jet-posts__inner-box\"><div class=\"post-thumbnail\"><a href=\"https:\/\/al-lift.com\/de\/aluminium-durch-uno-el\/\" class=\"post-thumbnail__link\"><img loading=\"lazy\" decoding=\"async\" class=\"post-thumbnail__img wp-post-image\" src=\"https:\/\/al-lift.com\/wp-content\/uploads\/2024\/07\/AL-LIFT-TRAVERS-med-ELTALJE-enhandsbetjent-4-MAIN-300x300-2.jpg\" alt=\"Aluminium Travers Uno El\" width=\"300\" height=\"300\"><\/a><\/div><div class=\"jet-posts__inner-content\"><h4 class=\"entry-title\"><a href=\"https:\/\/al-lift.com\/de\/aluminium-durch-uno-el\/\" target=\"\">Aluminium Travers Uno El<\/a><\/h4><div class=\"post-meta\"><\/div><\/div><\/div>\n<\/div>\n<div class=\"jet-posts__item\">\n\t<div class=\"jet-posts__inner-box\"><div class=\"post-thumbnail\"><a href=\"https:\/\/al-lift.com\/de\/aluminiumtraverse-el\/\" class=\"post-thumbnail__link\"><img loading=\"lazy\" decoding=\"async\" class=\"post-thumbnail__img wp-post-image\" src=\"https:\/\/al-lift.com\/wp-content\/uploads\/2024\/07\/Side-15-5.-AL-TRAVERS-1-300x300-2.jpg\" alt=\"El Aluminium-Querbalken\" width=\"300\" height=\"300\"><\/a><\/div><div class=\"jet-posts__inner-content\"><h4 class=\"entry-title\"><a href=\"https:\/\/al-lift.com\/de\/aluminiumtraverse-el\/\" target=\"\">El Aluminium-Querbalken<\/a><\/h4><div class=\"post-meta\"><\/div><\/div><\/div>\n<\/div>\n<\/div>\n<\/div>\t\t\t\t<\/div>\n\t\t\t\t<\/div>\n\t\t\t\t\t<\/div>\n\t\t\t\t<\/div>\n\t\t\t\t<\/div>","protected":false},"excerpt":{"rendered":"<p>Tr\u00e6nger din virksomhed til en ny traverskran med en solid l\u00f8ftekapacitet? S\u00e5 kan du uden tvivl finde den helt rette model lige her hos os. Vi har udviklet en r\u00e6kke forskellige traverskraner, som er velegnet til b\u00e5de de lette og mere kr\u00e6vende opgaver i industrien. Dermed har du mulighed for at finde netop den kran, [&hellip;]<\/p>\n","protected":false},"author":1,"featured_media":0,"parent":0,"menu_order":0,"comment_status":"closed","ping_status":"closed","template":"elementor_header_footer","meta":{"_seopress_robots_primary_cat":"","_seopress_titles_title":"","_seopress_titles_desc":"","_seopress_robots_index":"","inline_featured_image":false,"footnotes":""},"class_list":["post-1960","page","type-page","status-publish","hentry"],"_links":{"self":[{"href":"https:\/\/al-lift.com\/de\/wp-json\/wp\/v2\/pages\/1960","targetHints":{"allow":["GET"]}}],"collection":[{"href":"https:\/\/al-lift.com\/de\/wp-json\/wp\/v2\/pages"}],"about":[{"href":"https:\/\/al-lift.com\/de\/wp-json\/wp\/v2\/types\/page"}],"author":[{"embeddable":true,"href":"https:\/\/al-lift.com\/de\/wp-json\/wp\/v2\/users\/1"}],"replies":[{"embeddable":true,"href":"https:\/\/al-lift.com\/de\/wp-json\/wp\/v2\/comments?post=1960"}],"version-history":[{"count":25,"href":"https:\/\/al-lift.com\/de\/wp-json\/wp\/v2\/pages\/1960\/revisions"}],"predecessor-version":[{"id":3438,"href":"https:\/\/al-lift.com\/de\/wp-json\/wp\/v2\/pages\/1960\/revisions\/3438"}],"wp:attachment":[{"href":"https:\/\/al-lift.com\/de\/wp-json\/wp\/v2\/media?parent=1960"}],"curies":[{"name":"wp","href":"https:\/\/api.w.org\/{rel}","templated":true}]}}