{"id":1657,"date":"2024-03-04T11:44:42","date_gmt":"2024-03-04T10:44:42","guid":{"rendered":"https:\/\/al-lift.com\/?page_id=1657"},"modified":"2024-10-22T09:02:50","modified_gmt":"2024-10-22T07:02:50","slug":"hoch-tiefbau","status":"publish","type":"page","link":"https:\/\/al-lift.com\/de\/anlaegsbyggeri-2\/","title":{"rendered":"Hoch- &amp; Tiefbau"},"content":{"rendered":"<div data-elementor-type=\"wp-page\" data-elementor-id=\"1657\" class=\"elementor elementor-1657\" data-elementor-post-type=\"page\">\n\t\t\t\t<div class=\"elementor-element elementor-element-2ad85630 e-flex e-con-boxed e-con e-parent\" data-id=\"2ad85630\" data-element_type=\"container\" data-e-type=\"container\" data-settings=\"{&quot;background_background&quot;:&quot;classic&quot;,&quot;jet_parallax_layout_list&quot;:[]}\">\n\t\t\t\t\t<div class=\"e-con-inner\">\n\t\t\t\t\t<\/div>\n\t\t\t\t<\/div>\n\t\t<div class=\"elementor-element elementor-element-1773a18 e-flex e-con-boxed e-con e-parent\" data-id=\"1773a18\" data-element_type=\"container\" data-e-type=\"container\" data-settings=\"{&quot;jet_parallax_layout_list&quot;:[]}\">\n\t\t\t\t\t<div class=\"e-con-inner\">\n\t\t<div class=\"elementor-element elementor-element-fd29ebb e-con-full e-flex e-con e-child\" data-id=\"fd29ebb\" data-element_type=\"container\" data-e-type=\"container\" data-settings=\"{&quot;jet_parallax_layout_list&quot;:[]}\">\n\t\t\t\t<div class=\"elementor-element elementor-element-b815439 elementor-widget elementor-widget-heading\" data-id=\"b815439\" data-element_type=\"widget\" data-e-type=\"widget\" data-widget_type=\"heading.default\">\n\t\t\t\t<div class=\"elementor-widget-container\">\n\t\t\t\t\t<h2 class=\"elementor-heading-title elementor-size-default\">Hebezeuge f\u00fcr das Hoch- &amp; Tiefbau\n<\/h2>\t\t\t\t<\/div>\n\t\t\t\t<\/div>\n\t\t\t\t<div class=\"elementor-element elementor-element-5222717 elementor-invisible elementor-widget elementor-widget-text-editor\" data-id=\"5222717\" data-element_type=\"widget\" data-e-type=\"widget\" data-settings=\"{&quot;_animation&quot;:&quot;fadeIn&quot;,&quot;_animation_delay&quot;:100}\" data-widget_type=\"text-editor.default\">\n\t\t\t\t<div class=\"elementor-widget-container\">\n\t\t\t\t\t\t\t\t\t<p>Auf dieser Seite sehen Sie unsere gro\u00dfe Auswahl an professionellen Hebeger\u00e4ten f\u00fcr Bauarbeiten. Hier finden Sie Fliesenheber, verschiedene Klemmwerkzeuge, Fensterheber und Vakuumheber f\u00fcr die Kranaufh\u00e4ngung, die schwere Hebevorg\u00e4nge bis zu 30 Tonnen bew\u00e4ltigen k\u00f6nnen. Alle unsere Hebeger\u00e4te sind so konzipiert, dass sie die Arbeiter im Baugewerbe vor unsachgem\u00e4\u00dfem Heben und Bewegen sch\u00fctzen.\u00a0<\/p><p>Wir haben Hebe- und F\u00f6rderger\u00e4te f\u00fcr schwere und unhandliche Gegenst\u00e4nde im Tiefbau. So haben Sie die M\u00f6glichkeit, das oder die Produkte zu finden, die f\u00fcr Ihre Aufgaben am besten geeignet sind. Wenn Sie z. B. Ger\u00e4te f\u00fcr den Transport und das Heben von Gipskartonplatten suchen, haben wir den Flexmover, der speziell f\u00fcr die Handhabung von Gipskartonplatten entwickelt wurde. Wenn Sie Hebevorrichtungen speziell f\u00fcr die Handhabung von Glas suchen, bieten wir verschiedene Fensterheber an, die f\u00fcr die Handhabung dieser Gegenst\u00e4nde konzipiert sind.<\/p>\t\t\t\t\t\t\t\t<\/div>\n\t\t\t\t<\/div>\n\t\t\t\t<\/div>\n\t\t<div class=\"elementor-element elementor-element-71d4b5b e-con-full e-flex e-con e-child\" data-id=\"71d4b5b\" data-element_type=\"container\" data-e-type=\"container\" data-settings=\"{&quot;jet_parallax_layout_list&quot;:[]}\">\n\t\t\t\t<div class=\"elementor-element elementor-element-ffc1ffb elementor-widget elementor-widget-image\" data-id=\"ffc1ffb\" data-element_type=\"widget\" data-e-type=\"widget\" data-widget_type=\"image.default\">\n\t\t\t\t<div class=\"elementor-widget-container\">\n\t\t\t\t\t\t\t\t\t\t\t\t\t\t\t<img alt=\"\" fetchpriority=\"high\" decoding=\"async\" width=\"800\" height=\"600\" src=\"https:\/\/al-lift.com\/wp-content\/uploads\/2024\/10\/hzI6TMM5w5NDOAJC1i26kQIPYtqZm41MhQ.jpeg\" class=\"attachment-large size-large wp-image-3601\" srcset=\"https:\/\/al-lift.com\/wp-content\/uploads\/2024\/10\/hzI6TMM5w5NDOAJC1i26kQIPYtqZm41MhQ.jpeg 960w, https:\/\/al-lift.com\/wp-content\/uploads\/2024\/10\/hzI6TMM5w5NDOAJC1i26kQIPYtqZm41MhQ-300x225.jpeg 300w, https:\/\/al-lift.com\/wp-content\/uploads\/2024\/10\/hzI6TMM5w5NDOAJC1i26kQIPYtqZm41MhQ-768x576.jpeg 768w\" sizes=\"(max-width: 800px) 100vw, 800px\" \/>\t\t\t\t\t\t\t\t\t\t\t\t\t\t\t<\/div>\n\t\t\t\t<\/div>\n\t\t\t\t<div class=\"elementor-element elementor-element-c4e2ec9 radial-in elementor-align-justify elementor-invisible elementor-widget elementor-widget-button\" data-id=\"c4e2ec9\" data-element_type=\"widget\" data-e-type=\"widget\" data-settings=\"{&quot;_animation&quot;:&quot;fadeIn&quot;,&quot;_animation_delay&quot;:200}\" data-widget_type=\"button.default\">\n\t\t\t\t<div class=\"elementor-widget-container\">\n\t\t\t\t\t\t\t\t\t<div class=\"elementor-button-wrapper\">\n\t\t\t\t\t<a class=\"elementor-button elementor-button-link elementor-size-sm\" href=\"https:\/\/al-lift.com\/de\/kontakt\/\">\n\t\t\t\t\t\t<span class=\"elementor-button-content-wrapper\">\n\t\t\t\t\t\t\t\t\t<span class=\"elementor-button-text\">Kontaktieren Sie uns jetzt<\/span>\n\t\t\t\t\t<\/span>\n\t\t\t\t\t<\/a>\n\t\t\t\t<\/div>\n\t\t\t\t\t\t\t\t<\/div>\n\t\t\t\t<\/div>\n\t\t\t\t<\/div>\n\t\t\t\t\t<\/div>\n\t\t\t\t<\/div>\n\t\t<div class=\"elementor-element elementor-element-5bec082 e-flex e-con-boxed e-con e-parent\" data-id=\"5bec082\" data-element_type=\"container\" data-e-type=\"container\" data-settings=\"{&quot;jet_parallax_layout_list&quot;:[]}\">\n\t\t\t\t\t<div class=\"e-con-inner\">\n\t\t<div class=\"elementor-element elementor-element-6e2c6f7 e-con-full e-flex e-con e-child\" data-id=\"6e2c6f7\" data-element_type=\"container\" data-e-type=\"container\" data-settings=\"{&quot;jet_parallax_layout_list&quot;:[]}\">\n\t\t\t\t<div class=\"elementor-element elementor-element-fe12d79 elementor-widget elementor-widget-image\" data-id=\"fe12d79\" data-element_type=\"widget\" data-e-type=\"widget\" data-widget_type=\"image.default\">\n\t\t\t\t<div class=\"elementor-widget-container\">\n\t\t\t\t\t\t\t\t\t\t\t\t\t\t\t<img alt=\"\" decoding=\"async\" width=\"800\" height=\"534\" src=\"https:\/\/al-lift.com\/wp-content\/uploads\/2024\/07\/AL-BLAZER-2-1024x683.jpg\" class=\"attachment-large size-large wp-image-2145\" srcset=\"https:\/\/al-lift.com\/wp-content\/uploads\/2024\/07\/AL-BLAZER-2-1024x683.jpg 1024w, https:\/\/al-lift.com\/wp-content\/uploads\/2024\/07\/AL-BLAZER-2-300x200.jpg 300w, https:\/\/al-lift.com\/wp-content\/uploads\/2024\/07\/AL-BLAZER-2-768x512.jpg 768w, https:\/\/al-lift.com\/wp-content\/uploads\/2024\/07\/AL-BLAZER-2.jpg 1500w\" sizes=\"(max-width: 800px) 100vw, 800px\" \/>\t\t\t\t\t\t\t\t\t\t\t\t\t\t\t<\/div>\n\t\t\t\t<\/div>\n\t\t\t\t<div class=\"elementor-element elementor-element-e15586e radial-in elementor-align-justify elementor-invisible elementor-widget elementor-widget-button\" data-id=\"e15586e\" data-element_type=\"widget\" data-e-type=\"widget\" data-settings=\"{&quot;_animation&quot;:&quot;fadeIn&quot;,&quot;_animation_delay&quot;:200}\" data-widget_type=\"button.default\">\n\t\t\t\t<div class=\"elementor-widget-container\">\n\t\t\t\t\t\t\t\t\t<div class=\"elementor-button-wrapper\">\n\t\t\t\t\t<a class=\"elementor-button elementor-button-link elementor-size-sm\" href=\"https:\/\/al-lift.com\/de\/kontakt\/\">\n\t\t\t\t\t\t<span class=\"elementor-button-content-wrapper\">\n\t\t\t\t\t\t\t\t\t<span class=\"elementor-button-text\">Kontaktieren Sie uns jetzt<\/span>\n\t\t\t\t\t<\/span>\n\t\t\t\t\t<\/a>\n\t\t\t\t<\/div>\n\t\t\t\t\t\t\t\t<\/div>\n\t\t\t\t<\/div>\n\t\t\t\t<\/div>\n\t\t<div class=\"elementor-element elementor-element-dc4e898 e-con-full e-flex e-con e-child\" data-id=\"dc4e898\" data-element_type=\"container\" data-e-type=\"container\" data-settings=\"{&quot;jet_parallax_layout_list&quot;:[]}\">\n\t\t\t\t<div class=\"elementor-element elementor-element-224ad63 elementor-widget elementor-widget-heading\" data-id=\"224ad63\" data-element_type=\"widget\" data-e-type=\"widget\" data-widget_type=\"heading.default\">\n\t\t\t\t<div class=\"elementor-widget-container\">\n\t\t\t\t\t<h2 class=\"elementor-heading-title elementor-size-default\">Hebezeuge und Zubeh\u00f6r f\u00fcr verschiedene Bauaufgaben\n<\/h2>\t\t\t\t<\/div>\n\t\t\t\t<\/div>\n\t\t\t\t<div class=\"elementor-element elementor-element-c69d067 elementor-invisible elementor-widget elementor-widget-text-editor\" data-id=\"c69d067\" data-element_type=\"widget\" data-e-type=\"widget\" data-settings=\"{&quot;_animation&quot;:&quot;fadeIn&quot;,&quot;_animation_delay&quot;:100}\" data-widget_type=\"text-editor.default\">\n\t\t\t\t<div class=\"elementor-widget-container\">\n\t\t\t\t\t\t\t\t\t<p>Zu den Hebeger\u00e4ten, die wir bei AL-Lift am meisten verkaufen, geh\u00f6ren unsere Fliesenheber. Deshalb haben wir eine besonders gro\u00dfe Auswahl an diesen Produkten, bei denen Sie sowohl Vakuumheber f\u00fcr die Aufh\u00e4ngung in Kr\u00e4nen als auch solche, die batteriebetrieben sind, finden k\u00f6nnen. Die Wahl zwischen beiden h\u00e4ngt unter anderem davon ab, ob Sie einen Generator in der N\u00e4he haben und welche Aufgaben Sie l\u00f6sen wollen. Einige unserer Fliesenheber sind speziell f\u00fcr das Anheben por\u00f6ser Fliesen konzipiert.\u00a0<\/p><p>F\u00fcr kleinere Handhabungsaufgaben sollten Sie sich unsere Klemmzangen genauer ansehen, um zu sehen, ob eines dieser Produkte der Aufgabe gewachsen ist. Sie k\u00f6nnen auch einen Blick auf unsere gebrauchten Hebezeuge werfen. So k\u00f6nnen Sie eine Menge Geld sparen, wenn Sie einige Produkte kaufen, die noch optimal funktionieren. Manchmal ist es schwierig zu wissen, welche Produkte f\u00fcr die verschiedenen Aufgaben am besten geeignet sind. Deshalb stehen wir Ihnen jederzeit f\u00fcr weitere Beratung zur Verf\u00fcgung.\u00a0<\/p><p>Um mehr \u00fcber die technischen Daten der Maschinen zu erfahren, k\u00f6nnen Sie auf den jeweiligen Produktseiten und in unseren Produktkatalogen mehr lesen. Auf den Datenbl\u00e4ttern der einzelnen Produkte finden Sie auch diverses Zubeh\u00f6r f\u00fcr die Maschinen. Zu unserem Zubeh\u00f6r geh\u00f6ren Bordsteinsauger, Lenkgriffe und Verl\u00e4ngerungen, Palettengabeln und vieles mehr.<\/p>\t\t\t\t\t\t\t\t<\/div>\n\t\t\t\t<\/div>\n\t\t\t\t<\/div>\n\t\t\t\t\t<\/div>\n\t\t\t\t<\/div>\n\t\t<div class=\"elementor-element elementor-element-85e6cdc e-flex e-con-boxed e-con e-parent\" data-id=\"85e6cdc\" data-element_type=\"container\" data-e-type=\"container\" data-settings=\"{&quot;jet_parallax_layout_list&quot;:[]}\">\n\t\t\t\t\t<div class=\"e-con-inner\">\n\t\t<div class=\"elementor-element elementor-element-5d3a8d7 e-con-full e-flex e-con e-child\" data-id=\"5d3a8d7\" data-element_type=\"container\" data-e-type=\"container\" data-settings=\"{&quot;jet_parallax_layout_list&quot;:[]}\">\n\t\t<div class=\"elementor-element elementor-element-601d8c6 e-con-full e-flex e-con e-child\" data-id=\"601d8c6\" data-element_type=\"container\" data-e-type=\"container\" data-settings=\"{&quot;jet_parallax_layout_list&quot;:[]}\">\n\t\t\t\t<div class=\"elementor-element elementor-element-55d65e1 elementor-widget elementor-widget-image\" data-id=\"55d65e1\" data-element_type=\"widget\" data-e-type=\"widget\" data-widget_type=\"image.default\">\n\t\t\t\t<div class=\"elementor-widget-container\">\n\t\t\t\t\t\t\t\t\t\t\t\t\t\t\t\t<a href=\"https:\/\/al-lift.com\/de\/fliseloftere-2\/\">\n\t\t\t\t\t\t\t<img alt=\"\" decoding=\"async\" width=\"300\" height=\"300\" src=\"https:\/\/al-lift.com\/wp-content\/uploads\/2024\/07\/AL-MOBIVAC-7-300x300-1-e1720421301986.jpg\" class=\"attachment-large size-large wp-image-1862\" srcset=\"https:\/\/al-lift.com\/wp-content\/uploads\/2024\/07\/AL-MOBIVAC-7-300x300-1-e1720421301986.jpg 300w, https:\/\/al-lift.com\/wp-content\/uploads\/2024\/07\/AL-MOBIVAC-7-300x300-1-e1720421301986-150x150.jpg 150w\" sizes=\"(max-width: 300px) 100vw, 300px\" \/>\t\t\t\t\t\t\t\t<\/a>\n\t\t\t\t\t\t\t\t\t\t\t\t\t\t\t<\/div>\n\t\t\t\t<\/div>\n\t\t\t\t<div class=\"elementor-element elementor-element-c1c96a1 elementor-widget elementor-widget-heading\" data-id=\"c1c96a1\" data-element_type=\"widget\" data-e-type=\"widget\" data-widget_type=\"heading.default\">\n\t\t\t\t<div class=\"elementor-widget-container\">\n\t\t\t\t\t<h2 class=\"elementor-heading-title elementor-size-default\"><a href=\"https:\/\/al-lift.com\/de\/fliseloftere-2\/\">Fliesenheber<\/a><\/h2>\t\t\t\t<\/div>\n\t\t\t\t<\/div>\n\t\t\t\t<\/div>\n\t\t<div class=\"elementor-element elementor-element-1993aab e-con-full e-flex e-con e-child\" data-id=\"1993aab\" data-element_type=\"container\" data-e-type=\"container\" data-settings=\"{&quot;jet_parallax_layout_list&quot;:[]}\">\n\t\t\t\t<div class=\"elementor-element elementor-element-8a75d0a elementor-widget elementor-widget-image\" data-id=\"8a75d0a\" data-element_type=\"widget\" data-e-type=\"widget\" data-widget_type=\"image.default\">\n\t\t\t\t<div class=\"elementor-widget-container\">\n\t\t\t\t\t\t\t\t\t\t\t\t\t\t\t\t<a href=\"https:\/\/al-lift.com\/de\/fliseloftere-2\/\">\n\t\t\t\t\t\t\t<img alt=\"\" loading=\"lazy\" decoding=\"async\" width=\"300\" height=\"300\" src=\"https:\/\/al-lift.com\/wp-content\/uploads\/2024\/07\/IMG_4979-300x300-1.jpg\" class=\"attachment-large size-large wp-image-2456\" srcset=\"https:\/\/al-lift.com\/wp-content\/uploads\/2024\/07\/IMG_4979-300x300-1.jpg 300w, https:\/\/al-lift.com\/wp-content\/uploads\/2024\/07\/IMG_4979-300x300-1-150x150.jpg 150w\" sizes=\"(max-width: 300px) 100vw, 300px\" \/>\t\t\t\t\t\t\t\t<\/a>\n\t\t\t\t\t\t\t\t\t\t\t\t\t\t\t<\/div>\n\t\t\t\t<\/div>\n\t\t\t\t<div class=\"elementor-element elementor-element-e0e97ee elementor-widget elementor-widget-heading\" data-id=\"e0e97ee\" data-element_type=\"widget\" data-e-type=\"widget\" data-widget_type=\"heading.default\">\n\t\t\t\t<div class=\"elementor-widget-container\">\n\t\t\t\t\t<h2 class=\"elementor-heading-title elementor-size-default\"><a href=\"https:\/\/al-lift.com\/de\/fliseloftere-2\/\">Fensterheber<\/a><\/h2>\t\t\t\t<\/div>\n\t\t\t\t<\/div>\n\t\t\t\t<\/div>\n\t\t<div class=\"elementor-element elementor-element-907f050 e-con-full e-flex e-con e-child\" data-id=\"907f050\" data-element_type=\"container\" data-e-type=\"container\" data-settings=\"{&quot;jet_parallax_layout_list&quot;:[]}\">\n\t\t\t\t<div class=\"elementor-element elementor-element-0f0d0f5 elementor-widget elementor-widget-image\" data-id=\"0f0d0f5\" data-element_type=\"widget\" data-e-type=\"widget\" data-widget_type=\"image.default\">\n\t\t\t\t<div class=\"elementor-widget-container\">\n\t\t\t\t\t\t\t\t\t\t\t\t\t\t\t\t<a href=\"https:\/\/al-lift.com\/de\/vakuumheber-fur-die-kranaufhangung\/\">\n\t\t\t\t\t\t\t<img alt=\"\" loading=\"lazy\" decoding=\"async\" width=\"300\" height=\"300\" src=\"https:\/\/al-lift.com\/wp-content\/uploads\/2024\/07\/1.-AL-ATOMIC-500-MAIN-300x300-1.jpg\" class=\"attachment-large size-large wp-image-1867\" srcset=\"https:\/\/al-lift.com\/wp-content\/uploads\/2024\/07\/1.-AL-ATOMIC-500-MAIN-300x300-1.jpg 300w, https:\/\/al-lift.com\/wp-content\/uploads\/2024\/07\/1.-AL-ATOMIC-500-MAIN-300x300-1-150x150.jpg 150w\" sizes=\"(max-width: 300px) 100vw, 300px\" \/>\t\t\t\t\t\t\t\t<\/a>\n\t\t\t\t\t\t\t\t\t\t\t\t\t\t\t<\/div>\n\t\t\t\t<\/div>\n\t\t\t\t<div class=\"elementor-element elementor-element-82d49a3 elementor-widget elementor-widget-heading\" data-id=\"82d49a3\" data-element_type=\"widget\" data-e-type=\"widget\" data-widget_type=\"heading.default\">\n\t\t\t\t<div class=\"elementor-widget-container\">\n\t\t\t\t\t<h2 class=\"elementor-heading-title elementor-size-default\"><a href=\"https:\/\/al-lift.com\/de\/vakuumheber-fur-die-kranaufhangung\/\">Vakuumheber f\u00fcr die Aufh\u00e4ngung in Kr\u00e4nen<\/a><\/h2>\t\t\t\t<\/div>\n\t\t\t\t<\/div>\n\t\t\t\t<\/div>\n\t\t\t\t<\/div>\n\t\t<div class=\"elementor-element elementor-element-7e61bf0 e-con-full e-flex e-con e-child\" data-id=\"7e61bf0\" data-element_type=\"container\" data-e-type=\"container\" data-settings=\"{&quot;jet_parallax_layout_list&quot;:[]}\">\n\t\t<div class=\"elementor-element elementor-element-8a69cd6 e-con-full e-flex e-con e-child\" data-id=\"8a69cd6\" data-element_type=\"container\" data-e-type=\"container\" data-settings=\"{&quot;jet_parallax_layout_list&quot;:[]}\">\n\t\t\t\t<div class=\"elementor-element elementor-element-5564a94 elementor-widget elementor-widget-image\" data-id=\"5564a94\" data-element_type=\"widget\" data-e-type=\"widget\" data-widget_type=\"image.default\">\n\t\t\t\t<div class=\"elementor-widget-container\">\n\t\t\t\t\t\t\t\t\t\t\t\t\t\t\t\t<a href=\"https:\/\/al-lift.com\/de\/vakuumhebegerate-fur-6-bis-30-tonnen\/\">\n\t\t\t\t\t\t\t<img alt=\"\" loading=\"lazy\" decoding=\"async\" width=\"300\" height=\"300\" src=\"https:\/\/al-lift.com\/wp-content\/uploads\/2024\/07\/Pack-Stacker-LOW-300x300-1.png\" class=\"attachment-large size-large wp-image-1887\" srcset=\"https:\/\/al-lift.com\/wp-content\/uploads\/2024\/07\/Pack-Stacker-LOW-300x300-1.png 300w, https:\/\/al-lift.com\/wp-content\/uploads\/2024\/07\/Pack-Stacker-LOW-300x300-1-150x150.png 150w\" sizes=\"(max-width: 300px) 100vw, 300px\" \/>\t\t\t\t\t\t\t\t<\/a>\n\t\t\t\t\t\t\t\t\t\t\t\t\t\t\t<\/div>\n\t\t\t\t<\/div>\n\t\t\t\t<div class=\"elementor-element elementor-element-886c7aa elementor-widget elementor-widget-heading\" data-id=\"886c7aa\" data-element_type=\"widget\" data-e-type=\"widget\" data-widget_type=\"heading.default\">\n\t\t\t\t<div class=\"elementor-widget-container\">\n\t\t\t\t\t<h2 class=\"elementor-heading-title elementor-size-default\"><a href=\"https:\/\/al-lift.com\/de\/vakuumhebegerate-fur-6-bis-30-tonnen\/\">Vakuumhebeger\u00e4te f\u00fcr 6-30 Tonnen<\/a><\/h2>\t\t\t\t<\/div>\n\t\t\t\t<\/div>\n\t\t\t\t<\/div>\n\t\t<div class=\"elementor-element elementor-element-96e8709 e-con-full e-flex e-con e-child\" data-id=\"96e8709\" data-element_type=\"container\" data-e-type=\"container\" data-settings=\"{&quot;jet_parallax_layout_list&quot;:[]}\">\n\t\t\t\t<div class=\"elementor-element elementor-element-0fece02 elementor-widget elementor-widget-image\" data-id=\"0fece02\" data-element_type=\"widget\" data-e-type=\"widget\" data-widget_type=\"image.default\">\n\t\t\t\t<div class=\"elementor-widget-container\">\n\t\t\t\t\t\t\t\t\t\t\t\t\t\t\t\t<a href=\"https:\/\/al-lift.com\/de\/spannwerkzeuge-fur-den-anlagenbau\/\">\n\t\t\t\t\t\t\t<img alt=\"\" loading=\"lazy\" decoding=\"async\" width=\"300\" height=\"300\" src=\"https:\/\/al-lift.com\/wp-content\/uploads\/2024\/10\/Design-uden-navn-14.png\" class=\"attachment-large size-large wp-image-3631\" srcset=\"https:\/\/al-lift.com\/wp-content\/uploads\/2024\/10\/Design-uden-navn-14.png 300w, https:\/\/al-lift.com\/wp-content\/uploads\/2024\/10\/Design-uden-navn-14-150x150.png 150w\" sizes=\"(max-width: 300px) 100vw, 300px\" \/>\t\t\t\t\t\t\t\t<\/a>\n\t\t\t\t\t\t\t\t\t\t\t\t\t\t\t<\/div>\n\t\t\t\t<\/div>\n\t\t\t\t<div class=\"elementor-element elementor-element-413fe5b elementor-widget elementor-widget-heading\" data-id=\"413fe5b\" data-element_type=\"widget\" data-e-type=\"widget\" data-widget_type=\"heading.default\">\n\t\t\t\t<div class=\"elementor-widget-container\">\n\t\t\t\t\t<h2 class=\"elementor-heading-title elementor-size-default\"><a href=\"https:\/\/al-lift.com\/de\/spannwerkzeuge-fur-den-anlagenbau\/\">Spannwerkzeuge f\u00fcr den Tiefbau<\/a><\/h2>\t\t\t\t<\/div>\n\t\t\t\t<\/div>\n\t\t\t\t<\/div>\n\t\t<div class=\"elementor-element elementor-element-1fd5be5 e-con-full e-flex e-con e-child\" data-id=\"1fd5be5\" data-element_type=\"container\" data-e-type=\"container\" data-settings=\"{&quot;jet_parallax_layout_list&quot;:[]}\">\n\t\t\t\t<div class=\"elementor-element elementor-element-90c37d4 elementor-widget elementor-widget-image\" data-id=\"90c37d4\" data-element_type=\"widget\" data-e-type=\"widget\" data-widget_type=\"image.default\">\n\t\t\t\t<div class=\"elementor-widget-container\">\n\t\t\t\t\t\t\t\t\t\t\t\t\t\t\t\t<a href=\"https:\/\/al-lift.com\/de\/dachstaubsauger\/\">\n\t\t\t\t\t\t\t<img alt=\"\" loading=\"lazy\" decoding=\"async\" width=\"800\" height=\"599\" src=\"https:\/\/al-lift.com\/wp-content\/uploads\/2024\/07\/DJI_0728-scaled-1-1024x767.jpg\" class=\"attachment-large size-large wp-image-2243\" srcset=\"https:\/\/al-lift.com\/wp-content\/uploads\/2024\/07\/DJI_0728-scaled-1-1024x767.jpg 1024w, https:\/\/al-lift.com\/wp-content\/uploads\/2024\/07\/DJI_0728-scaled-1-300x225.jpg 300w, https:\/\/al-lift.com\/wp-content\/uploads\/2024\/07\/DJI_0728-scaled-1-768x575.jpg 768w, https:\/\/al-lift.com\/wp-content\/uploads\/2024\/07\/DJI_0728-scaled-1-1536x1150.jpg 1536w, https:\/\/al-lift.com\/wp-content\/uploads\/2024\/07\/DJI_0728-scaled-1-2048x1534.jpg 2048w\" sizes=\"(max-width: 800px) 100vw, 800px\" \/>\t\t\t\t\t\t\t\t<\/a>\n\t\t\t\t\t\t\t\t\t\t\t\t\t\t\t<\/div>\n\t\t\t\t<\/div>\n\t\t\t\t<div class=\"elementor-element elementor-element-01a9991 elementor-widget elementor-widget-heading\" data-id=\"01a9991\" data-element_type=\"widget\" data-e-type=\"widget\" data-widget_type=\"heading.default\">\n\t\t\t\t<div class=\"elementor-widget-container\">\n\t\t\t\t\t<h2 class=\"elementor-heading-title elementor-size-default\"><a href=\"https:\/\/al-lift.com\/de\/dachstaubsauger\/\">TAGVAC<\/a><\/h2>\t\t\t\t<\/div>\n\t\t\t\t<\/div>\n\t\t\t\t<\/div>\n\t\t\t\t<\/div>\n\t\t\t\t\t<\/div>\n\t\t\t\t<\/div>\n\t\t\t\t<\/div>","protected":false},"excerpt":{"rendered":"<p>L\u00f8fteudstyr til anl\u00e6gsbyggeri P\u00e5 denne side kan du se vores store udvalg af professionel l\u00f8fteudstyr til anl\u00e6gsbyggeri. Her kan du bl.a. finde flisel\u00f8ftere, diverse klemmev\u00e6rkt\u00f8j, vinduesl\u00f8ftere samt vakuuml\u00f8ftere for oph\u00e6ng i kraner, der kan klare tunge l\u00f8ft helt op til 30 tons. Ens for alt vores l\u00f8fteudstyr er, at det er designet til at sk\u00e5ne [&hellip;]<\/p>\n","protected":false},"author":1,"featured_media":0,"parent":0,"menu_order":0,"comment_status":"closed","ping_status":"closed","template":"elementor_header_footer","meta":{"_seopress_robots_primary_cat":"","_seopress_titles_title":"","_seopress_titles_desc":"","_seopress_robots_index":"","inline_featured_image":false,"footnotes":""},"class_list":["post-1657","page","type-page","status-publish","hentry"],"_links":{"self":[{"href":"https:\/\/al-lift.com\/de\/wp-json\/wp\/v2\/pages\/1657","targetHints":{"allow":["GET"]}}],"collection":[{"href":"https:\/\/al-lift.com\/de\/wp-json\/wp\/v2\/pages"}],"about":[{"href":"https:\/\/al-lift.com\/de\/wp-json\/wp\/v2\/types\/page"}],"author":[{"embeddable":true,"href":"https:\/\/al-lift.com\/de\/wp-json\/wp\/v2\/users\/1"}],"replies":[{"embeddable":true,"href":"https:\/\/al-lift.com\/de\/wp-json\/wp\/v2\/comments?post=1657"}],"version-history":[{"count":32,"href":"https:\/\/al-lift.com\/de\/wp-json\/wp\/v2\/pages\/1657\/revisions"}],"predecessor-version":[{"id":3634,"href":"https:\/\/al-lift.com\/de\/wp-json\/wp\/v2\/pages\/1657\/revisions\/3634"}],"wp:attachment":[{"href":"https:\/\/al-lift.com\/de\/wp-json\/wp\/v2\/media?parent=1657"}],"curies":[{"name":"wp","href":"https:\/\/api.w.org\/{rel}","templated":true}]}}