{"id":1625,"date":"2024-03-04T11:24:15","date_gmt":"2024-03-04T10:24:15","guid":{"rendered":"https:\/\/al-lift.com\/?page_id=1625"},"modified":"2025-09-09T11:37:19","modified_gmt":"2025-09-09T09:37:19","slug":"hebezeuge-fur-gabelstapler-und-stapler","status":"publish","type":"page","link":"https:\/\/al-lift.com\/de\/loftegrej-til-truck-og-stablere\/","title":{"rendered":"Hebezeuge f\u00fcr Gabelstapler und Stapler"},"content":{"rendered":"<div data-elementor-type=\"wp-page\" data-elementor-id=\"1625\" class=\"elementor elementor-1625\" data-elementor-post-type=\"page\">\n\t\t\t\t<div class=\"elementor-element elementor-element-2ad85630 e-flex e-con-boxed e-con e-parent\" data-id=\"2ad85630\" data-element_type=\"container\" data-e-type=\"container\" data-settings=\"{&quot;background_background&quot;:&quot;classic&quot;,&quot;jet_parallax_layout_list&quot;:[]}\">\n\t\t\t\t\t<div class=\"e-con-inner\">\n\t\t\t\t<div class=\"elementor-element elementor-element-699f589a elementor-widget elementor-widget-heading\" data-id=\"699f589a\" data-element_type=\"widget\" data-e-type=\"widget\" data-widget_type=\"heading.default\">\n\t\t\t\t<div class=\"elementor-widget-container\">\n\t\t\t\t\t<h1 class=\"elementor-heading-title elementor-size-default\">Hebezeuge f\u00fcr Gabelstapler und Stapler<\/h1>\t\t\t\t<\/div>\n\t\t\t\t<\/div>\n\t\t\t\t\t<\/div>\n\t\t\t\t<\/div>\n\t\t<div class=\"elementor-element elementor-element-93e5015 e-flex e-con-boxed e-con e-parent\" data-id=\"93e5015\" data-element_type=\"container\" data-e-type=\"container\" data-settings=\"{&quot;jet_parallax_layout_list&quot;:[]}\">\n\t\t\t\t\t<div class=\"e-con-inner\">\n\t\t<div class=\"elementor-element elementor-element-8a412e3 e-con-full e-flex e-con e-child\" data-id=\"8a412e3\" data-element_type=\"container\" data-e-type=\"container\" data-settings=\"{&quot;jet_parallax_layout_list&quot;:[]}\">\n\t\t\t\t<div class=\"elementor-element elementor-element-70f318d elementor-invisible elementor-widget elementor-widget-text-editor\" data-id=\"70f318d\" data-element_type=\"widget\" data-e-type=\"widget\" data-settings=\"{&quot;_animation&quot;:&quot;fadeIn&quot;,&quot;_animation_delay&quot;:100}\" data-widget_type=\"text-editor.default\">\n\t\t\t\t<div class=\"elementor-widget-container\">\n\t\t\t\t\t\t\t\t\t<p>AL-Lift entwickelt seit vielen Jahren Hebevorrichtungen f\u00fcr Gabelstapler und Hubwagen, um Unternehmen zu helfen, schneller, einfacher und effizienter zu kommissionieren. Diese Ger\u00e4te gew\u00e4hrleisten ein sanftes Heben f\u00fcr die Mitarbeiter beim Umgang mit gro\u00dfen und schweren Gegenst\u00e4nden bei ihrer t\u00e4glichen Arbeit.<\/p>\n<p>Wir haben sowohl abnehmbare als auch integrierte L\u00f6sungen mit einem Vakuumsystem oder einem elektrischen Hebezeug im Angebot. Die abnehmbaren Hebeger\u00e4te lassen sich schnell und einfach montieren und demontieren, so dass Stapler oder Stapler schnell f\u00fcr andere Zwecke umger\u00fcstet werden k\u00f6nnen.<\/p>\n<h3>W\u00e4hlen Sie die richtige Hebeausr\u00fcstung f\u00fcr Stapler und Hubwagen<\/h3>\n<p>Die Wahl des Hebezeugs h\u00e4ngt von mehreren Faktoren ab. In erster Linie h\u00e4ngt sie von den Gegenst\u00e4nden ab, die Sie transportieren m\u00fcssen. Variablen wie Porosit\u00e4t, Gr\u00f6\u00dfe und Gewicht spielen hier eine gro\u00dfe Rolle. Wenn Sie zum Beispiel gr\u00f6\u00dfere Gegenst\u00e4nde handhaben, ist es von Vorteil, ein Hebeger\u00e4t mit Vakuumsystem zu w\u00e4hlen.&nbsp;<\/p>\n<p>Dazu geh\u00f6rt unser Modell PACK TRUCK, bei dem die Saugn\u00e4pfe schnell ausgetauscht werden k\u00f6nnen, so dass verschiedene Arten von Lasten gehandhabt werden k\u00f6nnen. Wenn Sie jedoch kleinere Gegenst\u00e4nde handhaben m\u00fcssen, die noch zu schwer sind, um sie ohne eine Maschine zu handhaben, ist ein elektrischer Heber von gro\u00dfem Vorteil. Wenn Sie ein kuppelbares Hebesystem suchen, kann unser PACK MOBILE EL eine gute L\u00f6sung sein. Es ist in verschiedenen Ausf\u00fchrungen erh\u00e4ltlich, so dass die Maschine an Ihre spezifischen Bed\u00fcrfnisse angepasst werden kann.<\/p>\t\t\t\t\t\t\t\t<\/div>\n\t\t\t\t<\/div>\n\t\t\t\t<\/div>\n\t\t<div class=\"elementor-element elementor-element-3d5d058 e-con-full e-flex e-con e-child\" data-id=\"3d5d058\" data-element_type=\"container\" data-e-type=\"container\" data-settings=\"{&quot;jet_parallax_layout_list&quot;:[]}\">\n\t\t\t\t<div class=\"elementor-element elementor-element-c6404f1 elementor-widget elementor-widget-image\" data-id=\"c6404f1\" data-element_type=\"widget\" data-e-type=\"widget\" data-widget_type=\"image.default\">\n\t\t\t\t<div class=\"elementor-widget-container\">\n\t\t\t\t\t\t\t\t\t\t\t\t\t\t\t<img alt=\"\" fetchpriority=\"high\" decoding=\"async\" width=\"386\" height=\"290\" src=\"https:\/\/al-lift.com\/wp-content\/uploads\/2024\/07\/Loftegrej-til-truck-2.jpg\" class=\"attachment-large size-large wp-image-1828\" srcset=\"https:\/\/al-lift.com\/wp-content\/uploads\/2024\/07\/Loftegrej-til-truck-2.jpg 386w, https:\/\/al-lift.com\/wp-content\/uploads\/2024\/07\/Loftegrej-til-truck-2-300x225.jpg 300w\" sizes=\"(max-width: 386px) 100vw, 386px\" \/>\t\t\t\t\t\t\t\t\t\t\t\t\t\t\t<\/div>\n\t\t\t\t<\/div>\n\t\t\t\t<div class=\"elementor-element elementor-element-5d3f41f radial-in elementor-align-justify elementor-invisible elementor-widget elementor-widget-button\" data-id=\"5d3f41f\" data-element_type=\"widget\" data-e-type=\"widget\" data-settings=\"{&quot;_animation&quot;:&quot;fadeIn&quot;,&quot;_animation_delay&quot;:200}\" data-widget_type=\"button.default\">\n\t\t\t\t<div class=\"elementor-widget-container\">\n\t\t\t\t\t\t\t\t\t<div class=\"elementor-button-wrapper\">\n\t\t\t\t\t<a class=\"elementor-button elementor-button-link elementor-size-sm\" href=\"https:\/\/al-lift.com\/de\/kontakt\/\">\n\t\t\t\t\t\t<span class=\"elementor-button-content-wrapper\">\n\t\t\t\t\t\t\t\t\t<span class=\"elementor-button-text\">Kontaktieren Sie uns jetzt<\/span>\n\t\t\t\t\t<\/span>\n\t\t\t\t\t<\/a>\n\t\t\t\t<\/div>\n\t\t\t\t\t\t\t\t<\/div>\n\t\t\t\t<\/div>\n\t\t\t\t<\/div>\n\t\t\t\t\t<\/div>\n\t\t\t\t<\/div>\n\t\t<div class=\"elementor-element elementor-element-be2da84 e-flex e-con-boxed e-con e-parent\" data-id=\"be2da84\" data-element_type=\"container\" data-e-type=\"container\" data-settings=\"{&quot;jet_parallax_layout_list&quot;:[]}\">\n\t\t\t\t\t<div class=\"e-con-inner\">\n\t\t<div class=\"elementor-element elementor-element-36fa2e6 e-con-full e-flex e-con e-child\" data-id=\"36fa2e6\" data-element_type=\"container\" data-e-type=\"container\" data-settings=\"{&quot;jet_parallax_layout_list&quot;:[]}\">\n\t\t\t\t<div class=\"elementor-element elementor-element-5bb7f9a elementor-widget elementor-widget-image\" data-id=\"5bb7f9a\" data-element_type=\"widget\" data-e-type=\"widget\" data-widget_type=\"image.default\">\n\t\t\t\t<div class=\"elementor-widget-container\">\n\t\t\t\t\t\t\t\t\t\t\t\t\t\t\t<img alt=\"\" decoding=\"async\" width=\"300\" height=\"300\" src=\"https:\/\/al-lift.com\/wp-content\/uploads\/2024\/07\/AL-PACK-TRUCK-integreret-vakuum-loftesystem-pa-kontravaegtstruck-med-fast-kabine-1-MAIN-300x300-1.jpg\" class=\"attachment-large size-large wp-image-1847\" srcset=\"https:\/\/al-lift.com\/wp-content\/uploads\/2024\/07\/AL-PACK-TRUCK-integreret-vakuum-loftesystem-pa-kontravaegtstruck-med-fast-kabine-1-MAIN-300x300-1.jpg 300w, https:\/\/al-lift.com\/wp-content\/uploads\/2024\/07\/AL-PACK-TRUCK-integreret-vakuum-loftesystem-pa-kontravaegtstruck-med-fast-kabine-1-MAIN-300x300-1-150x150.jpg 150w\" sizes=\"(max-width: 300px) 100vw, 300px\" \/>\t\t\t\t\t\t\t\t\t\t\t\t\t\t\t<\/div>\n\t\t\t\t<\/div>\n\t\t\t\t<div class=\"elementor-element elementor-element-8975899 radial-in elementor-align-justify elementor-invisible elementor-widget elementor-widget-button\" data-id=\"8975899\" data-element_type=\"widget\" data-e-type=\"widget\" data-settings=\"{&quot;_animation&quot;:&quot;fadeIn&quot;,&quot;_animation_delay&quot;:200}\" data-widget_type=\"button.default\">\n\t\t\t\t<div class=\"elementor-widget-container\">\n\t\t\t\t\t\t\t\t\t<div class=\"elementor-button-wrapper\">\n\t\t\t\t\t<a class=\"elementor-button elementor-button-link elementor-size-sm\" href=\"https:\/\/al-lift.com\/de\/kontakt\/\">\n\t\t\t\t\t\t<span class=\"elementor-button-content-wrapper\">\n\t\t\t\t\t\t\t\t\t<span class=\"elementor-button-text\">Kontaktieren Sie uns jetzt<\/span>\n\t\t\t\t\t<\/span>\n\t\t\t\t\t<\/a>\n\t\t\t\t<\/div>\n\t\t\t\t\t\t\t\t<\/div>\n\t\t\t\t<\/div>\n\t\t\t\t<\/div>\n\t\t<div class=\"elementor-element elementor-element-d2836a1 e-con-full e-flex e-con e-child\" data-id=\"d2836a1\" data-element_type=\"container\" data-e-type=\"container\" data-settings=\"{&quot;jet_parallax_layout_list&quot;:[]}\">\n\t\t\t\t<div class=\"elementor-element elementor-element-2bb608f elementor-widget elementor-widget-heading\" data-id=\"2bb608f\" data-element_type=\"widget\" data-e-type=\"widget\" data-widget_type=\"heading.default\">\n\t\t\t\t<div class=\"elementor-widget-container\">\n\t\t\t\t\t<h2 class=\"elementor-heading-title elementor-size-default\">Sonstige Hebezeuge f\u00fcr den Industriesektor<\/h2>\t\t\t\t<\/div>\n\t\t\t\t<\/div>\n\t\t\t\t<div class=\"elementor-element elementor-element-ab13b6a elementor-invisible elementor-widget elementor-widget-text-editor\" data-id=\"ab13b6a\" data-element_type=\"widget\" data-e-type=\"widget\" data-settings=\"{&quot;_animation&quot;:&quot;fadeIn&quot;,&quot;_animation_delay&quot;:100}\" data-widget_type=\"text-editor.default\">\n\t\t\t\t<div class=\"elementor-widget-container\">\n\t\t\t\t\t\t\t\t\t<p>Mit Hebeger\u00e4ten f\u00fcr Stapler und Stapler k\u00f6nnen Sie mit einem einzigen Ger\u00e4t schwere Gegenst\u00e4nde heben und transportieren und so eine effiziente Kommissionierung durchf\u00fchren. Wenn Sie Hebeger\u00e4te f\u00fcr andere Arten der Handhabung suchen, k\u00f6nnen Sie sich unser anderes Angebot an Hebeger\u00e4ten f\u00fcr den industriellen Sektor genauer ansehen.\u00a0<\/p><p>Wenn Sie z. B. Ger\u00e4te f\u00fcr wiederholte Hebevorg\u00e4nge auf engem Raum ben\u00f6tigen, sind unsere Schwenkkr\u00e4ne eine gute Wahl. Wenn Sie nach Maschinen f\u00fcr andere industrielle Handhabungsaufgaben suchen, k\u00f6nnen Sie sich auch unser Angebot an Traversenkr\u00e4nen, Traversen und industriellen Manipulatoren n\u00e4her ansehen.\u00a0<\/p><p>Wenn Sie Fragen zu unseren Produkten haben, k\u00f6nnen Sie sich jederzeit an uns wenden, um sich beraten zu lassen. Dies kann entweder per Telefon geschehen <a href=\"tel:97101074\">+45 97 10 10 74<\/a> oder E-Mail <a href=\"mailto:info@al-lift.com\">info@al-lift.com<\/a>.<\/p>\t\t\t\t\t\t\t\t<\/div>\n\t\t\t\t<\/div>\n\t\t\t\t<\/div>\n\t\t\t\t\t<\/div>\n\t\t\t\t<\/div>\n\t\t<div class=\"elementor-element elementor-element-0cb759a e-flex e-con-boxed e-con e-parent\" data-id=\"0cb759a\" data-element_type=\"container\" data-e-type=\"container\" data-settings=\"{&quot;jet_parallax_layout_list&quot;:[]}\">\n\t\t\t\t\t<div class=\"e-con-inner\">\n\t\t\t\t<div class=\"elementor-element elementor-element-996c81b elementor-widget elementor-widget-jet-posts\" data-id=\"996c81b\" data-element_type=\"widget\" data-e-type=\"widget\" data-settings=\"{&quot;columns_tablet&quot;:&quot;2&quot;,&quot;columns_mobile&quot;:&quot;1&quot;,&quot;columns&quot;:3,&quot;slides_to_scroll&quot;:&quot;1&quot;}\" data-widget_type=\"jet-posts.default\">\n\t\t\t\t<div class=\"elementor-widget-container\">\n\t\t\t\t\t<div class=\"elementor-jet-posts jet-elements\"><div class=\"jet-posts col-row\"><div class=\"jet-posts__item\">\n\t<div class=\"jet-posts__inner-box\"><div class=\"post-thumbnail\"><a href=\"https:\/\/al-lift.com\/en\/pack-mobile-uno-el\/\" class=\"post-thumbnail__link\"><img loading=\"lazy\" decoding=\"async\" class=\"post-thumbnail__img wp-post-image\" src=\"https:\/\/al-lift.com\/wp-content\/uploads\/2025\/09\/Pack-mobile-mini.png\" alt=\"Pack Mobile Mini\" width=\"300\" height=\"300\"><\/a><\/div><div class=\"jet-posts__inner-content\"><h4 class=\"entry-title\"><a href=\"https:\/\/al-lift.com\/en\/pack-mobile-uno-el\/\" target=\"\">Pack Mobile Mini<\/a><\/h4><div class=\"post-meta\"><\/div><\/div><\/div>\n<\/div>\n<div class=\"jet-posts__item\">\n\t<div class=\"jet-posts__inner-box\"><div class=\"post-thumbnail\"><a href=\"https:\/\/al-lift.com\/en\/pack-truck-uno-el\/\" class=\"post-thumbnail__link\"><img loading=\"lazy\" decoding=\"async\" class=\"post-thumbnail__img wp-post-image\" src=\"https:\/\/al-lift.com\/wp-content\/uploads\/2024\/07\/AL-Pack-Truck-Uno-EL-300x300-2.jpg\" alt=\"Pack Truck Uno El\" width=\"300\" height=\"300\"><\/a><\/div><div class=\"jet-posts__inner-content\"><h4 class=\"entry-title\"><a href=\"https:\/\/al-lift.com\/en\/pack-truck-uno-el\/\" target=\"\">Pack Truck Uno El<\/a><\/h4><div class=\"post-meta\"><\/div><\/div><\/div>\n<\/div>\n<div class=\"jet-posts__item\">\n\t<div class=\"jet-posts__inner-box\"><div class=\"post-thumbnail\"><a href=\"https:\/\/al-lift.com\/en\/pack-truck\/\" class=\"post-thumbnail__link\"><img loading=\"lazy\" decoding=\"async\" class=\"post-thumbnail__img wp-post-image\" src=\"https:\/\/al-lift.com\/wp-content\/uploads\/2024\/07\/AL-PACK-TRUCK-integreret-vakuum-loftesystem-pa-kontravaegtstruck-med-fast-kabine-1-MAIN-300x300-2.jpg\" alt=\"Pack Truck\" width=\"300\" height=\"300\"><\/a><\/div><div class=\"jet-posts__inner-content\"><h4 class=\"entry-title\"><a href=\"https:\/\/al-lift.com\/en\/pack-truck\/\" target=\"\">Pack Truck<\/a><\/h4><div class=\"post-meta\"><\/div><\/div><\/div>\n<\/div>\n<div class=\"jet-posts__item\">\n\t<div class=\"jet-posts__inner-box\"><div class=\"post-thumbnail\"><a href=\"https:\/\/al-lift.com\/en\/pack-triplex\/\" class=\"post-thumbnail__link\"><img loading=\"lazy\" decoding=\"async\" class=\"post-thumbnail__img wp-post-image\" src=\"https:\/\/al-lift.com\/wp-content\/uploads\/2024\/07\/Side-27-2.AL-PACK-TRIPLEX-300x300-2.jpg\" alt=\"Pack Triplex\" width=\"300\" height=\"300\"><\/a><\/div><div class=\"jet-posts__inner-content\"><h4 class=\"entry-title\"><a href=\"https:\/\/al-lift.com\/en\/pack-triplex\/\" target=\"\">Pack Triplex<\/a><\/h4><div class=\"post-meta\"><\/div><\/div><\/div>\n<\/div>\n<div class=\"jet-posts__item\">\n\t<div class=\"jet-posts__inner-box\"><div class=\"post-thumbnail\"><a href=\"https:\/\/al-lift.com\/en\/pack-stacker-uno-el\/\" class=\"post-thumbnail__link\"><img loading=\"lazy\" decoding=\"async\" class=\"post-thumbnail__img wp-post-image\" src=\"https:\/\/al-lift.com\/wp-content\/uploads\/2024\/07\/AL-PACK-STACKER-UNO-EL-kranarm-med-eltalje-til-lagertrucks-og-el-stabler-2-300x300-2.jpg\" alt=\"Pack Stacker Uno El\" width=\"300\" height=\"300\"><\/a><\/div><div class=\"jet-posts__inner-content\"><h4 class=\"entry-title\"><a href=\"https:\/\/al-lift.com\/en\/pack-stacker-uno-el\/\" target=\"\">Pack Stacker Uno El<\/a><\/h4><div class=\"post-meta\"><\/div><\/div><\/div>\n<\/div>\n<div class=\"jet-posts__item\">\n\t<div class=\"jet-posts__inner-box\"><div class=\"post-thumbnail\"><a href=\"https:\/\/al-lift.com\/en\/pack-stacker\/\" class=\"post-thumbnail__link\"><img loading=\"lazy\" decoding=\"async\" class=\"post-thumbnail__img wp-post-image\" src=\"https:\/\/al-lift.com\/wp-content\/uploads\/2024\/07\/Pack-Stacker-LOW-300x300-2.png\" alt=\"Pack Stacker\" width=\"300\" height=\"300\"><\/a><\/div><div class=\"jet-posts__inner-content\"><h4 class=\"entry-title\"><a href=\"https:\/\/al-lift.com\/en\/pack-stacker\/\" target=\"\">Pack Stacker<\/a><\/h4><div class=\"post-meta\"><\/div><\/div><\/div>\n<\/div>\n<div class=\"jet-posts__item\">\n\t<div class=\"jet-posts__inner-box\"><div class=\"post-thumbnail\"><a href=\"https:\/\/al-lift.com\/en\/uno-el-mobile-pack\/\" class=\"post-thumbnail__link\"><img loading=\"lazy\" decoding=\"async\" class=\"post-thumbnail__img wp-post-image\" src=\"https:\/\/al-lift.com\/wp-content\/uploads\/2024\/07\/Side-33-2.-AL-PACK-MOBILE-EL-300x300-2.jpg\" alt=\"Pack Mobile Uno El\" width=\"300\" height=\"300\"><\/a><\/div><div class=\"jet-posts__inner-content\"><h4 class=\"entry-title\"><a href=\"https:\/\/al-lift.com\/en\/uno-el-mobile-pack\/\" target=\"\">Pack Mobile Uno El<\/a><\/h4><div class=\"post-meta\"><\/div><\/div><\/div>\n<\/div>\n<div class=\"jet-posts__item\">\n\t<div class=\"jet-posts__inner-box\"><div class=\"post-thumbnail\"><a href=\"https:\/\/al-lift.com\/en\/pack-mobile-bat\/\" class=\"post-thumbnail__link\"><img loading=\"lazy\" decoding=\"async\" class=\"post-thumbnail__img wp-post-image\" src=\"https:\/\/al-lift.com\/wp-content\/uploads\/2024\/07\/IMG_3323-300x300-1.jpg\" alt=\"Pack Mobile Bat\" width=\"300\" height=\"300\"><\/a><\/div><div class=\"jet-posts__inner-content\"><h4 class=\"entry-title\"><a href=\"https:\/\/al-lift.com\/en\/pack-mobile-bat\/\" target=\"\">Pack Mobile Bat<\/a><\/h4><div class=\"post-meta\"><\/div><\/div><\/div>\n<\/div>\n<div class=\"jet-posts__item\">\n\t<div class=\"jet-posts__inner-box\"><div class=\"post-thumbnail\"><a href=\"https:\/\/al-lift.com\/en\/pack-mobile\/\" class=\"post-thumbnail__link\"><img loading=\"lazy\" decoding=\"async\" class=\"post-thumbnail__img wp-post-image\" src=\"https:\/\/al-lift.com\/wp-content\/uploads\/2024\/07\/546EC115-4901-4A5F-819C-D94C8FBA6100-300x300-1.jpg\" alt=\"Pack Mobile\" width=\"300\" height=\"300\"><\/a><\/div><div class=\"jet-posts__inner-content\"><h4 class=\"entry-title\"><a href=\"https:\/\/al-lift.com\/en\/pack-mobile\/\" target=\"\">Pack Mobile<\/a><\/h4><div class=\"post-meta\"><\/div><\/div><\/div>\n<\/div>\n<\/div>\n<\/div>\t\t\t\t<\/div>\n\t\t\t\t<\/div>\n\t\t\t\t\t<\/div>\n\t\t\t\t<\/div>\n\t\t\t\t<\/div>","protected":false},"excerpt":{"rendered":"<p>Hos AL-Lift har vi gennem mange \u00e5r udviklet l\u00f8fteudstyr til trucks og stablere, der har til form\u00e5l at hj\u00e6lpe virksomheder med at opn\u00e5 en hurtigere, nemmere og mere effektiv ordreplukning. Med dette udstyr sikres der s\u00e5ledes sk\u00e5nsomme l\u00f8ft for medarbejderne, n\u00e5r de skal h\u00e5ndtere store og tunge emner i deres daglige arbejde. Iblandt vores udvalg [&hellip;]<\/p>\n","protected":false},"author":1,"featured_media":0,"parent":0,"menu_order":0,"comment_status":"closed","ping_status":"closed","template":"elementor_header_footer","meta":{"_seopress_robots_primary_cat":"","_seopress_titles_title":"","_seopress_titles_desc":"","_seopress_robots_index":"","inline_featured_image":false,"footnotes":""},"class_list":["post-1625","page","type-page","status-publish","hentry"],"_links":{"self":[{"href":"https:\/\/al-lift.com\/de\/wp-json\/wp\/v2\/pages\/1625","targetHints":{"allow":["GET"]}}],"collection":[{"href":"https:\/\/al-lift.com\/de\/wp-json\/wp\/v2\/pages"}],"about":[{"href":"https:\/\/al-lift.com\/de\/wp-json\/wp\/v2\/types\/page"}],"author":[{"embeddable":true,"href":"https:\/\/al-lift.com\/de\/wp-json\/wp\/v2\/users\/1"}],"replies":[{"embeddable":true,"href":"https:\/\/al-lift.com\/de\/wp-json\/wp\/v2\/comments?post=1625"}],"version-history":[{"count":33,"href":"https:\/\/al-lift.com\/de\/wp-json\/wp\/v2\/pages\/1625\/revisions"}],"predecessor-version":[{"id":4452,"href":"https:\/\/al-lift.com\/de\/wp-json\/wp\/v2\/pages\/1625\/revisions\/4452"}],"wp:attachment":[{"href":"https:\/\/al-lift.com\/de\/wp-json\/wp\/v2\/media?parent=1625"}],"curies":[{"name":"wp","href":"https:\/\/api.w.org\/{rel}","templated":true}]}}