{"id":1620,"date":"2024-03-04T11:23:01","date_gmt":"2024-03-04T10:23:01","guid":{"rendered":"https:\/\/al-lift.com\/?page_id=1620"},"modified":"2024-10-09T14:55:46","modified_gmt":"2024-10-09T12:55:46","slug":"industriemanipulator","status":"publish","type":"page","link":"https:\/\/al-lift.com\/de\/industrial-manipulator\/","title":{"rendered":"Industrieller Manipulator"},"content":{"rendered":"<div data-elementor-type=\"wp-page\" data-elementor-id=\"1620\" class=\"elementor elementor-1620\" data-elementor-post-type=\"page\">\n\t\t\t\t<div class=\"elementor-element elementor-element-2ad85630 e-flex e-con-boxed e-con e-parent\" data-id=\"2ad85630\" data-element_type=\"container\" data-e-type=\"container\" data-settings=\"{&quot;background_background&quot;:&quot;classic&quot;,&quot;jet_parallax_layout_list&quot;:[]}\">\n\t\t\t\t\t<div class=\"e-con-inner\">\n\t\t\t\t\t<\/div>\n\t\t\t\t<\/div>\n\t\t<div class=\"elementor-element elementor-element-786cca4 e-flex e-con-boxed e-con e-parent\" data-id=\"786cca4\" data-element_type=\"container\" data-e-type=\"container\" data-settings=\"{&quot;jet_parallax_layout_list&quot;:[]}\">\n\t\t\t\t\t<div class=\"e-con-inner\">\n\t\t<div class=\"elementor-element elementor-element-2a6c633 e-con-full e-flex e-con e-child\" data-id=\"2a6c633\" data-element_type=\"container\" data-e-type=\"container\" data-settings=\"{&quot;jet_parallax_layout_list&quot;:[]}\">\n\t\t\t\t<div class=\"elementor-element elementor-element-90ffbd8 elementor-invisible elementor-widget elementor-widget-text-editor\" data-id=\"90ffbd8\" data-element_type=\"widget\" data-e-type=\"widget\" data-settings=\"{&quot;_animation&quot;:&quot;fadeIn&quot;,&quot;_animation_delay&quot;:100}\" data-widget_type=\"text-editor.default\">\n\t\t\t\t<div class=\"elementor-widget-container\">\n\t\t\t\t\t\t\t\t\t<p>Mit einem industriellen Manipulator k\u00f6nnen Sie eine Vielzahl von schweren Hebeaufgaben bew\u00e4ltigen. Unser MULTILIFT ist ein intelligenter elektronischer Manipulator mit einem einzigartigen Kniearm, der sich an der S\u00e4ule um volle 375\u00b0 drehen kann.&nbsp;<\/p>\n<p>Standardm\u00e4\u00dfig hat er eine Hubkapazit\u00e4t von 60 oder 80 kg. Wenn Sie einen Manipulator suchen, der schwerere Gegenst\u00e4nde handhaben kann, sollten Sie sich unseren POWERLIFT n\u00e4her ansehen, der eine Hebekapazit\u00e4t von 125 oder bis zu 320 kg hat. Wie der MULTILIFT verf\u00fcgt auch der POWERLIFT \u00fcber einen um 375\u00b0 drehbaren Kniearm.&nbsp;<\/p>\n<p>Wenn Sie mehr \u00fcber die verschiedenen Produkte erfahren m\u00f6chten, k\u00f6nnen Sie die entsprechenden Produktseiten besuchen. Schauen Sie sich unser Angebot an Industriemanipulatoren auf dieser Seite genauer an oder erkunden Sie unsere andere Auswahl an Hebezeugen f\u00fcr industrielle Arbeiten.<\/p>\n<h3>Was ist ein industrieller Manipulator?<\/h3>\n<p>Ein Industriemanipulator ist eine Maschine mit einem starren Stahlarm, der komplexe pneumatische Kipp- und Drehbewegungen erm\u00f6glicht - auch wenn sich der zu handhabende Gegenstand au\u00dferhalb des Zentrums der Maschine befindet. Die Maschine wird von einem menschlichen Bediener gesteuert, was eine pr\u00e4zise Handhabung des Manipulators erm\u00f6glicht, bei der Sie einen Gegenstand leicht anheben, absenken und transportieren k\u00f6nnen.&nbsp;<\/p>\n<p>Industrielle Manipulatoren werden am h\u00e4ufigsten eingesetzt, wenn:&nbsp;<\/p>\n<ul>\n<li>Ein Gegenstand ist f\u00fcr eine Person zu schwer, um ihn allein zu heben&nbsp;<\/li>\n<li>Ein Gegenstand muss an einen Ort gebracht werden, der f\u00fcr eine Person nicht leicht zu erreichen ist (z. B. ein sehr hohes Regal)&nbsp;<\/li>\n<li>Eine Person setzt sich der Gefahr von Verletzungen aus, wenn sie den Gegenstand manuell bewegt.&nbsp;<\/li>\n<\/ul>\n<div>&nbsp;<\/div>\n<p>Ein weiterer Vorteil eines Industriemanipulators besteht darin, dass er sich gut f\u00fcr die Handhabung von Teilen mit unterschiedlichen Formen eignet. Das ist ein gro\u00dfer Vorteil, wenn Sie oft mit Teilen zu tun haben, die keine Standardform haben. Einige unserer anderen Maschinen, wie z. B. unsere Hubbalken, k\u00f6nnen diese Aufgaben nicht bew\u00e4ltigen.<\/p>\t\t\t\t\t\t\t\t<\/div>\n\t\t\t\t<\/div>\n\t\t\t\t<\/div>\n\t\t<div class=\"elementor-element elementor-element-546631d e-con-full e-flex e-con e-child\" data-id=\"546631d\" data-element_type=\"container\" data-e-type=\"container\" data-settings=\"{&quot;jet_parallax_layout_list&quot;:[]}\">\n\t\t\t\t<div class=\"elementor-element elementor-element-1f0f67b elementor-widget elementor-widget-image\" data-id=\"1f0f67b\" data-element_type=\"widget\" data-e-type=\"widget\" data-widget_type=\"image.default\">\n\t\t\t\t<div class=\"elementor-widget-container\">\n\t\t\t\t\t\t\t\t\t\t\t\t\t\t\t<img alt=\"\" fetchpriority=\"high\" decoding=\"async\" width=\"729\" height=\"1024\" src=\"https:\/\/al-lift.com\/wp-content\/uploads\/2024\/07\/Side-13-4.-AL-MULTILIFT-729x1024.jpg\" class=\"attachment-large size-large wp-image-2360\" srcset=\"https:\/\/al-lift.com\/wp-content\/uploads\/2024\/07\/Side-13-4.-AL-MULTILIFT-729x1024.jpg 729w, https:\/\/al-lift.com\/wp-content\/uploads\/2024\/07\/Side-13-4.-AL-MULTILIFT-214x300.jpg 214w, https:\/\/al-lift.com\/wp-content\/uploads\/2024\/07\/Side-13-4.-AL-MULTILIFT-768x1079.jpg 768w, https:\/\/al-lift.com\/wp-content\/uploads\/2024\/07\/Side-13-4.-AL-MULTILIFT.jpg 1068w\" sizes=\"(max-width: 729px) 100vw, 729px\" \/>\t\t\t\t\t\t\t\t\t\t\t\t\t\t\t<\/div>\n\t\t\t\t<\/div>\n\t\t\t\t<div class=\"elementor-element elementor-element-f64c06b radial-in elementor-align-justify elementor-invisible elementor-widget elementor-widget-button\" data-id=\"f64c06b\" data-element_type=\"widget\" data-e-type=\"widget\" data-settings=\"{&quot;_animation&quot;:&quot;fadeIn&quot;,&quot;_animation_delay&quot;:200}\" data-widget_type=\"button.default\">\n\t\t\t\t<div class=\"elementor-widget-container\">\n\t\t\t\t\t\t\t\t\t<div class=\"elementor-button-wrapper\">\n\t\t\t\t\t<a class=\"elementor-button elementor-button-link elementor-size-sm\" href=\"https:\/\/al-lift.com\/de\/kontakt\/\">\n\t\t\t\t\t\t<span class=\"elementor-button-content-wrapper\">\n\t\t\t\t\t\t\t\t\t<span class=\"elementor-button-text\">Kontaktieren Sie uns jetzt<\/span>\n\t\t\t\t\t<\/span>\n\t\t\t\t\t<\/a>\n\t\t\t\t<\/div>\n\t\t\t\t\t\t\t\t<\/div>\n\t\t\t\t<\/div>\n\t\t\t\t<\/div>\n\t\t\t\t\t<\/div>\n\t\t\t\t<\/div>\n\t\t<div class=\"elementor-element elementor-element-466da5f e-flex e-con-boxed e-con e-parent\" data-id=\"466da5f\" data-element_type=\"container\" data-e-type=\"container\" data-settings=\"{&quot;jet_parallax_layout_list&quot;:[]}\">\n\t\t\t\t\t<div class=\"e-con-inner\">\n\t\t<div class=\"elementor-element elementor-element-d58cb14 e-con-full e-flex e-con e-child\" data-id=\"d58cb14\" data-element_type=\"container\" data-e-type=\"container\" data-settings=\"{&quot;jet_parallax_layout_list&quot;:[]}\">\n\t\t\t\t<div class=\"elementor-element elementor-element-32918b4 elementor-widget elementor-widget-image\" data-id=\"32918b4\" data-element_type=\"widget\" data-e-type=\"widget\" data-widget_type=\"image.default\">\n\t\t\t\t<div class=\"elementor-widget-container\">\n\t\t\t\t\t\t\t\t\t\t\t\t\t\t\t<img alt=\"\" decoding=\"async\" width=\"800\" height=\"659\" src=\"https:\/\/al-lift.com\/wp-content\/uploads\/2024\/07\/Side-13-5.-AL-MULTILIFT-1024x844.jpg\" class=\"attachment-large size-large wp-image-2362\" srcset=\"https:\/\/al-lift.com\/wp-content\/uploads\/2024\/07\/Side-13-5.-AL-MULTILIFT-1024x844.jpg 1024w, https:\/\/al-lift.com\/wp-content\/uploads\/2024\/07\/Side-13-5.-AL-MULTILIFT-300x247.jpg 300w, https:\/\/al-lift.com\/wp-content\/uploads\/2024\/07\/Side-13-5.-AL-MULTILIFT-768x633.jpg 768w, https:\/\/al-lift.com\/wp-content\/uploads\/2024\/07\/Side-13-5.-AL-MULTILIFT.jpg 1500w\" sizes=\"(max-width: 800px) 100vw, 800px\" \/>\t\t\t\t\t\t\t\t\t\t\t\t\t\t\t<\/div>\n\t\t\t\t<\/div>\n\t\t\t\t<div class=\"elementor-element elementor-element-14e5c5e radial-in elementor-align-justify elementor-invisible elementor-widget elementor-widget-button\" data-id=\"14e5c5e\" data-element_type=\"widget\" data-e-type=\"widget\" data-settings=\"{&quot;_animation&quot;:&quot;fadeIn&quot;,&quot;_animation_delay&quot;:200}\" data-widget_type=\"button.default\">\n\t\t\t\t<div class=\"elementor-widget-container\">\n\t\t\t\t\t\t\t\t\t<div class=\"elementor-button-wrapper\">\n\t\t\t\t\t<a class=\"elementor-button elementor-button-link elementor-size-sm\" href=\"https:\/\/al-lift.com\/de\/kontakt\/\">\n\t\t\t\t\t\t<span class=\"elementor-button-content-wrapper\">\n\t\t\t\t\t\t\t\t\t<span class=\"elementor-button-text\">Unverbindliches Angebot einholen<\/span>\n\t\t\t\t\t<\/span>\n\t\t\t\t\t<\/a>\n\t\t\t\t<\/div>\n\t\t\t\t\t\t\t\t<\/div>\n\t\t\t\t<\/div>\n\t\t\t\t<\/div>\n\t\t<div class=\"elementor-element elementor-element-dfcad9f e-con-full e-flex e-con e-child\" data-id=\"dfcad9f\" data-element_type=\"container\" data-e-type=\"container\" data-settings=\"{&quot;jet_parallax_layout_list&quot;:[]}\">\n\t\t\t\t<div class=\"elementor-element elementor-element-127707b elementor-widget elementor-widget-heading\" data-id=\"127707b\" data-element_type=\"widget\" data-e-type=\"widget\" data-widget_type=\"heading.default\">\n\t\t\t\t<div class=\"elementor-widget-container\">\n\t\t\t\t\t<h2 class=\"elementor-heading-title elementor-size-default\">Kontaktieren Sie uns f\u00fcr Beratung und Anleitung<\/h2>\t\t\t\t<\/div>\n\t\t\t\t<\/div>\n\t\t\t\t<div class=\"elementor-element elementor-element-bd5bc4e elementor-invisible elementor-widget elementor-widget-text-editor\" data-id=\"bd5bc4e\" data-element_type=\"widget\" data-e-type=\"widget\" data-settings=\"{&quot;_animation&quot;:&quot;fadeIn&quot;,&quot;_animation_delay&quot;:100}\" data-widget_type=\"text-editor.default\">\n\t\t\t\t<div class=\"elementor-widget-container\">\n\t\t\t\t\t\t\t\t\t<p>Haben Sie Fragen zu unseren Industriemanipulatoren oder m\u00f6chten Sie bei der Auswahl des richtigen Produkts f\u00fcr Ihre spezifischen Aufgaben unterst\u00fctzt werden? Nehmen Sie Kontakt mit uns auf, um sich professionell beraten zu lassen.<\/p><p>\u00a0Sie k\u00f6nnen dies entweder \u00fcber unser Kontaktformular tun oder uns anrufen <a href=\"tel:97101074\">97 10 10 74<\/a>. Sie sind auch herzlich eingeladen, unseren Ausstellungsraum in Lemvig zu besuchen, wo Sie unsere Produkte sehen k\u00f6nnen.<\/p>\t\t\t\t\t\t\t\t<\/div>\n\t\t\t\t<\/div>\n\t\t\t\t<\/div>\n\t\t\t\t\t<\/div>\n\t\t\t\t<\/div>\n\t\t<div class=\"elementor-element elementor-element-62fc41a e-flex e-con-boxed e-con e-parent\" data-id=\"62fc41a\" data-element_type=\"container\" data-e-type=\"container\" data-settings=\"{&quot;jet_parallax_layout_list&quot;:[]}\">\n\t\t\t\t\t<div class=\"e-con-inner\">\n\t\t\t\t<div class=\"elementor-element elementor-element-8cc5c9c elementor-widget elementor-widget-jet-posts\" data-id=\"8cc5c9c\" data-element_type=\"widget\" data-e-type=\"widget\" data-settings=\"{&quot;columns_tablet&quot;:&quot;2&quot;,&quot;columns_mobile&quot;:&quot;1&quot;,&quot;columns&quot;:3,&quot;slides_to_scroll&quot;:&quot;1&quot;}\" data-widget_type=\"jet-posts.default\">\n\t\t\t\t<div class=\"elementor-widget-container\">\n\t\t\t\t\t<div class=\"elementor-jet-posts jet-elements\"><div class=\"jet-posts col-row\"><div class=\"jet-posts__item\">\n\t<div class=\"jet-posts__inner-box\"><div class=\"post-thumbnail\"><a href=\"https:\/\/al-lift.com\/en\/multi-lift\/\" class=\"post-thumbnail__link\"><img loading=\"lazy\" decoding=\"async\" class=\"post-thumbnail__img wp-post-image\" src=\"https:\/\/al-lift.com\/wp-content\/uploads\/2024\/07\/Side-12-0.-AL-MULTILIFT-300x300-2.jpg\" alt=\"Multilift\" width=\"300\" height=\"300\"><\/a><\/div><div class=\"jet-posts__inner-content\"><h4 class=\"entry-title\"><a href=\"https:\/\/al-lift.com\/en\/multi-lift\/\" target=\"\">Multilift<\/a><\/h4><div class=\"post-meta\"><\/div><\/div><\/div>\n<\/div>\n<\/div>\n<\/div>\t\t\t\t<\/div>\n\t\t\t\t<\/div>\n\t\t\t\t\t<\/div>\n\t\t\t\t<\/div>\n\t\t\t\t<\/div>","protected":false},"excerpt":{"rendered":"<p>Med en industrial manipulator kan du klare diverse tunge l\u00f8ft. Vores MULTILIFT er en intelligent elektronisk manipulator, som har en unik kn\u00e6arm, der kan rotere hele 375\u00b0 p\u00e5 s\u00f8jlen.&nbsp; Som standard har den en l\u00f8ftekapacitet p\u00e5 enten 60 eller 80 kg. S\u00f8ger du en manipulator, der kan h\u00e5ndtere tungere emner, kan du med fordel se [&hellip;]<\/p>\n","protected":false},"author":1,"featured_media":0,"parent":0,"menu_order":0,"comment_status":"closed","ping_status":"closed","template":"elementor_header_footer","meta":{"_seopress_robots_primary_cat":"","_seopress_titles_title":"","_seopress_titles_desc":"","_seopress_robots_index":"","inline_featured_image":false,"footnotes":""},"class_list":["post-1620","page","type-page","status-publish","hentry"],"_links":{"self":[{"href":"https:\/\/al-lift.com\/de\/wp-json\/wp\/v2\/pages\/1620","targetHints":{"allow":["GET"]}}],"collection":[{"href":"https:\/\/al-lift.com\/de\/wp-json\/wp\/v2\/pages"}],"about":[{"href":"https:\/\/al-lift.com\/de\/wp-json\/wp\/v2\/types\/page"}],"author":[{"embeddable":true,"href":"https:\/\/al-lift.com\/de\/wp-json\/wp\/v2\/users\/1"}],"replies":[{"embeddable":true,"href":"https:\/\/al-lift.com\/de\/wp-json\/wp\/v2\/comments?post=1620"}],"version-history":[{"count":29,"href":"https:\/\/al-lift.com\/de\/wp-json\/wp\/v2\/pages\/1620\/revisions"}],"predecessor-version":[{"id":3528,"href":"https:\/\/al-lift.com\/de\/wp-json\/wp\/v2\/pages\/1620\/revisions\/3528"}],"wp:attachment":[{"href":"https:\/\/al-lift.com\/de\/wp-json\/wp\/v2\/media?parent=1620"}],"curies":[{"name":"wp","href":"https:\/\/api.w.org\/{rel}","templated":true}]}}