{"id":1610,"date":"2024-03-04T11:14:46","date_gmt":"2024-03-04T10:14:46","guid":{"rendered":"https:\/\/al-lift.com\/?page_id=1610"},"modified":"2024-10-22T09:48:25","modified_gmt":"2024-10-22T07:48:25","slug":"platten-plader","status":"publish","type":"page","link":"https:\/\/al-lift.com\/de\/lofteag\/","title":{"rendered":"Platten - plader"},"content":{"rendered":"<div data-elementor-type=\"wp-page\" data-elementor-id=\"1610\" class=\"elementor elementor-1610\" data-elementor-post-type=\"page\">\n\t\t\t\t<div class=\"elementor-element elementor-element-2ad85630 e-flex e-con-boxed e-con e-parent\" data-id=\"2ad85630\" data-element_type=\"container\" data-e-type=\"container\" data-settings=\"{&quot;background_background&quot;:&quot;classic&quot;,&quot;jet_parallax_layout_list&quot;:[]}\">\n\t\t\t\t\t<div class=\"e-con-inner\">\n\t\t\t\t\t<\/div>\n\t\t\t\t<\/div>\n\t\t<div class=\"elementor-element elementor-element-bbfb9b3 e-flex e-con-boxed e-con e-parent\" data-id=\"bbfb9b3\" data-element_type=\"container\" data-e-type=\"container\" data-settings=\"{&quot;jet_parallax_layout_list&quot;:[]}\">\n\t\t\t\t\t<div class=\"e-con-inner\">\n\t\t<div class=\"elementor-element elementor-element-d9bf759 e-con-full e-flex e-con e-child\" data-id=\"d9bf759\" data-element_type=\"container\" data-e-type=\"container\" data-settings=\"{&quot;jet_parallax_layout_list&quot;:[]}\">\n\t\t\t\t<div class=\"elementor-element elementor-element-ebcd451 elementor-invisible elementor-widget elementor-widget-text-editor\" data-id=\"ebcd451\" data-element_type=\"widget\" data-e-type=\"widget\" data-settings=\"{&quot;_animation&quot;:&quot;fadeIn&quot;,&quot;_animation_delay&quot;:100}\" data-widget_type=\"text-editor.default\">\n\t\t\t\t<div class=\"elementor-widget-container\">\n\t\t\t\t\t\t\t\t\t<p>Unter unseren Hebeger\u00e4ten f\u00fcr die Industrie haben wir eine Auswahl an verschiedenen Vakuumhebebalken. Dazu geh\u00f6ren unsere h\u00fcftmontierten SPIDER EL und BUTLER 200, die beide Stahl- und Holzplatten mit Saugn\u00e4pfen handhaben. Unser SPIDER EL verf\u00fcgt jedoch \u00fcber mehrere verstellbare Saugn\u00e4pfe, die es erm\u00f6glichen, gr\u00f6\u00dfere Platten zu handhaben.&nbsp;<\/p>\n<p>Sie hat auch ein h\u00f6heres Gewicht von 58 kg, im Gegensatz zu unserer BUTLER 200, die nur 14 kg wiegt. Selbstverst\u00e4ndlich sind alle unsere Traversen aus langlebigen Materialien gefertigt, die sie in der rauen Industrieumgebung \u00e4u\u00dferst n\u00fctzlich machen. Schauen Sie sich die verschiedenen Produkte auf dieser Seite genauer an und kontaktieren Sie uns, wenn Sie Fragen haben.<\/p>\n<h3>Sonstige Hebezeuge f\u00fcr den Industriesektor&nbsp;<\/h3>\n<p>Neben Traversen f\u00fcr Kransysteme haben wir auch eine Reihe anderer Hebevorrichtungen f\u00fcr den industriellen Bereich. Hier finden Sie verschiedene Hebevorrichtungen f\u00fcr Gabelstapler, mit denen Sie mit nur einer Maschine sowohl Materialien transportieren als auch handhaben k\u00f6nnen.&nbsp;<\/p>\n<p>Wenn Sie jedoch eine Maschine f\u00fcr wiederholtes Heben in einem begrenzten Bereich suchen, haben wir eine Reihe von Auslegerkr\u00e4nen, die f\u00fcr diesen Zweck ideal sind<\/p>\t\t\t\t\t\t\t\t<\/div>\n\t\t\t\t<\/div>\n\t\t\t\t<\/div>\n\t\t<div class=\"elementor-element elementor-element-b0a3e10 e-con-full e-flex e-con e-child\" data-id=\"b0a3e10\" data-element_type=\"container\" data-e-type=\"container\" data-settings=\"{&quot;jet_parallax_layout_list&quot;:[]}\">\n\t\t\t\t<div class=\"elementor-element elementor-element-2035c4f elementor-widget elementor-widget-image\" data-id=\"2035c4f\" data-element_type=\"widget\" data-e-type=\"widget\" data-widget_type=\"image.default\">\n\t\t\t\t<div class=\"elementor-widget-container\">\n\t\t\t\t\t\t\t\t\t\t\t\t\t\t\t<img alt=\"\" fetchpriority=\"high\" decoding=\"async\" width=\"300\" height=\"300\" src=\"https:\/\/al-lift.com\/wp-content\/uploads\/2024\/10\/Design-uden-navn-16.png\" class=\"attachment-large size-large wp-image-3650\" srcset=\"https:\/\/al-lift.com\/wp-content\/uploads\/2024\/10\/Design-uden-navn-16.png 300w, https:\/\/al-lift.com\/wp-content\/uploads\/2024\/10\/Design-uden-navn-16-150x150.png 150w\" sizes=\"(max-width: 300px) 100vw, 300px\" \/>\t\t\t\t\t\t\t\t\t\t\t\t\t\t\t<\/div>\n\t\t\t\t<\/div>\n\t\t\t\t<div class=\"elementor-element elementor-element-ae2e7d1 radial-in elementor-align-justify elementor-invisible elementor-widget elementor-widget-button\" data-id=\"ae2e7d1\" data-element_type=\"widget\" data-e-type=\"widget\" data-settings=\"{&quot;_animation&quot;:&quot;fadeIn&quot;,&quot;_animation_delay&quot;:200}\" data-widget_type=\"button.default\">\n\t\t\t\t<div class=\"elementor-widget-container\">\n\t\t\t\t\t\t\t\t\t<div class=\"elementor-button-wrapper\">\n\t\t\t\t\t<a class=\"elementor-button elementor-button-link elementor-size-sm\" href=\"https:\/\/al-lift.com\/de\/kontakt\/\">\n\t\t\t\t\t\t<span class=\"elementor-button-content-wrapper\">\n\t\t\t\t\t\t\t\t\t<span class=\"elementor-button-text\">Kontaktieren Sie uns jetzt<\/span>\n\t\t\t\t\t<\/span>\n\t\t\t\t\t<\/a>\n\t\t\t\t<\/div>\n\t\t\t\t\t\t\t\t<\/div>\n\t\t\t\t<\/div>\n\t\t\t\t<\/div>\n\t\t\t\t\t<\/div>\n\t\t\t\t<\/div>\n\t\t<div class=\"elementor-element elementor-element-b1073f4 e-flex e-con-boxed e-con e-parent\" data-id=\"b1073f4\" data-element_type=\"container\" data-e-type=\"container\" data-settings=\"{&quot;jet_parallax_layout_list&quot;:[]}\">\n\t\t\t\t\t<div class=\"e-con-inner\">\n\t\t<div class=\"elementor-element elementor-element-1b16a08 e-con-full e-flex e-con e-child\" data-id=\"1b16a08\" data-element_type=\"container\" data-e-type=\"container\" data-settings=\"{&quot;jet_parallax_layout_list&quot;:[]}\">\n\t\t\t\t<div class=\"elementor-element elementor-element-a60d541 elementor-widget elementor-widget-image\" data-id=\"a60d541\" data-element_type=\"widget\" data-e-type=\"widget\" data-widget_type=\"image.default\">\n\t\t\t\t<div class=\"elementor-widget-container\">\n\t\t\t\t\t\t\t\t\t\t\t\t\t\t\t<img alt=\"\" decoding=\"async\" width=\"300\" height=\"300\" src=\"https:\/\/al-lift.com\/wp-content\/uploads\/2024\/07\/Side-16-0-300x300-2.jpg\" class=\"attachment-large size-large wp-image-2338\" srcset=\"https:\/\/al-lift.com\/wp-content\/uploads\/2024\/07\/Side-16-0-300x300-2.jpg 300w, https:\/\/al-lift.com\/wp-content\/uploads\/2024\/07\/Side-16-0-300x300-2-150x150.jpg 150w\" sizes=\"(max-width: 300px) 100vw, 300px\" \/>\t\t\t\t\t\t\t\t\t\t\t\t\t\t\t<\/div>\n\t\t\t\t<\/div>\n\t\t\t\t<div class=\"elementor-element elementor-element-a4932aa radial-in elementor-align-justify elementor-invisible elementor-widget elementor-widget-button\" data-id=\"a4932aa\" data-element_type=\"widget\" data-e-type=\"widget\" data-settings=\"{&quot;_animation&quot;:&quot;fadeIn&quot;,&quot;_animation_delay&quot;:200}\" data-widget_type=\"button.default\">\n\t\t\t\t<div class=\"elementor-widget-container\">\n\t\t\t\t\t\t\t\t\t<div class=\"elementor-button-wrapper\">\n\t\t\t\t\t<a class=\"elementor-button elementor-button-link elementor-size-sm\" href=\"https:\/\/al-lift.com\/de\/kontakt\/\">\n\t\t\t\t\t\t<span class=\"elementor-button-content-wrapper\">\n\t\t\t\t\t\t\t\t\t<span class=\"elementor-button-text\">Kontaktieren Sie uns jetzt<\/span>\n\t\t\t\t\t<\/span>\n\t\t\t\t\t<\/a>\n\t\t\t\t<\/div>\n\t\t\t\t\t\t\t\t<\/div>\n\t\t\t\t<\/div>\n\t\t\t\t<\/div>\n\t\t<div class=\"elementor-element elementor-element-d84726f e-con-full e-flex e-con e-child\" data-id=\"d84726f\" data-element_type=\"container\" data-e-type=\"container\" data-settings=\"{&quot;jet_parallax_layout_list&quot;:[]}\">\n\t\t\t\t<div class=\"elementor-element elementor-element-77d7395 elementor-widget elementor-widget-heading\" data-id=\"77d7395\" data-element_type=\"widget\" data-e-type=\"widget\" data-widget_type=\"heading.default\">\n\t\t\t\t<div class=\"elementor-widget-container\">\n\t\t\t\t\t<h2 class=\"elementor-heading-title elementor-size-default\">Kontaktieren Sie uns f\u00fcr weitere Beratung<\/h2>\t\t\t\t<\/div>\n\t\t\t\t<\/div>\n\t\t\t\t<div class=\"elementor-element elementor-element-e3f5e09 elementor-invisible elementor-widget elementor-widget-text-editor\" data-id=\"e3f5e09\" data-element_type=\"widget\" data-e-type=\"widget\" data-settings=\"{&quot;_animation&quot;:&quot;fadeIn&quot;,&quot;_animation_delay&quot;:100}\" data-widget_type=\"text-editor.default\">\n\t\t\t\t<div class=\"elementor-widget-container\">\n\t\t\t\t\t\t\t\t\t<p>Die Wahl des Hebeger\u00e4ts h\u00e4ngt von Ihren Handhabungsaufgaben ab. Wenn Sie sich nicht sicher sind, welches Ger\u00e4t f\u00fcr Sie die beste L\u00f6sung ist, k\u00f6nnen Sie sich nat\u00fcrlich gerne an uns wenden, damit wir Sie beraten k\u00f6nnen.\u00a0<\/p><p>Wir von AL-Lift kennen den Markt und die nachgefragten Produkte sehr genau. Mit dieser umfassenden Marktkenntnis verf\u00fcgen wir \u00fcber ein einzigartiges Wissen, das wir gerne an Sie weitergeben. Kontaktieren Sie uns \u00fcber unser Kontaktformular oder per Telefon <a href=\"tel:97101074\">97 10 10 74<\/a>. Wenn Sie einige unserer Ger\u00e4te sehen oder ausprobieren m\u00f6chten, hei\u00dfen wir Sie gerne in unserem 500 m2 gro\u00dfen Ausstellungsraum in Lemvig willkommen. Hier k\u00f6nnen wir auch ein Gespr\u00e4ch \u00fcber die verschiedenen Produkte f\u00fchren.<\/p>\t\t\t\t\t\t\t\t<\/div>\n\t\t\t\t<\/div>\n\t\t\t\t<\/div>\n\t\t\t\t\t<\/div>\n\t\t\t\t<\/div>\n\t\t<div class=\"elementor-element elementor-element-5366600 e-flex e-con-boxed e-con e-parent\" data-id=\"5366600\" data-element_type=\"container\" data-e-type=\"container\" data-settings=\"{&quot;jet_parallax_layout_list&quot;:[]}\">\n\t\t\t\t\t<div class=\"e-con-inner\">\n\t\t\t\t<div class=\"elementor-element elementor-element-ac45d58 elementor-widget elementor-widget-jet-posts\" data-id=\"ac45d58\" data-element_type=\"widget\" data-e-type=\"widget\" data-settings=\"{&quot;columns_tablet&quot;:&quot;2&quot;,&quot;columns_mobile&quot;:&quot;1&quot;,&quot;columns&quot;:3,&quot;slides_to_scroll&quot;:&quot;1&quot;}\" data-widget_type=\"jet-posts.default\">\n\t\t\t\t<div class=\"elementor-widget-container\">\n\t\t\t\t\t<div class=\"elementor-jet-posts jet-elements\"><div class=\"jet-posts col-row\"><div class=\"jet-posts__item\">\n\t<div class=\"jet-posts__inner-box\"><div class=\"post-thumbnail\"><a href=\"https:\/\/al-lift.com\/de\/elektrische-spinne\/\" class=\"post-thumbnail__link\"><img loading=\"lazy\" decoding=\"async\" class=\"post-thumbnail__img wp-post-image\" src=\"https:\/\/al-lift.com\/wp-content\/uploads\/2024\/07\/Side-20-0.-AL-SPIDER-EL-300x300-2.jpg\" alt=\"Spinne El\" width=\"300\" height=\"300\"><\/a><\/div><div class=\"jet-posts__inner-content\"><h4 class=\"entry-title\"><a href=\"https:\/\/al-lift.com\/de\/elektrische-spinne\/\" target=\"\">Spinne El<\/a><\/h4><div class=\"post-meta\"><\/div><\/div><\/div>\n<\/div>\n<div class=\"jet-posts__item\">\n\t<div class=\"jet-posts__inner-box\"><div class=\"post-thumbnail\"><a href=\"https:\/\/al-lift.com\/de\/butler-200-kabelloser-sauglifter\/\" class=\"post-thumbnail__link\"><img loading=\"lazy\" decoding=\"async\" class=\"post-thumbnail__img wp-post-image\" src=\"https:\/\/al-lift.com\/wp-content\/uploads\/2024\/07\/Side-16-0-300x300-2.jpg\" alt=\"Butler 200 Akkubetriebener Sauglifter\" width=\"300\" height=\"300\"><\/a><\/div><div class=\"jet-posts__inner-content\"><h4 class=\"entry-title\"><a href=\"https:\/\/al-lift.com\/de\/butler-200-kabelloser-sauglifter\/\" target=\"\">Butler 200 Akkubetriebener Sauglifter<\/a><\/h4><div class=\"post-meta\"><\/div><\/div><\/div>\n<\/div>\n<div class=\"jet-posts__item\">\n\t<div class=\"jet-posts__inner-box\"><div class=\"post-thumbnail\"><a href=\"https:\/\/al-lift.com\/de\/atomar-mit-lofteag\/\" class=\"post-thumbnail__link\"><img loading=\"lazy\" decoding=\"async\" class=\"post-thumbnail__img wp-post-image\" src=\"https:\/\/al-lift.com\/wp-content\/uploads\/2024\/07\/Side-18-0AL-ATOMIC-OK-300x300-1.jpg\" alt=\"Atomic mit Hubbalken\" width=\"300\" height=\"300\"><\/a><\/div><div class=\"jet-posts__inner-content\"><h4 class=\"entry-title\"><a href=\"https:\/\/al-lift.com\/de\/atomar-mit-lofteag\/\" target=\"\">Atomic mit Hubbalken<\/a><\/h4><div class=\"post-meta\"><\/div><\/div><\/div>\n<\/div>\n<\/div>\n<\/div>\t\t\t\t<\/div>\n\t\t\t\t<\/div>\n\t\t\t\t\t<\/div>\n\t\t\t\t<\/div>\n\t\t\t\t<\/div>","protected":false},"excerpt":{"rendered":"<p>Iblandt vores l\u00f8fteudstyr til industri har vi et udvalg af forskellige l\u00f8fte\u00e5g med vakuum. Her finder du blandt andet vores taljeoph\u00e6ngte SPIDER EL og BUTLER 200, der begge h\u00e5ndterer st\u00e5l- og tr\u00e6plader med sugekopper. Vores SPIDER EL har dog flere justerbare sugekopper, der g\u00f8r det muligt at h\u00e5ndtere st\u00f8rre plader.&nbsp; Denne har ogs\u00e5 en tungere [&hellip;]<\/p>\n","protected":false},"author":1,"featured_media":0,"parent":0,"menu_order":0,"comment_status":"closed","ping_status":"closed","template":"elementor_header_footer","meta":{"_seopress_robots_primary_cat":"","_seopress_titles_title":"","_seopress_titles_desc":"","_seopress_robots_index":"","inline_featured_image":false,"footnotes":""},"class_list":["post-1610","page","type-page","status-publish","hentry"],"_links":{"self":[{"href":"https:\/\/al-lift.com\/de\/wp-json\/wp\/v2\/pages\/1610","targetHints":{"allow":["GET"]}}],"collection":[{"href":"https:\/\/al-lift.com\/de\/wp-json\/wp\/v2\/pages"}],"about":[{"href":"https:\/\/al-lift.com\/de\/wp-json\/wp\/v2\/types\/page"}],"author":[{"embeddable":true,"href":"https:\/\/al-lift.com\/de\/wp-json\/wp\/v2\/users\/1"}],"replies":[{"embeddable":true,"href":"https:\/\/al-lift.com\/de\/wp-json\/wp\/v2\/comments?post=1610"}],"version-history":[{"count":29,"href":"https:\/\/al-lift.com\/de\/wp-json\/wp\/v2\/pages\/1610\/revisions"}],"predecessor-version":[{"id":3653,"href":"https:\/\/al-lift.com\/de\/wp-json\/wp\/v2\/pages\/1610\/revisions\/3653"}],"wp:attachment":[{"href":"https:\/\/al-lift.com\/de\/wp-json\/wp\/v2\/media?parent=1610"}],"curies":[{"name":"wp","href":"https:\/\/api.w.org\/{rel}","templated":true}]}}