{"id":1605,"date":"2024-03-04T11:13:21","date_gmt":"2024-03-04T10:13:21","guid":{"rendered":"https:\/\/al-lift.com\/?page_id=1605"},"modified":"2024-10-09T14:44:44","modified_gmt":"2024-10-09T12:44:44","slug":"vakuumheber-fur-die-kranaufhangung","status":"publish","type":"page","link":"https:\/\/al-lift.com\/de\/vakuumloftere-til-ophaeng-i-kraner\/","title":{"rendered":"Vakuumheber f\u00fcr die Aufh\u00e4ngung in Kr\u00e4nen"},"content":{"rendered":"<div data-elementor-type=\"wp-page\" data-elementor-id=\"1605\" class=\"elementor elementor-1605\" data-elementor-post-type=\"page\">\n\t\t\t\t<div class=\"elementor-element elementor-element-2ad85630 e-flex e-con-boxed e-con e-parent\" data-id=\"2ad85630\" data-element_type=\"container\" data-e-type=\"container\" data-settings=\"{&quot;background_background&quot;:&quot;classic&quot;,&quot;jet_parallax_layout_list&quot;:[]}\">\n\t\t\t\t\t<div class=\"e-con-inner\">\n\t\t\t\t\t<\/div>\n\t\t\t\t<\/div>\n\t\t<div class=\"elementor-element elementor-element-88d5f64 e-flex e-con-boxed e-con e-parent\" data-id=\"88d5f64\" data-element_type=\"container\" data-e-type=\"container\" data-settings=\"{&quot;jet_parallax_layout_list&quot;:[]}\">\n\t\t\t\t\t<div class=\"e-con-inner\">\n\t\t<div class=\"elementor-element elementor-element-b03a739 e-con-full e-flex e-con e-child\" data-id=\"b03a739\" data-element_type=\"container\" data-e-type=\"container\" data-settings=\"{&quot;jet_parallax_layout_list&quot;:[]}\">\n\t\t\t\t<div class=\"elementor-element elementor-element-18b3444 elementor-invisible elementor-widget elementor-widget-text-editor\" data-id=\"18b3444\" data-element_type=\"widget\" data-e-type=\"widget\" data-settings=\"{&quot;_animation&quot;:&quot;fadeIn&quot;,&quot;_animation_delay&quot;:100}\" data-widget_type=\"text-editor.default\">\n\t\t\t\t<div class=\"elementor-widget-container\">\n\t\t\t\t\t\t\t\t\t<p>Auf dieser Seite finden Sie eine gro\u00dfe Auswahl an Vakuumhebern, die an einem Kran oder einer anderen Baumaschine aufgeh\u00e4ngt werden k\u00f6nnen. Diese Vakuumheber erh\u00f6hen die Effizienz am Arbeitsplatz und sch\u00fctzen die Mitarbeiter beim Heben schwerer Lasten.\u00a0<\/p><p>Mit dieser Art von Vakuumhebern ist es m\u00f6glich, fast jede Oberfl\u00e4che zu heben, aber die Hebeleistung variiert von Maschine zu Maschine. Deshalb ist es wichtig, sich zu \u00fcberlegen, f\u00fcr welche Aufgaben Sie und Ihre Mitarbeiter Maschinen suchen. Die Maschinen, die Sie auf dieser Seite finden, k\u00f6nnen zwischen 140 und 1000 kg heben, aber es ist auch m\u00f6glich, Hebeger\u00e4te zu finden, die mehrere Tonnen heben k\u00f6nnen.<\/p><h3>Vakuumlifter f\u00fcr leichtere Aufgaben<\/h3><p>Bei AL-Lift.dk haben wir einige kleinere Vakuumheber, die manuell in einer ergonomischen Arbeitsposition bedient werden k\u00f6nnen, aber auch an eine Baumaschine angeschlossen werden k\u00f6nnen. Unser MANOLAY-Vakuumlifter ist ein neu entwickelter Vakuumlifter, der sich perfekt zum Aufnehmen und\/oder Verlegen von por\u00f6sen Fliesen und Bordsteinen eignet. Er wird an eine 220-V-Stromversorgung angeschlossen und kann bis zu 140 kg heben. Wenn Sie eine Maschine suchen, die mehr Kilogramm heben kann, sollten Sie sich unseren Blazer 2000 genauer ansehen, der bis zu 200 kg heben kann. Dies ist einzigartig f\u00fcr das schnelle und pr\u00e4zise Aufnehmen\/Absenken von Gehwegplatten, Betonbordsteinen und \u00e4hnlichem. Von einem Mann bedienbar und montiert<\/p>\t\t\t\t\t\t\t\t<\/div>\n\t\t\t\t<\/div>\n\t\t\t\t<\/div>\n\t\t<div class=\"elementor-element elementor-element-79e9a3a e-con-full e-flex e-con e-child\" data-id=\"79e9a3a\" data-element_type=\"container\" data-e-type=\"container\" data-settings=\"{&quot;jet_parallax_layout_list&quot;:[]}\">\n\t\t\t\t<div class=\"elementor-element elementor-element-27baaa8 elementor-widget elementor-widget-image\" data-id=\"27baaa8\" data-element_type=\"widget\" data-e-type=\"widget\" data-widget_type=\"image.default\">\n\t\t\t\t<div class=\"elementor-widget-container\">\n\t\t\t\t\t\t\t\t\t\t\t\t\t\t\t<img alt=\"\" fetchpriority=\"high\" decoding=\"async\" width=\"300\" height=\"300\" src=\"https:\/\/al-lift.com\/wp-content\/uploads\/2024\/07\/1.-AL-DYNAMIC-1000-MAIN-300x300-1.jpg\" class=\"attachment-large size-large wp-image-1863\" srcset=\"https:\/\/al-lift.com\/wp-content\/uploads\/2024\/07\/1.-AL-DYNAMIC-1000-MAIN-300x300-1.jpg 300w, https:\/\/al-lift.com\/wp-content\/uploads\/2024\/07\/1.-AL-DYNAMIC-1000-MAIN-300x300-1-150x150.jpg 150w\" sizes=\"(max-width: 300px) 100vw, 300px\" \/>\t\t\t\t\t\t\t\t\t\t\t\t\t\t\t<\/div>\n\t\t\t\t<\/div>\n\t\t\t\t<div class=\"elementor-element elementor-element-ec670d6 radial-in elementor-align-justify elementor-invisible elementor-widget elementor-widget-button\" data-id=\"ec670d6\" data-element_type=\"widget\" data-e-type=\"widget\" data-settings=\"{&quot;_animation&quot;:&quot;fadeIn&quot;,&quot;_animation_delay&quot;:200}\" data-widget_type=\"button.default\">\n\t\t\t\t<div class=\"elementor-widget-container\">\n\t\t\t\t\t\t\t\t\t<div class=\"elementor-button-wrapper\">\n\t\t\t\t\t<a class=\"elementor-button elementor-button-link elementor-size-sm\" href=\"https:\/\/al-lift.com\/de\/kontakt\/\">\n\t\t\t\t\t\t<span class=\"elementor-button-content-wrapper\">\n\t\t\t\t\t\t\t\t\t<span class=\"elementor-button-text\">Kontaktieren Sie uns jetzt<\/span>\n\t\t\t\t\t<\/span>\n\t\t\t\t\t<\/a>\n\t\t\t\t<\/div>\n\t\t\t\t\t\t\t\t<\/div>\n\t\t\t\t<\/div>\n\t\t\t\t<\/div>\n\t\t\t\t\t<\/div>\n\t\t\t\t<\/div>\n\t\t<div class=\"elementor-element elementor-element-505ec36 e-flex e-con-boxed e-con e-parent\" data-id=\"505ec36\" data-element_type=\"container\" data-e-type=\"container\" data-settings=\"{&quot;jet_parallax_layout_list&quot;:[]}\">\n\t\t\t\t\t<div class=\"e-con-inner\">\n\t\t<div class=\"elementor-element elementor-element-3355d8c e-con-full e-flex e-con e-child\" data-id=\"3355d8c\" data-element_type=\"container\" data-e-type=\"container\" data-settings=\"{&quot;jet_parallax_layout_list&quot;:[]}\">\n\t\t\t\t<div class=\"elementor-element elementor-element-c571734 elementor-widget elementor-widget-image\" data-id=\"c571734\" data-element_type=\"widget\" data-e-type=\"widget\" data-widget_type=\"image.default\">\n\t\t\t\t<div class=\"elementor-widget-container\">\n\t\t\t\t\t\t\t\t\t\t\t\t\t\t\t<img alt=\"\" decoding=\"async\" width=\"300\" height=\"300\" src=\"https:\/\/al-lift.com\/wp-content\/uploads\/2024\/07\/1.AL-DYNAMIC-8000-MAIN-300x300-1-1.jpg\" class=\"attachment-large size-large wp-image-1855\" srcset=\"https:\/\/al-lift.com\/wp-content\/uploads\/2024\/07\/1.AL-DYNAMIC-8000-MAIN-300x300-1-1.jpg 300w, https:\/\/al-lift.com\/wp-content\/uploads\/2024\/07\/1.AL-DYNAMIC-8000-MAIN-300x300-1-1-150x150.jpg 150w\" sizes=\"(max-width: 300px) 100vw, 300px\" \/>\t\t\t\t\t\t\t\t\t\t\t\t\t\t\t<\/div>\n\t\t\t\t<\/div>\n\t\t\t\t<div class=\"elementor-element elementor-element-7b3319a radial-in elementor-align-justify elementor-invisible elementor-widget elementor-widget-button\" data-id=\"7b3319a\" data-element_type=\"widget\" data-e-type=\"widget\" data-settings=\"{&quot;_animation&quot;:&quot;fadeIn&quot;,&quot;_animation_delay&quot;:200}\" data-widget_type=\"button.default\">\n\t\t\t\t<div class=\"elementor-widget-container\">\n\t\t\t\t\t\t\t\t\t<div class=\"elementor-button-wrapper\">\n\t\t\t\t\t<a class=\"elementor-button elementor-button-link elementor-size-sm\" href=\"https:\/\/al-lift.com\/de\/kontakt\/\">\n\t\t\t\t\t\t<span class=\"elementor-button-content-wrapper\">\n\t\t\t\t\t\t\t\t\t<span class=\"elementor-button-text\">Kontaktieren Sie uns jetzt<\/span>\n\t\t\t\t\t<\/span>\n\t\t\t\t\t<\/a>\n\t\t\t\t<\/div>\n\t\t\t\t\t\t\t\t<\/div>\n\t\t\t\t<\/div>\n\t\t\t\t<\/div>\n\t\t<div class=\"elementor-element elementor-element-a6a1fd1 e-con-full e-flex e-con e-child\" data-id=\"a6a1fd1\" data-element_type=\"container\" data-e-type=\"container\" data-settings=\"{&quot;jet_parallax_layout_list&quot;:[]}\">\n\t\t\t\t<div class=\"elementor-element elementor-element-a261b7d elementor-widget elementor-widget-heading\" data-id=\"a261b7d\" data-element_type=\"widget\" data-e-type=\"widget\" data-widget_type=\"heading.default\">\n\t\t\t\t<div class=\"elementor-widget-container\">\n\t\t\t\t\t<h2 class=\"elementor-heading-title elementor-size-default\">\nVakuumlifter f\u00fcr schwere Bauarbeiten\n<\/h2>\t\t\t\t<\/div>\n\t\t\t\t<\/div>\n\t\t\t\t<div class=\"elementor-element elementor-element-58582ab elementor-invisible elementor-widget elementor-widget-text-editor\" data-id=\"58582ab\" data-element_type=\"widget\" data-e-type=\"widget\" data-settings=\"{&quot;_animation&quot;:&quot;fadeIn&quot;,&quot;_animation_delay&quot;:100}\" data-widget_type=\"text-editor.default\">\n\t\t\t\t<div class=\"elementor-widget-container\">\n\t\t\t\t\t\t\t\t\t<p>Unter unseren Vakuumhebern f\u00fcr schwere Bauarbeiten haben wir auf dieser Seite eine Auswahl an Maschinen, die Gegenst\u00e4nde von 500 bis 1000 kg heben k\u00f6nnen. Wenn Sie jedoch nach Maschinen suchen, die noch mehr heben k\u00f6nnen, empfehlen wir Ihnen einen genaueren Blick auf unsere gro\u00dfen Vakuum-Hebeger\u00e4te. Diese k\u00f6nnen 6 bis 24 Tonnen heben und werden f\u00fcr schwere Aufgaben in der Bauindustrie empfohlen, z. B. f\u00fcr das Heben schwerer Betonbl\u00f6cke.&nbsp;<\/p>\n<h3>Sonstige Handhabungs- und Hebeger\u00e4te&nbsp;<\/h3>\n<p>Wenn Sie auf der Suche nach Maschinen sind, die speziell f\u00fcr das Heben por\u00f6ser Materialien geeignet sind, sollten Sie sich unsere gro\u00dfe Auswahl an Maschinen genauer ansehen. Hier gibt es einige Modelle mehr als die, die Sie auf dieser Seite sehen, und sie haben alle ihre eigenen Vorteile. Sie finden hier auch Klemmwerkzeuge, die f\u00fcr das Heben von d\u00fcnneren und kleineren Gegenst\u00e4nden wie Fliesen oder Bordsteinen unerl\u00e4sslich sind.&nbsp;<\/p>\n<p>F\u00fcr die Handhabung von Glas haben wir einige Vakuumheber, die speziell f\u00fcr diesen Zweck entwickelt wurden. Auch hier variiert die Hebekapazit\u00e4t von Maschine zu Maschine und reicht von 400 bis 800 kg. Bei der Wahl eines Vakuumhebers f\u00fcr Fenster ist der Bedarf an Rotation und Flexibilit\u00e4t ein wichtiger Faktor, der ber\u00fccksichtigt werden muss. Hier ist unser GLASS 600 ein \u00e4u\u00dferst flexibles Ger\u00e4t, da es um 360\u00b0 gedreht werden kann.&nbsp;<\/p>\n<h3>Beim AL-Lift stehen wir Ihnen jederzeit f\u00fcr weitere Beratung zur Verf\u00fcgung.&nbsp;<\/h3>\n<p>Manchmal ist es schwierig zu wissen, welche Produkte f\u00fcr die verschiedenen Aufgaben am besten geeignet sind. Deshalb stehen wir Ihnen jederzeit f\u00fcr weitere Beratung zur Verf\u00fcgung. Um mehr \u00fcber die technischen Daten der Maschinen zu erfahren, k\u00f6nnen Sie auf den entsprechenden Produktseiten und in unseren Produktkatalogen mehr lesen.<\/p>\t\t\t\t\t\t\t\t<\/div>\n\t\t\t\t<\/div>\n\t\t\t\t<\/div>\n\t\t\t\t\t<\/div>\n\t\t\t\t<\/div>\n\t\t<div class=\"elementor-element elementor-element-36d84d8 e-flex e-con-boxed e-con e-parent\" data-id=\"36d84d8\" data-element_type=\"container\" data-e-type=\"container\" data-settings=\"{&quot;jet_parallax_layout_list&quot;:[]}\">\n\t\t\t\t\t<div class=\"e-con-inner\">\n\t\t\t\t<div class=\"elementor-element elementor-element-b72dba1 elementor-widget elementor-widget-jet-posts\" data-id=\"b72dba1\" data-element_type=\"widget\" data-e-type=\"widget\" data-settings=\"{&quot;columns_tablet&quot;:&quot;2&quot;,&quot;columns_mobile&quot;:&quot;1&quot;,&quot;columns&quot;:3,&quot;slides_to_scroll&quot;:&quot;1&quot;}\" data-widget_type=\"jet-posts.default\">\n\t\t\t\t<div class=\"elementor-widget-container\">\n\t\t\t\t\t<div class=\"elementor-jet-posts jet-elements\"><div class=\"jet-posts col-row\"><div class=\"jet-posts__item\">\n\t<div class=\"jet-posts__inner-box\"><div class=\"post-thumbnail\"><a href=\"https:\/\/al-lift.com\/de\/taifun-1000\/\" class=\"post-thumbnail__link\"><img loading=\"lazy\" decoding=\"async\" class=\"post-thumbnail__img wp-post-image\" src=\"https:\/\/al-lift.com\/wp-content\/uploads\/2024\/07\/1.-AL-TYPHOON-1000-MAIN-300x300-1.jpg\" alt=\"Typhoon 1000\" width=\"300\" height=\"300\"><\/a><\/div><div class=\"jet-posts__inner-content\"><h4 class=\"entry-title\"><a href=\"https:\/\/al-lift.com\/de\/taifun-1000\/\" target=\"\">Typhoon 1000<\/a><\/h4><div class=\"post-meta\"><\/div><\/div><\/div>\n<\/div>\n<div class=\"jet-posts__item\">\n\t<div class=\"jet-posts__inner-box\"><div class=\"post-thumbnail\"><a href=\"https:\/\/al-lift.com\/de\/sputnik\/\" class=\"post-thumbnail__link\"><img loading=\"lazy\" decoding=\"async\" class=\"post-thumbnail__img wp-post-image\" src=\"https:\/\/al-lift.com\/wp-content\/uploads\/2024\/07\/IMG_2130-300x300-1.jpg\" alt=\"Sputnik\" width=\"300\" height=\"300\"><\/a><\/div><div class=\"jet-posts__inner-content\"><h4 class=\"entry-title\"><a href=\"https:\/\/al-lift.com\/de\/sputnik\/\" target=\"\">Sputnik<\/a><\/h4><div class=\"post-meta\"><\/div><\/div><\/div>\n<\/div>\n<div class=\"jet-posts__item\">\n\t<div class=\"jet-posts__inner-box\"><div class=\"post-thumbnail\"><a href=\"https:\/\/al-lift.com\/de\/manolay\/\" class=\"post-thumbnail__link\"><img loading=\"lazy\" decoding=\"async\" class=\"post-thumbnail__img wp-post-image\" src=\"https:\/\/al-lift.com\/wp-content\/uploads\/2024\/07\/AL-MANOLAY-4-300x300-1.jpg\" alt=\"Manolay\" width=\"300\" height=\"300\"><\/a><\/div><div class=\"jet-posts__inner-content\"><h4 class=\"entry-title\"><a href=\"https:\/\/al-lift.com\/de\/manolay\/\" target=\"\">Manolay<\/a><\/h4><div class=\"post-meta\"><\/div><\/div><\/div>\n<\/div>\n<div class=\"jet-posts__item\">\n\t<div class=\"jet-posts__inner-box\"><div class=\"post-thumbnail\"><a href=\"https:\/\/al-lift.com\/de\/dynamisch-1000\/\" class=\"post-thumbnail__link\"><img loading=\"lazy\" decoding=\"async\" class=\"post-thumbnail__img wp-post-image\" src=\"https:\/\/al-lift.com\/wp-content\/uploads\/2024\/07\/1.-AL-DYNAMIC-1000-MAIN-300x300-1.jpg\" alt=\"Dynamic 1000\" width=\"300\" height=\"300\"><\/a><\/div><div class=\"jet-posts__inner-content\"><h4 class=\"entry-title\"><a href=\"https:\/\/al-lift.com\/de\/dynamisch-1000\/\" target=\"\">Dynamic 1000<\/a><\/h4><div class=\"post-meta\"><\/div><\/div><\/div>\n<\/div>\n<div class=\"jet-posts__item\">\n\t<div class=\"jet-posts__inner-box\"><div class=\"post-thumbnail\"><a href=\"https:\/\/al-lift.com\/de\/butler-200\/\" class=\"post-thumbnail__link\"><img loading=\"lazy\" decoding=\"async\" class=\"post-thumbnail__img wp-post-image\" src=\"https:\/\/al-lift.com\/wp-content\/uploads\/2024\/07\/1.-AL-BUTLER-200-MAIN-300x300-1.jpg\" alt=\"Butler 200\" width=\"300\" height=\"300\"><\/a><\/div><div class=\"jet-posts__inner-content\"><h4 class=\"entry-title\"><a href=\"https:\/\/al-lift.com\/de\/butler-200\/\" target=\"\">Butler 200<\/a><\/h4><div class=\"post-meta\"><\/div><\/div><\/div>\n<\/div>\n<div class=\"jet-posts__item\">\n\t<div class=\"jet-posts__inner-box\"><div class=\"post-thumbnail\"><a href=\"https:\/\/al-lift.com\/de\/atomar-5000\/\" class=\"post-thumbnail__link\"><img loading=\"lazy\" decoding=\"async\" class=\"post-thumbnail__img wp-post-image\" src=\"https:\/\/al-lift.com\/wp-content\/uploads\/2024\/07\/1.-AL-ATOMIC-500-MAIN-300x300-1.jpg\" alt=\"Atomic 500\" width=\"300\" height=\"300\"><\/a><\/div><div class=\"jet-posts__inner-content\"><h4 class=\"entry-title\"><a href=\"https:\/\/al-lift.com\/de\/atomar-5000\/\" target=\"\">Atomic 500<\/a><\/h4><div class=\"post-meta\"><\/div><\/div><\/div>\n<\/div>\n<\/div>\n<\/div>\t\t\t\t<\/div>\n\t\t\t\t<\/div>\n\t\t\t\t\t<\/div>\n\t\t\t\t<\/div>\n\t\t\t\t<\/div>","protected":false},"excerpt":{"rendered":"<p>Her p\u00e5 siden finder du et stort udvalg af vakuuml\u00f8ftere, der skal h\u00e6nges op i en kran eller anden entrepren\u00f8rmaskine. Med disse vakuuml\u00f8ftere \u00f8ges effektiviteten p\u00e5 arbejdspladsen samtidig med, at den sk\u00e5ner medarbejderne i forbindelse med tunge l\u00f8ft.\u00a0 Med denne type vakuuml\u00f8fter er det n\u00e6sten muligt at l\u00f8fte alle overflader, men l\u00f8ftekapaciteten varierer dog fra [&hellip;]<\/p>\n","protected":false},"author":1,"featured_media":0,"parent":0,"menu_order":0,"comment_status":"closed","ping_status":"closed","template":"elementor_header_footer","meta":{"_seopress_robots_primary_cat":"","_seopress_titles_title":"","_seopress_titles_desc":"","_seopress_robots_index":"","inline_featured_image":false,"footnotes":""},"class_list":["post-1605","page","type-page","status-publish","hentry"],"_links":{"self":[{"href":"https:\/\/al-lift.com\/de\/wp-json\/wp\/v2\/pages\/1605","targetHints":{"allow":["GET"]}}],"collection":[{"href":"https:\/\/al-lift.com\/de\/wp-json\/wp\/v2\/pages"}],"about":[{"href":"https:\/\/al-lift.com\/de\/wp-json\/wp\/v2\/types\/page"}],"author":[{"embeddable":true,"href":"https:\/\/al-lift.com\/de\/wp-json\/wp\/v2\/users\/1"}],"replies":[{"embeddable":true,"href":"https:\/\/al-lift.com\/de\/wp-json\/wp\/v2\/comments?post=1605"}],"version-history":[{"count":35,"href":"https:\/\/al-lift.com\/de\/wp-json\/wp\/v2\/pages\/1605\/revisions"}],"predecessor-version":[{"id":3511,"href":"https:\/\/al-lift.com\/de\/wp-json\/wp\/v2\/pages\/1605\/revisions\/3511"}],"wp:attachment":[{"href":"https:\/\/al-lift.com\/de\/wp-json\/wp\/v2\/media?parent=1605"}],"curies":[{"name":"wp","href":"https:\/\/api.w.org\/{rel}","templated":true}]}}