{"id":1600,"date":"2024-03-04T11:09:22","date_gmt":"2024-03-04T10:09:22","guid":{"rendered":"https:\/\/al-lift.com\/?page_id=1600"},"modified":"2024-12-14T13:03:10","modified_gmt":"2024-12-14T12:03:10","slug":"kacheldecken","status":"publish","type":"page","link":"https:\/\/al-lift.com\/de\/fliseloftere\/","title":{"rendered":"Fliesenheber"},"content":{"rendered":"<div data-elementor-type=\"wp-page\" data-elementor-id=\"1600\" class=\"elementor elementor-1600\" data-elementor-post-type=\"page\">\n\t\t\t\t<div class=\"elementor-element elementor-element-2ad85630 e-flex e-con-boxed e-con e-parent\" data-id=\"2ad85630\" data-element_type=\"container\" data-e-type=\"container\" data-settings=\"{&quot;background_background&quot;:&quot;classic&quot;,&quot;jet_parallax_layout_list&quot;:[]}\">\n\t\t\t\t\t<div class=\"e-con-inner\">\n\t\t\t\t\t<\/div>\n\t\t\t\t<\/div>\n\t\t<div class=\"elementor-element elementor-element-20b0e8d9 e-flex e-con-boxed e-con e-parent\" data-id=\"20b0e8d9\" data-element_type=\"container\" data-e-type=\"container\" data-settings=\"{&quot;jet_parallax_layout_list&quot;:[]}\">\n\t\t\t\t\t<div class=\"e-con-inner\">\n\t\t<div class=\"elementor-element elementor-element-140a2f16 e-con-full e-flex e-con e-child\" data-id=\"140a2f16\" data-element_type=\"container\" data-e-type=\"container\" data-settings=\"{&quot;jet_parallax_layout_list&quot;:[]}\">\n\t\t\t\t<div class=\"elementor-element elementor-element-206b85d2 elementor-invisible elementor-widget elementor-widget-text-editor\" data-id=\"206b85d2\" data-element_type=\"widget\" data-e-type=\"widget\" data-settings=\"{&quot;_animation&quot;:&quot;fadeIn&quot;,&quot;_animation_delay&quot;:100}\" data-widget_type=\"text-editor.default\">\n\t\t\t\t<div class=\"elementor-widget-container\">\n\t\t\t\t\t\t\t\t\t<p>Bei AL-Lift haben wir eine gro\u00dfe Auswahl an Vakuum-Fliesenhebern, die sich hervorragend zum sanften Anheben von Fliesen und anderen por\u00f6sen Materialien eignen. Unter unseren gro\u00dfen Fliesenhebern\/Vakuumhebern finden Sie einige, die alles von 500 bis 8000 kg heben k\u00f6nnen. Diese werden auf einem Bagger oder einer anderen Baumaschine montiert, um R\u00fccken und Gelenke der Mitarbeiter zu schonen. Neben dem Bediener wird nur eine Person ben\u00f6tigt, um die Fliesen m\u00fchelos in die richtige Richtung zu f\u00fchren, damit sie genau dort platziert werden k\u00f6nnen, wo sie ben\u00f6tigt werden. Unser Dynamic 8000 kann die schwersten Fliesen mit einem Gewicht von bis zu 8000 kg handhaben und ist damit ideal f\u00fcr Betonborde, Balkonb\u00f6den, Stahlplatten usw.\u00a0<\/p><p>Wenn die Hebeaufgaben nicht ganz so schwer sind, kann ein kleinerer Sauglifter von Vorteil sein. Die hier vorgestellten Ger\u00e4te sind handgehalten und k\u00f6nnen zwischen 140 und 200 kg heben. Das macht sie effizienter f\u00fcr kleinere Bauarbeiten, bei denen die Fliesen nicht besonders gro\u00df sind oder der Platz begrenzt ist. Unsere Vakuumheber Butler 200 und Manolay k\u00f6nnen von zwei Personen gehandhabt oder in eine Baumaschine eingeh\u00e4ngt werden, w\u00e4hrend unser Mobivac einer einzelnen Person das Verlegen oder Aufnehmen von Fliesen von einer Palette erm\u00f6glicht.<\/p>\t\t\t\t\t\t\t\t<\/div>\n\t\t\t\t<\/div>\n\t\t\t\t<\/div>\n\t\t<div class=\"elementor-element elementor-element-5c301003 e-con-full e-flex e-con e-child\" data-id=\"5c301003\" data-element_type=\"container\" data-e-type=\"container\" data-settings=\"{&quot;jet_parallax_layout_list&quot;:[]}\">\n\t\t\t\t<div class=\"elementor-element elementor-element-a5eb5ca elementor-widget elementor-widget-image\" data-id=\"a5eb5ca\" data-element_type=\"widget\" data-e-type=\"widget\" data-widget_type=\"image.default\">\n\t\t\t\t<div class=\"elementor-widget-container\">\n\t\t\t\t\t\t\t\t\t\t\t\t\t\t\t<img alt=\"\" fetchpriority=\"high\" decoding=\"async\" width=\"768\" height=\"1024\" src=\"https:\/\/al-lift.com\/wp-content\/uploads\/2024\/10\/SDsdOAtxizM-A900Ap3vA2ECM7L7LbG5SQ-1-768x1024.jpeg\" class=\"attachment-large size-large wp-image-3560\" srcset=\"https:\/\/al-lift.com\/wp-content\/uploads\/2024\/10\/SDsdOAtxizM-A900Ap3vA2ECM7L7LbG5SQ-1-768x1024.jpeg 768w, https:\/\/al-lift.com\/wp-content\/uploads\/2024\/10\/SDsdOAtxizM-A900Ap3vA2ECM7L7LbG5SQ-1-225x300.jpeg 225w, https:\/\/al-lift.com\/wp-content\/uploads\/2024\/10\/SDsdOAtxizM-A900Ap3vA2ECM7L7LbG5SQ-1-rotated.jpeg 960w\" sizes=\"(max-width: 768px) 100vw, 768px\" \/>\t\t\t\t\t\t\t\t\t\t\t\t\t\t\t<\/div>\n\t\t\t\t<\/div>\n\t\t\t\t<div class=\"elementor-element elementor-element-729e55b radial-in elementor-align-justify elementor-invisible elementor-widget elementor-widget-button\" data-id=\"729e55b\" data-element_type=\"widget\" data-e-type=\"widget\" data-settings=\"{&quot;_animation&quot;:&quot;fadeIn&quot;,&quot;_animation_delay&quot;:200}\" data-widget_type=\"button.default\">\n\t\t\t\t<div class=\"elementor-widget-container\">\n\t\t\t\t\t\t\t\t\t<div class=\"elementor-button-wrapper\">\n\t\t\t\t\t<a class=\"elementor-button elementor-button-link elementor-size-sm\" href=\"https:\/\/al-lift.com\/de\/kontakt\/\">\n\t\t\t\t\t\t<span class=\"elementor-button-content-wrapper\">\n\t\t\t\t\t\t\t\t\t<span class=\"elementor-button-text\">Kontaktieren Sie uns jetzt<\/span>\n\t\t\t\t\t<\/span>\n\t\t\t\t\t<\/a>\n\t\t\t\t<\/div>\n\t\t\t\t\t\t\t\t<\/div>\n\t\t\t\t<\/div>\n\t\t\t\t<\/div>\n\t\t\t\t\t<\/div>\n\t\t\t\t<\/div>\n\t\t<div class=\"elementor-element elementor-element-7a62d1c e-flex e-con-boxed e-con e-parent\" data-id=\"7a62d1c\" data-element_type=\"container\" data-e-type=\"container\" data-settings=\"{&quot;jet_parallax_layout_list&quot;:[]}\">\n\t\t\t\t\t<div class=\"e-con-inner\">\n\t\t<div class=\"elementor-element elementor-element-6e337b4 e-con-full e-flex e-con e-child\" data-id=\"6e337b4\" data-element_type=\"container\" data-e-type=\"container\" data-settings=\"{&quot;jet_parallax_layout_list&quot;:[]}\">\n\t\t\t\t<div class=\"elementor-element elementor-element-9f16bfd elementor-widget elementor-widget-image\" data-id=\"9f16bfd\" data-element_type=\"widget\" data-e-type=\"widget\" data-widget_type=\"image.default\">\n\t\t\t\t<div class=\"elementor-widget-container\">\n\t\t\t\t\t\t\t\t\t\t\t\t\t\t\t<img alt=\"\" decoding=\"async\" width=\"386\" height=\"290\" src=\"https:\/\/al-lift.com\/wp-content\/uploads\/2024\/07\/Klemmevaerktoj.jpg\" class=\"attachment-large size-large wp-image-1832\" srcset=\"https:\/\/al-lift.com\/wp-content\/uploads\/2024\/07\/Klemmevaerktoj.jpg 386w, https:\/\/al-lift.com\/wp-content\/uploads\/2024\/07\/Klemmevaerktoj-300x225.jpg 300w\" sizes=\"(max-width: 386px) 100vw, 386px\" \/>\t\t\t\t\t\t\t\t\t\t\t\t\t\t\t<\/div>\n\t\t\t\t<\/div>\n\t\t\t\t<div class=\"elementor-element elementor-element-83dc66e radial-in elementor-align-justify elementor-invisible elementor-widget elementor-widget-button\" data-id=\"83dc66e\" data-element_type=\"widget\" data-e-type=\"widget\" data-settings=\"{&quot;_animation&quot;:&quot;fadeIn&quot;,&quot;_animation_delay&quot;:200}\" data-widget_type=\"button.default\">\n\t\t\t\t<div class=\"elementor-widget-container\">\n\t\t\t\t\t\t\t\t\t<div class=\"elementor-button-wrapper\">\n\t\t\t\t\t<a class=\"elementor-button elementor-button-link elementor-size-sm\" href=\"https:\/\/al-lift.com\/de\/kontakt\/\">\n\t\t\t\t\t\t<span class=\"elementor-button-content-wrapper\">\n\t\t\t\t\t\t\t\t\t<span class=\"elementor-button-text\">Kontaktieren Sie uns jetzt<\/span>\n\t\t\t\t\t<\/span>\n\t\t\t\t\t<\/a>\n\t\t\t\t<\/div>\n\t\t\t\t\t\t\t\t<\/div>\n\t\t\t\t<\/div>\n\t\t\t\t<\/div>\n\t\t<div class=\"elementor-element elementor-element-d0eca72 e-con-full e-flex e-con e-child\" data-id=\"d0eca72\" data-element_type=\"container\" data-e-type=\"container\" data-settings=\"{&quot;jet_parallax_layout_list&quot;:[]}\">\n\t\t\t\t<div class=\"elementor-element elementor-element-98bfe9a elementor-widget elementor-widget-heading\" data-id=\"98bfe9a\" data-element_type=\"widget\" data-e-type=\"widget\" data-widget_type=\"heading.default\">\n\t\t\t\t<div class=\"elementor-widget-container\">\n\t\t\t\t\t<h2 class=\"elementor-heading-title elementor-size-default\">Effizientes und schonendes Kacheln\n<\/h2>\t\t\t\t<\/div>\n\t\t\t\t<\/div>\n\t\t\t\t<div class=\"elementor-element elementor-element-1825c56 elementor-invisible elementor-widget elementor-widget-text-editor\" data-id=\"1825c56\" data-element_type=\"widget\" data-e-type=\"widget\" data-settings=\"{&quot;_animation&quot;:&quot;fadeIn&quot;,&quot;_animation_delay&quot;:100}\" data-widget_type=\"text-editor.default\">\n\t\t\t\t<div class=\"elementor-widget-container\">\n\t\t\t\t\t\t\t\t\t<p>Mit einem Fliesenheber k\u00f6nnen Sie sowohl effizient als auch schonend fliesen - eine Win-Win-Situation! Schonend bezieht sich insbesondere auf die Bauarbeiten im Sinne einer sanfteren Arbeitsumgebung. Die Fliesenheber sorgen auch f\u00fcr ein sanftes Anheben der Fliesen, indem sie diese sehr vorsichtig anheben und handhaben, damit sie nicht besch\u00e4digt werden oder brechen. Das Fliesenlegen wird effizienter, da der Fliesenheber wesentlich schwerere Lasten heben kann als die menschliche Kraft, wodurch die Arbeit viel reibungsloser und schneller vonstatten geht. Wenn Sie auf der Suche nach anderen Produkten f\u00fcr den Tiefbau sind, sollten Sie sich unseren Flexmover genauer ansehen, der f\u00fcr den Transport schwerer Baumaschinen eingesetzt wird. Au\u00dferdem finden Sie bei uns verschiedene Fensterheber f\u00fcr den Einbau oder Ausbau von Fenstern.<\/p><h3>Bei Al-Lift stehen wir Ihnen jederzeit mit Rat und Tat zur Seite.<\/h3><p>Es kann manchmal schwierig sein, zu wissen, welche Produkte f\u00fcr die verschiedenen Aufgaben am besten geeignet sind. Deshalb stehen wir Ihnen jederzeit telefonisch f\u00fcr weitere Beratung zur Verf\u00fcgung <a href=\"tel:97101074\">9710 1074<\/a>. Um mehr \u00fcber die technischen Daten der Maschinen zu erfahren, k\u00f6nnen Sie auf den jeweiligen Produktseiten und in unserem <a href=\"https:\/\/al-lift.com\/wp-content\/uploads\/2024\/07\/construction-1.pdf\" target=\"_blank\" rel=\"noopener\">Produktkataloge<\/a>.<\/p>\t\t\t\t\t\t\t\t<\/div>\n\t\t\t\t<\/div>\n\t\t\t\t<\/div>\n\t\t\t\t\t<\/div>\n\t\t\t\t<\/div>\n\t\t<div class=\"elementor-element elementor-element-ed90dcd e-flex e-con-boxed e-con e-parent\" data-id=\"ed90dcd\" data-element_type=\"container\" data-e-type=\"container\" data-settings=\"{&quot;jet_parallax_layout_list&quot;:[]}\">\n\t\t\t\t\t<div class=\"e-con-inner\">\n\t\t\t\t<div class=\"elementor-element elementor-element-6367e85 elementor-widget elementor-widget-heading\" data-id=\"6367e85\" data-element_type=\"widget\" data-e-type=\"widget\" data-widget_type=\"heading.default\">\n\t\t\t\t<div class=\"elementor-widget-container\">\n\t\t\t\t\t<h2 class=\"elementor-heading-title elementor-size-default\">Unsere Fliesenheber<\/h2>\t\t\t\t<\/div>\n\t\t\t\t<\/div>\n\t\t\t\t<div class=\"elementor-element elementor-element-8d241cf elementor-widget elementor-widget-jet-posts\" data-id=\"8d241cf\" data-element_type=\"widget\" data-e-type=\"widget\" data-settings=\"{&quot;columns_tablet&quot;:&quot;2&quot;,&quot;columns_mobile&quot;:&quot;1&quot;,&quot;columns&quot;:3,&quot;slides_to_scroll&quot;:&quot;1&quot;}\" data-widget_type=\"jet-posts.default\">\n\t\t\t\t<div class=\"elementor-widget-container\">\n\t\t\t\t\t<div class=\"elementor-jet-posts jet-elements\"><div class=\"jet-posts col-row\"><div class=\"jet-posts__item\">\n\t<div class=\"jet-posts__inner-box\"><div class=\"post-thumbnail\"><a href=\"https:\/\/al-lift.com\/de\/megavac-24-tonnen\/\" class=\"post-thumbnail__link\"><img loading=\"lazy\" decoding=\"async\" class=\"post-thumbnail__img wp-post-image\" src=\"https:\/\/al-lift.com\/wp-content\/uploads\/2024\/07\/1.-AL-MEGAVAC-24000-300x300-2.jpg\" alt=\"Megavac 24 Tonnen\" width=\"300\" height=\"300\"><\/a><\/div><div class=\"jet-posts__inner-content\"><h4 class=\"entry-title\"><a href=\"https:\/\/al-lift.com\/de\/megavac-24-tonnen\/\" target=\"\">Megavac 24 Tonnen<\/a><\/h4><div class=\"post-meta\"><\/div><\/div><\/div>\n<\/div>\n<div class=\"jet-posts__item\">\n\t<div class=\"jet-posts__inner-box\"><div class=\"post-thumbnail\"><a href=\"https:\/\/al-lift.com\/de\/megavac-6t-vakuum-hubdach\/\" class=\"post-thumbnail__link\"><img loading=\"lazy\" decoding=\"async\" class=\"post-thumbnail__img wp-post-image\" src=\"https:\/\/al-lift.com\/wp-content\/uploads\/2024\/07\/Megavac-6T-hovedfoto-300x300-1.jpg\" alt=\"Megavac 6t Vakuumtraverse\" width=\"300\" height=\"300\"><\/a><\/div><div class=\"jet-posts__inner-content\"><h4 class=\"entry-title\"><a href=\"https:\/\/al-lift.com\/de\/megavac-6t-vakuum-hubdach\/\" target=\"\">Megavac 6t Vakuumtraverse<\/a><\/h4><div class=\"post-meta\"><\/div><\/div><\/div>\n<\/div>\n<div class=\"jet-posts__item\">\n\t<div class=\"jet-posts__inner-box\"><div class=\"post-thumbnail\"><a href=\"https:\/\/al-lift.com\/de\/taifun-1000\/\" class=\"post-thumbnail__link\"><img loading=\"lazy\" decoding=\"async\" class=\"post-thumbnail__img wp-post-image\" src=\"https:\/\/al-lift.com\/wp-content\/uploads\/2024\/07\/1.-AL-TYPHOON-1000-MAIN-300x300-1.jpg\" alt=\"Typhoon 1000\" width=\"300\" height=\"300\"><\/a><\/div><div class=\"jet-posts__inner-content\"><h4 class=\"entry-title\"><a href=\"https:\/\/al-lift.com\/de\/taifun-1000\/\" target=\"\">Typhoon 1000<\/a><\/h4><div class=\"post-meta\"><\/div><\/div><\/div>\n<\/div>\n<div class=\"jet-posts__item\">\n\t<div class=\"jet-posts__inner-box\"><div class=\"post-thumbnail\"><a href=\"https:\/\/al-lift.com\/de\/dynamisch-8000\/\" class=\"post-thumbnail__link\"><img loading=\"lazy\" decoding=\"async\" class=\"post-thumbnail__img wp-post-image\" src=\"https:\/\/al-lift.com\/wp-content\/uploads\/2024\/07\/1.AL-DYNAMIC-8000-MAIN-300x300-2.jpg\" alt=\"Dynamic 8000\" width=\"300\" height=\"300\"><\/a><\/div><div class=\"jet-posts__inner-content\"><h4 class=\"entry-title\"><a href=\"https:\/\/al-lift.com\/de\/dynamisch-8000\/\" target=\"\">Dynamic 8000<\/a><\/h4><div class=\"post-meta\"><\/div><\/div><\/div>\n<\/div>\n<div class=\"jet-posts__item\">\n\t<div class=\"jet-posts__inner-box\"><div class=\"post-thumbnail\"><a href=\"https:\/\/al-lift.com\/de\/sputnik\/\" class=\"post-thumbnail__link\"><img loading=\"lazy\" decoding=\"async\" class=\"post-thumbnail__img wp-post-image\" src=\"https:\/\/al-lift.com\/wp-content\/uploads\/2024\/07\/IMG_2130-300x300-1.jpg\" alt=\"Sputnik\" width=\"300\" height=\"300\"><\/a><\/div><div class=\"jet-posts__inner-content\"><h4 class=\"entry-title\"><a href=\"https:\/\/al-lift.com\/de\/sputnik\/\" target=\"\">Sputnik<\/a><\/h4><div class=\"post-meta\"><\/div><\/div><\/div>\n<\/div>\n<div class=\"jet-posts__item\">\n\t<div class=\"jet-posts__inner-box\"><div class=\"post-thumbnail\"><a href=\"https:\/\/al-lift.com\/de\/mobivac\/\" class=\"post-thumbnail__link\"><img loading=\"lazy\" decoding=\"async\" class=\"post-thumbnail__img wp-post-image\" src=\"https:\/\/al-lift.com\/wp-content\/uploads\/2024\/07\/AL-MOBIVAC-7-300x300-1-e1720421301986.jpg\" alt=\"Mobivac\" width=\"300\" height=\"300\"><\/a><\/div><div class=\"jet-posts__inner-content\"><h4 class=\"entry-title\"><a href=\"https:\/\/al-lift.com\/de\/mobivac\/\" target=\"\">Mobivac<\/a><\/h4><div class=\"post-meta\"><\/div><\/div><\/div>\n<\/div>\n<div class=\"jet-posts__item\">\n\t<div class=\"jet-posts__inner-box\"><div class=\"post-thumbnail\"><a href=\"https:\/\/al-lift.com\/de\/manolay\/\" class=\"post-thumbnail__link\"><img loading=\"lazy\" decoding=\"async\" class=\"post-thumbnail__img wp-post-image\" src=\"https:\/\/al-lift.com\/wp-content\/uploads\/2024\/07\/AL-MANOLAY-4-300x300-1.jpg\" alt=\"Manolay\" width=\"300\" height=\"300\"><\/a><\/div><div class=\"jet-posts__inner-content\"><h4 class=\"entry-title\"><a href=\"https:\/\/al-lift.com\/de\/manolay\/\" target=\"\">Manolay<\/a><\/h4><div class=\"post-meta\"><\/div><\/div><\/div>\n<\/div>\n<div class=\"jet-posts__item\">\n\t<div class=\"jet-posts__inner-box\"><div class=\"post-thumbnail\"><a href=\"https:\/\/al-lift.com\/de\/dynamisch-1000\/\" class=\"post-thumbnail__link\"><img loading=\"lazy\" decoding=\"async\" class=\"post-thumbnail__img wp-post-image\" src=\"https:\/\/al-lift.com\/wp-content\/uploads\/2024\/07\/1.-AL-DYNAMIC-1000-MAIN-300x300-1.jpg\" alt=\"Dynamic 1000\" width=\"300\" height=\"300\"><\/a><\/div><div class=\"jet-posts__inner-content\"><h4 class=\"entry-title\"><a href=\"https:\/\/al-lift.com\/de\/dynamisch-1000\/\" target=\"\">Dynamic 1000<\/a><\/h4><div class=\"post-meta\"><\/div><\/div><\/div>\n<\/div>\n<div class=\"jet-posts__item\">\n\t<div class=\"jet-posts__inner-box\"><div class=\"post-thumbnail\"><a href=\"https:\/\/al-lift.com\/de\/butler-200\/\" class=\"post-thumbnail__link\"><img loading=\"lazy\" decoding=\"async\" class=\"post-thumbnail__img wp-post-image\" src=\"https:\/\/al-lift.com\/wp-content\/uploads\/2024\/07\/1.-AL-BUTLER-200-MAIN-300x300-1.jpg\" alt=\"Butler 200\" width=\"300\" height=\"300\"><\/a><\/div><div class=\"jet-posts__inner-content\"><h4 class=\"entry-title\"><a href=\"https:\/\/al-lift.com\/de\/butler-200\/\" target=\"\">Butler 200<\/a><\/h4><div class=\"post-meta\"><\/div><\/div><\/div>\n<\/div>\n<div class=\"jet-posts__item\">\n\t<div class=\"jet-posts__inner-box\"><div class=\"post-thumbnail\"><a href=\"https:\/\/al-lift.com\/de\/blazer-2000\/\" class=\"post-thumbnail__link\"><img loading=\"lazy\" decoding=\"async\" class=\"post-thumbnail__img wp-post-image\" src=\"https:\/\/al-lift.com\/wp-content\/uploads\/2024\/07\/AL-BLAZER-foto-retoucheret-fra-construction-brochure-300x300-1.jpg\" alt=\"Blazer 2000\" width=\"300\" height=\"300\"><\/a><\/div><div class=\"jet-posts__inner-content\"><h4 class=\"entry-title\"><a href=\"https:\/\/al-lift.com\/de\/blazer-2000\/\" target=\"\">Blazer 2000<\/a><\/h4><div class=\"post-meta\"><\/div><\/div><\/div>\n<\/div>\n<div class=\"jet-posts__item\">\n\t<div class=\"jet-posts__inner-box\"><div class=\"post-thumbnail\"><a href=\"https:\/\/al-lift.com\/de\/atomar-5000\/\" class=\"post-thumbnail__link\"><img loading=\"lazy\" decoding=\"async\" class=\"post-thumbnail__img wp-post-image\" src=\"https:\/\/al-lift.com\/wp-content\/uploads\/2024\/07\/1.-AL-ATOMIC-500-MAIN-300x300-1.jpg\" alt=\"Atomic 500\" width=\"300\" height=\"300\"><\/a><\/div><div class=\"jet-posts__inner-content\"><h4 class=\"entry-title\"><a href=\"https:\/\/al-lift.com\/de\/atomar-5000\/\" target=\"\">Atomic 500<\/a><\/h4><div class=\"post-meta\"><\/div><\/div><\/div>\n<\/div>\n<\/div>\n<\/div>\t\t\t\t<\/div>\n\t\t\t\t<\/div>\n\t\t\t\t\t<\/div>\n\t\t\t\t<\/div>\n\t\t\t\t<\/div>","protected":false},"excerpt":{"rendered":"<p>Hos AL-Lift har vi et stort udvalg af flisel\u00f8ftere med vakuum, der er gode til sk\u00e5nsomme l\u00f8ft af fliser og andre por\u00f8se emner. Blandt vores store flisel\u00f8ftere\/vakuuml\u00f8ftere finder du nogle, der kan l\u00f8fte alt fra 500 til 8000 kg. Disse monteres p\u00e5 en gravemaskine eller en anden entrepren\u00f8rmaskine, s\u00e5ledes at medarbejdernes rygge og led sk\u00e5nes. [&hellip;]<\/p>\n","protected":false},"author":1,"featured_media":0,"parent":0,"menu_order":0,"comment_status":"closed","ping_status":"closed","template":"elementor_header_footer","meta":{"_seopress_robots_primary_cat":"","_seopress_titles_title":"","_seopress_titles_desc":"","_seopress_robots_index":"","inline_featured_image":false,"footnotes":""},"class_list":["post-1600","page","type-page","status-publish","hentry"],"_links":{"self":[{"href":"https:\/\/al-lift.com\/de\/wp-json\/wp\/v2\/pages\/1600","targetHints":{"allow":["GET"]}}],"collection":[{"href":"https:\/\/al-lift.com\/de\/wp-json\/wp\/v2\/pages"}],"about":[{"href":"https:\/\/al-lift.com\/de\/wp-json\/wp\/v2\/types\/page"}],"author":[{"embeddable":true,"href":"https:\/\/al-lift.com\/de\/wp-json\/wp\/v2\/users\/1"}],"replies":[{"embeddable":true,"href":"https:\/\/al-lift.com\/de\/wp-json\/wp\/v2\/comments?post=1600"}],"version-history":[{"count":68,"href":"https:\/\/al-lift.com\/de\/wp-json\/wp\/v2\/pages\/1600\/revisions"}],"predecessor-version":[{"id":3596,"href":"https:\/\/al-lift.com\/de\/wp-json\/wp\/v2\/pages\/1600\/revisions\/3596"}],"wp:attachment":[{"href":"https:\/\/al-lift.com\/de\/wp-json\/wp\/v2\/media?parent=1600"}],"curies":[{"name":"wp","href":"https:\/\/api.w.org\/{rel}","templated":true}]}}