{"id":1591,"date":"2024-03-04T10:51:06","date_gmt":"2024-03-04T09:51:06","guid":{"rendered":"https:\/\/al-lift.com\/?page_id=1591"},"modified":"2024-12-14T12:08:58","modified_gmt":"2024-12-14T11:08:58","slug":"industrie","status":"publish","type":"page","link":"https:\/\/al-lift.com\/de\/industri\/","title":{"rendered":"Industrie"},"content":{"rendered":"<div data-elementor-type=\"wp-page\" data-elementor-id=\"1591\" class=\"elementor elementor-1591\" data-elementor-post-type=\"page\">\n\t\t\t\t<div class=\"elementor-element elementor-element-2ad85630 e-flex e-con-boxed e-con e-parent\" data-id=\"2ad85630\" data-element_type=\"container\" data-e-type=\"container\" data-settings=\"{&quot;background_background&quot;:&quot;classic&quot;,&quot;jet_parallax_layout_list&quot;:[]}\">\n\t\t\t\t\t<div class=\"e-con-inner\">\n\t\t\t\t<div class=\"elementor-element elementor-element-699f589a elementor-widget elementor-widget-heading\" data-id=\"699f589a\" data-element_type=\"widget\" data-e-type=\"widget\" data-widget_type=\"heading.default\">\n\t\t\t\t<div class=\"elementor-widget-container\">\n\t\t\t\t\t<h1 class=\"elementor-heading-title elementor-size-default\">Industrie<\/h1>\t\t\t\t<\/div>\n\t\t\t\t<\/div>\n\t\t\t\t\t<\/div>\n\t\t\t\t<\/div>\n\t\t<div class=\"elementor-element elementor-element-616327d e-flex e-con-boxed e-con e-parent\" data-id=\"616327d\" data-element_type=\"container\" data-e-type=\"container\" data-settings=\"{&quot;jet_parallax_layout_list&quot;:[]}\">\n\t\t\t\t\t<div class=\"e-con-inner\">\n\t\t<div class=\"elementor-element elementor-element-dd88325 e-con-full e-flex e-con e-child\" data-id=\"dd88325\" data-element_type=\"container\" data-e-type=\"container\" data-settings=\"{&quot;jet_parallax_layout_list&quot;:[]}\">\n\t\t\t\t<div class=\"elementor-element elementor-element-f970be8 elementor-widget elementor-widget-heading\" data-id=\"f970be8\" data-element_type=\"widget\" data-e-type=\"widget\" data-widget_type=\"heading.default\">\n\t\t\t\t<div class=\"elementor-widget-container\">\n\t\t\t\t\t<h2 class=\"elementor-heading-title elementor-size-default\">Hebezeuge f\u00fcr die Industrie\n<\/h2>\t\t\t\t<\/div>\n\t\t\t\t<\/div>\n\t\t\t\t<div class=\"elementor-element elementor-element-29cecc1 elementor-invisible elementor-widget elementor-widget-text-editor\" data-id=\"29cecc1\" data-element_type=\"widget\" data-e-type=\"widget\" data-settings=\"{&quot;_animation&quot;:&quot;fadeIn&quot;,&quot;_animation_delay&quot;:100}\" data-widget_type=\"text-editor.default\">\n\t\t\t\t<div class=\"elementor-widget-container\">\n\t\t\t\t\t\t\t\t\t<p>Um schwere Hebearbeiten zu minimieren und den Arbeitsablauf im Industriealltag zu optimieren, haben wir eine Reihe von Maschinen f\u00fcr diese Zwecke entwickelt. Deshalb haben wir eine gro\u00dfe Auswahl an Hebezeugen f\u00fcr den industriellen Sektor, wo Sie alles finden k\u00f6nnen, von Auslegerkr\u00e4nen bis zu Laufkr\u00e4nen, Hebezeugen f\u00fcr LKWs und mehr.\u00a0<\/p><p>Schauen Sie sich unsere Auswahl auf dieser Seite an und sehen Sie, ob Sie die Maschine(n) finden, die Sie f\u00fcr Ihren Arbeitsplatz ben\u00f6tigen. Nat\u00fcrlich h\u00e4ngt die Wahl der Maschine von Ihren Materialien und Handhabungsaufgaben ab. Wenn Sie sich nicht sicher sind, welche Maschine diese Aufgaben am besten erf\u00fcllt, k\u00f6nnen Sie sich jederzeit an uns wenden und wir helfen Ihnen bei der Auswahl der richtigen Maschine.<\/p>\t\t\t\t\t\t\t\t<\/div>\n\t\t\t\t<\/div>\n\t\t\t\t<\/div>\n\t\t<div class=\"elementor-element elementor-element-17d1d58 e-con-full e-flex e-con e-child\" data-id=\"17d1d58\" data-element_type=\"container\" data-e-type=\"container\" data-settings=\"{&quot;jet_parallax_layout_list&quot;:[]}\">\n\t\t\t\t<div class=\"elementor-element elementor-element-101f465 elementor-widget elementor-widget-image\" data-id=\"101f465\" data-element_type=\"widget\" data-e-type=\"widget\" data-widget_type=\"image.default\">\n\t\t\t\t<div class=\"elementor-widget-container\">\n\t\t\t\t\t\t\t\t\t\t\t\t\t\t\t<img alt=\"\" fetchpriority=\"high\" decoding=\"async\" width=\"300\" height=\"300\" src=\"https:\/\/al-lift.com\/wp-content\/uploads\/2024\/07\/0.-Spider4-300x300-1.jpg\" class=\"attachment-large size-large wp-image-1885\" srcset=\"https:\/\/al-lift.com\/wp-content\/uploads\/2024\/07\/0.-Spider4-300x300-1.jpg 300w, https:\/\/al-lift.com\/wp-content\/uploads\/2024\/07\/0.-Spider4-300x300-1-150x150.jpg 150w\" sizes=\"(max-width: 300px) 100vw, 300px\" \/>\t\t\t\t\t\t\t\t\t\t\t\t\t\t\t<\/div>\n\t\t\t\t<\/div>\n\t\t\t\t<div class=\"elementor-element elementor-element-8cc37b1 radial-in elementor-align-justify elementor-invisible elementor-widget elementor-widget-button\" data-id=\"8cc37b1\" data-element_type=\"widget\" data-e-type=\"widget\" data-settings=\"{&quot;_animation&quot;:&quot;fadeIn&quot;,&quot;_animation_delay&quot;:200}\" data-widget_type=\"button.default\">\n\t\t\t\t<div class=\"elementor-widget-container\">\n\t\t\t\t\t\t\t\t\t<div class=\"elementor-button-wrapper\">\n\t\t\t\t\t<a class=\"elementor-button elementor-button-link elementor-size-sm\" href=\"https:\/\/al-lift.com\/de\/kontakt\/\">\n\t\t\t\t\t\t<span class=\"elementor-button-content-wrapper\">\n\t\t\t\t\t\t\t\t\t<span class=\"elementor-button-text\">Unverbindliches Angebot einholen<\/span>\n\t\t\t\t\t<\/span>\n\t\t\t\t\t<\/a>\n\t\t\t\t<\/div>\n\t\t\t\t\t\t\t\t<\/div>\n\t\t\t\t<\/div>\n\t\t\t\t<\/div>\n\t\t\t\t\t<\/div>\n\t\t\t\t<\/div>\n\t\t<div class=\"elementor-element elementor-element-f9a1a99 e-flex e-con-boxed e-con e-parent\" data-id=\"f9a1a99\" data-element_type=\"container\" data-e-type=\"container\" data-settings=\"{&quot;jet_parallax_layout_list&quot;:[]}\">\n\t\t\t\t\t<div class=\"e-con-inner\">\n\t\t<div class=\"elementor-element elementor-element-39bd64f e-con-full e-flex e-con e-child\" data-id=\"39bd64f\" data-element_type=\"container\" data-e-type=\"container\" data-settings=\"{&quot;jet_parallax_layout_list&quot;:[]}\">\n\t\t\t\t<div class=\"elementor-element elementor-element-c7847e0 elementor-widget elementor-widget-image\" data-id=\"c7847e0\" data-element_type=\"widget\" data-e-type=\"widget\" data-widget_type=\"image.default\">\n\t\t\t\t<div class=\"elementor-widget-container\">\n\t\t\t\t\t\t\t\t\t\t\t\t\t\t\t<img alt=\"\" decoding=\"async\" width=\"768\" height=\"1024\" src=\"https:\/\/al-lift.com\/wp-content\/uploads\/2024\/10\/wBzLPTBu9ApKNLt6GI2rjWR4QBGBkkn0Vg-768x1024.jpeg\" class=\"attachment-large size-large wp-image-3597\" srcset=\"https:\/\/al-lift.com\/wp-content\/uploads\/2024\/10\/wBzLPTBu9ApKNLt6GI2rjWR4QBGBkkn0Vg-768x1024.jpeg 768w, https:\/\/al-lift.com\/wp-content\/uploads\/2024\/10\/wBzLPTBu9ApKNLt6GI2rjWR4QBGBkkn0Vg-225x300.jpeg 225w, https:\/\/al-lift.com\/wp-content\/uploads\/2024\/10\/wBzLPTBu9ApKNLt6GI2rjWR4QBGBkkn0Vg-1152x1536.jpeg 1152w, https:\/\/al-lift.com\/wp-content\/uploads\/2024\/10\/wBzLPTBu9ApKNLt6GI2rjWR4QBGBkkn0Vg-rotated.jpeg 1224w\" sizes=\"(max-width: 768px) 100vw, 768px\" \/>\t\t\t\t\t\t\t\t\t\t\t\t\t\t\t<\/div>\n\t\t\t\t<\/div>\n\t\t\t\t<div class=\"elementor-element elementor-element-e898162 radial-in elementor-align-justify elementor-invisible elementor-widget elementor-widget-button\" data-id=\"e898162\" data-element_type=\"widget\" data-e-type=\"widget\" data-settings=\"{&quot;_animation&quot;:&quot;fadeIn&quot;,&quot;_animation_delay&quot;:200}\" data-widget_type=\"button.default\">\n\t\t\t\t<div class=\"elementor-widget-container\">\n\t\t\t\t\t\t\t\t\t<div class=\"elementor-button-wrapper\">\n\t\t\t\t\t<a class=\"elementor-button elementor-button-link elementor-size-sm\" href=\"https:\/\/al-lift.com\/de\/kontakt\/\">\n\t\t\t\t\t\t<span class=\"elementor-button-content-wrapper\">\n\t\t\t\t\t\t\t\t\t<span class=\"elementor-button-text\">Unverbindliches Angebot einholen<\/span>\n\t\t\t\t\t<\/span>\n\t\t\t\t\t<\/a>\n\t\t\t\t<\/div>\n\t\t\t\t\t\t\t\t<\/div>\n\t\t\t\t<\/div>\n\t\t\t\t<\/div>\n\t\t<div class=\"elementor-element elementor-element-0008385 e-con-full e-flex e-con e-child\" data-id=\"0008385\" data-element_type=\"container\" data-e-type=\"container\" data-settings=\"{&quot;jet_parallax_layout_list&quot;:[]}\">\n\t\t\t\t<div class=\"elementor-element elementor-element-0500e7d elementor-widget elementor-widget-heading\" data-id=\"0500e7d\" data-element_type=\"widget\" data-e-type=\"widget\" data-widget_type=\"heading.default\">\n\t\t\t\t<div class=\"elementor-widget-container\">\n\t\t\t\t\t<h2 class=\"elementor-heading-title elementor-size-default\">Optimieren Sie Ihre Arbeit mit verschiedenen Hebezeugen f\u00fcr die Industrie<\/h2>\t\t\t\t<\/div>\n\t\t\t\t<\/div>\n\t\t\t\t<div class=\"elementor-element elementor-element-e853fbd elementor-invisible elementor-widget elementor-widget-text-editor\" data-id=\"e853fbd\" data-element_type=\"widget\" data-e-type=\"widget\" data-settings=\"{&quot;_animation&quot;:&quot;fadeIn&quot;,&quot;_animation_delay&quot;:100}\" data-widget_type=\"text-editor.default\">\n\t\t\t\t<div class=\"elementor-widget-container\">\n\t\t\t\t\t\t\t\t\t<p>Mit den richtigen Hebezeugen f\u00fcr die industrielle Arbeit wird der Arbeitsalltag wesentlich erleichtert! Deshalb entwickeln wir Hebeger\u00e4te f\u00fcr verschiedene Handhabungsaufgaben im industriellen Umfeld. Ben\u00f6tigen Sie zum Beispiel ein Produkt, das auf einen Gabelstapler montiert werden kann, damit Sie schwere Gegenst\u00e4nde mit nur einer Maschine heben und transportieren k\u00f6nnen? Dann haben wir eine gro\u00dfe Auswahl an verschiedenen Hebeger\u00e4ten f\u00fcr Gabelstapler. Sie m\u00fcssen nur das Produkt ausw\u00e4hlen, das Sie f\u00fcr die von Ihnen zu transportierenden Ger\u00e4te ben\u00f6tigen.\u00a0<\/p><p>Wenn Sie jedoch auf der Suche nach Hebezeugen sind, die dieselben Aufgaben in einem begrenzten Bereich ausf\u00fchren k\u00f6nnen, empfehlen wir Ihnen einen genaueren Blick auf unser Angebot an Auslegerkr\u00e4nen. Hier finden Sie sowohl Auslegerkrane mit Ausleger als auch solche ohne Ausleger. Alle Schwenkkrane sind mit S\u00e4ulen-, Wand- oder Bodenbefestigung erh\u00e4ltlich. Auch hier h\u00e4ngt die Wahl des Auslegerkrans weitgehend davon ab, welche Ausr\u00fcstung Sie transportieren m\u00fcssen.\u00a0<\/p><p>Nat\u00fcrlich haben wir auch andere Hebezeuge f\u00fcr die Industrie, und wenn Sie Hebezeuge f\u00fcr gr\u00f6\u00dfere Stahl- und Holzplatten suchen, finden Sie auch verschiedene Traversen, mit denen Sie diese m\u00fchelos handhaben k\u00f6nnen. St\u00f6bern Sie in unserem Angebot und nehmen Sie Kontakt mit uns auf, wenn Sie Fragen haben oder sich bestimmte Produkte genauer ansehen m\u00f6chten. Sie k\u00f6nnen uns entweder telefonisch erreichen <a href=\"tel:97101074\">+45 97 10 10 74<\/a> oder E-Mail <a href=\"mailto:info@al-lift.com\">info@al-lift.com<\/a><\/p>\t\t\t\t\t\t\t\t<\/div>\n\t\t\t\t<\/div>\n\t\t\t\t<\/div>\n\t\t\t\t\t<\/div>\n\t\t\t\t<\/div>\n\t\t<div class=\"elementor-element elementor-element-fa54f1a e-flex e-con-boxed e-con e-parent\" data-id=\"fa54f1a\" data-element_type=\"container\" data-e-type=\"container\" data-settings=\"{&quot;jet_parallax_layout_list&quot;:[]}\">\n\t\t\t\t\t<div class=\"e-con-inner\">\n\t\t<div class=\"elementor-element elementor-element-f84b5f8 e-con-full e-flex e-con e-child\" data-id=\"f84b5f8\" data-element_type=\"container\" data-e-type=\"container\" data-settings=\"{&quot;jet_parallax_layout_list&quot;:[]}\">\n\t\t<div class=\"elementor-element elementor-element-9a154bd e-con-full e-flex e-con e-child\" data-id=\"9a154bd\" data-element_type=\"container\" data-e-type=\"container\" data-settings=\"{&quot;jet_parallax_layout_list&quot;:[]}\">\n\t\t\t\t<div class=\"elementor-element elementor-element-8380ef9 elementor-widget elementor-widget-image\" data-id=\"8380ef9\" data-element_type=\"widget\" data-e-type=\"widget\" data-widget_type=\"image.default\">\n\t\t\t\t<div class=\"elementor-widget-container\">\n\t\t\t\t\t\t\t\t\t\t\t\t\t\t\t\t<a href=\"https:\/\/al-lift.com\/de\/hebezeuge-fur-lastkraftwagen\/\">\n\t\t\t\t\t\t\t<img alt=\"\" decoding=\"async\" width=\"300\" height=\"300\" src=\"https:\/\/al-lift.com\/wp-content\/uploads\/2024\/07\/AL-Pack-Truck-Uno-EL-300x300-1.jpg\" class=\"attachment-large size-large wp-image-1883\" srcset=\"https:\/\/al-lift.com\/wp-content\/uploads\/2024\/07\/AL-Pack-Truck-Uno-EL-300x300-1.jpg 300w, https:\/\/al-lift.com\/wp-content\/uploads\/2024\/07\/AL-Pack-Truck-Uno-EL-300x300-1-150x150.jpg 150w\" sizes=\"(max-width: 300px) 100vw, 300px\" \/>\t\t\t\t\t\t\t\t<\/a>\n\t\t\t\t\t\t\t\t\t\t\t\t\t\t\t<\/div>\n\t\t\t\t<\/div>\n\t\t\t\t<div class=\"elementor-element elementor-element-ea3d97e elementor-widget elementor-widget-heading\" data-id=\"ea3d97e\" data-element_type=\"widget\" data-e-type=\"widget\" data-widget_type=\"heading.default\">\n\t\t\t\t<div class=\"elementor-widget-container\">\n\t\t\t\t\t<h2 class=\"elementor-heading-title elementor-size-default\"><a href=\"https:\/\/al-lift.com\/de\/hebezeuge-fur-lastkraftwagen\/\">Hebezeuge f\u00fcr Gabelstapler<\/a><\/h2>\t\t\t\t<\/div>\n\t\t\t\t<\/div>\n\t\t\t\t<\/div>\n\t\t<div class=\"elementor-element elementor-element-e7a1edc e-con-full e-flex e-con e-child\" data-id=\"e7a1edc\" data-element_type=\"container\" data-e-type=\"container\" data-settings=\"{&quot;jet_parallax_layout_list&quot;:[]}\">\n\t\t\t\t<div class=\"elementor-element elementor-element-a672bb7 elementor-widget elementor-widget-image\" data-id=\"a672bb7\" data-element_type=\"widget\" data-e-type=\"widget\" data-widget_type=\"image.default\">\n\t\t\t\t<div class=\"elementor-widget-container\">\n\t\t\t\t\t\t\t\t\t\t\t\t\t\t\t\t<a href=\"https:\/\/al-lift.com\/de\/auslegerkrane\/\">\n\t\t\t\t\t\t\t<img alt=\"\" loading=\"lazy\" decoding=\"async\" width=\"300\" height=\"300\" src=\"https:\/\/al-lift.com\/wp-content\/uploads\/2024\/07\/AL-PACK-STACKER-UNO-EL-kranarm-med-eltalje-til-lagertrucks-og-el-stabler-2-300x300-2.jpg\" class=\"attachment-large size-large wp-image-2275\" srcset=\"https:\/\/al-lift.com\/wp-content\/uploads\/2024\/07\/AL-PACK-STACKER-UNO-EL-kranarm-med-eltalje-til-lagertrucks-og-el-stabler-2-300x300-2.jpg 300w, https:\/\/al-lift.com\/wp-content\/uploads\/2024\/07\/AL-PACK-STACKER-UNO-EL-kranarm-med-eltalje-til-lagertrucks-og-el-stabler-2-300x300-2-150x150.jpg 150w\" sizes=\"(max-width: 300px) 100vw, 300px\" \/>\t\t\t\t\t\t\t\t<\/a>\n\t\t\t\t\t\t\t\t\t\t\t\t\t\t\t<\/div>\n\t\t\t\t<\/div>\n\t\t\t\t<div class=\"elementor-element elementor-element-d0d9bb2 elementor-widget elementor-widget-heading\" data-id=\"d0d9bb2\" data-element_type=\"widget\" data-e-type=\"widget\" data-widget_type=\"heading.default\">\n\t\t\t\t<div class=\"elementor-widget-container\">\n\t\t\t\t\t<h2 class=\"elementor-heading-title elementor-size-default\"><a href=\"https:\/\/al-lift.com\/de\/fliseloftere-2\/\">Auslegerkr\u00e4ne<\/a><\/h2>\t\t\t\t<\/div>\n\t\t\t\t<\/div>\n\t\t\t\t<\/div>\n\t\t<div class=\"elementor-element elementor-element-d4d31f7 e-con-full e-flex e-con e-child\" data-id=\"d4d31f7\" data-element_type=\"container\" data-e-type=\"container\" data-settings=\"{&quot;jet_parallax_layout_list&quot;:[]}\">\n\t\t\t\t<div class=\"elementor-element elementor-element-8e1a2f6 elementor-widget elementor-widget-image\" data-id=\"8e1a2f6\" data-element_type=\"widget\" data-e-type=\"widget\" data-widget_type=\"image.default\">\n\t\t\t\t<div class=\"elementor-widget-container\">\n\t\t\t\t\t\t\t\t\t\t\t\t\t\t\t\t<a href=\"https:\/\/al-lift.com\/de\/schwenkkrane-mit-nockenarm\/\">\n\t\t\t\t\t\t\t<img alt=\"\" loading=\"lazy\" decoding=\"async\" width=\"300\" height=\"300\" src=\"https:\/\/al-lift.com\/wp-content\/uploads\/2024\/07\/AL-TELECRANE-med-VAKUUM-vaeg-knaekarm-enhandsbetjent-rustfrit-stal-300x300-1.jpg\" class=\"attachment-large size-large wp-image-2314\" srcset=\"https:\/\/al-lift.com\/wp-content\/uploads\/2024\/07\/AL-TELECRANE-med-VAKUUM-vaeg-knaekarm-enhandsbetjent-rustfrit-stal-300x300-1.jpg 300w, https:\/\/al-lift.com\/wp-content\/uploads\/2024\/07\/AL-TELECRANE-med-VAKUUM-vaeg-knaekarm-enhandsbetjent-rustfrit-stal-300x300-1-150x150.jpg 150w\" sizes=\"(max-width: 300px) 100vw, 300px\" \/>\t\t\t\t\t\t\t\t<\/a>\n\t\t\t\t\t\t\t\t\t\t\t\t\t\t\t<\/div>\n\t\t\t\t<\/div>\n\t\t\t\t<div class=\"elementor-element elementor-element-2fe4a4e elementor-widget elementor-widget-heading\" data-id=\"2fe4a4e\" data-element_type=\"widget\" data-e-type=\"widget\" data-widget_type=\"heading.default\">\n\t\t\t\t<div class=\"elementor-widget-container\">\n\t\t\t\t\t<h2 class=\"elementor-heading-title elementor-size-default\"><a href=\"https:\/\/al-lift.com\/de\/schwenkkrane-mit-nockenarm\/\">Schwenkkr\u00e4ne mit Knickausleger<\/a><\/h2>\t\t\t\t<\/div>\n\t\t\t\t<\/div>\n\t\t\t\t<\/div>\n\t\t\t\t<\/div>\n\t\t<div class=\"elementor-element elementor-element-3024912 e-con-full e-flex e-con e-child\" data-id=\"3024912\" data-element_type=\"container\" data-e-type=\"container\" data-settings=\"{&quot;jet_parallax_layout_list&quot;:[]}\">\n\t\t<div class=\"elementor-element elementor-element-5506d29 e-con-full e-flex e-con e-child\" data-id=\"5506d29\" data-element_type=\"container\" data-e-type=\"container\" data-settings=\"{&quot;jet_parallax_layout_list&quot;:[]}\">\n\t\t\t\t<div class=\"elementor-element elementor-element-eb25851 elementor-widget elementor-widget-image\" data-id=\"eb25851\" data-element_type=\"widget\" data-e-type=\"widget\" data-widget_type=\"image.default\">\n\t\t\t\t<div class=\"elementor-widget-container\">\n\t\t\t\t\t\t\t\t\t\t\t\t\t\t\t\t<a href=\"https:\/\/al-lift.com\/de\/platten-plader\/\">\n\t\t\t\t\t\t\t<img alt=\"\" loading=\"lazy\" decoding=\"async\" width=\"300\" height=\"300\" src=\"https:\/\/al-lift.com\/wp-content\/uploads\/2024\/07\/Side-18-0AL-ATOMIC-OK-300x300-1.jpg\" class=\"attachment-large size-large wp-image-2337\" srcset=\"https:\/\/al-lift.com\/wp-content\/uploads\/2024\/07\/Side-18-0AL-ATOMIC-OK-300x300-1.jpg 300w, https:\/\/al-lift.com\/wp-content\/uploads\/2024\/07\/Side-18-0AL-ATOMIC-OK-300x300-1-150x150.jpg 150w\" sizes=\"(max-width: 300px) 100vw, 300px\" \/>\t\t\t\t\t\t\t\t<\/a>\n\t\t\t\t\t\t\t\t\t\t\t\t\t\t\t<\/div>\n\t\t\t\t<\/div>\n\t\t\t\t<div class=\"elementor-element elementor-element-a8798c2 elementor-widget elementor-widget-heading\" data-id=\"a8798c2\" data-element_type=\"widget\" data-e-type=\"widget\" data-widget_type=\"heading.default\">\n\t\t\t\t<div class=\"elementor-widget-container\">\n\t\t\t\t\t<h2 class=\"elementor-heading-title elementor-size-default\"><a href=\"https:\/\/al-lift.com\/de\/platten-plader\/\">Platten - plader<\/a><\/h2>\t\t\t\t<\/div>\n\t\t\t\t<\/div>\n\t\t\t\t<\/div>\n\t\t<div class=\"elementor-element elementor-element-1dcec4b e-con-full e-flex e-con e-child\" data-id=\"1dcec4b\" data-element_type=\"container\" data-e-type=\"container\" data-settings=\"{&quot;jet_parallax_layout_list&quot;:[]}\">\n\t\t\t\t<div class=\"elementor-element elementor-element-f98be62 elementor-widget elementor-widget-image\" data-id=\"f98be62\" data-element_type=\"widget\" data-e-type=\"widget\" data-widget_type=\"image.default\">\n\t\t\t\t<div class=\"elementor-widget-container\">\n\t\t\t\t\t\t\t\t\t\t\t\t\t\t\t\t<a href=\"https:\/\/al-lift.com\/de\/industriemanipulator\/\">\n\t\t\t\t\t\t\t<img alt=\"\" loading=\"lazy\" decoding=\"async\" width=\"300\" height=\"300\" src=\"https:\/\/al-lift.com\/wp-content\/uploads\/2024\/07\/Side-12-0.-AL-MULTILIFT-300x300-1.jpg\" class=\"attachment-large size-large wp-image-1889\" srcset=\"https:\/\/al-lift.com\/wp-content\/uploads\/2024\/07\/Side-12-0.-AL-MULTILIFT-300x300-1.jpg 300w, https:\/\/al-lift.com\/wp-content\/uploads\/2024\/07\/Side-12-0.-AL-MULTILIFT-300x300-1-150x150.jpg 150w\" sizes=\"(max-width: 300px) 100vw, 300px\" \/>\t\t\t\t\t\t\t\t<\/a>\n\t\t\t\t\t\t\t\t\t\t\t\t\t\t\t<\/div>\n\t\t\t\t<\/div>\n\t\t\t\t<div class=\"elementor-element elementor-element-9dfcb06 elementor-widget elementor-widget-heading\" data-id=\"9dfcb06\" data-element_type=\"widget\" data-e-type=\"widget\" data-widget_type=\"heading.default\">\n\t\t\t\t<div class=\"elementor-widget-container\">\n\t\t\t\t\t<h2 class=\"elementor-heading-title elementor-size-default\"><a href=\"https:\/\/al-lift.com\/de\/industriemanipulator\/\">Industrieller Manipulator\n<\/a><\/h2>\t\t\t\t<\/div>\n\t\t\t\t<\/div>\n\t\t\t\t<\/div>\n\t\t<div class=\"elementor-element elementor-element-9e7591f e-con-full e-flex e-con e-child\" data-id=\"9e7591f\" data-element_type=\"container\" data-e-type=\"container\" data-settings=\"{&quot;jet_parallax_layout_list&quot;:[]}\">\n\t\t\t\t<div class=\"elementor-element elementor-element-eef86dd elementor-widget elementor-widget-image\" data-id=\"eef86dd\" data-element_type=\"widget\" data-e-type=\"widget\" data-widget_type=\"image.default\">\n\t\t\t\t<div class=\"elementor-widget-container\">\n\t\t\t\t\t\t\t\t\t\t\t\t\t\t\t\t<a href=\"https:\/\/al-lift.com\/de\/durch-krane\/\">\n\t\t\t\t\t\t\t<img alt=\"\" loading=\"lazy\" decoding=\"async\" width=\"300\" height=\"300\" src=\"https:\/\/al-lift.com\/wp-content\/uploads\/2024\/07\/AL-LIFT-TRAVERS-med-VAKUUM-specialvaerktoj-2-300x300-2.jpg\" class=\"attachment-large size-large wp-image-2374\" srcset=\"https:\/\/al-lift.com\/wp-content\/uploads\/2024\/07\/AL-LIFT-TRAVERS-med-VAKUUM-specialvaerktoj-2-300x300-2.jpg 300w, https:\/\/al-lift.com\/wp-content\/uploads\/2024\/07\/AL-LIFT-TRAVERS-med-VAKUUM-specialvaerktoj-2-300x300-2-150x150.jpg 150w\" sizes=\"(max-width: 300px) 100vw, 300px\" \/>\t\t\t\t\t\t\t\t<\/a>\n\t\t\t\t\t\t\t\t\t\t\t\t\t\t\t<\/div>\n\t\t\t\t<\/div>\n\t\t\t\t<div class=\"elementor-element elementor-element-f357650 elementor-widget elementor-widget-heading\" data-id=\"f357650\" data-element_type=\"widget\" data-e-type=\"widget\" data-widget_type=\"heading.default\">\n\t\t\t\t<div class=\"elementor-widget-container\">\n\t\t\t\t\t<h2 class=\"elementor-heading-title elementor-size-default\"><a href=\"https:\/\/al-lift.com\/de\/durch-krane\/\">Traversenkr\u00e4ne<\/a><\/h2>\t\t\t\t<\/div>\n\t\t\t\t<\/div>\n\t\t\t\t<\/div>\n\t\t\t\t<\/div>\n\t\t\t\t\t<\/div>\n\t\t\t\t<\/div>\n\t\t\t\t<\/div>","protected":false},"excerpt":{"rendered":"<p>L\u00f8fteudstyr til industri For at minimere tunge l\u00f8ft og optimere arbejdsgangen i det daglige industriarbejde har vi udviklet en r\u00e6kke maskiner til netop disse form\u00e5l. Derfor har vi et st\u00f8rre udvalg af l\u00f8fteudstyr til industribranchen, hvor du kan finde alt fra svingkraner til traverskraner, l\u00f8ftegrej til trucks m.m.\u00a0 G\u00e5 p\u00e5 opdagelse i vores udvalg her [&hellip;]<\/p>\n","protected":false},"author":1,"featured_media":0,"parent":0,"menu_order":0,"comment_status":"closed","ping_status":"closed","template":"elementor_header_footer","meta":{"_seopress_robots_primary_cat":"","_seopress_titles_title":"","_seopress_titles_desc":"","_seopress_robots_index":"","inline_featured_image":false,"footnotes":""},"class_list":["post-1591","page","type-page","status-publish","hentry"],"_links":{"self":[{"href":"https:\/\/al-lift.com\/de\/wp-json\/wp\/v2\/pages\/1591","targetHints":{"allow":["GET"]}}],"collection":[{"href":"https:\/\/al-lift.com\/de\/wp-json\/wp\/v2\/pages"}],"about":[{"href":"https:\/\/al-lift.com\/de\/wp-json\/wp\/v2\/types\/page"}],"author":[{"embeddable":true,"href":"https:\/\/al-lift.com\/de\/wp-json\/wp\/v2\/users\/1"}],"replies":[{"embeddable":true,"href":"https:\/\/al-lift.com\/de\/wp-json\/wp\/v2\/comments?post=1591"}],"version-history":[{"count":35,"href":"https:\/\/al-lift.com\/de\/wp-json\/wp\/v2\/pages\/1591\/revisions"}],"predecessor-version":[{"id":4278,"href":"https:\/\/al-lift.com\/de\/wp-json\/wp\/v2\/pages\/1591\/revisions\/4278"}],"wp:attachment":[{"href":"https:\/\/al-lift.com\/de\/wp-json\/wp\/v2\/media?parent=1591"}],"curies":[{"name":"wp","href":"https:\/\/api.w.org\/{rel}","templated":true}]}}