{"id":1584,"date":"2024-03-04T10:48:23","date_gmt":"2024-03-04T09:48:23","guid":{"rendered":"https:\/\/al-lift.com\/?page_id=1584"},"modified":"2024-12-14T10:16:02","modified_gmt":"2024-12-14T09:16:02","slug":"auslegerkrane","status":"publish","type":"page","link":"https:\/\/al-lift.com\/de\/svingkraner\/","title":{"rendered":"Auslegerkr\u00e4ne"},"content":{"rendered":"<div data-elementor-type=\"wp-page\" data-elementor-id=\"1584\" class=\"elementor elementor-1584\" data-elementor-post-type=\"page\">\n\t\t\t\t<div class=\"elementor-element elementor-element-2ad85630 e-flex e-con-boxed e-con e-parent\" data-id=\"2ad85630\" data-element_type=\"container\" data-e-type=\"container\" data-settings=\"{&quot;background_background&quot;:&quot;classic&quot;,&quot;jet_parallax_layout_list&quot;:[]}\">\n\t\t\t\t\t<div class=\"e-con-inner\">\n\t\t\t\t<div class=\"elementor-element elementor-element-699f589a elementor-widget elementor-widget-heading\" data-id=\"699f589a\" data-element_type=\"widget\" data-e-type=\"widget\" data-widget_type=\"heading.default\">\n\t\t\t\t<div class=\"elementor-widget-container\">\n\t\t\t\t\t<h1 class=\"elementor-heading-title elementor-size-default\">Auslegerkr\u00e4ne<\/h1>\t\t\t\t<\/div>\n\t\t\t\t<\/div>\n\t\t\t\t\t<\/div>\n\t\t\t\t<\/div>\n\t\t<div class=\"elementor-element elementor-element-62212cd e-flex e-con-boxed e-con e-parent\" data-id=\"62212cd\" data-element_type=\"container\" data-e-type=\"container\" data-settings=\"{&quot;jet_parallax_layout_list&quot;:[]}\">\n\t\t\t\t\t<div class=\"e-con-inner\">\n\t\t<div class=\"elementor-element elementor-element-1c67b05 e-con-full e-flex e-con e-child\" data-id=\"1c67b05\" data-element_type=\"container\" data-e-type=\"container\" data-settings=\"{&quot;jet_parallax_layout_list&quot;:[]}\">\n\t\t\t\t<div class=\"elementor-element elementor-element-c46a3f7 elementor-invisible elementor-widget elementor-widget-text-editor\" data-id=\"c46a3f7\" data-element_type=\"widget\" data-e-type=\"widget\" data-settings=\"{&quot;_animation&quot;:&quot;fadeIn&quot;,&quot;_animation_delay&quot;:100}\" data-widget_type=\"text-editor.default\">\n\t\t\t\t<div class=\"elementor-widget-container\">\n\t\t\t\t\t\t\t\t\t<p>Ein Auslegerkran ist das ideale Hebeger\u00e4t f\u00fcr Aufgaben, die wiederholtes Heben auf engem Raum erfordern. Bei AL-Lift liefern wir Schwenkkrane f\u00fcr die S\u00e4ulenmontage, Wandmontage und Bodenmontage. So k\u00f6nnen Sie genau die Art der Befestigung w\u00e4hlen, die zu dem Ort passt, an dem Ihr Schwenkkran aufgestellt werden soll. Die Schwenkkr\u00e4ne haben auch unterschiedliche Reichweiten. Daher ist es auch wichtig, dass Sie eine Maschine w\u00e4hlen, die bis zu den Stellen reicht, an denen Materialien bewegt werden m\u00fcssen.\u00a0<\/p><p>Unsere Auslegerkrane sind entweder mit einem Vakuumsystem oder einem elektrischen Hebezeug erh\u00e4ltlich und haben unterschiedliche Hubkapazit\u00e4ten, wobei die h\u00f6chste bei 1.000 kg liegt. Welches System und welche Tragf\u00e4higkeit Sie suchen, h\u00e4ngt von den zu handhabenden Produkten ab. Daher sind diese Variablen auch bei der Wahl Ihres Schwenkkrans von gro\u00dfer Bedeutung. Informieren Sie sich auf dieser Seite \u00fcber unser Angebot an Schwenkkranen und lesen Sie auf den einzelnen Produktseiten \u00fcber die Produktspezifikationen der verschiedenen Maschinen. Sehen Sie sich auch unser Angebot an Schwenkkranen an.<\/p>\t\t\t\t\t\t\t\t<\/div>\n\t\t\t\t<\/div>\n\t\t\t\t<\/div>\n\t\t<div class=\"elementor-element elementor-element-17d5f79 e-con-full e-flex e-con e-child\" data-id=\"17d5f79\" data-element_type=\"container\" data-e-type=\"container\" data-settings=\"{&quot;jet_parallax_layout_list&quot;:[]}\">\n\t\t\t\t<div class=\"elementor-element elementor-element-26679be elementor-widget elementor-widget-image\" data-id=\"26679be\" data-element_type=\"widget\" data-e-type=\"widget\" data-widget_type=\"image.default\">\n\t\t\t\t<div class=\"elementor-widget-container\">\n\t\t\t\t\t\t\t\t\t\t\t\t\t\t\t<img alt=\"\" fetchpriority=\"high\" decoding=\"async\" width=\"300\" height=\"300\" src=\"https:\/\/al-lift.com\/wp-content\/uploads\/2024\/10\/Design-uden-navn-15.png\" class=\"attachment-large size-large wp-image-3646\" srcset=\"https:\/\/al-lift.com\/wp-content\/uploads\/2024\/10\/Design-uden-navn-15.png 300w, https:\/\/al-lift.com\/wp-content\/uploads\/2024\/10\/Design-uden-navn-15-150x150.png 150w\" sizes=\"(max-width: 300px) 100vw, 300px\" \/>\t\t\t\t\t\t\t\t\t\t\t\t\t\t\t<\/div>\n\t\t\t\t<\/div>\n\t\t\t\t<div class=\"elementor-element elementor-element-22a386b radial-in elementor-align-justify elementor-invisible elementor-widget elementor-widget-button\" data-id=\"22a386b\" data-element_type=\"widget\" data-e-type=\"widget\" data-settings=\"{&quot;_animation&quot;:&quot;fadeIn&quot;,&quot;_animation_delay&quot;:200}\" data-widget_type=\"button.default\">\n\t\t\t\t<div class=\"elementor-widget-container\">\n\t\t\t\t\t\t\t\t\t<div class=\"elementor-button-wrapper\">\n\t\t\t\t\t<a class=\"elementor-button elementor-button-link elementor-size-sm\" href=\"https:\/\/al-lift.com\/de\/kontakt\/\">\n\t\t\t\t\t\t<span class=\"elementor-button-content-wrapper\">\n\t\t\t\t\t\t\t\t\t<span class=\"elementor-button-text\">Kontaktieren Sie uns jetzt<\/span>\n\t\t\t\t\t<\/span>\n\t\t\t\t\t<\/a>\n\t\t\t\t<\/div>\n\t\t\t\t\t\t\t\t<\/div>\n\t\t\t\t<\/div>\n\t\t\t\t<\/div>\n\t\t\t\t\t<\/div>\n\t\t\t\t<\/div>\n\t\t<div class=\"elementor-element elementor-element-735f1c4 e-flex e-con-boxed e-con e-parent\" data-id=\"735f1c4\" data-element_type=\"container\" data-e-type=\"container\" data-settings=\"{&quot;jet_parallax_layout_list&quot;:[]}\">\n\t\t\t\t\t<div class=\"e-con-inner\">\n\t\t<div class=\"elementor-element elementor-element-705dba6 e-con-full e-flex e-con e-child\" data-id=\"705dba6\" data-element_type=\"container\" data-e-type=\"container\" data-settings=\"{&quot;jet_parallax_layout_list&quot;:[]}\">\n\t\t\t\t<div class=\"elementor-element elementor-element-7828ccf elementor-widget elementor-widget-image\" data-id=\"7828ccf\" data-element_type=\"widget\" data-e-type=\"widget\" data-widget_type=\"image.default\">\n\t\t\t\t<div class=\"elementor-widget-container\">\n\t\t\t\t\t\t\t\t\t\t\t\t\t\t\t<img alt=\"\" decoding=\"async\" width=\"300\" height=\"300\" src=\"https:\/\/al-lift.com\/wp-content\/uploads\/2024\/07\/Side-35-4.-AL-REDWING-rustfrit-stal-1-300x300-1.jpg\" class=\"attachment-large size-large wp-image-2293\" srcset=\"https:\/\/al-lift.com\/wp-content\/uploads\/2024\/07\/Side-35-4.-AL-REDWING-rustfrit-stal-1-300x300-1.jpg 300w, https:\/\/al-lift.com\/wp-content\/uploads\/2024\/07\/Side-35-4.-AL-REDWING-rustfrit-stal-1-300x300-1-150x150.jpg 150w\" sizes=\"(max-width: 300px) 100vw, 300px\" \/>\t\t\t\t\t\t\t\t\t\t\t\t\t\t\t<\/div>\n\t\t\t\t<\/div>\n\t\t\t\t<div class=\"elementor-element elementor-element-cd3204c radial-in elementor-align-justify elementor-invisible elementor-widget elementor-widget-button\" data-id=\"cd3204c\" data-element_type=\"widget\" data-e-type=\"widget\" data-settings=\"{&quot;_animation&quot;:&quot;fadeIn&quot;,&quot;_animation_delay&quot;:200}\" data-widget_type=\"button.default\">\n\t\t\t\t<div class=\"elementor-widget-container\">\n\t\t\t\t\t\t\t\t\t<div class=\"elementor-button-wrapper\">\n\t\t\t\t\t<a class=\"elementor-button elementor-button-link elementor-size-sm\" href=\"https:\/\/al-lift.com\/de\/kontakt\/\">\n\t\t\t\t\t\t<span class=\"elementor-button-content-wrapper\">\n\t\t\t\t\t\t\t\t\t<span class=\"elementor-button-text\">Kontaktieren Sie uns jetzt<\/span>\n\t\t\t\t\t<\/span>\n\t\t\t\t\t<\/a>\n\t\t\t\t<\/div>\n\t\t\t\t\t\t\t\t<\/div>\n\t\t\t\t<\/div>\n\t\t\t\t<\/div>\n\t\t<div class=\"elementor-element elementor-element-0e325cd e-con-full e-flex e-con e-child\" data-id=\"0e325cd\" data-element_type=\"container\" data-e-type=\"container\" data-settings=\"{&quot;jet_parallax_layout_list&quot;:[]}\">\n\t\t\t\t<div class=\"elementor-element elementor-element-0e2f8c3 elementor-widget elementor-widget-heading\" data-id=\"0e2f8c3\" data-element_type=\"widget\" data-e-type=\"widget\" data-widget_type=\"heading.default\">\n\t\t\t\t<div class=\"elementor-widget-container\">\n\t\t\t\t\t<h2 class=\"elementor-heading-title elementor-size-default\">Schwenkkr\u00e4ne f\u00fcr verschiedene Hebeaufgaben im industriellen Bereich<\/h2>\t\t\t\t<\/div>\n\t\t\t\t<\/div>\n\t\t\t\t<div class=\"elementor-element elementor-element-7ff5a2f elementor-invisible elementor-widget elementor-widget-text-editor\" data-id=\"7ff5a2f\" data-element_type=\"widget\" data-e-type=\"widget\" data-settings=\"{&quot;_animation&quot;:&quot;fadeIn&quot;,&quot;_animation_delay&quot;:100}\" data-widget_type=\"text-editor.default\">\n\t\t\t\t<div class=\"elementor-widget-container\">\n\t\t\t\t\t\t\t\t\t<p>Ob Sie nun 10 oder 1.000 kg heben m\u00fcssen, der Auslegerkran ist eine ideale L\u00f6sung f\u00fcr Industrieunternehmen, die Gegenst\u00e4nde auf engem Raum bewegen m\u00fcssen. Denn der Auslegerkran wird entweder auf einem Boden, einer S\u00e4ule usw. montiert, was es aus gutem Grund unm\u00f6glich macht, den Auslegerkran w\u00e4hrend der Fahrt zu bewegen.\u00a0<\/p><p>Der Schwenkkran kann dazu beitragen, die Mitarbeiter zu entlasten und das Risiko arbeitsbedingter Verletzungen zu verringern. Durch den Einsatz eines Schwenkkrans gewinnen die Mitarbeiter an Arbeitszufriedenheit, was zu weniger Fehlzeiten f\u00fchrt. Dar\u00fcber hinaus wird Ihr Unternehmen effizienter, was Ihnen langfristig Geld spart und Sie wettbewerbsf\u00e4higer macht.<\/p><p>\u00a0Wenn Sie auf der Suche nach anderen Hebevorrichtungen sind, sollten Sie sich unsere anderen Hebe- und F\u00f6rdervorrichtungen f\u00fcr den industriellen Sektor genauer ansehen. Hier finden Sie verschiedene Hebeger\u00e4te f\u00fcr Lkw, mit denen Sie Materialien \u00fcber gr\u00f6\u00dfere Entfernungen bewegen k\u00f6nnen als mit einem Auslegerkran.<\/p><h3>Bei AL-lift stehen wir Ihnen jederzeit mit Rat und Tat zur Seite.\u00a0<\/h3><p><span style=\"color: var( --e-global-color-text ); font-family: var( --e-global-typography-text-font-family ), Sans-serif; font-size: var( --e-global-typography-text-font-size ); font-weight: var( --e-global-typography-text-font-weight ); letter-spacing: var( --e-global-typography-text-letter-spacing ); text-align: var(--text-align); background-color: var( --e-global-color-e777cd9 );\">AL-Lift liefert Hebe- und F\u00f6rderger\u00e4te f\u00fcr die Industrie und das Baugewerbe. Unsere Maschinen haben viele verschiedene Spezifikationen, so dass es manchmal schwierig sein kann zu wissen, welche Maschine f\u00fcr die verschiedenen Aufgaben am besten geeignet ist. Aus diesem Grund stehen wir Ihnen jederzeit f\u00fcr eine Beratung zur Verf\u00fcgung. Sie k\u00f6nnen uns entweder per Telefon kontaktieren <a href=\"tel:97101074\">+45 97 10 10 74<\/a> oder E-Mail <a href=\"mailto:info@al-lift.com\">info@al-lift.com<\/a>.<\/span><\/p>\t\t\t\t\t\t\t\t<\/div>\n\t\t\t\t<\/div>\n\t\t\t\t<\/div>\n\t\t\t\t\t<\/div>\n\t\t\t\t<\/div>\n\t\t<div class=\"elementor-element elementor-element-87007bf e-flex e-con-boxed e-con e-parent\" data-id=\"87007bf\" data-element_type=\"container\" data-e-type=\"container\" data-settings=\"{&quot;jet_parallax_layout_list&quot;:[]}\">\n\t\t\t\t\t<div class=\"e-con-inner\">\n\t\t\t\t<div class=\"elementor-element elementor-element-92df1c9 elementor-widget elementor-widget-jet-posts\" data-id=\"92df1c9\" data-element_type=\"widget\" data-e-type=\"widget\" data-settings=\"{&quot;columns_tablet&quot;:&quot;2&quot;,&quot;columns_mobile&quot;:&quot;1&quot;,&quot;columns&quot;:3,&quot;slides_to_scroll&quot;:&quot;1&quot;}\" data-widget_type=\"jet-posts.default\">\n\t\t\t\t<div class=\"elementor-widget-container\">\n\t\t\t\t\t<div class=\"elementor-jet-posts jet-elements\"><div class=\"jet-posts col-row\"><div class=\"jet-posts__item\">\n\t<div class=\"jet-posts__inner-box\"><div class=\"post-thumbnail\"><a href=\"https:\/\/al-lift.com\/de\/schaukelkran-vaeg\/\" class=\"post-thumbnail__link\"><img loading=\"lazy\" decoding=\"async\" class=\"post-thumbnail__img wp-post-image\" src=\"https:\/\/al-lift.com\/wp-content\/uploads\/2024\/07\/AL-SWINGCRANE-vaeg-svinkran-1-MAIN-1-300x300-2.jpg\" alt=\"Schaukelkran Wand\" width=\"300\" height=\"300\"><\/a><\/div><div class=\"jet-posts__inner-content\"><h4 class=\"entry-title\"><a href=\"https:\/\/al-lift.com\/de\/schaukelkran-vaeg\/\" target=\"\">Schaukelkran Wand<\/a><\/h4><div class=\"post-meta\"><\/div><\/div><\/div>\n<\/div>\n<div class=\"jet-posts__item\">\n\t<div class=\"jet-posts__inner-box\"><div class=\"post-thumbnail\"><a href=\"https:\/\/al-lift.com\/de\/schwenkkran-vakuum\/\" class=\"post-thumbnail__link\"><img loading=\"lazy\" decoding=\"async\" class=\"post-thumbnail__img wp-post-image\" src=\"https:\/\/al-lift.com\/wp-content\/uploads\/2024\/07\/Side-9-2.-AL-SWINGCRANE-300x300-1.jpg\" alt=\"Schaukelkran Vakuum\" width=\"300\" height=\"300\"><\/a><\/div><div class=\"jet-posts__inner-content\"><h4 class=\"entry-title\"><a href=\"https:\/\/al-lift.com\/de\/schwenkkran-vakuum\/\" target=\"\">Schaukelkran Vakuum<\/a><\/h4><div class=\"post-meta\"><\/div><\/div><\/div>\n<\/div>\n<div class=\"jet-posts__item\">\n\t<div class=\"jet-posts__inner-box\"><div class=\"post-thumbnail\"><a href=\"https:\/\/al-lift.com\/de\/alle-redwing-edelstahl\/\" class=\"post-thumbnail__link\"><img loading=\"lazy\" decoding=\"async\" class=\"post-thumbnail__img wp-post-image\" src=\"https:\/\/al-lift.com\/wp-content\/uploads\/2024\/07\/Side-35-4.-AL-REDWING-rustfrit-stal-1-300x300-1.jpg\" alt=\"Redwing-Edelstahl\" width=\"300\" height=\"300\"><\/a><\/div><div class=\"jet-posts__inner-content\"><h4 class=\"entry-title\"><a href=\"https:\/\/al-lift.com\/de\/alle-redwing-edelstahl\/\" target=\"\">Redwing-Edelstahl<\/a><\/h4><div class=\"post-meta\"><\/div><\/div><\/div>\n<\/div>\n<div class=\"jet-posts__item\">\n\t<div class=\"jet-posts__inner-box\"><div class=\"post-thumbnail\"><a href=\"https:\/\/al-lift.com\/de\/alle-rotflugel\/\" class=\"post-thumbnail__link\"><img loading=\"lazy\" decoding=\"async\" class=\"post-thumbnail__img wp-post-image\" src=\"https:\/\/al-lift.com\/wp-content\/uploads\/2024\/07\/AL-REDWING-med-vakuum-sojle-svingkran-enhandsbetjent-MAIN-300x300-1.jpg\" alt=\"Rotfl\u00fcgel\" width=\"300\" height=\"300\"><\/a><\/div><div class=\"jet-posts__inner-content\"><h4 class=\"entry-title\"><a href=\"https:\/\/al-lift.com\/de\/alle-rotflugel\/\" target=\"\">Rotfl\u00fcgel<\/a><\/h4><div class=\"post-meta\"><\/div><\/div><\/div>\n<\/div>\n<\/div>\n<\/div>\t\t\t\t<\/div>\n\t\t\t\t<\/div>\n\t\t\t\t\t<\/div>\n\t\t\t\t<\/div>\n\t\t\t\t<\/div>","protected":false},"excerpt":{"rendered":"<p>En svingkran er det ideelle l\u00f8fteudstyr til de arbejdsopgaver, hvor der er behov for gentagne l\u00f8ft indenfor et afgr\u00e6nset omr\u00e5de. Hos AL-Lift leverer vi svingkraner til s\u00f8jlemontering, v\u00e6gmontering og gulvmontering. Dette giver dig mulighed for at v\u00e6lge netop den type montering, som passer til det sted, hvor din svingkran skal placeres. Svingkranerne har desuden forskellige [&hellip;]<\/p>\n","protected":false},"author":1,"featured_media":0,"parent":0,"menu_order":0,"comment_status":"closed","ping_status":"closed","template":"elementor_header_footer","meta":{"_seopress_robots_primary_cat":"","_seopress_titles_title":"","_seopress_titles_desc":"","_seopress_robots_index":"","inline_featured_image":false,"footnotes":""},"class_list":["post-1584","page","type-page","status-publish","hentry"],"_links":{"self":[{"href":"https:\/\/al-lift.com\/de\/wp-json\/wp\/v2\/pages\/1584","targetHints":{"allow":["GET"]}}],"collection":[{"href":"https:\/\/al-lift.com\/de\/wp-json\/wp\/v2\/pages"}],"about":[{"href":"https:\/\/al-lift.com\/de\/wp-json\/wp\/v2\/types\/page"}],"author":[{"embeddable":true,"href":"https:\/\/al-lift.com\/de\/wp-json\/wp\/v2\/users\/1"}],"replies":[{"embeddable":true,"href":"https:\/\/al-lift.com\/de\/wp-json\/wp\/v2\/comments?post=1584"}],"version-history":[{"count":21,"href":"https:\/\/al-lift.com\/de\/wp-json\/wp\/v2\/pages\/1584\/revisions"}],"predecessor-version":[{"id":4201,"href":"https:\/\/al-lift.com\/de\/wp-json\/wp\/v2\/pages\/1584\/revisions\/4201"}],"wp:attachment":[{"href":"https:\/\/al-lift.com\/de\/wp-json\/wp\/v2\/media?parent=1584"}],"curies":[{"name":"wp","href":"https:\/\/api.w.org\/{rel}","templated":true}]}}