{"id":1582,"date":"2024-03-04T10:48:03","date_gmt":"2024-03-04T09:48:03","guid":{"rendered":"https:\/\/al-lift.com\/?page_id=1582"},"modified":"2024-10-09T15:40:07","modified_gmt":"2024-10-09T13:40:07","slug":"schwenkkrane-mit-nockenarm","status":"publish","type":"page","link":"https:\/\/al-lift.com\/de\/svingkraner-med-knaekarm\/","title":{"rendered":"Schwenkkr\u00e4ne mit Knickausleger"},"content":{"rendered":"<div data-elementor-type=\"wp-page\" data-elementor-id=\"1582\" class=\"elementor elementor-1582\" data-elementor-post-type=\"page\">\n\t\t\t\t<div class=\"elementor-element elementor-element-2ad85630 e-flex e-con-boxed e-con e-parent\" data-id=\"2ad85630\" data-element_type=\"container\" data-e-type=\"container\" data-settings=\"{&quot;background_background&quot;:&quot;classic&quot;,&quot;jet_parallax_layout_list&quot;:[]}\">\n\t\t\t\t\t<div class=\"e-con-inner\">\n\t\t\t\t\t<\/div>\n\t\t\t\t<\/div>\n\t\t<div class=\"elementor-element elementor-element-a0ad7e1 e-flex e-con-boxed e-con e-parent\" data-id=\"a0ad7e1\" data-element_type=\"container\" data-e-type=\"container\" data-settings=\"{&quot;jet_parallax_layout_list&quot;:[]}\">\n\t\t\t\t\t<div class=\"e-con-inner\">\n\t\t<div class=\"elementor-element elementor-element-ad7ab8d e-con-full e-flex e-con e-child\" data-id=\"ad7ab8d\" data-element_type=\"container\" data-e-type=\"container\" data-settings=\"{&quot;jet_parallax_layout_list&quot;:[]}\">\n\t\t\t\t<div class=\"elementor-element elementor-element-5ca690a elementor-invisible elementor-widget elementor-widget-text-editor\" data-id=\"5ca690a\" data-element_type=\"widget\" data-e-type=\"widget\" data-settings=\"{&quot;_animation&quot;:&quot;fadeIn&quot;,&quot;_animation_delay&quot;:100}\" data-widget_type=\"text-editor.default\">\n\t\t\t\t<div class=\"elementor-widget-container\">\n\t\t\t\t\t\t\t\t\t<p>Ein Auslegerkran ist ein unverzichtbares Hebeger\u00e4t bei Arbeiten in engen R\u00e4umen und bei wiederholtem Heben. Noch unverzichtbarer ist es, in einen Schwenkkran zu investieren, da der Ausleger die Handhabung von Objekten in engen Bereichen erm\u00f6glicht. AL-LIFT verf\u00fcgt \u00fcber eine breite Palette von Schwenkkranen, die in vielen verschiedenen Branchen und Unternehmen eingesetzt werden k\u00f6nnen, in denen das Heben und Handhaben von Gegenst\u00e4nden erforderlich ist.&nbsp;<\/p>\n<p>Mit einem Knickarmkran sind die Hebebedingungen zuverl\u00e4ssig und sicher, und dank der pr\u00e4zisen Handhabung von Gegenst\u00e4nden durch den Knickarm werden Sie und Ihre Mitarbeiter entlastet und das Risiko von Arbeitsunf\u00e4llen wird verringert. Werfen Sie einen Blick auf unser Angebot an Auslegerkranen und sehen Sie, welchen Sie f\u00fcr Ihren Arbeitsplatz ben\u00f6tigen. Wir verkaufen unsere TELECRANE und GOLDDIGGER in mehreren verschiedenen Modellen. Wir haben auch eine Auswahl an Auslegerkr\u00e4nen ohne Ausleger, wenn dies f\u00fcr Ihre Arbeitsaufgaben besser geeignet ist.<\/p>\t\t\t\t\t\t\t\t<\/div>\n\t\t\t\t<\/div>\n\t\t\t\t<\/div>\n\t\t<div class=\"elementor-element elementor-element-7044830 e-con-full e-flex e-con e-child\" data-id=\"7044830\" data-element_type=\"container\" data-e-type=\"container\" data-settings=\"{&quot;jet_parallax_layout_list&quot;:[]}\">\n\t\t\t\t<div class=\"elementor-element elementor-element-f2fd25b elementor-widget elementor-widget-image\" data-id=\"f2fd25b\" data-element_type=\"widget\" data-e-type=\"widget\" data-widget_type=\"image.default\">\n\t\t\t\t<div class=\"elementor-widget-container\">\n\t\t\t\t\t\t\t\t\t\t\t\t\t\t\t<img alt=\"\" fetchpriority=\"high\" decoding=\"async\" width=\"300\" height=\"300\" src=\"https:\/\/al-lift.com\/wp-content\/uploads\/2024\/07\/Side-2-0.-AL-TELECRANE-300x300-2.jpg\" class=\"attachment-large size-large wp-image-2313\" srcset=\"https:\/\/al-lift.com\/wp-content\/uploads\/2024\/07\/Side-2-0.-AL-TELECRANE-300x300-2.jpg 300w, https:\/\/al-lift.com\/wp-content\/uploads\/2024\/07\/Side-2-0.-AL-TELECRANE-300x300-2-150x150.jpg 150w\" sizes=\"(max-width: 300px) 100vw, 300px\" \/>\t\t\t\t\t\t\t\t\t\t\t\t\t\t\t<\/div>\n\t\t\t\t<\/div>\n\t\t\t\t<div class=\"elementor-element elementor-element-1b26af4 radial-in elementor-align-justify elementor-invisible elementor-widget elementor-widget-button\" data-id=\"1b26af4\" data-element_type=\"widget\" data-e-type=\"widget\" data-settings=\"{&quot;_animation&quot;:&quot;fadeIn&quot;,&quot;_animation_delay&quot;:200}\" data-widget_type=\"button.default\">\n\t\t\t\t<div class=\"elementor-widget-container\">\n\t\t\t\t\t\t\t\t\t<div class=\"elementor-button-wrapper\">\n\t\t\t\t\t<a class=\"elementor-button elementor-button-link elementor-size-sm\" href=\"https:\/\/al-lift.com\/de\/kontakt\/\">\n\t\t\t\t\t\t<span class=\"elementor-button-content-wrapper\">\n\t\t\t\t\t\t\t\t\t<span class=\"elementor-button-text\">Kontaktieren Sie uns jetzt<\/span>\n\t\t\t\t\t<\/span>\n\t\t\t\t\t<\/a>\n\t\t\t\t<\/div>\n\t\t\t\t\t\t\t\t<\/div>\n\t\t\t\t<\/div>\n\t\t\t\t<\/div>\n\t\t\t\t\t<\/div>\n\t\t\t\t<\/div>\n\t\t<div class=\"elementor-element elementor-element-3164844 e-flex e-con-boxed e-con e-parent\" data-id=\"3164844\" data-element_type=\"container\" data-e-type=\"container\" data-settings=\"{&quot;jet_parallax_layout_list&quot;:[]}\">\n\t\t\t\t\t<div class=\"e-con-inner\">\n\t\t<div class=\"elementor-element elementor-element-4ee04c9 e-con-full e-flex e-con e-child\" data-id=\"4ee04c9\" data-element_type=\"container\" data-e-type=\"container\" data-settings=\"{&quot;jet_parallax_layout_list&quot;:[]}\">\n\t\t\t\t<div class=\"elementor-element elementor-element-07db7ef elementor-widget elementor-widget-image\" data-id=\"07db7ef\" data-element_type=\"widget\" data-e-type=\"widget\" data-widget_type=\"image.default\">\n\t\t\t\t<div class=\"elementor-widget-container\">\n\t\t\t\t\t\t\t\t\t\t\t\t\t\t\t<img alt=\"\" decoding=\"async\" width=\"300\" height=\"300\" src=\"https:\/\/al-lift.com\/wp-content\/uploads\/2024\/07\/AL-TELECRANE-UNO-EL-med-ELTALJE-sojle-knaekarm-enhandsbetjent-6-MAIN-300x300-2.jpg\" class=\"attachment-large size-large wp-image-2310\" srcset=\"https:\/\/al-lift.com\/wp-content\/uploads\/2024\/07\/AL-TELECRANE-UNO-EL-med-ELTALJE-sojle-knaekarm-enhandsbetjent-6-MAIN-300x300-2.jpg 300w, https:\/\/al-lift.com\/wp-content\/uploads\/2024\/07\/AL-TELECRANE-UNO-EL-med-ELTALJE-sojle-knaekarm-enhandsbetjent-6-MAIN-300x300-2-150x150.jpg 150w\" sizes=\"(max-width: 300px) 100vw, 300px\" \/>\t\t\t\t\t\t\t\t\t\t\t\t\t\t\t<\/div>\n\t\t\t\t<\/div>\n\t\t\t\t<div class=\"elementor-element elementor-element-fad70d5 radial-in elementor-align-justify elementor-invisible elementor-widget elementor-widget-button\" data-id=\"fad70d5\" data-element_type=\"widget\" data-e-type=\"widget\" data-settings=\"{&quot;_animation&quot;:&quot;fadeIn&quot;,&quot;_animation_delay&quot;:200}\" data-widget_type=\"button.default\">\n\t\t\t\t<div class=\"elementor-widget-container\">\n\t\t\t\t\t\t\t\t\t<div class=\"elementor-button-wrapper\">\n\t\t\t\t\t<a class=\"elementor-button elementor-button-link elementor-size-sm\" href=\"https:\/\/al-lift.com\/de\/kontakt\/\">\n\t\t\t\t\t\t<span class=\"elementor-button-content-wrapper\">\n\t\t\t\t\t\t\t\t\t<span class=\"elementor-button-text\">Kontaktieren Sie uns jetzt<\/span>\n\t\t\t\t\t<\/span>\n\t\t\t\t\t<\/a>\n\t\t\t\t<\/div>\n\t\t\t\t\t\t\t\t<\/div>\n\t\t\t\t<\/div>\n\t\t\t\t<\/div>\n\t\t<div class=\"elementor-element elementor-element-d41c92b e-con-full e-flex e-con e-child\" data-id=\"d41c92b\" data-element_type=\"container\" data-e-type=\"container\" data-settings=\"{&quot;jet_parallax_layout_list&quot;:[]}\">\n\t\t\t\t<div class=\"elementor-element elementor-element-8088d3b elementor-widget elementor-widget-heading\" data-id=\"8088d3b\" data-element_type=\"widget\" data-e-type=\"widget\" data-widget_type=\"heading.default\">\n\t\t\t\t<div class=\"elementor-widget-container\">\n\t\t\t\t\t<h2 class=\"elementor-heading-title elementor-size-default\">Kaufen Sie Auslegerkr\u00e4ne f\u00fcr Ihre Branche bei AL-Lift<\/h2>\t\t\t\t<\/div>\n\t\t\t\t<\/div>\n\t\t\t\t<div class=\"elementor-element elementor-element-1087ac8 elementor-invisible elementor-widget elementor-widget-text-editor\" data-id=\"1087ac8\" data-element_type=\"widget\" data-e-type=\"widget\" data-settings=\"{&quot;_animation&quot;:&quot;fadeIn&quot;,&quot;_animation_delay&quot;:100}\" data-widget_type=\"text-editor.default\">\n\t\t\t\t<div class=\"elementor-widget-container\">\n\t\t\t\t\t\t\t\t\t<p>Unsere Auslegerkrane sind entweder mit der Vakuumversorgung im Auslegerkran durch die S\u00e4ule und den Ausleger oder mit einem an der S\u00e4ule montierten Ausleger mit elektrischem Hebezeug erh\u00e4ltlich. Die Auslegerkr\u00e4ne k\u00f6nnen auch unterschiedliche Mengen heben, wobei die h\u00f6chste Tragf\u00e4higkeit in unserem Sortiment 500 kg betr\u00e4gt. Die Auslegerkr\u00e4ne haben auch verschiedene Optionen und k\u00f6nnen auf unterschiedliche Weise montiert werden. So gibt es zum Beispiel Auslegerkr\u00e4ne, die an einer S\u00e4ule montiert werden und Auslegerkr\u00e4ne, die an der Decke oder an der Wand montiert werden.\u00a0<\/p><p>Wenn Sie auf der Suche nach anderen Hebezeugen f\u00fcr Ihr Unternehmen sind, werfen Sie einen Blick auf unser breites Angebot an Hebezeugen f\u00fcr den industriellen Sektor, einschlie\u00dflich Hebezeugen f\u00fcr Gabelstapler und Laufkr\u00e4ne.\u00a0<\/p><p>Wenn Sie Fragen zu Auslegerkr\u00e4nen oder zu anderen Hebe- und F\u00f6rderger\u00e4ten haben, hilft Ihnen AL-LIFT bei der Auswahl der richtigen Ger\u00e4te. Wir verf\u00fcgen \u00fcber viele Jahre Erfahrung in der Branche. Sie k\u00f6nnen uns unter unserer Telefonnummer erreichen <a href=\"tel:97101074\">+45 97 10 10 74<\/a> oder per E-Mail an <a href=\"mailto:info@al-lift.com\">info@al-lift.com<\/a>. Wir freuen uns darauf, Sie auf Ihrem Weg zu begleiten!<\/p>\t\t\t\t\t\t\t\t<\/div>\n\t\t\t\t<\/div>\n\t\t\t\t<\/div>\n\t\t\t\t\t<\/div>\n\t\t\t\t<\/div>\n\t\t<div class=\"elementor-element elementor-element-f41123b e-flex e-con-boxed e-con e-parent\" data-id=\"f41123b\" data-element_type=\"container\" data-e-type=\"container\" data-settings=\"{&quot;jet_parallax_layout_list&quot;:[]}\">\n\t\t\t\t\t<div class=\"e-con-inner\">\n\t\t\t\t<div class=\"elementor-element elementor-element-6701dce elementor-widget elementor-widget-jet-posts\" data-id=\"6701dce\" data-element_type=\"widget\" data-e-type=\"widget\" data-settings=\"{&quot;columns_tablet&quot;:&quot;2&quot;,&quot;columns_mobile&quot;:&quot;1&quot;,&quot;columns&quot;:3,&quot;slides_to_scroll&quot;:&quot;1&quot;}\" data-widget_type=\"jet-posts.default\">\n\t\t\t\t<div class=\"elementor-widget-container\">\n\t\t\t\t\t<div class=\"elementor-jet-posts jet-elements\"><div class=\"jet-posts col-row\"><div class=\"jet-posts__item\">\n\t<div class=\"jet-posts__inner-box\"><div class=\"post-thumbnail\"><a href=\"https:\/\/al-lift.com\/en\/telecrane-vacuum-weighing-cradle\/\" class=\"post-thumbnail__link\"><img loading=\"lazy\" decoding=\"async\" class=\"post-thumbnail__img wp-post-image\" src=\"https:\/\/al-lift.com\/wp-content\/uploads\/2024\/07\/AL-TELECRANE-med-VAKUUM-vaeg-knaekarm-enhandsbetjent-rustfrit-stal-300x300-1.jpg\" alt=\"Telekran Vakuum Wandmontage\" width=\"300\" height=\"300\"><\/a><\/div><div class=\"jet-posts__inner-content\"><h4 class=\"entry-title\"><a href=\"https:\/\/al-lift.com\/en\/telecrane-vacuum-weighing-cradle\/\" target=\"\">Telekran Vakuum Wandmontage<\/a><\/h4><div class=\"post-meta\"><\/div><\/div><\/div>\n<\/div>\n<div class=\"jet-posts__item\">\n\t<div class=\"jet-posts__inner-box\"><div class=\"post-thumbnail\"><a href=\"https:\/\/al-lift.com\/en\/telecrane-vacuum-silo-mounted\/\" class=\"post-thumbnail__link\"><img loading=\"lazy\" decoding=\"async\" class=\"post-thumbnail__img wp-post-image\" src=\"https:\/\/al-lift.com\/wp-content\/uploads\/2024\/07\/Side-2-0.-AL-TELECRANE-300x300-2.jpg\" alt=\"Telekran Vakuum S\u00e4ulenmontiert\" width=\"300\" height=\"300\"><\/a><\/div><div class=\"jet-posts__inner-content\"><h4 class=\"entry-title\"><a href=\"https:\/\/al-lift.com\/en\/telecrane-vacuum-silo-mounted\/\" target=\"\">Telekran Vakuum S\u00e4ulenmontiert<\/a><\/h4><div class=\"post-meta\"><\/div><\/div><\/div>\n<\/div>\n<div class=\"jet-posts__item\">\n\t<div class=\"jet-posts__inner-box\"><div class=\"post-thumbnail\"><a href=\"https:\/\/al-lift.com\/en\/telecrane-vacuum-ceiling-suspended\/\" class=\"post-thumbnail__link\"><img loading=\"lazy\" decoding=\"async\" class=\"post-thumbnail__img wp-post-image\" src=\"https:\/\/al-lift.com\/wp-content\/uploads\/2024\/07\/AL-TELECRANE-med-VAKUUM-lofts-knaekarm-tohandsbetjent-3-300x300-2.jpg\" alt=\"Telekran Vakuum Decke h\u00e4ngend\" width=\"300\" height=\"300\"><\/a><\/div><div class=\"jet-posts__inner-content\"><h4 class=\"entry-title\"><a href=\"https:\/\/al-lift.com\/en\/telecrane-vacuum-ceiling-suspended\/\" target=\"\">Telekran Vakuum Decke h\u00e4ngend<\/a><\/h4><div class=\"post-meta\"><\/div><\/div><\/div>\n<\/div>\n<div class=\"jet-posts__item\">\n\t<div class=\"jet-posts__inner-box\"><div class=\"post-thumbnail\"><a href=\"https:\/\/al-lift.com\/en\/telecrane-uno-el-sojlemonteret\/\" class=\"post-thumbnail__link\"><img loading=\"lazy\" decoding=\"async\" class=\"post-thumbnail__img wp-post-image\" src=\"https:\/\/al-lift.com\/wp-content\/uploads\/2024\/07\/AL-TELECRANE-UNO-EL-med-ELTALJE-sojle-knaekarm-enhandsbetjent-6-MAIN-300x300-2.jpg\" alt=\"Telekran Uno El S\u00e4ule montiert\" width=\"300\" height=\"300\"><\/a><\/div><div class=\"jet-posts__inner-content\"><h4 class=\"entry-title\"><a href=\"https:\/\/al-lift.com\/en\/telecrane-uno-el-sojlemonteret\/\" target=\"\">Telekran Uno El S\u00e4ule montiert<\/a><\/h4><div class=\"post-meta\"><\/div><\/div><\/div>\n<\/div>\n<div class=\"jet-posts__item\">\n\t<div class=\"jet-posts__inner-box\"><div class=\"post-thumbnail\"><a href=\"https:\/\/al-lift.com\/en\/telecrane-electric-socle-mounted\/\" class=\"post-thumbnail__link\"><img loading=\"lazy\" decoding=\"async\" class=\"post-thumbnail__img wp-post-image\" src=\"https:\/\/al-lift.com\/wp-content\/uploads\/2024\/07\/AL-TELECRANE-UNO-EL-med-ELTALJE-sojle-knaekarm-enhaandsbetjent-300x300-2.jpg\" alt=\"Telekran Elektrisch S\u00e4ulenmontiert\" width=\"300\" height=\"300\"><\/a><\/div><div class=\"jet-posts__inner-content\"><h4 class=\"entry-title\"><a href=\"https:\/\/al-lift.com\/en\/telecrane-electric-socle-mounted\/\" target=\"\">Telekran Elektrisch S\u00e4ulenmontiert<\/a><\/h4><div class=\"post-meta\"><\/div><\/div><\/div>\n<\/div>\n<div class=\"jet-posts__item\">\n\t<div class=\"jet-posts__inner-box\"><div class=\"post-thumbnail\"><a href=\"https:\/\/al-lift.com\/en\/telecrane-stainless-steel\/\" class=\"post-thumbnail__link\"><img loading=\"lazy\" decoding=\"async\" class=\"post-thumbnail__img wp-post-image\" src=\"https:\/\/al-lift.com\/wp-content\/uploads\/2024\/07\/Side-34-0.-AL-TELECRANE-rustfrit-stal-300x300-1.jpg\" alt=\"Telekran aus rostfreiem Stahl\" width=\"300\" height=\"300\"><\/a><\/div><div class=\"jet-posts__inner-content\"><h4 class=\"entry-title\"><a href=\"https:\/\/al-lift.com\/en\/telecrane-stainless-steel\/\" target=\"\">Telekran aus rostfreiem Stahl<\/a><\/h4><div class=\"post-meta\"><\/div><\/div><\/div>\n<\/div>\n<\/div>\n<\/div>\t\t\t\t<\/div>\n\t\t\t\t<\/div>\n\t\t\t\t\t<\/div>\n\t\t\t\t<\/div>\n\t\t\t\t<\/div>","protected":false},"excerpt":{"rendered":"<p>En svingkran er et uundv\u00e6rligt l\u00f8fteudstyr, n\u00e5r der skal arbejdes inden for et afgr\u00e6nset omr\u00e5de og med gentagende l\u00f8ft. Endnu mere uundv\u00e6rligt er det at investere i en svingkran med kn\u00e6karm, da kn\u00e6karmen g\u00f8r det muligt at h\u00e5ndtere genstande p\u00e5 de sn\u00e6vre omr\u00e5der. Vi hos AL-LIFT har et bredt udvalg af svingkraner med kn\u00e6karm, som [&hellip;]<\/p>\n","protected":false},"author":1,"featured_media":0,"parent":0,"menu_order":0,"comment_status":"closed","ping_status":"closed","template":"elementor_header_footer","meta":{"_seopress_robots_primary_cat":"","_seopress_titles_title":"","_seopress_titles_desc":"","_seopress_robots_index":"","inline_featured_image":false,"footnotes":""},"class_list":["post-1582","page","type-page","status-publish","hentry"],"_links":{"self":[{"href":"https:\/\/al-lift.com\/de\/wp-json\/wp\/v2\/pages\/1582","targetHints":{"allow":["GET"]}}],"collection":[{"href":"https:\/\/al-lift.com\/de\/wp-json\/wp\/v2\/pages"}],"about":[{"href":"https:\/\/al-lift.com\/de\/wp-json\/wp\/v2\/types\/page"}],"author":[{"embeddable":true,"href":"https:\/\/al-lift.com\/de\/wp-json\/wp\/v2\/users\/1"}],"replies":[{"embeddable":true,"href":"https:\/\/al-lift.com\/de\/wp-json\/wp\/v2\/comments?post=1582"}],"version-history":[{"count":29,"href":"https:\/\/al-lift.com\/de\/wp-json\/wp\/v2\/pages\/1582\/revisions"}],"predecessor-version":[{"id":3543,"href":"https:\/\/al-lift.com\/de\/wp-json\/wp\/v2\/pages\/1582\/revisions\/3543"}],"wp:attachment":[{"href":"https:\/\/al-lift.com\/de\/wp-json\/wp\/v2\/media?parent=1582"}],"curies":[{"name":"wp","href":"https:\/\/api.w.org\/{rel}","templated":true}]}}